{"id":1983,"date":"2025-02-03T07:05:35","date_gmt":"2025-02-03T07:05:35","guid":{"rendered":"https:\/\/brunstock.com\/?page_id=1983"},"modified":"2026-04-13T03:14:46","modified_gmt":"2026-04-13T03:14:46","slug":"5mwh-bess","status":"publish","type":"page","link":"https:\/\/brunstock.com\/german\/5mwh-bess\/","title":{"rendered":"5MWh BESS"},"content":{"rendered":"<p>[et_pb_section fb_built=&#8221;1&#8243; admin_label=&#8221;section&#8221; _builder_version=&#8221;4.16&#8243; global_colors_info=&#8221;{}&#8221;][et_pb_row admin_label=&#8221;Technical data&#8221; _builder_version=&#8221;4.27.4&#8243; _module_preset=&#8221;default&#8221; width=&#8221;90%&#8221; max_width=&#8221;1200px&#8221; global_colors_info=&#8221;{}&#8221;][et_pb_column type=&#8221;4_4&#8243; _builder_version=&#8221;4.25.0&#8243; _module_preset=&#8221;default&#8221; global_colors_info=&#8221;{}&#8221;][et_pb_text admin_label=&#8221;Table heading &#8211; parameters&#8221; _builder_version=&#8221;4.27.6&#8243; _module_preset=&#8221;default&#8221; header_2_font=&#8221;Poppins||||||||&#8221; header_2_text_color=&#8221;#0C71C3&#8243; hover_enabled=&#8221;0&#8243; global_colors_info=&#8221;{}&#8221; sticky_enabled=&#8221;0&#8243;]<\/p>\n<h2><strong>Produktparameter<\/strong><\/h2>\n<p>[\/et_pb_text][et_pb_text _builder_version=&#8221;4.27.6&#8243; _module_preset=&#8221;default&#8221; hover_enabled=&#8221;0&#8243; border_width_all=&#8221;1px&#8221; border_color_all=&#8221;#0080c6&#8243; global_colors_info=&#8221;{}&#8221; sticky_enabled=&#8221;0&#8243;]<\/p>\n<div style=\"overflow-x: auto;\">\n<table style=\"height: 1080px;\" border=\"0\" cellspacing=\"0\" cellpadding=\"0\">\n<tbody>\n<tr style=\"height: 24px;\">\n<td style=\"height: 24px; width: 235.844px;\" valign=\"top\"><strong>Produktmodell<\/strong><\/td>\n<td style=\"height: 24px; width: 229.562px;\" valign=\"top\"><strong>BRUN-BESS-5MWh-0.5C<\/strong><\/td>\n<td style=\"height: 24px; width: 229.594px;\" valign=\"top\"><strong>BRUN-BESS-5MWh-0.25C<\/strong><\/td>\n<\/tr>\n<tr style=\"height: 24px;\">\n<td style=\"height: 24px; width: 235.844px;\" valign=\"top\" bgcolor=\"#167FC2\"><span style=\"color: #ffffff;\"><strong>DC-seitige Parameter<\/strong><\/span><\/td>\n<td style=\"height: 24px; width: 229.562px;\" valign=\"top\" bgcolor=\"#167FC2\">\u00a0<\/td>\n<td style=\"height: 24px; width: 229.594px;\" valign=\"top\" bgcolor=\"#167FC2\">\u00a0<\/td>\n<\/tr>\n<tr style=\"height: 24px;\">\n<td style=\"height: 24px; width: 235.844px;\" valign=\"top\">Zellentyp<\/td>\n<td style=\"height: 24px; width: 229.562px;\" valign=\"top\">LFP 3.2V\/314 Ah<\/td>\n<td style=\"height: 24px; width: 229.594px;\" valign=\"top\">LFP 3.2V\/314 Ah<\/td>\n<\/tr>\n<tr style=\"height: 24px;\">\n<td style=\"height: 24px; width: 235.844px;\" valign=\"top\">Kapazit\u00e4t<\/td>\n<td style=\"height: 24px; width: 229.562px;\" valign=\"top\">5.016 MWh<\/td>\n<td style=\"height: 24px; width: 229.594px;\" valign=\"top\">5.016 MWh<\/td>\n<\/tr>\n<tr style=\"height: 24px;\">\n<td style=\"height: 24px; width: 235.844px;\" valign=\"top\">DC-Spannungsbereich<\/td>\n<td style=\"height: 24px; width: 229.562px;\" valign=\"top\">1081.6 V-1497.6 V<\/td>\n<td style=\"height: 24px; width: 229.594px;\" valign=\"top\">1081.6 V-1497.6 V<\/td>\n<\/tr>\n<tr style=\"height: 24px;\">\n<td style=\"height: 24px; width: 235.844px;\" valign=\"top\">Systemkonfiguration<\/td>\n<td style=\"height: 24px; width: 229.562px;\" valign=\"top\">416S12P<\/td>\n<td style=\"height: 24px; width: 229.594px;\" valign=\"top\">416S12P<\/td>\n<\/tr>\n<tr style=\"height: 96px;\">\n<td style=\"height: 96px; width: 235.844px;\" valign=\"top\">Thermomanagementsystem<\/td>\n<td style=\"height: 96px; width: 229.562px;\" valign=\"top\">Intelligente Fl\u00fcssigk\u00fchlung\/-heizung f\u00fcr Batteriesystem<\/td>\n<td style=\"height: 96px; width: 229.594px;\" valign=\"top\">Intelligente Fl\u00fcssigk\u00fchlung\/-heizung f\u00fcr Batteriesystem<\/td>\n<\/tr>\n<tr style=\"height: 96px;\">\n<td style=\"height: 96px; width: 235.844px;\" valign=\"top\">Brandmelde- und Alarmsystem<\/td>\n<td style=\"height: 96px; width: 229.562px;\" valign=\"top\">Brandmeldezentrale, W\u00e4rme- und Rauchdetektion, Alarmglocke und Blitzleuchte<\/td>\n<td style=\"height: 96px; width: 229.594px;\" valign=\"top\">Brandmeldezentrale, W\u00e4rme- und Rauchdetektion, Alarmglocke und Blitzleuchte<\/td>\n<\/tr>\n<tr style=\"height: 96px;\">\n<td style=\"height: 96px; width: 235.844px;\" valign=\"top\">L\u00f6schsystem-Optionen<\/td>\n<td style=\"height: 96px; width: 229.562px;\" valign=\"top\">Aerosolbasiertes L\u00f6schsystem. \u00dcberflutungs-Brandbek\u00e4mpfungssysteme.<\/td>\n<td style=\"height: 96px; width: 229.594px;\" valign=\"top\">Aerosolbasiertes L\u00f6schsystem. \u00dcberflutungs-Brandbek\u00e4mpfungssysteme.<\/td>\n<\/tr>\n<tr style=\"height: 24px;\">\n<td style=\"height: 24px; width: 235.844px;\" valign=\"top\">Zykluswirkungsgrad (RTE)<\/td>\n<td style=\"height: 24px; width: 229.562px;\" valign=\"top\">94%<\/td>\n<td style=\"height: 24px; width: 229.594px;\" valign=\"top\">94%<\/td>\n<\/tr>\n<tr style=\"height: 24px;\">\n<td style=\"height: 24px; width: 235.844px;\" valign=\"top\">Ger\u00e4uschpegel in 1m Abstand<\/td>\n<td style=\"height: 24px; width: 229.562px;\" valign=\"top\">\u226475 dB(A)<\/td>\n<td style=\"height: 24px; width: 229.594px;\" valign=\"top\">\u226475 dB(A)<\/td>\n<\/tr>\n<tr style=\"height: 24px;\">\n<td style=\"height: 24px; width: 235.844px;\" valign=\"top\" bgcolor=\"#167FC2\"><span style=\"color: #ffffff;\"><strong>AC-seitige Parameter<\/strong><\/span><\/td>\n<td style=\"height: 24px; width: 229.562px;\" valign=\"top\" bgcolor=\"#167FC2\">\u00a0<\/td>\n<td style=\"height: 24px; width: 229.594px;\" valign=\"top\" bgcolor=\"#167FC2\">\u00a0<\/td>\n<\/tr>\n<tr style=\"height: 24px;\">\n<td style=\"height: 24px; width: 235.844px;\" valign=\"top\">Nennleistung<\/td>\n<td style=\"height: 24px; width: 229.562px;\" valign=\"top\">1250 kW x 4<\/td>\n<td style=\"height: 24px; width: 229.594px;\" valign=\"top\">1250 kW x 2<\/td>\n<\/tr>\n<tr style=\"height: 24px;\">\n<td style=\"height: 24px; width: 235.844px;\" valign=\"top\">PCS Nenn-AC-Spannung<\/td>\n<td style=\"height: 24px; width: 229.562px;\" valign=\"top\">690 V<\/td>\n<td style=\"height: 24px; width: 229.594px;\" valign=\"top\">690 V<\/td>\n<\/tr>\n<tr style=\"height: 24px;\">\n<td style=\"height: 24px; width: 235.844px;\" valign=\"top\">Stromoberschwingungen<\/td>\n<td style=\"height: 24px; width: 229.562px;\" valign=\"top\">&lt;3%<\/td>\n<td style=\"height: 24px; width: 229.594px;\" valign=\"top\">&lt;3%<\/td>\n<\/tr>\n<tr style=\"height: 24px;\">\n<td style=\"height: 24px; width: 235.844px;\" valign=\"top\">Leistungsfaktor<\/td>\n<td style=\"height: 24px; width: 229.562px;\" valign=\"top\">-1\u2013+1<\/td>\n<td style=\"height: 24px; width: 229.594px;\" valign=\"top\">-1\u2013+1<\/td>\n<\/tr>\n<tr style=\"height: 24px;\">\n<td style=\"height: 24px; width: 235.844px;\" valign=\"top\">Transformator-Typ<\/td>\n<td style=\"height: 24px; width: 229.562px;\" valign=\"top\">\u00d6lgek\u00fchlter Transformator<\/td>\n<td style=\"height: 24px; width: 229.594px;\" valign=\"top\">\u00d6lgek\u00fchlter Transformator<\/td>\n<\/tr>\n<tr style=\"height: 24px;\">\n<td style=\"height: 24px; width: 235.844px;\" valign=\"top\">NS\/MS-Spannung<\/td>\n<td style=\"height: 24px; width: 229.562px;\" valign=\"top\">0.69 kV\/33 kV<\/td>\n<td style=\"height: 24px; width: 229.594px;\" valign=\"top\">0.69 kV\/33 kV<\/td>\n<\/tr>\n<tr style=\"height: 24px;\">\n<td style=\"height: 24px; width: 235.844px;\" valign=\"top\" bgcolor=\"#167FC2\"><span style=\"color: #ffffff;\"><strong>Systemparameter<\/strong><\/span><\/td>\n<td style=\"height: 24px; width: 229.562px;\" valign=\"top\" bgcolor=\"#167FC2\">\u00a0<\/td>\n<td style=\"height: 24px; width: 229.594px;\" valign=\"top\" bgcolor=\"#167FC2\">\u00a0<\/td>\n<\/tr>\n<tr style=\"height: 48px;\">\n<td style=\"height: 48px; width: 235.844px;\" valign=\"top\">Abmessungen Batterieraum<\/td>\n<td style=\"height: 48px; width: 229.562px;\" valign=\"top\">6058 x 2438 x 2896 mm<\/td>\n<td style=\"height: 48px; width: 229.594px;\" valign=\"top\">6058 x 2438 x 2896 mm<\/td>\n<\/tr>\n<tr style=\"height: 24px;\">\n<td style=\"height: 24px; width: 235.844px;\" valign=\"top\">Gewicht Batterieraum<\/td>\n<td style=\"height: 24px; width: 229.562px;\" valign=\"top\">41 t<\/td>\n<td style=\"height: 24px; width: 229.594px;\" valign=\"top\">41 t<\/td>\n<\/tr>\n<tr style=\"height: 24px;\">\n<td style=\"height: 24px; width: 235.844px;\" valign=\"top\">Betriebstemperaturbereich<\/td>\n<td style=\"height: 24px; width: 229.562px;\" valign=\"top\">-20 \u00b0C~45 \u00b0C<\/td>\n<td style=\"height: 24px; width: 229.594px;\" valign=\"top\">-20 \u00b0C~45 \u00b0C<\/td>\n<\/tr>\n<tr style=\"height: 24px;\">\n<td style=\"height: 24px; width: 235.844px;\" valign=\"top\">Relative Luftfeuchtigkeit<\/td>\n<td style=\"height: 24px; width: 229.562px;\" valign=\"top\">0%\u2013100%<\/td>\n<td style=\"height: 24px; width: 229.594px;\" valign=\"top\">0%\u2013100%<\/td>\n<\/tr>\n<tr style=\"height: 24px;\">\n<td style=\"height: 24px; width: 235.844px;\" valign=\"top\">Schutzart<\/td>\n<td style=\"height: 24px; width: 229.562px;\" valign=\"top\">IP55<\/td>\n<td style=\"height: 24px; width: 229.594px;\" valign=\"top\">IP55<\/td>\n<\/tr>\n<tr style=\"height: 24px;\">\n<td style=\"height: 24px; width: 235.844px;\" valign=\"top\">Max. H\u00f6he<\/td>\n<td style=\"height: 24px; width: 229.562px;\" valign=\"top\">5000 m (&gt;2000 m Leistungsreduktion)<\/td>\n<td style=\"height: 24px; width: 229.594px;\" valign=\"top\">5000 m (&gt;2000 m Leistungsreduktion)<\/td>\n<\/tr>\n<tr style=\"height: 48px;\">\n<td style=\"height: 48px; width: 235.844px;\" valign=\"top\">Kommunikationsprotokoll<\/td>\n<td style=\"height: 48px; width: 229.562px;\" valign=\"top\">Modbus TCP, IEC104, IEC61850<\/td>\n<td style=\"height: 48px; width: 229.594px;\" valign=\"top\">Modbus TCP, IEC104, IEC61850<\/td>\n<\/tr>\n<tr style=\"height: 168px;\">\n<td style=\"height: 168px; width: 235.844px;\" valign=\"top\">Zertifizierung<\/td>\n<td style=\"height: 168px; width: 229.562px;\" valign=\"top\">IEC 62619, IEC 63056, IEC 61000, IEC 62477-1, IEC 62933-5-2, UN 3536, UN 38.3<\/td>\n<td style=\"height: 168px; width: 229.594px;\" valign=\"top\">IEC 62619, IEC 63056, IEC 61000, IEC 62477-1, IEC 62933-5-2, UN 3536, UN 38.3<\/td>\n<\/tr>\n<tr style=\"height: 24px;\">\n<td style=\"height: 24px; width: 235.844px;\" valign=\"top\">Systemwirkungsgrad MS-Seite<\/td>\n<td style=\"height: 24px; width: 229.562px;\" valign=\"top\">\u226586%<\/td>\n<td style=\"height: 24px; width: 229.594px;\" valign=\"top\">\u226586%<\/td>\n<\/tr>\n<\/tbody>\n<\/table>\n<\/div>\n<p>[\/et_pb_text][\/et_pb_column][\/et_pb_row][et_pb_row column_structure=&#8221;1_2,1_2&#8243; _builder_version=&#8221;4.27.4&#8243; _module_preset=&#8221;default&#8221; width=&#8221;90%&#8221; max_width=&#8221;1200px&#8221; global_colors_info=&#8221;{}&#8221;][et_pb_column type=&#8221;1_2&#8243; _builder_version=&#8221;4.27.4&#8243; _module_preset=&#8221;default&#8221; global_colors_info=&#8221;{}&#8221;][et_pb_text _builder_version=&#8221;4.27.4&#8243; _module_preset=&#8221;default&#8221; ul_font=&#8221;&#8211;et_global_heading_font||||||||&#8221; ul_line_height=&#8221;1.8em&#8221; header_3_text_color=&#8221;#00AE4D&#8221; header_3_font_size=&#8221;18px&#8221; global_colors_info=&#8221;{}&#8221;]<\/p>\n<h3>Hinweise:<\/h3>\n<ul>\n<li>RTE: Der Wert gilt f\u00fcr 1 Zyklus pro Tag bei 25 \u00b0C Umgebungstemperatur und 97 % DOD, am Ende des ersten Jahres.<\/li>\n<li>Systemwirkungsgrad MS-Seite: Dieser Wert ist der Wirkungsgrad der entladenen Leistung\/geladenen Leistung, gemessen auf der MS-Seite, nachdem das System eine vollst\u00e4ndige Entladung bei einer Umgebungstemperatur von 25 \u00b0C abgeschlossen hat.<\/li>\n<\/ul>\n<p>[\/et_pb_text][\/et_pb_column][et_pb_column type=&#8221;1_2&#8243; _builder_version=&#8221;4.27.4&#8243; _module_preset=&#8221;default&#8221; global_colors_info=&#8221;{}&#8221;][et_pb_image src=&#8221;https:\/\/brunstock.com\/wp-content\/uploads\/2025\/08\/333.webp&#8221; title_text=&#8221;333&#8243; _builder_version=&#8221;4.27.4&#8243; _module_preset=&#8221;default&#8221; global_colors_info=&#8221;{}&#8221;][\/et_pb_image][\/et_pb_column][\/et_pb_row][\/et_pb_section][et_pb_section fb_built=&#8221;1&#8243; fullwidth=&#8221;on&#8221; _builder_version=&#8221;4.27.4&#8243; _module_preset=&#8221;default&#8221; global_colors_info=&#8221;{}&#8221;][et_pb_fullwidth_code _builder_version=&#8221;4.27.4&#8243; _module_preset=&#8221;default&#8221; custom_padding=&#8221;||50px||false|false&#8221; global_colors_info=&#8221;{}&#8221;][et_pb_section global_module=\"3049\"][\/et_pb_section][\/et_pb_fullwidth_code][\/et_pb_section][et_pb_section fb_built=&#8221;1&#8243; _builder_version=&#8221;4.27.4&#8243; _module_preset=&#8221;default&#8221; global_colors_info=&#8221;{}&#8221;][et_pb_row _builder_version=&#8221;4.27.4&#8243; _module_preset=&#8221;default&#8221; global_colors_info=&#8221;{}&#8221;][et_pb_column type=&#8221;4_4&#8243; _builder_version=&#8221;4.27.4&#8243; _module_preset=&#8221;default&#8221; global_colors_info=&#8221;{}&#8221;][et_pb_text admin_label=&#8221;2026 CTA German&#8221; _builder_version=&#8221;4.27.4&#8243; _module_preset=&#8221;default&#8221; global_colors_info=&#8221;{}&#8221;]<\/p>\n<p style=\"text-align: center;\"><img loading=\"lazy\" decoding=\"async\" class=\"wp-image-3705 aligncenter size-full\" src=\"https:\/\/brunstock.com\/german\/wp-content\/uploads\/2025\/12\/Brunstock200.png\" alt=\"Brunstock logo\" width=\"200\" height=\"33\" \/><\/p>\n<p style=\"text-align: center;\"><img loading=\"lazy\" decoding=\"async\" class=\"aligncenter wp-image-3706\" src=\"https:\/\/brunstock.com\/german\/wp-content\/uploads\/2025\/12\/contact-us-Brunstock-blue-246x300.png\" alt=\"Kontakt\u2011Icon \u2013 Mobiltelefon und Sprechblase\" width=\"70\" height=\"85\" srcset=\"https:\/\/brunstock.com\/german\/wp-content\/uploads\/2025\/12\/contact-us-Brunstock-blue-246x300.png 246w, https:\/\/brunstock.com\/german\/wp-content\/uploads\/2025\/12\/contact-us-Brunstock-blue.png 278w\" sizes=\"(max-width: 70px) 100vw, 70px\" \/><\/p>\n<p style=\"text-align: center;\"><a href=\"https:\/\/brunstock.com\/german\/contact-us\/\">Kontaktieren Sie noch heute Ihren lokalen Brunstock\u2011Vertreter!<\/a><\/p>\n<p>[\/et_pb_text][\/et_pb_column][\/et_pb_row][\/et_pb_section]<\/p>\n","protected":false},"excerpt":{"rendered":"<p>Produktparameter Produktmodell BRUN-BESS-5MWh-0.5C BRUN-BESS-5MWh-0.25C DC-seitige Parameter \u00a0 \u00a0 Zellentyp LFP 3.2V\/314 Ah LFP 3.2V\/314 Ah Kapazit\u00e4t 5.016 MWh 5.016 MWh DC-Spannungsbereich 1081.6 V-1497.6 V 1081.6 V-1497.6 V Systemkonfiguration 416S12P 416S12P Thermomanagementsystem Intelligente Fl\u00fcssigk\u00fchlung\/-heizung f\u00fcr Batteriesystem Intelligente Fl\u00fcssigk\u00fchlung\/-heizung f\u00fcr Batteriesystem Brandmelde- und Alarmsystem Brandmeldezentrale, W\u00e4rme- und Rauchdetektion, Alarmglocke und Blitzleuchte Brandmeldezentrale, W\u00e4rme- und Rauchdetektion, Alarmglocke und [&hellip;]<\/p>\n","protected":false},"author":3,"featured_media":0,"parent":0,"menu_order":0,"comment_status":"closed","ping_status":"closed","template":"","meta":{"_et_pb_use_builder":"on","_et_pb_old_content":"","_et_gb_content_width":"","footnotes":""},"class_list":["post-1983","page","type-page","status-publish","hentry"],"_links":{"self":[{"href":"https:\/\/brunstock.com\/german\/wp-json\/wp\/v2\/pages\/1983","targetHints":{"allow":["GET"]}}],"collection":[{"href":"https:\/\/brunstock.com\/german\/wp-json\/wp\/v2\/pages"}],"about":[{"href":"https:\/\/brunstock.com\/german\/wp-json\/wp\/v2\/types\/page"}],"author":[{"embeddable":true,"href":"https:\/\/brunstock.com\/german\/wp-json\/wp\/v2\/users\/3"}],"replies":[{"embeddable":true,"href":"https:\/\/brunstock.com\/german\/wp-json\/wp\/v2\/comments?post=1983"}],"version-history":[{"count":11,"href":"https:\/\/brunstock.com\/german\/wp-json\/wp\/v2\/pages\/1983\/revisions"}],"predecessor-version":[{"id":4178,"href":"https:\/\/brunstock.com\/german\/wp-json\/wp\/v2\/pages\/1983\/revisions\/4178"}],"wp:attachment":[{"href":"https:\/\/brunstock.com\/german\/wp-json\/wp\/v2\/media?parent=1983"}],"curies":[{"name":"wp","href":"https:\/\/api.w.org\/{rel}","templated":true}]}}