{"id":1988,"date":"2025-02-03T07:12:29","date_gmt":"2025-02-03T07:12:29","guid":{"rendered":"https:\/\/brunstock.com\/?page_id=1988"},"modified":"2026-04-13T03:51:44","modified_gmt":"2026-04-13T03:51:44","slug":"battery-cabinet","status":"publish","type":"page","link":"https:\/\/brunstock.com\/german\/battery-cabinet\/","title":{"rendered":"Batterieschrank"},"content":{"rendered":"<p>[et_pb_section fb_built=&#8221;1&#8243; admin_label=&#8221;section&#8221; _builder_version=&#8221;4.16&#8243; global_colors_info=&#8221;{}&#8221;][et_pb_row column_structure=&#8221;1_4,3_4&#8243; _builder_version=&#8221;4.27.4&#8243; _module_preset=&#8221;default&#8221; width=&#8221;90%&#8221; max_width=&#8221;1200px&#8221; global_colors_info=&#8221;{}&#8221;][et_pb_column type=&#8221;1_4&#8243; _builder_version=&#8221;4.27.4&#8243; _module_preset=&#8221;default&#8221; global_colors_info=&#8221;{}&#8221;][et_pb_image src=&#8221;https:\/\/brunstock.com\/german\/wp-content\/uploads\/2025\/02\/Battery_Racks2.webp&#8221; title_text=&#8221;Battery_Racks2&#8243; _builder_version=&#8221;4.27.6&#8243; _module_preset=&#8221;default&#8221; hover_enabled=&#8221;0&#8243; global_colors_info=&#8221;{}&#8221; alt=&#8221;Ein Brunstock-Batterie-Energiespeichersystemschrank&#8221; sticky_enabled=&#8221;0&#8243;][\/et_pb_image][\/et_pb_column][et_pb_column type=&#8221;3_4&#8243; _builder_version=&#8221;4.27.4&#8243; _module_preset=&#8221;default&#8221; global_colors_info=&#8221;{}&#8221;][et_pb_text ul_position=&#8221;inside&#8221; _builder_version=&#8221;4.27.4&#8243; _module_preset=&#8221;default&#8221; ul_font=&#8221;&#8211;et_global_heading_font||||||||&#8221; ul_line_height=&#8221;1.8em&#8221; global_colors_info=&#8221;{}&#8221;]Das BESS von Brunstock enth\u00e4lt Industrie- und Gewerbe-Energiespeicher-Batterieschr\u00e4nke. Die Anzahl der Batterieschr\u00e4nke, integrierten Umrichterschr\u00e4nke sowie vorinstallierten Umspannwerks- und EMS-Schnittstellen kann so konfiguriert werden, dass die f\u00fcr jedes Projekt erforderliche Kapazit\u00e4t erreicht wird.<\/p>\n<p><strong>Produkteigenschaften<\/strong><\/p>\n<ul>\n<li>Detektion und Brandbek\u00e4mpfung auf Paketebene<\/li>\n<li>Mehrstufige aktive Warnmeldungen<\/li>\n<li>Explosionssicheres Design<\/li>\n<li>Modulares Design<\/li>\n<li>Lange Lebensdauer des Systems<\/li>\n<\/ul>\n<p>[\/et_pb_text][\/et_pb_column][\/et_pb_row][et_pb_row _builder_version=&#8221;4.27.4&#8243; _module_preset=&#8221;default&#8221; width=&#8221;90%&#8221; max_width=&#8221;1200px&#8221; global_colors_info=&#8221;{}&#8221;][et_pb_column type=&#8221;4_4&#8243; _builder_version=&#8221;4.27.4&#8243; _module_preset=&#8221;default&#8221; global_colors_info=&#8221;{}&#8221;][et_pb_image src=&#8221;https:\/\/brunstock.com\/wp-content\/uploads\/2025\/02\/AG-is1626192912_edit.webp&#8221; title_text=&#8221;AG-is1626192912_edit&#8221; _builder_version=&#8221;4.27.4&#8243; _module_preset=&#8221;default&#8221; global_colors_info=&#8221;{}&#8221;][\/et_pb_image][\/et_pb_column][\/et_pb_row][et_pb_row admin_label=&#8221;Technical data&#8221; _builder_version=&#8221;4.27.4&#8243; _module_preset=&#8221;default&#8221; width=&#8221;90%&#8221; max_width=&#8221;1200px&#8221; global_colors_info=&#8221;{}&#8221;][et_pb_column type=&#8221;4_4&#8243; _builder_version=&#8221;4.27.4&#8243; _module_preset=&#8221;default&#8221; global_colors_info=&#8221;{}&#8221;][et_pb_text _builder_version=&#8221;4.27.4&#8243; _module_preset=&#8221;default&#8221; border_width_all=&#8221;1px&#8221; border_color_all=&#8221;#0080c6&#8243; global_colors_info=&#8221;{}&#8221;]<\/p>\n<div style=\"overflow-x: auto;\">\n<table border=\"0\" cellspacing=\"0\" cellpadding=\"0\">\n<tbody>\n<tr>\n<td width=\"24\" valign=\"top\" bgcolor=\"#167FC2\"><span style=\"color: #ffffff;\"> <\/span><\/td>\n<td width=\"171\" valign=\"top\" bgcolor=\"#167FC2\"><span style=\"color: #ffffff;\"><strong>Produktmodell<\/strong><\/span><\/td>\n<td width=\"252\" valign=\"top\" bgcolor=\"#167FC2\"><span style=\"color: #ffffff;\"><strong>BRUN-BC-M372-EU<\/strong><\/span><\/td>\n<td width=\"260\" valign=\"top\" bgcolor=\"#167FC2\"><span style=\"color: #ffffff;\"><strong>BRUN-BC-M418-EU<\/strong><\/span><\/td>\n<\/tr>\n<tr>\n<td><\/td>\n<td>Zellkapazit\u00e4t<\/td>\n<td>LFP\/280Ah<\/td>\n<td>LFP\/314Ah<\/td>\n<\/tr>\n<tr>\n<td><\/td>\n<td>Nennspannung<\/td>\n<td>DC1331,2 V<\/td>\n<td>DC1331,2 V<\/td>\n<\/tr>\n<tr>\n<td><\/td>\n<td>Betriebsspannungsbereich<\/td>\n<td>DC1164,8~1497,6V<\/td>\n<td>DC1164,8~1497,6V<\/td>\n<\/tr>\n<tr>\n<td><\/td>\n<td>Batteriekonfiguration<\/td>\n<td>1P416S<\/td>\n<td>1P416S<\/td>\n<\/tr>\n<tr>\n<td><\/td>\n<td>Thermisches Management<\/td>\n<td>Fl\u00fcssigkeitsgek\u00fchlt<\/td>\n<td>Fl\u00fcssigkeitsgek\u00fchlt<\/td>\n<\/tr>\n<tr>\n<td><\/td>\n<td>Schutzart<\/td>\n<td>IP54<\/td>\n<td>IP54<\/td>\n<\/tr>\n<tr>\n<td><\/td>\n<td>Abmessungen<\/td>\n<td>1300x1300x2300 mm<\/td>\n<td>1300x1300x2300 mm<\/td>\n<\/tr>\n<tr>\n<td><\/td>\n<td>Gewicht<\/td>\n<td>3,5 t<\/td>\n<td>3,5 t<\/td>\n<\/tr>\n<tr>\n<td><\/td>\n<td><\/td>\n<\/tr>\n<\/tbody>\n<\/table>\n<\/div>\n<p>[\/et_pb_text][\/et_pb_column][\/et_pb_row][\/et_pb_section][et_pb_section fb_built=&#8221;1&#8243; fullwidth=&#8221;on&#8221; _builder_version=&#8221;4.27.4&#8243; _module_preset=&#8221;default&#8221; global_colors_info=&#8221;{}&#8221;][et_pb_fullwidth_code _builder_version=&#8221;4.27.4&#8243; _module_preset=&#8221;default&#8221; custom_padding=&#8221;||50px||false|false&#8221; global_colors_info=&#8221;{}&#8221;][et_pb_section global_module=\"3049\"][\/et_pb_section][\/et_pb_fullwidth_code][\/et_pb_section][et_pb_section fb_built=&#8221;1&#8243; _builder_version=&#8221;4.27.4&#8243; _module_preset=&#8221;default&#8221; global_colors_info=&#8221;{}&#8221;][et_pb_row _builder_version=&#8221;4.27.4&#8243; _module_preset=&#8221;default&#8221; global_colors_info=&#8221;{}&#8221;][et_pb_column type=&#8221;4_4&#8243; _builder_version=&#8221;4.27.4&#8243; _module_preset=&#8221;default&#8221; global_colors_info=&#8221;{}&#8221;][et_pb_text admin_label=&#8221;2026 CTA German&#8221; _builder_version=&#8221;4.27.4&#8243; _module_preset=&#8221;default&#8221; global_colors_info=&#8221;{}&#8221;]<\/p>\n<p style=\"text-align: center;\"><img loading=\"lazy\" decoding=\"async\" class=\"wp-image-3705 aligncenter size-full\" src=\"https:\/\/brunstock.com\/german\/wp-content\/uploads\/2025\/12\/Brunstock200.png\" alt=\"Brunstock logo\" width=\"200\" height=\"33\" \/><\/p>\n<p style=\"text-align: center;\"><img loading=\"lazy\" decoding=\"async\" class=\"aligncenter wp-image-3706\" src=\"https:\/\/brunstock.com\/german\/wp-content\/uploads\/2025\/12\/contact-us-Brunstock-blue-246x300.png\" alt=\"Kontakt\u2011Icon \u2013 Mobiltelefon und Sprechblase\" width=\"70\" height=\"85\" srcset=\"https:\/\/brunstock.com\/german\/wp-content\/uploads\/2025\/12\/contact-us-Brunstock-blue-246x300.png 246w, https:\/\/brunstock.com\/german\/wp-content\/uploads\/2025\/12\/contact-us-Brunstock-blue.png 278w\" sizes=\"(max-width: 70px) 100vw, 70px\" \/><\/p>\n<p style=\"text-align: center;\"><a href=\"https:\/\/brunstock.com\/german\/contact-us\/\">Kontaktieren Sie noch heute Ihren lokalen Brunstock\u2011Vertreter!<\/a><\/p>\n<p>[\/et_pb_text][\/et_pb_column][\/et_pb_row][\/et_pb_section]<\/p>\n","protected":false},"excerpt":{"rendered":"<p>Das BESS von Brunstock enth\u00e4lt Industrie- und Gewerbe-Energiespeicher-Batterieschr\u00e4nke. Die Anzahl der Batterieschr\u00e4nke, integrierten Umrichterschr\u00e4nke sowie vorinstallierten Umspannwerks- und EMS-Schnittstellen kann so konfiguriert werden, dass die f\u00fcr jedes Projekt erforderliche Kapazit\u00e4t erreicht wird. Produkteigenschaften Detektion und Brandbek\u00e4mpfung auf Paketebene Mehrstufige aktive Warnmeldungen Explosionssicheres Design Modulares Design Lange Lebensdauer des Systems Produktmodell BRUN-BC-M372-EU BRUN-BC-M418-EU Zellkapazit\u00e4t LFP\/280Ah LFP\/314Ah [&hellip;]<\/p>\n","protected":false},"author":3,"featured_media":0,"parent":0,"menu_order":0,"comment_status":"closed","ping_status":"closed","template":"","meta":{"_et_pb_use_builder":"on","_et_pb_old_content":"","_et_gb_content_width":"","footnotes":""},"class_list":["post-1988","page","type-page","status-publish","hentry"],"_links":{"self":[{"href":"https:\/\/brunstock.com\/german\/wp-json\/wp\/v2\/pages\/1988","targetHints":{"allow":["GET"]}}],"collection":[{"href":"https:\/\/brunstock.com\/german\/wp-json\/wp\/v2\/pages"}],"about":[{"href":"https:\/\/brunstock.com\/german\/wp-json\/wp\/v2\/types\/page"}],"author":[{"embeddable":true,"href":"https:\/\/brunstock.com\/german\/wp-json\/wp\/v2\/users\/3"}],"replies":[{"embeddable":true,"href":"https:\/\/brunstock.com\/german\/wp-json\/wp\/v2\/comments?post=1988"}],"version-history":[{"count":13,"href":"https:\/\/brunstock.com\/german\/wp-json\/wp\/v2\/pages\/1988\/revisions"}],"predecessor-version":[{"id":4188,"href":"https:\/\/brunstock.com\/german\/wp-json\/wp\/v2\/pages\/1988\/revisions\/4188"}],"wp:attachment":[{"href":"https:\/\/brunstock.com\/german\/wp-json\/wp\/v2\/media?parent=1988"}],"curies":[{"name":"wp","href":"https:\/\/api.w.org\/{rel}","templated":true}]}}