{"id":2006,"date":"2025-02-03T11:26:46","date_gmt":"2025-02-03T11:26:46","guid":{"rendered":"https:\/\/brunstock.com\/?page_id=2006"},"modified":"2026-04-13T05:02:32","modified_gmt":"2026-04-13T05:02:32","slug":"components-and-parts","status":"publish","type":"page","link":"https:\/\/brunstock.com\/german\/components-and-parts\/","title":{"rendered":"Komponenten und Teile"},"content":{"rendered":"<p>[et_pb_section fb_built=&#8221;1&#8243; admin_label=&#8221;section&#8221; _builder_version=&#8221;4.16&#8243; global_colors_info=&#8221;{}&#8221;][et_pb_row _builder_version=&#8221;4.27.4&#8243; _module_preset=&#8221;default&#8221; width=&#8221;90%&#8221; max_width=&#8221;1200px&#8221; global_colors_info=&#8221;{}&#8221;][et_pb_column type=&#8221;4_4&#8243; _builder_version=&#8221;4.27.4&#8243; _module_preset=&#8221;default&#8221; global_colors_info=&#8221;{}&#8221;][et_pb_text ul_position=&#8221;inside&#8221; _builder_version=&#8221;4.27.4&#8243; _module_preset=&#8221;default&#8221; ul_font=&#8221;&#8211;et_global_heading_font||||||||&#8221; ul_line_height=&#8221;1.8em&#8221; global_colors_info=&#8221;{}&#8221;]<\/p>\n<p>Brunstock liefert Batteriezellen, Batteriepacks und Racks f\u00fcr sein Batteriespeichersystem. Diese k\u00f6nnen bei Bedarf bestellt werden.<\/p>\n<p><strong>Batteriezellen<\/strong><\/p>\n<ul>\n<li>Verwendung von 280\/314 Ah-Batterien mit hoher Kapazit\u00e4t zur Reduzierung von Parallelschaltungen und Verbesserung der Systemkonsistenz.<\/li>\n<li>Leistungstest: Testen Sie mehrere Batteriezellen und w\u00e4hlen Sie die Zellen anhand unseres Leistungsbewertungssystems f\u00fcr Batteriezellen aus.<\/li>\n<li>Sicherheitstest: Referenzieren Sie die Sicherheitspr\u00fcfnormen im Schienenverkehr und kontrollieren Sie die Sicherheitsleistung der ausgew\u00e4hlten Batteriezellen streng.<\/li>\n<li>Umfassende Pr\u00fcfung zur Einhaltung der IEC- und UL-Normen.<\/li>\n<\/ul>\n<p><strong>Batteriezellenmerkmale<\/strong><\/p>\n<ul>\n<li>Jede Aluminiumreihe und die einzelnen positiven\/negativen Elektroden sind lasergeschwei\u00dft, um mechanische Zuverl\u00e4ssigkeit und Leitf\u00e4higkeit zu gew\u00e4hrleisten.<\/li>\n<li>Jedes Batteriepack verf\u00fcgt \u00fcber 28 Temperaturmesspunkte.<\/li>\n<li>Jede einzelne Batterie bietet eine unabh\u00e4ngige Spannungsmessung.<\/li>\n<li>Fl\u00fcssigkeitsk\u00fchlung sorgt f\u00fcr einen Temperaturausgleich zwischen den einzelnen Batteriezellen.<\/li>\n<li>Der externe Ausgang des Batteriepacks ist bequem von vorne zug\u00e4nglich. f\u00fcr Mitarbeiter zur Inspektion und Wartung<strong><br \/><\/strong><\/li>\n<\/ul>\n<p>[\/et_pb_text][\/et_pb_column][\/et_pb_row][et_pb_row admin_label=&#8221;Technical data&#8221; _builder_version=&#8221;4.27.4&#8243; _module_preset=&#8221;default&#8221; width=&#8221;90%&#8221; max_width=&#8221;1200px&#8221; global_colors_info=&#8221;{}&#8221;][et_pb_column type=&#8221;4_4&#8243; _builder_version=&#8221;4.25.0&#8243; _module_preset=&#8221;default&#8221; global_colors_info=&#8221;{}&#8221;][et_pb_text admin_label=&#8221;Table heading&#8221; _builder_version=&#8221;4.27.6&#8243; _module_preset=&#8221;default&#8221; header_2_text_color=&#8221;#0C71C3&#8243; global_colors_info=&#8221;{}&#8221;]<\/p>\n<h2><strong>Produktparameter<\/strong><\/h2>\n<p>[\/et_pb_text][et_pb_text admin_label=&#8221;Table&#8221; _builder_version=&#8221;4.27.6&#8243; _module_preset=&#8221;default&#8221; border_width_all=&#8221;1px&#8221; border_color_all=&#8221;#0080c6&#8243; global_colors_info=&#8221;{}&#8221;]<\/p>\n<div style=\"overflow-x: auto;\">\n<table border=\"0\" cellspacing=\"0\" cellpadding=\"0\">\n<tbody>\n<tr>\n<td valign=\"top\" width=\"171\"><strong>Artikel<\/strong><\/td>\n<td valign=\"top\" width=\"188\"><strong>Spezifikation<\/strong><\/td>\n<td valign=\"top\" width=\"343\"><strong>Bemerkung<\/strong><\/td>\n<\/tr>\n<tr>\n<td valign=\"top\" width=\"171\">Batterietyp<\/td>\n<td valign=\"top\" width=\"188\">LFP<\/td>\n<td valign=\"top\" width=\"343\">Aluminiumgeh\u00e4use<\/td>\n<\/tr>\n<tr>\n<td valign=\"top\" bgcolor=\"#007FC4\" width=\"171\"><span style=\"color: #ffffff;\">Spannung<\/span><\/td>\n<td valign=\"top\" bgcolor=\"#007FC4\" width=\"188\"><span style=\"color: #ffffff;\">3,2 V<\/span><\/td>\n<td valign=\"top\" bgcolor=\"#007FC4\" width=\"343\"><span style=\"color: #ffffff;\">Spannungsbereich: 2,8 V\u20133,6 V<\/span><\/td>\n<\/tr>\n<tr>\n<td valign=\"top\" width=\"171\">Kapazit\u00e4t<\/td>\n<td valign=\"top\" width=\"188\">314 Ah<\/td>\n<td valign=\"top\" width=\"343\">\u00a0<\/td>\n<\/tr>\n<tr>\n<td valign=\"top\" bgcolor=\"#007FC4\" width=\"171\"><span style=\"color: #ffffff;\">Nennlade- und<\/span><br \/><span style=\"color: #ffffff;\">Entladestrom<\/span><\/td>\n<td valign=\"top\" bgcolor=\"#007FC4\" width=\"188\">\n<p><span style=\"color: #ffffff;\">\u00a0<\/span><\/p>\n<p><span style=\"color: #ffffff;\">157 A<\/span><\/p>\n<\/td>\n<td valign=\"top\" bgcolor=\"#007FC4\" width=\"343\">\u00a0<\/td>\n<\/tr>\n<tr>\n<td valign=\"top\" width=\"171\">Maximaler Lade- und<br \/>Entladestrom<\/td>\n<td valign=\"top\" width=\"188\">314 A<\/td>\n<td valign=\"top\" width=\"343\">\u00a0<\/td>\n<\/tr>\n<tr>\n<td valign=\"top\" bgcolor=\"#007FC4\" width=\"171\"><span style=\"color: #ffffff;\">Nennvergr\u00f6\u00dferung<\/span><\/td>\n<td valign=\"top\" bgcolor=\"#007FC4\" width=\"188\"><span style=\"color: #ffffff;\">0,5C<\/span><\/td>\n<td valign=\"top\" bgcolor=\"#007FC4\" width=\"343\"><span style=\"color: #ffffff;\">Maximale Vergr\u00f6\u00dferung<\/span><\/td>\n<\/tr>\n<tr>\n<td valign=\"top\" width=\"171\">Zyklen<\/td>\n<td valign=\"top\" width=\"188\">\u22656.000-fach<\/td>\n<td valign=\"top\" width=\"343\">0,5C Nennvergr\u00f6\u00dferung\/bei 25 \u00b0C, 90 % DOD,<br \/>EOL 80 %<\/td>\n<\/tr>\n<tr>\n<td valign=\"top\" bgcolor=\"#007FC4\" width=\"171\"><span style=\"color: #ffffff;\">Batterieinnenwiderstand<\/span><\/td>\n<td valign=\"top\" bgcolor=\"#007FC4\" width=\"188\"><span style=\"color: #ffffff;\">\u22640,2 m\u03a9<\/span><\/td>\n<td valign=\"top\" bgcolor=\"#007FC4\" width=\"343\"><span style=\"color: #ffffff;\">1 kHz, 30 % SOC<\/span><\/td>\n<\/tr>\n<tr>\n<td valign=\"top\" width=\"171\">Lagerung Temperatur (\u00b0C)<\/td>\n<td valign=\"top\" width=\"188\">\u221220\u201335 \u00b0C<\/td>\n<td valign=\"top\" width=\"343\">\n<p align=\"right\">\n<\/td>\n<\/tr>\n<tr>\n<td valign=\"top\" bgcolor=\"#007FC4\" width=\"171\"><span style=\"color: #ffffff;\">Betriebstemperatur (\u00b0C)<\/span><\/td>\n<td colspan=\"2\" valign=\"top\" bgcolor=\"#007FC4\" width=\"531\"><span style=\"color: #ffffff;\">Laden: 0\u201355 \u00b0C; Entladen: \u221220\u201355 \u00b0C<\/span><\/td>\n<\/tr>\n<\/tbody>\n<\/table>\n<\/div>\n<p>[\/et_pb_text][\/et_pb_column][\/et_pb_row][et_pb_row column_structure=&#8221;1_2,1_2&#8243; _builder_version=&#8221;4.27.4&#8243; _module_preset=&#8221;default&#8221; width=&#8221;90%&#8221; max_width=&#8221;1200px&#8221; global_colors_info=&#8221;{}&#8221;][et_pb_column type=&#8221;1_2&#8243; _builder_version=&#8221;4.27.4&#8243; _module_preset=&#8221;default&#8221; global_colors_info=&#8221;{}&#8221;][et_pb_text ul_position=&#8221;inside&#8221; _builder_version=&#8221;4.27.4&#8243; _module_preset=&#8221;default&#8221; ul_font=&#8221;&#8211;et_global_heading_font||||||||&#8221; header_2_text_color=&#8221;#0C71C3&#8243; global_colors_info=&#8221;{}&#8221;]<\/p>\n<h2><strong>Batteriepacks<\/strong><\/h2>\n<p>Das fl\u00fcssigkeitsgek\u00fchlte Batteriemodul von Brunstock f\u00fcr das 5-MWh-BESS besteht aus einer Abdeckung, Batteriemodulen und Fl\u00fcssigkeitsk\u00fchlplatten.<\/p>\n<p>Die Frontplatte integriert den Hochspannungsanschluss, die Kommunikationsschnittstelle, den MSD, das BMS und ein explosionsgesch\u00fctztes Entl\u00fcftungsventil, was Bedienung und Installation einfach und komfortabel macht.<\/p>\n<p>[\/et_pb_text][\/et_pb_column][et_pb_column type=&#8221;1_2&#8243; _builder_version=&#8221;4.27.4&#8243; _module_preset=&#8221;default&#8221; global_colors_info=&#8221;{}&#8221;][et_pb_image src=&#8221;https:\/\/brunstock.com\/wp-content\/uploads\/2025\/08\/555.webp&#8221; title_text=&#8221;555&#8243; _builder_version=&#8221;4.27.4&#8243; _module_preset=&#8221;default&#8221; locked=&#8221;off&#8221; global_colors_info=&#8221;{}&#8221;][\/et_pb_image][\/et_pb_column][\/et_pb_row][et_pb_row admin_label=&#8221;Technical data&#8221; _builder_version=&#8221;4.27.4&#8243; _module_preset=&#8221;default&#8221; width=&#8221;90%&#8221; max_width=&#8221;1200px&#8221; global_colors_info=&#8221;{}&#8221;][et_pb_column type=&#8221;4_4&#8243; _builder_version=&#8221;4.25.0&#8243; _module_preset=&#8221;default&#8221; global_colors_info=&#8221;{}&#8221;][et_pb_text _builder_version=&#8221;4.27.4&#8243; _module_preset=&#8221;default&#8221; header_2_text_color=&#8221;#0C71C3&#8243; global_colors_info=&#8221;{}&#8221;]<\/p>\n<h2><strong>Produktparameter<\/strong><\/h2>\n<p>[\/et_pb_text][et_pb_text _builder_version=&#8221;4.27.6&#8243; _module_preset=&#8221;default&#8221; hover_enabled=&#8221;0&#8243; border_width_all=&#8221;1px&#8221; border_color_all=&#8221;#0080c6&#8243; global_colors_info=&#8221;{}&#8221; admin_label=&#8221;Table &#8211; battery packs product parameters&#8221; sticky_enabled=&#8221;0&#8243;]<\/p>\n<div style=\"overflow-x: auto;\">\n<table border=\"0\" cellspacing=\"0\" cellpadding=\"0\">\n<tbody>\n<tr>\n<td style=\"width: 221.995px;\" valign=\"top\"><strong>Beschreibung<\/strong><\/td>\n<td style=\"width: 36.9952px;\" valign=\"top\">\u00a0<\/td>\n<td style=\"width: 450.998px;\" valign=\"top\"><strong>1P104S Packung<\/strong><\/td>\n<\/tr>\n<tr>\n<td style=\"width: 221.995px;\" valign=\"top\">Kombination<\/td>\n<td style=\"width: 36.9952px;\" valign=\"top\">\u00a0<\/td>\n<td style=\"width: 450.998px;\" valign=\"top\">1P104S<\/td>\n<\/tr>\n<tr>\n<td style=\"width: 221.995px;\" valign=\"top\">Bewertung Kapazit\u00e4t<\/td>\n<td style=\"width: 36.9952px;\" valign=\"top\">\u00a0<\/td>\n<td style=\"width: 450.998px;\" valign=\"top\">314 Ah<\/td>\n<\/tr>\n<tr>\n<td style=\"width: 221.995px;\" valign=\"top\">Nennenergie<\/td>\n<td style=\"width: 36.9952px;\" valign=\"top\">\u00a0<\/td>\n<td style=\"width: 450.998px;\" valign=\"top\">104,5 kWh<\/td>\n<\/tr>\n<tr>\n<td style=\"width: 221.995px;\" valign=\"top\">Nennspannung<\/td>\n<td style=\"width: 36.9952px;\" valign=\"top\">\u00a0<\/td>\n<td style=\"width: 450.998px;\" valign=\"top\">332,8 V<\/td>\n<\/tr>\n<tr>\n<td style=\"width: 221.995px;\" valign=\"top\">Nennlade- und Entladestrom<\/td>\n<td style=\"width: 36.9952px;\" valign=\"top\">\u00a0<\/td>\n<td style=\"width: 450.998px;\" valign=\"top\">0,5 C \/ 0,25 C<\/td>\n<\/tr>\n<tr>\n<td style=\"width: 221.995px;\" valign=\"top\">Betriebsspannungsbereich<\/td>\n<td style=\"width: 36.9952px;\" valign=\"top\">\u00a0<\/td>\n<td style=\"width: 450.998px;\" valign=\"top\">270,4 V\u2013374,4 V<\/td>\n<\/tr>\n<tr>\n<td style=\"width: 221.995px;\" valign=\"top\">Gewicht<\/td>\n<td style=\"width: 36.9952px;\" valign=\"top\">\u00a0<\/td>\n<td style=\"width: 450.998px;\" valign=\"top\">670 kg \u00b1 5 kg<\/td>\n<\/tr>\n<tr>\n<td style=\"width: 221.995px;\" valign=\"top\">Abmessungen B x T x H (mm)<\/td>\n<td style=\"width: 36.9952px;\" valign=\"top\">\u00a0<\/td>\n<td style=\"width: 450.998px;\" valign=\"top\">2210 x 794 x 240<\/td>\n<\/tr>\n<\/tbody>\n<\/table>\n<\/div>\n<p>&nbsp;<\/p>\n<p>[\/et_pb_text][\/et_pb_column][\/et_pb_row][et_pb_row admin_label=&#8221;Technical data&#8221; _builder_version=&#8221;4.27.4&#8243; _module_preset=&#8221;default&#8221; width=&#8221;90%&#8221; max_width=&#8221;1200px&#8221; global_colors_info=&#8221;{}&#8221;][et_pb_column type=&#8221;4_4&#8243; _builder_version=&#8221;4.25.0&#8243; _module_preset=&#8221;default&#8221; global_colors_info=&#8221;{}&#8221;][et_pb_image src=&#8221;https:\/\/brunstock.com\/wp-content\/uploads\/2025\/08\/open-pit-mine-industry-limestone-quarry-with-back-2024-08-01-15-54-42-utc-copy.webp&#8221; title_text=&#8221;open-pit-mine-industry-limestone-quarry-with-back-2024-08-01-15-54-42-utc copy&#8221; _builder_version=&#8221;4.27.6&#8243; _module_preset=&#8221;default&#8221; hover_enabled=&#8221;0&#8243; global_colors_info=&#8221;{}&#8221; admin_label=&#8221;Image lithium mine&#8221; sticky_enabled=&#8221;0&#8243;][\/et_pb_image][\/et_pb_column][\/et_pb_row][et_pb_row _builder_version=&#8221;4.27.4&#8243; _module_preset=&#8221;default&#8221; width=&#8221;90%&#8221; max_width=&#8221;1200px&#8221; global_colors_info=&#8221;{}&#8221;][et_pb_column type=&#8221;4_4&#8243; _builder_version=&#8221;4.27.4&#8243; _module_preset=&#8221;default&#8221; global_colors_info=&#8221;{}&#8221;][et_pb_text ul_position=&#8221;inside&#8221; _builder_version=&#8221;4.27.4&#8243; _module_preset=&#8221;default&#8221; ul_font=&#8221;&#8211;et_global_heading_font||||||||&#8221; header_2_text_color=&#8221;#0C71C3&#8243; global_colors_info=&#8221;{}&#8221;]<\/p>\n<h2><strong>Batterie-Racks<\/strong><\/h2>\n<p>Die fl\u00fcssigkeitsgek\u00fchlten Batterie-Racks von Brunstock sind f\u00fcr unsere 5-MWh-BESS-Batteriepacks konzipiert.<\/p>\n<p>Die Racks verf\u00fcgen \u00fcber ein wartungsfreundliches, abgedichtetes Rohrleitungsdesign und eine intelligente Temperaturregelung, die den Hilfsstromverbrauch reduziert. Die hohe Energiedichte erm\u00f6glicht eine Steigerung von \u00fcber 30 %.<\/p>\n<p>[\/et_pb_text][\/et_pb_column][\/et_pb_row][et_pb_row column_structure=&#8221;1_3,2_3&#8243; _builder_version=&#8221;4.27.4&#8243; _module_preset=&#8221;default&#8221; width=&#8221;90%&#8221; max_width=&#8221;1200px&#8221; global_colors_info=&#8221;{}&#8221;][et_pb_column type=&#8221;1_3&#8243; _builder_version=&#8221;4.27.4&#8243; _module_preset=&#8221;default&#8221; global_colors_info=&#8221;{}&#8221;][et_pb_text ul_position=&#8221;inside&#8221; _builder_version=&#8221;4.27.6&#8243; _module_preset=&#8221;default&#8221; text_font_size=&#8221;15px&#8221; ul_font=&#8221;&#8211;et_global_heading_font||||||||&#8221; header_2_text_color=&#8221;#00AE4D&#8221; header_2_font_size=&#8221;20px&#8221; header_2_line_height=&#8221;1.2em&#8221; global_colors_info=&#8221;{}&#8221;]<\/p>\n<h2>Acht Batteriepacks, die auf Racks installiert sind, mit der HV\u2011Box darunter.<\/h2>\n<p>[\/et_pb_text][et_pb_image src=&#8221;https:\/\/brunstock.com\/german\/wp-content\/uploads\/2025\/08\/444.webp&#8221; alt=&#8221;Transformatorstation mit modularer GIS-L\u00f6sung f\u00fcr Wind- und Solarparks&#8221; title_text=&#8221;444&#8243; _builder_version=&#8221;4.27.6&#8243; _module_preset=&#8221;default&#8221; global_colors_info=&#8221;{}&#8221;][\/et_pb_image][\/et_pb_column][et_pb_column type=&#8221;2_3&#8243; _builder_version=&#8221;4.27.4&#8243; _module_preset=&#8221;default&#8221; global_colors_info=&#8221;{}&#8221;][et_pb_text ul_position=&#8221;inside&#8221; _builder_version=&#8221;4.27.6&#8243; _module_preset=&#8221;default&#8221; text_font_size=&#8221;15px&#8221; ul_font=&#8221;&#8211;et_global_heading_font||||||||&#8221; header_2_text_color=&#8221;#00AE4D&#8221; header_2_font_size=&#8221;20px&#8221; header_2_line_height=&#8221;1.2em&#8221; locked=&#8221;off&#8221; global_colors_info=&#8221;{}&#8221;]<\/p>\n<h2>Sechs Batterieracks, die in unserem 5\u2011MWh\u2011BESS\u2011Container installiert sind.<\/h2>\n<p>[\/et_pb_text][et_pb_image src=&#8221;https:\/\/brunstock.com\/wp-content\/uploads\/2025\/08\/666.webp&#8221; title_text=&#8221;666&#8243; _builder_version=&#8221;4.27.4&#8243; _module_preset=&#8221;default&#8221; locked=&#8221;off&#8221; global_colors_info=&#8221;{}&#8221;][\/et_pb_image][\/et_pb_column][\/et_pb_row][\/et_pb_section][et_pb_section fb_built=&#8221;1&#8243; fullwidth=&#8221;on&#8221; _builder_version=&#8221;4.27.4&#8243; _module_preset=&#8221;default&#8221; global_colors_info=&#8221;{}&#8221;][et_pb_fullwidth_code _builder_version=&#8221;4.27.4&#8243; _module_preset=&#8221;default&#8221; custom_padding=&#8221;||50px||false|false&#8221; global_colors_info=&#8221;{}&#8221;][et_pb_section global_module=\"3049\"][\/et_pb_section][\/et_pb_fullwidth_code][\/et_pb_section][et_pb_section fb_built=&#8221;1&#8243; _builder_version=&#8221;4.27.4&#8243; _module_preset=&#8221;default&#8221; global_colors_info=&#8221;{}&#8221;][et_pb_row _builder_version=&#8221;4.27.4&#8243; _module_preset=&#8221;default&#8221; global_colors_info=&#8221;{}&#8221;][et_pb_column type=&#8221;4_4&#8243; _builder_version=&#8221;4.27.4&#8243; _module_preset=&#8221;default&#8221; global_colors_info=&#8221;{}&#8221;][et_pb_text admin_label=&#8221;2026 CTA German&#8221; _builder_version=&#8221;4.27.4&#8243; _module_preset=&#8221;default&#8221; global_colors_info=&#8221;{}&#8221;]<\/p>\n<p style=\"text-align: center;\"><img loading=\"lazy\" decoding=\"async\" class=\"wp-image-3705 aligncenter size-full\" src=\"https:\/\/brunstock.com\/german\/wp-content\/uploads\/2025\/12\/Brunstock200.png\" alt=\"Brunstock logo\" width=\"200\" height=\"33\" \/><\/p>\n<p style=\"text-align: center;\"><img loading=\"lazy\" decoding=\"async\" class=\"aligncenter wp-image-3706\" src=\"https:\/\/brunstock.com\/german\/wp-content\/uploads\/2025\/12\/contact-us-Brunstock-blue-246x300.png\" alt=\"Kontakt\u2011Icon \u2013 Mobiltelefon und Sprechblase\" width=\"70\" height=\"85\" srcset=\"https:\/\/brunstock.com\/german\/wp-content\/uploads\/2025\/12\/contact-us-Brunstock-blue-246x300.png 246w, https:\/\/brunstock.com\/german\/wp-content\/uploads\/2025\/12\/contact-us-Brunstock-blue.png 278w\" sizes=\"(max-width: 70px) 100vw, 70px\" \/><\/p>\n<p style=\"text-align: center;\"><a href=\"https:\/\/brunstock.com\/german\/contact-us\/\">Kontaktieren Sie noch heute Ihren lokalen Brunstock\u2011Vertreter!<\/a><\/p>\n<p>[\/et_pb_text][\/et_pb_column][\/et_pb_row][\/et_pb_section]<\/p>\n","protected":false},"excerpt":{"rendered":"<p>Brunstock liefert Batteriezellen, Batteriepacks und Racks f\u00fcr sein Batteriespeichersystem. Diese k\u00f6nnen bei Bedarf bestellt werden. Batteriezellen Verwendung von 280\/314 Ah-Batterien mit hoher Kapazit\u00e4t zur Reduzierung von Parallelschaltungen und Verbesserung der Systemkonsistenz. Leistungstest: Testen Sie mehrere Batteriezellen und w\u00e4hlen Sie die Zellen anhand unseres Leistungsbewertungssystems f\u00fcr Batteriezellen aus. Sicherheitstest: Referenzieren Sie die Sicherheitspr\u00fcfnormen im Schienenverkehr und [&hellip;]<\/p>\n","protected":false},"author":3,"featured_media":0,"parent":0,"menu_order":0,"comment_status":"closed","ping_status":"closed","template":"","meta":{"_et_pb_use_builder":"on","_et_pb_old_content":"","_et_gb_content_width":"","footnotes":""},"class_list":["post-2006","page","type-page","status-publish","hentry"],"_links":{"self":[{"href":"https:\/\/brunstock.com\/german\/wp-json\/wp\/v2\/pages\/2006","targetHints":{"allow":["GET"]}}],"collection":[{"href":"https:\/\/brunstock.com\/german\/wp-json\/wp\/v2\/pages"}],"about":[{"href":"https:\/\/brunstock.com\/german\/wp-json\/wp\/v2\/types\/page"}],"author":[{"embeddable":true,"href":"https:\/\/brunstock.com\/german\/wp-json\/wp\/v2\/users\/3"}],"replies":[{"embeddable":true,"href":"https:\/\/brunstock.com\/german\/wp-json\/wp\/v2\/comments?post=2006"}],"version-history":[{"count":33,"href":"https:\/\/brunstock.com\/german\/wp-json\/wp\/v2\/pages\/2006\/revisions"}],"predecessor-version":[{"id":4210,"href":"https:\/\/brunstock.com\/german\/wp-json\/wp\/v2\/pages\/2006\/revisions\/4210"}],"wp:attachment":[{"href":"https:\/\/brunstock.com\/german\/wp-json\/wp\/v2\/media?parent=2006"}],"curies":[{"name":"wp","href":"https:\/\/api.w.org\/{rel}","templated":true}]}}