{"id":204,"date":"2024-04-30T06:38:01","date_gmt":"2024-04-30T06:38:01","guid":{"rendered":"https:\/\/brunstock.com\/?page_id=204"},"modified":"2025-11-10T11:59:06","modified_gmt":"2025-11-10T11:59:06","slug":"cookies-policy","status":"publish","type":"page","link":"https:\/\/brunstock.com\/german\/cookies-policy\/","title":{"rendered":"Cookies-Richtlinie"},"content":{"rendered":"<p>[et_pb_section fb_built=&#8221;1&#8243; _builder_version=&#8221;4.25.0&#8243; _module_preset=&#8221;default&#8221; global_colors_info=&#8221;{}&#8221;][et_pb_row _builder_version=&#8221;4.25.0&#8243; _module_preset=&#8221;default&#8221; width=&#8221;100%&#8221; max_width=&#8221;1200px&#8221; global_colors_info=&#8221;{}&#8221;][et_pb_column type=&#8221;4_4&#8243; _builder_version=&#8221;4.25.0&#8243; _module_preset=&#8221;default&#8221; global_colors_info=&#8221;{}&#8221;][et_pb_blurb content_max_width=&#8221;100%&#8221; admin_label=&#8221;Brunstock Cookies Policy&#8221; _builder_version=&#8221;4.27.4&#8243; _module_preset=&#8221;default&#8221; header_font=&#8221;TWKLausanne 600|100|||||||&#8221; header_text_color=&#8221;#000000&#8243; header_font_size=&#8221;24px&#8221; body_font=&#8221;TWKLausanne 300||||||||&#8221; body_text_color=&#8221;#2b2b2b&#8221; body_font_size=&#8221;16px&#8221; body_line_height=&#8221;1.6em&#8221; global_colors_info=&#8221;{}&#8221;]<\/p>\n<h1>Brunstock Cookie-Richtlinie<\/h1>\n<p>Letzte Aktualisierung: 14. August 2025<\/p>\n<p>Diese Cookie-Richtlinie erl\u00e4utert, wie die Brunstock AG (\u201eUnternehmen\u201c, \u201ewir\u201c, \u201euns\u201c und \u201eunser\u201c) Cookies und \u00e4hnliche Technologien verwendet, um Sie bei Ihrem Besuch unserer Website unter http:\/\/brunstock.com (\u201eWebsite\u201c oder \u201eDienst\u201c) wiederzuerkennen. Sie erl\u00e4utert, um welche Technologien es sich handelt, warum wir sie verwenden und welche Rechte Sie haben, unsere Verwendung dieser Technologien zu kontrollieren.<\/p>\n<p>In einigen F\u00e4llen verwenden wir Cookies, um personenbezogene Daten zu erfassen. Diese werden zu personenbezogenen Daten, wenn wir sie mit anderen Daten kombinieren.[\/et_pb_blurb][et_pb_blurb title=&#8221;Was sind Cookies?&#8221; content_max_width=&#8221;100%&#8221; admin_label=&#8221;Cookies are small data files&#8230;&#8221; _builder_version=&#8221;4.27.4&#8243; _module_preset=&#8221;default&#8221; header_font=&#8221;TWKLausanne 600|100|||||||&#8221; header_text_color=&#8221;#000000&#8243; header_font_size=&#8221;24px&#8221; body_font=&#8221;TWKLausanne 300||||||||&#8221; body_text_color=&#8221;#2b2b2b&#8221; body_font_size=&#8221;16px&#8221; body_line_height=&#8221;1.6em&#8221; global_colors_info=&#8221;{}&#8221;]Cookies sind kleine Dateien, die beim Besuch einer Website auf Ihrem Computer oder Mobilger\u00e4t abgelegt werden. Websitebetreiber verwenden Cookies h\u00e4ufig, um die Funktionsf\u00e4higkeit ihrer Websites zu gew\u00e4hrleisten oder deren Effizienz zu steigern und um Berichtsinformationen bereitzustellen.<\/p>\n<p>Vom Websitebetreiber (in diesem Fall Brunstock AG) gesetzte Cookies werden als \u201eErstanbieter-Cookies\u201c bezeichnet. Von anderen Anbietern als dem Websitebetreiber gesetzte Cookies werden als \u201eDrittanbieter-Cookies\u201c bezeichnet. Drittanbieter-Cookies erm\u00f6glichen die Bereitstellung von Funktionen oder Funktionalit\u00e4ten Dritter auf oder \u00fcber die Website (z. B. Werbung, interaktive Inhalte und Analysen). Die Anbieter dieser Drittanbieter-Cookies k\u00f6nnen Ihren Computer sowohl beim Besuch der betreffenden Website als auch beim Besuch bestimmter anderer Websites wiedererkennen.[\/et_pb_blurb][et_pb_blurb title=&#8221;Warum verwenden wir Cookies?&#8221; content_max_width=&#8221;100%&#8221; admin_label=&#8221;We use first- and third-party cookies&#8230;&#8221; _builder_version=&#8221;4.27.4&#8243; _module_preset=&#8221;default&#8221; header_font=&#8221;TWKLausanne 600|100|||||||&#8221; header_text_color=&#8221;#000000&#8243; header_font_size=&#8221;24px&#8221; body_font=&#8221;TWKLausanne 300||||||||&#8221; body_text_color=&#8221;#2b2b2b&#8221; body_font_size=&#8221;16px&#8221; body_line_height=&#8221;1.6em&#8221; global_colors_info=&#8221;{}&#8221;]Wir verwenden Erst- und Drittanbieter-Cookies aus verschiedenen Gr\u00fcnden. Einige Cookies sind aus technischen Gr\u00fcnden f\u00fcr den Betrieb unserer Website erforderlich und werden von uns als \u201eessentielle\u201c oder \u201eunbedingt erforderliche\u201c Cookies bezeichnet. Andere Cookies erm\u00f6glichen es uns zudem, die Interessen unserer Nutzer zu verfolgen und gezielt anzusprechen, um das Erlebnis auf unserer Website zu verbessern. Drittanbieter setzen Cookies \u00fcber unsere Website ein, um unsere Marketing-, Werbe-, Analyse- und andere Zwecke zu erm\u00f6glichen.[\/et_pb_blurb][et_pb_blurb title=&#8221;Wie kann ich Cookies kontrollieren?&#8221; content_max_width=&#8221;100%&#8221; admin_label=&#8221;You have the right to decide&#8230;&#8221; _builder_version=&#8221;4.27.4&#8243; _module_preset=&#8221;default&#8221; header_font=&#8221;TWKLausanne 600|100|||||||&#8221; header_text_color=&#8221;#000000&#8243; header_font_size=&#8221;24px&#8221; body_font=&#8221;TWKLausanne 300||||||||&#8221; body_text_color=&#8221;#2b2b2b&#8221; body_font_size=&#8221;16px&#8221; body_line_height=&#8221;1.6em&#8221; global_colors_info=&#8221;{}&#8221;]Sie haben das Recht, Cookies zu akzeptieren oder abzulehnen. Sie k\u00f6nnen Ihre Cookie-Rechte aus\u00fcben, indem Sie Ihre Einstellungen im Cookie Consent Manager (siehe Cookie-Symbol unten links) vornehmen. Im Cookie Consent Manager k\u00f6nnen Sie ausw\u00e4hlen, welche Cookie-Kategorien Sie akzeptieren oder ablehnen. Essenzielle Cookies k\u00f6nnen nicht abgelehnt werden, da sie f\u00fcr die Funktion dieser Website unbedingt erforderlich sind.<\/p>\n<p>Der Cookie Consent Manager ist im Benachrichtigungsbanner und auf unserer Website zu finden. Wenn Sie Cookies ablehnen, k\u00f6nnen Sie unsere Website weiterhin nutzen, allerdings kann Ihr Zugriff auf einige Funktionen und Bereiche unserer Website eingeschr\u00e4nkt sein. Sie k\u00f6nnen auch die Einstellungen Ihres Webbrowsers so anpassen, dass Cookies akzeptiert oder abgelehnt werden.[\/et_pb_blurb][et_pb_blurb title=&#8221;Wie kann ich Cookies in meinem Browser kontrollieren?&#8221; content_max_width=&#8221;100%&#8221; admin_label=&#8221;As the means by which&#8230;&#8221; _builder_version=&#8221;4.27.4&#8243; _module_preset=&#8221;default&#8221; header_font=&#8221;TWKLausanne 600|100|||||||&#8221; header_text_color=&#8221;#000000&#8243; header_font_size=&#8221;24px&#8221; body_font=&#8221;TWKLausanne 300||||||||&#8221; body_text_color=&#8221;#2b2b2b&#8221; body_font_size=&#8221;16px&#8221; body_line_height=&#8221;1.6em&#8221; global_colors_info=&#8221;{}&#8221;]Da die M\u00f6glichkeiten, Cookies \u00fcber die Browser-Einstellungen abzulehnen, von Browser zu Browser unterschiedlich sind, finden Sie weitere Informationen im Hilfemen\u00fc Ihres Browsers. Im Folgenden finden Sie Informationen zur Verwaltung von Cookies in den g\u00e4ngigsten Browsern:<\/p>\n<ul>\n<li><u><a href=\"https:\/\/support.google.com\/chrome\/answer\/95647#zippy=%2Callow-or-block-cookies\">Chrome<\/a><\/u><\/li>\n<li><u><a href=\"https:\/\/support.microsoft.com\/en-us\/windows\/delete-and-manage-cookies-168dab11-0753-043d-7c16-ede5947fc64d\">Internet Explorer<\/a><\/u><\/li>\n<li><u><a href=\"https:\/\/support.mozilla.org\/en-US\/kb\/enhanced-tracking-protection-firefox-desktop?redirectslug=enable-and-disable-cookies-website-preferences&#038;redirectlocale=en-US\">Firefox<\/a><\/u><\/li>\n<li><u><a href=\"https:\/\/support.apple.com\/en-ie\/guide\/safari\/sfri11471\/mac\">Safari<\/a><\/u><\/li>\n<li><u><a href=\"https:\/\/support.microsoft.com\/en-us\/windows\/microsoft-edge-browsing-data-and-privacy-bb8174ba-9d73-dcf2-9b4a-c582b4e640dd\">Edge<\/a><\/u><\/li>\n<li><u><a href=\"https:\/\/help.opera.com\/en\/latest\/web-preferences\/\">Opera<\/a><\/u><\/li>\n<\/ul>\n<p>Wir schalten keine Werbung auf unserer Website. Die meisten Werbenetzwerke bieten Ihnen jedoch die M\u00f6glichkeit, gezielte Werbung abzulehnen. Weitere Informationen finden Sie unter:<\/p>\n<ul>\n<li><u><a href=\"http:\/\/www.aboutads.info\/choices\/\">Digital Advertising Alliance<\/a><\/u><\/li>\n<li><u><a href=\"https:\/\/youradchoices.ca\/\">Digital Advertising Alliance of Canada<\/a><\/u><\/li>\n<li><u><a href=\"http:\/\/www.youronlinechoices.com\/\">European Interactive Digital Advertising Alliance<\/a><\/u><\/li>\n<\/ul>\n<p>[\/et_pb_blurb][et_pb_blurb title=&#8221;Was ist mit anderen Tracking-Technologien wie Web Beacons?&#8221; content_max_width=&#8221;100%&#8221; admin_label=&#8221;Cookies are not the only way to recognise&#8230;&#8221; _builder_version=&#8221;4.27.4&#8243; _module_preset=&#8221;default&#8221; header_font=&#8221;TWKLausanne 600|100|||||||&#8221; header_text_color=&#8221;#000000&#8243; header_font_size=&#8221;24px&#8221; body_font=&#8221;TWKLausanne 300||||||||&#8221; body_text_color=&#8221;#2b2b2b&#8221; body_font_size=&#8221;16px&#8221; body_line_height=&#8221;1.6em&#8221; global_colors_info=&#8221;{}&#8221;]Cookies sind nicht die einzige M\u00f6glichkeit, Besucher einer Website zu erkennen oder zu verfolgen. Wir verwenden gelegentlich auch andere, \u00e4hnliche Technologien wie Web Beacons (manchmal auch \u201eTracking-Pixel\u201c oder \u201eClear Gifs\u201c genannt). Dabei handelt es sich um winzige Grafikdateien mit einer eindeutigen Kennung, anhand derer wir erkennen k\u00f6nnen, wann jemand unsere Website besucht oder eine E-Mail mit diesen Daten ge\u00f6ffnet hat.<\/p>\n<p>Auf diese Weise k\u00f6nnen wir beispielsweise das Nutzerverhalten von einer Seite innerhalb einer Website zur anderen \u00fcberwachen, Cookies bereitstellen oder mit ihnen kommunizieren, feststellen, ob Sie \u00fcber eine Online-Werbung auf einer Drittanbieter-Website auf die Website gelangt sind, die Website-Performance verbessern und den Erfolg von E-Mail-Kommunikation und Marketingkampagnen messen. In vielen F\u00e4llen sind diese Technologien auf Cookies angewiesen, um ordnungsgem\u00e4\u00df zu funktionieren. Das Ablehnen von Cookies beeintr\u00e4chtigt daher deren Funktion.[\/et_pb_blurb][et_pb_blurb title=&#8221;Verwenden Sie Flash-Cookies oder Local Shared Objects?&#8221; content_max_width=&#8221;100%&#8221; disabled_on=&#8221;on|on|on&#8221; admin_label=&#8221;Flash cookies&#8221; _builder_version=&#8221;4.27.4&#8243; _module_preset=&#8221;default&#8221; header_font=&#8221;TWKLausanne 600|100|||||||&#8221; header_text_color=&#8221;#000000&#8243; header_font_size=&#8221;24px&#8221; body_font=&#8221;TWKLausanne 300||||||||&#8221; body_text_color=&#8221;#2b2b2b&#8221; body_font_size=&#8221;16px&#8221; body_line_height=&#8221;1.6em&#8221; disabled=&#8221;on&#8221; global_colors_info=&#8221;{}&#8221;]<\/p>\n<p>Websites k\u00f6nnen auch sogenannte \u201eFlash-Cookies\u201c (auch als Local Shared Objects oder \u201eLSOs\u201c bezeichnet) verwenden, um unter anderem Informationen \u00fcber Ihre Nutzung unserer Dienste, zur Betrugspr\u00e4vention und f\u00fcr andere Website-Funktionen zu sammeln und zu speichern.<\/p>\n<p>Wenn Sie keine Flash-Cookies auf Ihrem Computer speichern m\u00f6chten, k\u00f6nnen Sie die Einstellungen Ihres Flash Players mithilfe der Tools in den Website-Speichereinstellungen so anpassen, dass die Speicherung von Flash-Cookies blockiert wird. Sie k\u00f6nnen Flash-Cookies auch steuern, indem Sie die globalen Speichereinstellungen aufrufen und den Anweisungen folgen (darunter beispielsweise Anweisungen zum L\u00f6schen vorhandener Flash-Cookies (auf der Macromedia-Website als \u201eInformationen\u201c bezeichnet), zum Verhindern der unaufgeforderten Speicherung von Flash-LSOs auf Ihrem Computer und (f\u00fcr Flash Player 8 und h\u00f6her) zum Blockieren von Flash-Cookies, die nicht vom Betreiber der aktuell besuchten Seite bereitgestellt werden).<\/p>\n<p>Bitte beachten Sie, dass die eingeschr\u00e4nkte oder limitierte Annahme von Flash-Cookies im Flash Player die Funktionalit\u00e4t einiger Flash-Anwendungen, einschlie\u00dflich m\u00f6glicherweise auch der im Zusammenhang mit unseren Diensten oder Online-Inhalten verwendeten Flash-Anwendungen, beeintr\u00e4chtigen kann.<\/p>\n<p>[\/et_pb_blurb][et_pb_blurb title=&#8221;Wie oft werden Sie diese Cookie-Richtlinie aktualisieren?&#8221; content_max_width=&#8221;100%&#8221; admin_label=&#8221;Updating this policy&#8230;&#8221; _builder_version=&#8221;4.27.4&#8243; _module_preset=&#8221;default&#8221; header_font=&#8221;TWKLausanne 600|100|||||||&#8221; header_text_color=&#8221;#000000&#8243; header_font_size=&#8221;24px&#8221; body_font=&#8221;TWKLausanne 300||||||||&#8221; body_text_color=&#8221;#2b2b2b&#8221; body_font_size=&#8221;16px&#8221; body_line_height=&#8221;1.6em&#8221; global_colors_info=&#8221;{}&#8221;]Wir k\u00f6nnen diese Cookie-Richtlinie von Zeit zu Zeit aktualisieren, um beispielsweise \u00c4nderungen an den von uns verwendeten Cookies oder aus anderen betrieblichen, rechtlichen oder regulatorischen Gr\u00fcnden zu ber\u00fccksichtigen. Bitte lesen Sie diese Cookie-Richtlinie daher regelm\u00e4\u00dfig durch, um \u00fcber unsere Verwendung von Cookies und verwandten Technologien auf dem Laufenden zu bleiben.<\/p>\n<p>Das Datum oben in dieser Cookie-Richtlinie gibt an, wann sie zuletzt aktualisiert wurde.[\/et_pb_blurb][et_pb_blurb title=&#8221;Wo erhalte ich weitere Informationen?&#8221; content_max_width=&#8221;100%&#8221; admin_label=&#8221;Contact us&#8221; _builder_version=&#8221;4.27.4&#8243; _module_preset=&#8221;default&#8221; header_font=&#8221;TWKLausanne 600|100|||||||&#8221; header_text_color=&#8221;#000000&#8243; header_font_size=&#8221;24px&#8221; body_font=&#8221;TWKLausanne 300||||||||&#8221; body_text_color=&#8221;#2b2b2b&#8221; body_font_size=&#8221;16px&#8221; body_line_height=&#8221;1.6em&#8221; global_colors_info=&#8221;{}&#8221;]Bitte beachten Sie die <a href=\"https:\/\/www.brunstock.com\/german\/terms-and-conditions\/\">Allgemeinen Gesch\u00e4ftsbedingungen<\/a> f\u00fcr die Nutzung dieser Website und unsere <a href=\"https:\/\/brunstock.com\/german\/privacy-policy\">Datenschutzrichtlinie<\/a> f\u00fcr diesen Dienst. Wenn Sie Fragen zu unserer Verwendung von Cookies oder anderen Technologien haben, <a href=\"https:\/\/brunstock.com\/german\/contact-us\/\">kontaktieren Sie uns<\/a>.[\/et_pb_blurb][\/et_pb_column][\/et_pb_row][\/et_pb_section]<\/p>\n","protected":false},"excerpt":{"rendered":"<p>Brunstock Cookie-Richtlinie Letzte Aktualisierung: 14. August 2025 Diese Cookie-Richtlinie erl\u00e4utert, wie die Brunstock AG (\u201eUnternehmen\u201c, \u201ewir\u201c, \u201euns\u201c und \u201eunser\u201c) Cookies und \u00e4hnliche Technologien verwendet, um Sie bei Ihrem Besuch unserer Website unter http:\/\/brunstock.com (\u201eWebsite\u201c oder \u201eDienst\u201c) wiederzuerkennen. Sie erl\u00e4utert, um welche Technologien es sich handelt, warum wir sie verwenden und welche Rechte Sie haben, unsere [&hellip;]<\/p>\n","protected":false},"author":3,"featured_media":0,"parent":0,"menu_order":0,"comment_status":"closed","ping_status":"closed","template":"","meta":{"_et_pb_use_builder":"on","_et_pb_old_content":"","_et_gb_content_width":"","footnotes":""},"class_list":["post-204","page","type-page","status-publish","hentry"],"_links":{"self":[{"href":"https:\/\/brunstock.com\/german\/wp-json\/wp\/v2\/pages\/204","targetHints":{"allow":["GET"]}}],"collection":[{"href":"https:\/\/brunstock.com\/german\/wp-json\/wp\/v2\/pages"}],"about":[{"href":"https:\/\/brunstock.com\/german\/wp-json\/wp\/v2\/types\/page"}],"author":[{"embeddable":true,"href":"https:\/\/brunstock.com\/german\/wp-json\/wp\/v2\/users\/3"}],"replies":[{"embeddable":true,"href":"https:\/\/brunstock.com\/german\/wp-json\/wp\/v2\/comments?post=204"}],"version-history":[{"count":20,"href":"https:\/\/brunstock.com\/german\/wp-json\/wp\/v2\/pages\/204\/revisions"}],"predecessor-version":[{"id":3591,"href":"https:\/\/brunstock.com\/german\/wp-json\/wp\/v2\/pages\/204\/revisions\/3591"}],"wp:attachment":[{"href":"https:\/\/brunstock.com\/german\/wp-json\/wp\/v2\/media?parent=204"}],"curies":[{"name":"wp","href":"https:\/\/api.w.org\/{rel}","templated":true}]}}