{"id":2045,"date":"2025-02-04T06:43:11","date_gmt":"2025-02-04T06:43:11","guid":{"rendered":"https:\/\/brunstock.com\/?page_id=2045"},"modified":"2026-04-13T04:40:57","modified_gmt":"2026-04-13T04:40:57","slug":"auxiliary-system","status":"publish","type":"page","link":"https:\/\/brunstock.com\/german\/auxiliary-system\/","title":{"rendered":"Hilfssystem"},"content":{"rendered":"<p>[et_pb_section fb_built=&#8221;1&#8243; admin_label=&#8221;section&#8221; _builder_version=&#8221;4.16&#8243; global_colors_info=&#8221;{}&#8221;][et_pb_row _builder_version=&#8221;4.27.4&#8243; _module_preset=&#8221;default&#8221; width=&#8221;90%&#8221; max_width=&#8221;1200px&#8221; global_colors_info=&#8221;{}&#8221;][et_pb_column type=&#8221;4_4&#8243; _builder_version=&#8221;4.27.4&#8243; _module_preset=&#8221;default&#8221; global_colors_info=&#8221;{}&#8221;][et_pb_text ul_position=&#8221;inside&#8221; _builder_version=&#8221;4.27.4&#8243; _module_preset=&#8221;default&#8221; ul_font=&#8221;&#8211;et_global_heading_font||||||||&#8221; header_2_text_color=&#8221;#0C71C3&#8243; global_colors_info=&#8221;{}&#8221;]<\/p>\n<h2><strong>Brandschutzsystem<\/strong><\/h2>\n<p>Das BESS von Brunstock ist mit einem automatischen Feuerl\u00f6schsystem ausgestattet, das eine kombinierte Detektion (Rauch, Temperatur, CO, VOC) f\u00fcr das Batteriefach durchf\u00fchrt. Das Brandschutzsystem von Brunstock verwendet Aerosol zur untergetauchten Brandbek\u00e4mpfung und erf\u00fcllt die Anforderungen der NFPA855.<\/p>\n<p>Das System umfasst eine Detektion auf Kabinenebene, eine Brandmeldezentrale, Not-Aus- und Starttasten, akustische und visuelle Alarme, gasbasierte Feuerl\u00f6schger\u00e4te und Gasauslassanzeigen. Au\u00dferdem verf\u00fcgt es \u00fcber eine Aerosol-Sprinklerleitung und einen vorgesehenen Anschluss f\u00fcr den Wasserbrandschutz.[\/et_pb_text][\/et_pb_column][\/et_pb_row][et_pb_row column_structure=&#8221;1_2,1_2&#8243; use_custom_gutter=&#8221;on&#8221; gutter_width=&#8221;2&#8243; _builder_version=&#8221;4.27.4&#8243; _module_preset=&#8221;default&#8221; width=&#8221;90%&#8221; max_width=&#8221;1200px&#8221; custom_padding=&#8221;0px||||false|false&#8221; global_colors_info=&#8221;{}&#8221;][et_pb_column type=&#8221;1_2&#8243; _builder_version=&#8221;4.27.4&#8243; _module_preset=&#8221;default&#8221; global_colors_info=&#8221;{}&#8221;][\/et_pb_column][et_pb_column type=&#8221;1_2&#8243; _builder_version=&#8221;4.27.4&#8243; _module_preset=&#8221;default&#8221; global_colors_info=&#8221;{}&#8221;][et_pb_image src=&#8221;https:\/\/brunstock.com\/german\/wp-content\/uploads\/2025\/09\/Battery_fire_suppression_diagram_German.webp&#8221; alt=&#8221;Battery energy storage system fire suppression diagram&#8221; title_text=&#8221;Battery_fire_suppression_diagram_German&#8221; _builder_version=&#8221;4.27.4&#8243; _module_preset=&#8221;default&#8221; global_colors_info=&#8221;{}&#8221;][\/et_pb_image][\/et_pb_column][\/et_pb_row][et_pb_row column_structure=&#8221;1_4,1_4,1_4,1_4&#8243; _builder_version=&#8221;4.27.4&#8243; _module_preset=&#8221;default&#8221; width=&#8221;90%&#8221; max_width=&#8221;1200px&#8221; global_colors_info=&#8221;{}&#8221;][et_pb_column type=&#8221;1_4&#8243; _builder_version=&#8221;4.27.4&#8243; _module_preset=&#8221;default&#8221; global_colors_info=&#8221;{}&#8221;][et_pb_image src=&#8221;https:\/\/brunstock.com\/german\/wp-content\/uploads\/2026\/04\/DiagramCU_composite_probe400w.webp&#8221; title_text=&#8221;DiagramCU_composite_probe400w&#8221; _builder_version=&#8221;4.27.6&#8243; _module_preset=&#8221;default&#8221; hover_enabled=&#8221;0&#8243; global_colors_info=&#8221;{}&#8221; url=&#8221;https:\/\/brunstock.com\/german\/wp-content\/uploads\/2026\/04\/DiagramCU_composite_probe.webp&#8221; sticky_enabled=&#8221;0&#8243;][\/et_pb_image][et_pb_text ul_position=&#8221;inside&#8221; _builder_version=&#8221;4.27.6&#8243; _module_preset=&#8221;default&#8221; text_text_color=&#8221;#00AE4D&#8221; text_font_size=&#8221;16px&#8221; ul_font=&#8221;&#8211;et_global_heading_font||||||||&#8221; hover_enabled=&#8221;0&#8243; locked=&#8221;off&#8221; global_colors_info=&#8221;{}&#8221; sticky_enabled=&#8221;0&#8243;]<\/p>\n<p>Steckbare Verbundsonde, dargestellt in Hellblau.<\/p>\n<p>[\/et_pb_text][\/et_pb_column][et_pb_column type=&#8221;1_4&#8243; _builder_version=&#8221;4.27.4&#8243; _module_preset=&#8221;default&#8221; global_colors_info=&#8221;{}&#8221;][et_pb_image src=&#8221;https:\/\/brunstock.com\/wp-content\/uploads\/2025\/02\/22.webp&#8221; title_text=&#8221;22&#8243; _builder_version=&#8221;4.27.4&#8243; _module_preset=&#8221;default&#8221; locked=&#8221;off&#8221; global_colors_info=&#8221;{}&#8221;][\/et_pb_image][et_pb_text ul_position=&#8221;inside&#8221; _builder_version=&#8221;4.27.4&#8243; _module_preset=&#8221;default&#8221; text_text_color=&#8221;#00AE4D&#8221; text_font_size=&#8221;16px&#8221; ul_font=&#8221;&#8211;et_global_heading_font||||||||&#8221; locked=&#8221;off&#8221; global_colors_info=&#8221;{}&#8221;]Sonde im Batteriepakt[\/et_pb_text][\/et_pb_column][et_pb_column type=&#8221;1_4&#8243; _builder_version=&#8221;4.27.4&#8243; _module_preset=&#8221;default&#8221; global_colors_info=&#8221;{}&#8221;][et_pb_image src=&#8221;https:\/\/brunstock.com\/wp-content\/uploads\/2025\/02\/fire-suppression-green.png&#8221; title_text=&#8221;fire-suppression-green&#8221; _builder_version=&#8221;4.27.4&#8243; _module_preset=&#8221;default&#8221; width=&#8221;55%&#8221; locked=&#8221;off&#8221; global_colors_info=&#8221;{}&#8221;][\/et_pb_image][\/et_pb_column][et_pb_column type=&#8221;1_4&#8243; _builder_version=&#8221;4.27.4&#8243; _module_preset=&#8221;default&#8221; global_colors_info=&#8221;{}&#8221;][\/et_pb_column][\/et_pb_row][et_pb_row column_structure=&#8221;2_5,3_5&#8243; _builder_version=&#8221;4.27.4&#8243; _module_preset=&#8221;default&#8221; width=&#8221;90%&#8221; max_width=&#8221;1200px&#8221; global_colors_info=&#8221;{}&#8221;][et_pb_column type=&#8221;2_5&#8243; _builder_version=&#8221;4.27.4&#8243; _module_preset=&#8221;default&#8221; global_colors_info=&#8221;{}&#8221;][et_pb_image src=&#8221;https:\/\/brunstock.com\/german\/wp-content\/uploads\/2025\/09\/Fire_water_pipes_German.webp&#8221; alt=&#8221;Battery energy storage system fire suppression pipes diagram&#8221; title_text=&#8221;Fire_water_pipes_German&#8221; _builder_version=&#8221;4.27.6&#8243; _module_preset=&#8221;default&#8221; hover_enabled=&#8221;0&#8243; global_colors_info=&#8221;{}&#8221; admin_label=&#8221;Image of the liquid cooling matrix&#8221; sticky_enabled=&#8221;0&#8243;][\/et_pb_image][et_pb_image _builder_version=&#8221;4.27.6&#8243; _module_preset=&#8221;default&#8221; alt=&#8221;BESS heat map<br \/>\n&#8221; title_text=&#8221;Battery_pack_heat_map800w&#8221; src=&#8221;https:\/\/brunstock.com\/german\/wp-content\/uploads\/2026\/04\/Battery_pack_heat_map800w.webp&#8221; hover_enabled=&#8221;0&#8243; sticky_enabled=&#8221;0&#8243;][\/et_pb_image][et_pb_image _builder_version=&#8221;4.27.6&#8243; _module_preset=&#8221;default&#8221; alt=&#8221;BESS coolant system heat map&#8221; title_text=&#8221;Coolant_temp_Liquid_Cooling_Matrix800w&#8221; src=&#8221;https:\/\/brunstock.com\/german\/wp-content\/uploads\/2026\/04\/Coolant_temp_Liquid_Cooling_Matrix800w.webp&#8221; hover_enabled=&#8221;0&#8243; sticky_enabled=&#8221;0&#8243;][\/et_pb_image][\/et_pb_column][et_pb_column type=&#8221;3_5&#8243; _builder_version=&#8221;4.27.4&#8243; _module_preset=&#8221;default&#8221; global_colors_info=&#8221;{}&#8221;][et_pb_text ul_position=&#8221;inside&#8221; _builder_version=&#8221;4.27.4&#8243; _module_preset=&#8221;default&#8221; ul_font=&#8221;&#8211;et_global_heading_font||||||||&#8221; ul_line_height=&#8221;1.8em&#8221; header_2_text_color=&#8221;#0C71C3&#8243; global_colors_info=&#8221;{}&#8221;]<\/p>\n<h2><strong>Temperaturregelung<\/strong><\/h2>\n<p>Das Fl\u00fcssigkeitsk\u00fchlsystem von Brunstock besteht haupts\u00e4chlich aus mehreren Ebenen von Rohrleitungen, Verbindungsst\u00fccken, Fl\u00fcssigkeitsk\u00fchlplatten und K\u00e4ltemaschinen. Im Vergleich zu Luftk\u00fchlsystemen ist die Investition in Fl\u00fcssigkeitsk\u00fchlung zukunftsweisender. Die Vorteile der Fl\u00fcssigkeitsk\u00fchlung umfassen:<\/p>\n<ul>\n<li>Starker W\u00e4rmeaustausch<\/li>\n<li>Pr\u00e4zise Temperaturregelung<\/li>\n<li>Maximierte Batterieleistung<\/li>\n<\/ul>\n<p>Unsere Fl\u00fcssigkeitsk\u00fchll\u00f6sung kann den Temperaturunterschied innerhalb des Racks auf 3 \u00b0C begrenzen und reduziert den Stromverbrauch im Vergleich zu Luftk\u00fchlsystemen um 40 %. Damit eignet sie sich f\u00fcr Energiespeichersysteme mit hoher Energiedichte und starker W\u00e4rmeentwicklung.[\/et_pb_text][et_pb_image _builder_version=&#8221;4.27.6&#8243; _module_preset=&#8221;default&#8221; alt=&#8221;5 MWh BESS heat map&#8221; title_text=&#8221;Heat_chart_cell_surface_temp_dist800w&#8221; src=&#8221;https:\/\/brunstock.com\/german\/wp-content\/uploads\/2026\/04\/Heat_chart_cell_surface_temp_dist800w.webp&#8221; hover_enabled=&#8221;0&#8243; sticky_enabled=&#8221;0&#8243;][\/et_pb_image][\/et_pb_column][\/et_pb_row][\/et_pb_section][et_pb_section fb_built=&#8221;1&#8243; fullwidth=&#8221;on&#8221; _builder_version=&#8221;4.27.4&#8243; _module_preset=&#8221;default&#8221; global_colors_info=&#8221;{}&#8221;][et_pb_fullwidth_code _builder_version=&#8221;4.27.4&#8243; _module_preset=&#8221;default&#8221; custom_padding=&#8221;||50px||false|false&#8221; global_colors_info=&#8221;{}&#8221;][et_pb_section global_module=\"3049\"][\/et_pb_section][\/et_pb_fullwidth_code][\/et_pb_section][et_pb_section fb_built=&#8221;1&#8243; _builder_version=&#8221;4.27.4&#8243; _module_preset=&#8221;default&#8221; global_colors_info=&#8221;{}&#8221;][et_pb_row _builder_version=&#8221;4.27.4&#8243; _module_preset=&#8221;default&#8221; global_colors_info=&#8221;{}&#8221;][et_pb_column type=&#8221;4_4&#8243; _builder_version=&#8221;4.27.4&#8243; _module_preset=&#8221;default&#8221; global_colors_info=&#8221;{}&#8221;][et_pb_text admin_label=&#8221;2026 CTA German&#8221; _builder_version=&#8221;4.27.4&#8243; _module_preset=&#8221;default&#8221; global_colors_info=&#8221;{}&#8221;]<\/p>\n<p style=\"text-align: center;\"><img loading=\"lazy\" decoding=\"async\" class=\"wp-image-3705 aligncenter size-full\" src=\"https:\/\/brunstock.com\/german\/wp-content\/uploads\/2025\/12\/Brunstock200.png\" alt=\"Brunstock logo\" width=\"200\" height=\"33\" \/><\/p>\n<p style=\"text-align: center;\"><img loading=\"lazy\" decoding=\"async\" class=\"aligncenter wp-image-3706\" src=\"https:\/\/brunstock.com\/german\/wp-content\/uploads\/2025\/12\/contact-us-Brunstock-blue-246x300.png\" alt=\"Kontakt\u2011Icon \u2013 Mobiltelefon und Sprechblase\" width=\"70\" height=\"85\" srcset=\"https:\/\/brunstock.com\/german\/wp-content\/uploads\/2025\/12\/contact-us-Brunstock-blue-246x300.png 246w, https:\/\/brunstock.com\/german\/wp-content\/uploads\/2025\/12\/contact-us-Brunstock-blue.png 278w\" sizes=\"(max-width: 70px) 100vw, 70px\" \/><\/p>\n<p style=\"text-align: center;\"><a href=\"https:\/\/brunstock.com\/german\/contact-us\/\">Kontaktieren Sie noch heute Ihren lokalen Brunstock\u2011Vertreter!<\/a><\/p>\n<p>[\/et_pb_text][\/et_pb_column][\/et_pb_row][\/et_pb_section]<\/p>\n","protected":false},"excerpt":{"rendered":"<p>Brandschutzsystem Das BESS von Brunstock ist mit einem automatischen Feuerl\u00f6schsystem ausgestattet, das eine kombinierte Detektion (Rauch, Temperatur, CO, VOC) f\u00fcr das Batteriefach durchf\u00fchrt. Das Brandschutzsystem von Brunstock verwendet Aerosol zur untergetauchten Brandbek\u00e4mpfung und erf\u00fcllt die Anforderungen der NFPA855. Das System umfasst eine Detektion auf Kabinenebene, eine Brandmeldezentrale, Not-Aus- und Starttasten, akustische und visuelle Alarme, gasbasierte [&hellip;]<\/p>\n","protected":false},"author":3,"featured_media":0,"parent":0,"menu_order":0,"comment_status":"closed","ping_status":"closed","template":"","meta":{"_et_pb_use_builder":"on","_et_pb_old_content":"","_et_gb_content_width":"","footnotes":""},"class_list":["post-2045","page","type-page","status-publish","hentry"],"_links":{"self":[{"href":"https:\/\/brunstock.com\/german\/wp-json\/wp\/v2\/pages\/2045","targetHints":{"allow":["GET"]}}],"collection":[{"href":"https:\/\/brunstock.com\/german\/wp-json\/wp\/v2\/pages"}],"about":[{"href":"https:\/\/brunstock.com\/german\/wp-json\/wp\/v2\/types\/page"}],"author":[{"embeddable":true,"href":"https:\/\/brunstock.com\/german\/wp-json\/wp\/v2\/users\/3"}],"replies":[{"embeddable":true,"href":"https:\/\/brunstock.com\/german\/wp-json\/wp\/v2\/comments?post=2045"}],"version-history":[{"count":22,"href":"https:\/\/brunstock.com\/german\/wp-json\/wp\/v2\/pages\/2045\/revisions"}],"predecessor-version":[{"id":4201,"href":"https:\/\/brunstock.com\/german\/wp-json\/wp\/v2\/pages\/2045\/revisions\/4201"}],"wp:attachment":[{"href":"https:\/\/brunstock.com\/german\/wp-json\/wp\/v2\/media?parent=2045"}],"curies":[{"name":"wp","href":"https:\/\/api.w.org\/{rel}","templated":true}]}}