{"id":231,"date":"2024-05-11T05:23:21","date_gmt":"2024-05-11T05:23:21","guid":{"rendered":"https:\/\/brunstock.com\/?page_id=231"},"modified":"2026-04-13T02:59:04","modified_gmt":"2026-04-13T02:59:04","slug":"about-us","status":"publish","type":"page","link":"https:\/\/brunstock.com\/german\/about-us\/","title":{"rendered":"\u00dcber uns"},"content":{"rendered":"<p>[et_pb_section fb_built=&#8221;1&#8243; admin_label=&#8221;section&#8221; _builder_version=&#8221;4.16&#8243; global_colors_info=&#8221;{}&#8221;][et_pb_row column_structure=&#8221;2_5,3_5&#8243; use_custom_gutter=&#8221;on&#8221; make_equal=&#8221;on&#8221; admin_label=&#8221;row&#8221; _builder_version=&#8221;4.25.0&#8243; background_size=&#8221;initial&#8221; background_position=&#8221;top_left&#8221; background_repeat=&#8221;repeat&#8221; width=&#8221;90%&#8221; max_width=&#8221;1200px&#8221; global_colors_info=&#8221;{}&#8221;][et_pb_column type=&#8221;2_5&#8243; _builder_version=&#8221;4.16&#8243; custom_padding=&#8221;|||&#8221; global_colors_info=&#8221;{}&#8221; custom_padding__hover=&#8221;|||&#8221;][et_pb_image src=&#8221;https:\/\/brunstock.com\/wp-content\/uploads\/2024\/12\/B-with-clouds-and-city.webp&#8221; alt=&#8221;B of Brunstock Electric logo with clouds and a smart powered city inside it&#8221; title_text=&#8221;B-with-clouds-and-city&#8221; _builder_version=&#8221;4.27.4&#8243; _module_preset=&#8221;default&#8221; global_colors_info=&#8221;{}&#8221;][\/et_pb_image][\/et_pb_column][et_pb_column type=&#8221;3_5&#8243; _builder_version=&#8221;4.16&#8243; custom_padding=&#8221;|||&#8221; global_colors_info=&#8221;{}&#8221; custom_padding__hover=&#8221;|||&#8221;][et_pb_text _builder_version=&#8221;4.27.4&#8243; _module_preset=&#8221;default&#8221; text_font=&#8221;Poppins||||||||&#8221; text_text_color=&#8221;#000000&#8243; custom_margin=&#8221;||12px|||&#8221; global_colors_info=&#8221;{}&#8221;]<\/p>\n<h1>Nachhaltige Schaltanlagen-Umspannwerke<\/h1>\n<p>Als Innovator in der Energiebranche steht Brunstock f\u00fcr umweltfreundliche Technologien elektrischer Energiesysteme. Unter der Leitung eines Teams globaler Stromnetzexperten bringt Brunstock die neueste Technologie in die Energiesysteme der Welt. Unser Portfolio umfasst innovative SF6-freie Umspannwerke und Schaltanlagenprodukte: <a href=\"https:\/\/brunstock.com\/german\/sf6-free-switchgear\/\">SF6-freie RMUs<\/a> und <a href=\"https:\/\/brunstock.com\/german\/sf6-free-primary-gis\/\">SF6-freie Prim\u00e4r-GIS<\/a>. Selbst unsere \u00d6ltransformatoren helfen Endanwendern, ihren \u00f6kologischen Fu\u00dfabdruck zu verringern, indem sie Ester\u00f6l anstelle von herk\u00f6mmlichen Mineral\u00f6len anbieten.<\/p>\n<p>Die Produkte von Brunstock zielen darauf ab, die Herausforderungen der globalen Energiewende zu meistern. Erneuerbare Energien sind entscheidend, um irreversible Sch\u00e4den an der Erdatmosph\u00e4re zu verhindern, und Brunstock ist stolz darauf, Teil der L\u00f6sung zu sein. Neue Technologien in Schaltanlagen, Umspannwerken und Transformatoren sind Teil einer hellen Zukunft der Menschheit \u2013 deshalb steht Innovation im Mittelpunkt des Brunstock-Angebots.<\/p>\n<p>Unser Sortiment an SF6-freien gasisolierten Schaltanlagen ebnet Ihnen insbesondere den Weg zu einem saubereren, gr\u00fcneren Fu\u00dfabdruck in Ihrem Energieprojekt.<\/p>\n<p>[\/et_pb_text][et_pb_text ul_item_indent=&#8221;40px&#8221; admin_label=&#8221;About Section Text&#8221; _builder_version=&#8221;4.27.4&#8243; text_font=&#8221;Poppins||||||||&#8221; text_text_color=&#8221;#000000&#8243; link_text_color=&#8221;#042868&#8243; ul_text_color=&#8221;#042868&#8243; ul_font_size=&#8221;17px&#8221; ul_line_height=&#8221;1.9em&#8221; background_size=&#8221;initial&#8221; background_position=&#8221;top_left&#8221; background_repeat=&#8221;repeat&#8221; text_font_size_tablet=&#8221;19px&#8221; text_font_size_phone=&#8221;17px&#8221; text_font_size_last_edited=&#8221;on|phone&#8221; locked=&#8221;off&#8221; global_colors_info=&#8221;{}&#8221;]<\/p>\n<p>Unser Angebot umfasst:<\/p>\n<ul>\n<li><a href=\"https:\/\/brunstock.com\/german\/sf6-free-primary-gis\/\">Prim\u00e4r<\/a>&#8211; und <a href=\"https:\/\/brunstock.com\/german\/sf6-free-switchgear\/\">Sekund\u00e4rschaltanlagen<\/a><\/li>\n<li><a href=\"https:\/\/brunstock.com\/german\/step-up-transformer-substations\/\">Hochspannungs-Umspannwerke f\u00fcr PV<\/a><\/li>\n<li><a href=\"https:\/\/brunstock.com\/german\/step-up-transformer-skid-stations\/\">Step-up-Skid-Stationen f\u00fcr BESS<\/a><\/li>\n<li><a href=\"https:\/\/brunstock.com\/german\/substation-transformers\/\">Leistungstransformatoren<\/a><\/li>\n<li><a href=\"https:\/\/brunstock.com\/german\/collector-substations\/\">Schaltr\u00e4ume f\u00fcr Umspannwerke<\/a> (MS-Transformatorstationen und Prim\u00e4r-E-House-Umspannwerke)<\/li>\n<\/ul>\n<h2>Umspannwerkszertifizierung<\/h2>\n<p>Brunstock Electric legt Wert auf Qualit\u00e4tssicherung, verantwortungsvolles und proaktives Umweltmanagement sowie auf Arbeits- und Gesundheitsschutz. Unsere Ger\u00e4te werden in nach ISO 9001, 14001 und 45001 zertifizierten Einrichtungen hergestellt.<\/p>\n<p>[\/et_pb_text][\/et_pb_column][\/et_pb_row][et_pb_row use_custom_gutter=&#8221;on&#8221; make_equal=&#8221;on&#8221; admin_label=&#8221;row&#8221; _builder_version=&#8221;4.25.0&#8243; background_size=&#8221;initial&#8221; background_position=&#8221;top_left&#8221; background_repeat=&#8221;repeat&#8221; width=&#8221;90%&#8221; max_width=&#8221;1200px&#8221; custom_margin=&#8221;-20px||||false|false&#8221; custom_padding=&#8221;0px||||false|false&#8221; global_colors_info=&#8221;{}&#8221;][et_pb_column type=&#8221;4_4&#8243; _builder_version=&#8221;4.16&#8243; custom_padding=&#8221;|||&#8221; global_colors_info=&#8221;{}&#8221; custom_padding__hover=&#8221;|||&#8221;][et_pb_heading title=&#8221;Wo kann ich Brunstock-Schaltanlagen kaufen?&#8221; _builder_version=&#8221;4.27.4&#8243; _module_preset=&#8221;default&#8221; title_level=&#8221;h2&#8243; title_font=&#8221;Poppins|600|||||||&#8221; title_text_color=&#8221;#0C71C3&#8243; title_font_size=&#8221;26px&#8221; custom_margin=&#8221;34px||7px|||&#8221; locked=&#8221;off&#8221; global_colors_info=&#8221;{}&#8221;][\/et_pb_heading][et_pb_text ul_item_indent=&#8221;40px&#8221; admin_label=&#8221;About Section Text&#8221; _builder_version=&#8221;4.27.4&#8243; text_font=&#8221;Poppins||||||||&#8221; text_text_color=&#8221;#000000&#8243; link_text_color=&#8221;#042868&#8243; ul_font=&#8221;&#8211;et_global_body_font||||||||&#8221; ul_text_color=&#8221;#000000&#8243; ul_font_size=&#8221;18px&#8221; ul_line_height=&#8221;1.9em&#8221; background_size=&#8221;initial&#8221; background_position=&#8221;top_left&#8221; background_repeat=&#8221;repeat&#8221; text_font_size_tablet=&#8221;19px&#8221; text_font_size_phone=&#8221;17px&#8221; text_font_size_last_edited=&#8221;on|phone&#8221; locked=&#8221;off&#8221; global_colors_info=&#8221;{}&#8221;]Das Sortiment von Brunstock ist in den folgenden L\u00e4ndern erh\u00e4ltlich:<\/p>\n<ul>\n<li>Schweiz \u2013 Umspannwerks- und Energiespeicherausr\u00fcstung<\/li>\n<li>Deutschland \u2013 Umspannwerksausr\u00fcstung<\/li>\n<li>Australien \u2013 Umspannwerksausr\u00fcstung<\/li>\n<li>S\u00fcdafrika \u2013 Umspannwerksausr\u00fcstung<\/li>\n<li>S\u00fcdostasien \u2013 Umspannwerksausr\u00fcstung<\/li>\n<li>Vereinigte Arabische Emirate \u2013 Umspannwerksausr\u00fcstung<\/li>\n<li>Pakistan \u2013 Umspannwerksausr\u00fcstung<\/li>\n<\/ul>\n<p>Wenn Sie Hilfe beim Kauf von Brunstock-Produkten w\u00fcnschen, besuchen Sie bitte die <a href=\"https:\/\/brunstock.com\/german\/contact-us\/\">Kontaktseite<\/a>.[\/et_pb_text][et_pb_image src=&#8221;https:\/\/brunstock.com\/wp-content\/uploads\/2024\/12\/CTA_smaller.webp&#8221; alt=&#8221;How to contact a Brunstock seller near me&#8221; title_text=&#8221;CTA_smaller&#8221; url=&#8221;https:\/\/brunstock.com\/german\/contact-us\/&#8221; _builder_version=&#8221;4.27.4&#8243; _module_preset=&#8221;default&#8221; global_colors_info=&#8221;{}&#8221;][\/et_pb_image][\/et_pb_column][\/et_pb_row][et_pb_row column_structure=&#8221;3_5,2_5&#8243; use_custom_gutter=&#8221;on&#8221; make_equal=&#8221;on&#8221; admin_label=&#8221;row&#8221; _builder_version=&#8221;4.25.0&#8243; background_size=&#8221;initial&#8221; background_position=&#8221;top_left&#8221; background_repeat=&#8221;repeat&#8221; width=&#8221;90%&#8221; max_width=&#8221;1200px&#8221; custom_margin=&#8221;-20px||||false|false&#8221; global_colors_info=&#8221;{}&#8221;][et_pb_column type=&#8221;3_5&#8243; _builder_version=&#8221;4.16&#8243; custom_padding=&#8221;|||&#8221; global_colors_info=&#8221;{}&#8221; custom_padding__hover=&#8221;|||&#8221;][et_pb_heading title=&#8221;Unsere Mission&#8221; _builder_version=&#8221;4.27.4&#8243; _module_preset=&#8221;default&#8221; title_level=&#8221;h2&#8243; title_font=&#8221;Poppins|600|||||||&#8221; title_text_color=&#8221;#0C71C3&#8243; title_font_size=&#8221;26px&#8221; custom_margin=&#8221;34px||7px|||&#8221; locked=&#8221;off&#8221; global_colors_info=&#8221;{}&#8221;][\/et_pb_heading][et_pb_text ul_item_indent=&#8221;40px&#8221; admin_label=&#8221;About Section Text&#8221; _builder_version=&#8221;4.27.6&#8243; text_font=&#8221;Poppins||||||||&#8221; text_text_color=&#8221;#000000&#8243; link_text_color=&#8221;#042868&#8243; ul_text_color=&#8221;#000000&#8243; ul_font_size=&#8221;17px&#8221; ul_line_height=&#8221;1.9em&#8221; background_size=&#8221;initial&#8221; background_position=&#8221;top_left&#8221; background_repeat=&#8221;repeat&#8221; hover_enabled=&#8221;0&#8243; text_font_size_tablet=&#8221;19px&#8221; text_font_size_phone=&#8221;17px&#8221; text_font_size_last_edited=&#8221;on|phone&#8221; locked=&#8221;off&#8221; global_colors_info=&#8221;{}&#8221; sticky_enabled=&#8221;0&#8243;]<\/p>\n<p>Bei Brunstock ist unser Produktsortiment darauf ausgelegt, die Bed\u00fcrfnisse unserer Vertreter und ihrer Kunden zu erf\u00fcllen. Wir sind in der Lage, sie im gesamten Lebenszyklus ihres Projekts zu unterst\u00fctzen \u2013 von der Ausschreibung \u00fcber die Ausf\u00fchrung bis hin zur laufenden Wartung.<\/p>\n<p>Organisationen auf der ganzen Welt setzen sich ernsthaft mit erneuerbaren Energiezielen auseinander, die unsere Energiezukunft sichern und die Resilienz und Nachhaltigkeit ganzer Nationen st\u00e4rken werden. Brunstock m\u00f6chte dazu beitragen, dieses wirtschaftliche und \u00f6kologische Gebot auf eine sichere, hochwertige, kosteneffektive und schnelle Weise zu erf\u00fcllen.<\/p>\n<p>Der Grund f\u00fcr unser Vertrauen in die Geschwindigkeit, mit der wir Umspannwerksl\u00f6sungen liefern k\u00f6nnen, ist unsere Erfahrung und technische Exzellenz. Wir bieten eine einzigartige Kombination von Verbindungen in Design, Fertigung und Anpassung. Unsere Lieferkette ist diversifiziert, aber zuverl\u00e4ssig, wobei Sicherheit, Qualit\u00e4t und Innovation im Mittelpunkt all unseres Handelns stehen.<\/p>\n<p>[\/et_pb_text][\/et_pb_column][et_pb_column type=&#8221;2_5&#8243; _builder_version=&#8221;4.16&#8243; custom_padding=&#8221;|||&#8221; global_colors_info=&#8221;{}&#8221; custom_padding__hover=&#8221;|||&#8221;][et_pb_image src=&#8221;https:\/\/brunstock.com\/wp-content\/uploads\/2024\/12\/CloudB_cropped300.webp&#8221; alt=&#8221;B of Brunstock logo in the clouds over a green field&#8221; title_text=&#8221;CloudB_cropped300&#8243; _builder_version=&#8221;4.27.4&#8243; _module_preset=&#8221;default&#8221; global_colors_info=&#8221;{}&#8221;][\/et_pb_image][\/et_pb_column][\/et_pb_row][\/et_pb_section]<\/p>\n","protected":false},"excerpt":{"rendered":"<p>Nachhaltige Schaltanlagen-Umspannwerke Als Innovator in der Energiebranche steht Brunstock f\u00fcr umweltfreundliche Technologien elektrischer Energiesysteme. Unter der Leitung eines Teams globaler Stromnetzexperten bringt Brunstock die neueste Technologie in die Energiesysteme der Welt. Unser Portfolio umfasst innovative SF6-freie Umspannwerke und Schaltanlagenprodukte: SF6-freie RMUs und SF6-freie Prim\u00e4r-GIS. Selbst unsere \u00d6ltransformatoren helfen Endanwendern, ihren \u00f6kologischen Fu\u00dfabdruck zu verringern, indem [&hellip;]<\/p>\n","protected":false},"author":3,"featured_media":0,"parent":0,"menu_order":0,"comment_status":"closed","ping_status":"closed","template":"","meta":{"_et_pb_use_builder":"on","_et_pb_old_content":"","_et_gb_content_width":"","footnotes":""},"class_list":["post-231","page","type-page","status-publish","hentry"],"_links":{"self":[{"href":"https:\/\/brunstock.com\/german\/wp-json\/wp\/v2\/pages\/231","targetHints":{"allow":["GET"]}}],"collection":[{"href":"https:\/\/brunstock.com\/german\/wp-json\/wp\/v2\/pages"}],"about":[{"href":"https:\/\/brunstock.com\/german\/wp-json\/wp\/v2\/types\/page"}],"author":[{"embeddable":true,"href":"https:\/\/brunstock.com\/german\/wp-json\/wp\/v2\/users\/3"}],"replies":[{"embeddable":true,"href":"https:\/\/brunstock.com\/german\/wp-json\/wp\/v2\/comments?post=231"}],"version-history":[{"count":42,"href":"https:\/\/brunstock.com\/german\/wp-json\/wp\/v2\/pages\/231\/revisions"}],"predecessor-version":[{"id":4175,"href":"https:\/\/brunstock.com\/german\/wp-json\/wp\/v2\/pages\/231\/revisions\/4175"}],"wp:attachment":[{"href":"https:\/\/brunstock.com\/german\/wp-json\/wp\/v2\/media?parent=231"}],"curies":[{"name":"wp","href":"https:\/\/api.w.org\/{rel}","templated":true}]}}