{"id":2348,"date":"2025-02-19T02:43:41","date_gmt":"2025-02-19T02:43:41","guid":{"rendered":"https:\/\/brunstock.com\/?page_id=2348"},"modified":"2025-12-08T05:02:26","modified_gmt":"2025-12-08T05:02:26","slug":"electrical-transformers-110kv","status":"publish","type":"page","link":"https:\/\/brunstock.com\/german\/electrical-transformers-110kv\/","title":{"rendered":"Elektrische Transformatoren 110 kV"},"content":{"rendered":"<p>[et_pb_section fb_built=&#8221;1&#8243; admin_label=&#8221;section&#8221; _builder_version=&#8221;4.16&#8243; global_colors_info=&#8221;{}&#8221;][et_pb_row column_structure=&#8221;1_3,2_3&#8243; _builder_version=&#8221;4.27.4&#8243; _module_preset=&#8221;default&#8221; global_colors_info=&#8221;{}&#8221;][et_pb_column type=&#8221;1_3&#8243; _builder_version=&#8221;4.27.4&#8243; _module_preset=&#8221;default&#8221; global_colors_info=&#8221;{}&#8221;][et_pb_image src=&#8221;https:\/\/brunstock.com\/wp-content\/uploads\/2024\/12\/66-2.webp&#8221; alt=&#8221;Utility scale power transformer 110kV&#8221; title_text=&#8221;66&#8243; _builder_version=&#8221;4.27.4&#8243; _module_preset=&#8221;default&#8221; global_colors_info=&#8221;{}&#8221;][\/et_pb_image][\/et_pb_column][et_pb_column type=&#8221;2_3&#8243; _builder_version=&#8221;4.27.4&#8243; _module_preset=&#8221;default&#8221; global_colors_info=&#8221;{}&#8221;][et_pb_text admin_label=&#8221;Text &#8211; 110kV transformer intro&#8221; _builder_version=&#8221;4.27.4&#8243; _module_preset=&#8221;default&#8221; global_colors_info=&#8221;{}&#8221;]<\/p>\n<h2>110-kV-Transformator<\/h2>\n<p>Der Kern unserer 110-kV-Leistungstransformatoren besteht aus hochwertigen Siliziumstahlblechen und ist stufenweise laminiert. Er zeichnet sich durch geringe Verluste, geringes Rauschen und hohe Kurzschlussfestigkeit aus. Er wird h\u00e4ufig in Kraftwerken und Kraftwerken eingesetzt und genie\u00dft dort gro\u00dfes Lob.<\/p>\n<p>Die 110-kV-Transformatoren von Brunstock haben zahlreiche Tests bestanden, darunter auch den Test der Kurzschlussfestigkeit. Dieser Transformator hat die Typpr\u00fcfung bei KEMA in Holland, dem weltweit f\u00fchrenden Elektrolabor, bestanden.<\/p>\n<h3>Merkmale des 110-kV-Transformators<\/h3>\n<ul>\n<li>Der Kern besteht aus hochwertigem CRGO-Siliziumstahl (kaltgewalzt, kornorientiert).<\/li>\n<li>Geringe Verluste, geringes Rauschen und hohe Kurzschlussfestigkeit.<\/li>\n<li>Weit verbreitet in verschiedenen Umspannwerken und Kraftwerken.<\/li>\n<\/ul>\n<p>[\/et_pb_text][\/et_pb_column][\/et_pb_row][et_pb_row _builder_version=&#8221;4.27.4&#8243; _module_preset=&#8221;default&#8221; global_colors_info=&#8221;{}&#8221;][et_pb_column type=&#8221;4_4&#8243; _builder_version=&#8221;4.27.4&#8243; _module_preset=&#8221;default&#8221; global_colors_info=&#8221;{}&#8221;][et_pb_text admin_label=&#8221;110kV power transformer technical data&#8221; _builder_version=&#8221;4.27.4&#8243; _module_preset=&#8221;default&#8221; global_colors_info=&#8221;{}&#8221;]<\/p>\n<h2>Technische Daten des 110-kV-Leistungstransformators<\/h2>\n<h3>110-kV-Doppelwicklungstransformator mit Umsteller<\/h3>\n<p>[\/et_pb_text][et_pb_image src=&#8221;https:\/\/brunstock.com\/wp-content\/uploads\/2025\/02\/table-110a.webp&#8221; alt=&#8221;110kV Double-winding power transformers with<br \/>\noff-circuit tap changer&#8221; title_text=&#8221;table-110a&#8221; _builder_version=&#8221;4.27.4&#8243; _module_preset=&#8221;default&#8221; global_colors_info=&#8221;{}&#8221;][\/et_pb_image][et_pb_text admin_label=&#8221;110kV Double-winding power transformers with on-load tap changer&#8221; _builder_version=&#8221;4.27.4&#8243; _module_preset=&#8221;default&#8221; global_colors_info=&#8221;{}&#8221;]<\/p>\n<h3>110-kV-Doppelwicklungstransformator mit Laststufenschalter<\/h3>\n<p>[\/et_pb_text][et_pb_image src=&#8221;https:\/\/brunstock.com\/wp-content\/uploads\/2025\/02\/table-110b.webp&#8221; alt=&#8221;110kV Double-winding power transformers with<br \/>\non-load tap changer&#8221; title_text=&#8221;table-110b&#8221; _builder_version=&#8221;4.27.4&#8243; _module_preset=&#8221;default&#8221; global_colors_info=&#8221;{}&#8221;][\/et_pb_image][et_pb_text admin_label=&#8221;110kV Three-winding power transformers with off-circuit tap changer&#8221; _builder_version=&#8221;4.27.4&#8243; _module_preset=&#8221;default&#8221; global_colors_info=&#8221;{}&#8221;]<\/p>\n<h3>110-kV-Dreiwicklungs-Leistungstransformator mit Umschalter<\/h3>\n<p>[\/et_pb_text][et_pb_image src=&#8221;https:\/\/brunstock.com\/wp-content\/uploads\/2025\/02\/table-110c.webp&#8221; alt=&#8221;110kV Three-winding power transformers with<br \/>\noff-circuit tap changer&#8221; title_text=&#8221;table-110c&#8221; _builder_version=&#8221;4.27.4&#8243; _module_preset=&#8221;default&#8221; global_colors_info=&#8221;{}&#8221;][\/et_pb_image][et_pb_text admin_label=&#8221;110kV Three-winding power transformers with on-load tap changer&#8221; _builder_version=&#8221;4.27.4&#8243; _module_preset=&#8221;default&#8221; global_colors_info=&#8221;{}&#8221;]<\/p>\n<h3>110-kV-Dreiwicklungs-Leistungstransformator mit Laststufenschalter<\/h3>\n<p>[\/et_pb_text][et_pb_image src=&#8221;https:\/\/brunstock.com\/wp-content\/uploads\/2025\/02\/table-110d.webp&#8221; alt=&#8221;110kV Three-winding power transformers with<br \/>\non-load tap changer&#8221; title_text=&#8221;table-110d&#8221; admin_label=&#8221;Image  of Table for 110kV Three-winding power transformers with on-load tap changer&#8221; _builder_version=&#8221;4.27.4&#8243; _module_preset=&#8221;default&#8221; global_colors_info=&#8221;{}&#8221;][\/et_pb_image][\/et_pb_column][\/et_pb_row][et_pb_row _builder_version=&#8221;4.25.0&#8243; _module_preset=&#8221;default&#8221; global_colors_info=&#8221;{}&#8221;][et_pb_column type=&#8221;4_4&#8243; _builder_version=&#8221;4.25.0&#8243; _module_preset=&#8221;default&#8221; global_colors_info=&#8221;{}&#8221;][dipl_button buttons_alignment=&#8221;center&#8221; disabled_on=&#8221;on|on|on&#8221; admin_label=&#8221;DL Transformer Cat&#8221; _builder_version=&#8221;4.27.4&#8243; _module_preset=&#8221;default&#8221; button_font=&#8221;Poppins||||||||&#8221; custom_margin=&#8221;||||false|false&#8221; custom_padding=&#8221;0px||||false|false&#8221; disabled=&#8221;on&#8221; global_colors_info=&#8221;{}&#8221;][dipl_button_item button_text=&#8221;Katalog herunterladen&#8221; button_url=&#8221;#&#8221; button_bg_use_color_gradient=&#8221;on&#8221; button_bg_color_gradient_stops=&#8221;#4bc621 0%|#00ae4d 100%&#8221; _builder_version=&#8221;4.27.4&#8243; _module_preset=&#8221;default&#8221; button_text_color=&#8221;#FFFFFF&#8221; global_colors_info=&#8221;{}&#8221;][\/dipl_button_item][\/dipl_button][et_pb_text admin_label=&#8221;Links to other voltages of transformer&#8221; _builder_version=&#8221;4.27.4&#8243; _module_preset=&#8221;default&#8221; global_colors_info=&#8221;{}&#8221;]<a href=\"https:\/\/brunstock.com\/german\/substation-transformers\/\">220kV<\/a> |\u00a0<a href=\"https:\/\/brunstock.com\/german\/electrical-transformers-110kv\/\">110kV <\/a>| <a href=\"https:\/\/brunstock.com\/german\/66kv-electrical-transformers-high-voltage-power-solutions-brunstock\/\">66kV <\/a>| <a href=\"https:\/\/brunstock.com\/german\/35kv-electrical-transformers-for-industrial-applications-brunstock\/\">35kV<\/a>[\/et_pb_text][et_pb_text admin_label=&#8221;2026 CTA German&#8221; _builder_version=&#8221;4.27.4&#8243; _module_preset=&#8221;default&#8221; global_colors_info=&#8221;{}&#8221; theme_builder_area=&#8221;post_content&#8221;]<\/p>\n<p style=\"text-align: center;\"><img loading=\"lazy\" decoding=\"async\" class=\"wp-image-3705 aligncenter size-full\" src=\"https:\/\/brunstock.com\/german\/wp-content\/uploads\/2025\/12\/Brunstock200.png\" alt=\"Brunstock logo\" width=\"200\" height=\"33\" \/><\/p>\n<p style=\"text-align: center;\"><img loading=\"lazy\" decoding=\"async\" class=\"aligncenter wp-image-3706\" src=\"https:\/\/brunstock.com\/german\/wp-content\/uploads\/2025\/12\/contact-us-Brunstock-blue-246x300.png\" alt=\"Kontakt\u2011Icon \u2013 Mobiltelefon und Sprechblase\" width=\"70\" height=\"85\" srcset=\"https:\/\/brunstock.com\/german\/wp-content\/uploads\/2025\/12\/contact-us-Brunstock-blue-246x300.png 246w, https:\/\/brunstock.com\/german\/wp-content\/uploads\/2025\/12\/contact-us-Brunstock-blue.png 278w\" sizes=\"(max-width: 70px) 100vw, 70px\" \/><\/p>\n<p style=\"text-align: center;\"><a href=\"https:\/\/brunstock.com\/german\/contact-us\/\">Kontaktieren Sie noch heute Ihren lokalen Brunstock\u2011Vertreter!<\/a><\/p>\n<p>[\/et_pb_text][\/et_pb_column][\/et_pb_row][et_pb_row _builder_version=&#8221;4.25.0&#8243; _module_preset=&#8221;default&#8221; width=&#8221;90%&#8221; max_width=&#8221;1200px&#8221; global_colors_info=&#8221;{}&#8221;][et_pb_column type=&#8221;4_4&#8243; _builder_version=&#8221;4.25.0&#8243; _module_preset=&#8221;default&#8221; global_colors_info=&#8221;{}&#8221;][dipl_button inline_buttons=&#8221;on&#8221; disabled_on=&#8221;on|on|on&#8221; _builder_version=&#8221;4.27.4&#8243; _module_preset=&#8221;default&#8221; button_font=&#8221;Poppins||||||||&#8221; custom_margin=&#8221;||||false|false&#8221; disabled=&#8221;on&#8221; ab_subject=&#8221;on&#8221; ab_subject_id=&#8221;1&#8243; ab_goal=&#8221;on&#8221; global_colors_info=&#8221;{}&#8221;][dipl_button_item button_text=&#8221;Katalog herunterladen&#8221; button_url=&#8221;https:\/\/brunstock.com\/wp-content\/uploads\/2024\/07\/TransformersCat_20240701.pdf&#8221; background_fill_style=&#8221;slide_down_fill&#8221; button_custom_margin=&#8221;|10px|||false|false&#8221; button_custom_padding=&#8221;|20px||20px|false|true&#8221; button_bg_use_color_gradient=&#8221;on&#8221; button_bg_color_gradient_stops=&#8221;#4bc621 0%|#00ae4d 100%&#8221; _builder_version=&#8221;4.27.4&#8243; _module_preset=&#8221;default&#8221; button_font=&#8221;Poppins||||||||&#8221; button_text_color=&#8221;#FFFFFF&#8221; button_font_size=&#8221;16px&#8221; button_letter_spacing=&#8221;0.5px&#8221; global_colors_info=&#8221;{}&#8221;][\/dipl_button_item][\/dipl_button][dipl_button inline_buttons=&#8221;on&#8221; disabled_on=&#8221;on|on|on&#8221; _builder_version=&#8221;4.27.0&#8243; _module_preset=&#8221;default&#8221; button_font=&#8221;Poppins||||||||&#8221; custom_margin=&#8221;||||false|false&#8221; disabled=&#8221;on&#8221; ab_subject=&#8221;on&#8221; ab_subject_id=&#8221;2&#8243; ab_goal=&#8221;on&#8221; global_colors_info=&#8221;{}&#8221;][dipl_button_item button_text=&#8221;Download Catalogue&#8221; button_url=&#8221;https:\/\/brunstock.com\/wp-content\/uploads\/2024\/07\/TransformersCat_20240701.pdf&#8221; background_fill_style=&#8221;slide_down_fill&#8221; button_custom_margin=&#8221;|10px|||false|false&#8221; button_custom_padding=&#8221;|20px||20px|false|true&#8221; button_bg_use_color_gradient=&#8221;on&#8221; button_bg_color_gradient_stops=&#8221;#4bc621 0%|#00ae4d 100%&#8221; _builder_version=&#8221;4.25.0&#8243; _module_preset=&#8221;default&#8221; button_font=&#8221;Poppins||||||||&#8221; button_text_color=&#8221;#FFFFFF&#8221; button_font_size=&#8221;16px&#8221; button_letter_spacing=&#8221;0.5px&#8221; global_colors_info=&#8221;{}&#8221;][\/dipl_button_item][\/dipl_button][\/et_pb_column][\/et_pb_row][\/et_pb_section]<\/p>\n","protected":false},"excerpt":{"rendered":"<p>110-kV-Transformator Der Kern unserer 110-kV-Leistungstransformatoren besteht aus hochwertigen Siliziumstahlblechen und ist stufenweise laminiert. Er zeichnet sich durch geringe Verluste, geringes Rauschen und hohe Kurzschlussfestigkeit aus. Er wird h\u00e4ufig in Kraftwerken und Kraftwerken eingesetzt und genie\u00dft dort gro\u00dfes Lob. Die 110-kV-Transformatoren von Brunstock haben zahlreiche Tests bestanden, darunter auch den Test der Kurzschlussfestigkeit. Dieser Transformator hat [&hellip;]<\/p>\n","protected":false},"author":2,"featured_media":0,"parent":0,"menu_order":0,"comment_status":"closed","ping_status":"closed","template":"","meta":{"_et_pb_use_builder":"on","_et_pb_old_content":"","_et_gb_content_width":"","footnotes":""},"class_list":["post-2348","page","type-page","status-publish","hentry"],"_links":{"self":[{"href":"https:\/\/brunstock.com\/german\/wp-json\/wp\/v2\/pages\/2348","targetHints":{"allow":["GET"]}}],"collection":[{"href":"https:\/\/brunstock.com\/german\/wp-json\/wp\/v2\/pages"}],"about":[{"href":"https:\/\/brunstock.com\/german\/wp-json\/wp\/v2\/types\/page"}],"author":[{"embeddable":true,"href":"https:\/\/brunstock.com\/german\/wp-json\/wp\/v2\/users\/2"}],"replies":[{"embeddable":true,"href":"https:\/\/brunstock.com\/german\/wp-json\/wp\/v2\/comments?post=2348"}],"version-history":[{"count":17,"href":"https:\/\/brunstock.com\/german\/wp-json\/wp\/v2\/pages\/2348\/revisions"}],"predecessor-version":[{"id":3742,"href":"https:\/\/brunstock.com\/german\/wp-json\/wp\/v2\/pages\/2348\/revisions\/3742"}],"wp:attachment":[{"href":"https:\/\/brunstock.com\/german\/wp-json\/wp\/v2\/media?parent=2348"}],"curies":[{"name":"wp","href":"https:\/\/api.w.org\/{rel}","templated":true}]}}