{"id":235,"date":"2024-05-11T05:23:49","date_gmt":"2024-05-11T05:23:49","guid":{"rendered":"https:\/\/brunstock.com\/?page_id=235"},"modified":"2025-11-10T11:26:04","modified_gmt":"2025-11-10T11:26:04","slug":"press","status":"publish","type":"page","link":"https:\/\/brunstock.com\/german\/press\/","title":{"rendered":"Dr\u00fccken"},"content":{"rendered":"<p>[et_pb_section fb_built=&#8221;1&#8243; admin_label=&#8221;section&#8221; _builder_version=&#8221;4.16&#8243; global_colors_info=&#8221;{}&#8221;][et_pb_row use_custom_gutter=&#8221;on&#8221; make_equal=&#8221;on&#8221; admin_label=&#8221;row&#8221; _builder_version=&#8221;4.25.0&#8243; background_size=&#8221;initial&#8221; background_position=&#8221;top_left&#8221; background_repeat=&#8221;repeat&#8221; width=&#8221;90%&#8221; max_width=&#8221;1200px&#8221; global_colors_info=&#8221;{}&#8221;][et_pb_column type=&#8221;4_4&#8243; _builder_version=&#8221;4.16&#8243; custom_padding=&#8221;|||&#8221; global_colors_info=&#8221;{}&#8221; custom_padding__hover=&#8221;|||&#8221;][et_pb_text _builder_version=&#8221;4.27.4&#8243; _module_preset=&#8221;default&#8221; text_font=&#8221;Poppins||||||||&#8221; text_text_color=&#8221;#000000&#8243; custom_margin=&#8221;||12px|||&#8221; global_colors_info=&#8221;{}&#8221;]<\/p>\n<h1>Elektroingenieure f\u00fcr Journalisten verf\u00fcgbar<\/h1>\n<p>Brunstock freut sich \u00fcber Anfragen von Journalisten und Medien zu unserem Fachgebiet: Umspannwerke und Kioske f\u00fcr Prim\u00e4r- und Sekund\u00e4ranlagen mit Mittelspannungsschaltanlagen (MSGIS), Hochspannungsschaltanlagen (HSGIS), Ringkabelanlagen (RMUs), <a href=\"https:\/\/brunstock.com\/german\/sf6-free-switchgear\/\">SF6-freien Schaltanlagen<\/a>, Leistungsschaltern und Transformatoren.<u><\/u><\/p>\n<p>Unsere Vertriebspartner beliefern die <a href=\"https:\/\/brunstock.com\/german\/renewables\/\">Erneuerbare Energien<\/a>, <a href=\"https:\/\/brunstock.com\/german\/utilities\/\">Versorgungsunternehmen<\/a>, <a href=\"https:\/\/brunstock.com\/german\/infrastructure\/\">Infrastruktur<\/a>; und <a href=\"https:\/\/brunstock.com\/german\/mining\/\">Bergbau<\/a>-Industrie mit Energieumwandlungsl\u00f6sungen, die zu ihren Projektzeitr\u00e4umen und Budgets passen. Das F\u00fchrungsteam von Brunstock verf\u00fcgt \u00fcber umfassende Kenntnisse in Energietechnik und -produktion und kann so erstklassige Produkte f\u00fcr erneuerbare Energien mit den Branchen verbinden, die sie ben\u00f6tigen.<\/p>\n<p>Als beziehungs- und nachhaltigkeitsorientiertes Unternehmen ist Brunstock bestrebt, hochwertige Umspannwerkausr\u00fcstung zu liefern, die erneuerbaren Energien und der Umwelt Priorit\u00e4t einr\u00e4umt. Dazu geh\u00f6rt die Sicherstellung, dass die Fabriken, mit denen wir zusammenarbeiten, nach ISO 9001-Qualit\u00e4tsmanagementsystemen, ISO 14001-Umweltmanagementsystemen und ISO 45001-Arbeitsschutzmanagementsystemen zertifiziert sind. Au\u00dferdem w\u00e4hlen wir in unserer gesamten Lieferkette und unserem Vertriebsnetz gleichgesinnte Unternehmen aus. Die <a href=\"https:\/\/brunstock.com\/german\/our-offer\/\">Umspannwerkpakete, die wir anbieten<\/a>, entsprechen den neuesten IEC-Normen und werden an die Standards Ihrer Kunden angepasst.<\/p>\n<p><strong>Weitere Informationen<\/strong><\/p>\n<p>[\/et_pb_text][et_pb_text ul_item_indent=&#8221;40px&#8221; _builder_version=&#8221;4.27.4&#8243; _module_preset=&#8221;default&#8221; text_font=&#8221;Poppins||||||||&#8221; text_text_color=&#8221;#000000&#8243; link_text_color=&#8221;#0c498d&#8221; ul_line_height=&#8221;1.8em&#8221; custom_margin=&#8221;||7px|||&#8221; hover_enabled=&#8221;0&#8243; global_colors_info=&#8221;{}&#8221; sticky_enabled=&#8221;0&#8243;]<\/p>\n<ul>\n<li><a href=\"https:\/\/brunstock.com\/german\/about-us\/\">Was ist Brunstock?<\/a><\/li>\n<li><a href=\"https:\/\/brunstock.com\/german\/solutions\/\">Unsere L\u00f6sungen f\u00fcr die Stromverteilung<\/a><a href=\"https:\/\/brunstock.com\/solutions\/\">Projekte<\/a><\/li>\n<li><a href=\"https:\/\/brunstock.com\/german\/our-offer\/\">Unsere Produkte<\/a><\/li>\n<li><a href=\"https:\/\/brunstock.com\/german\/brunstock-news\/\">Neuigkeiten<\/a><\/li>\n<\/ul>\n<p>[\/et_pb_text][et_pb_text _builder_version=&#8221;4.27.4&#8243; _module_preset=&#8221;default&#8221; text_font=&#8221;Poppins||||||||&#8221; text_text_color=&#8221;#000000&#8243; custom_margin=&#8221;||12px|||&#8221; hover_enabled=&#8221;0&#8243; global_colors_info=&#8221;{}&#8221; sticky_enabled=&#8221;0&#8243;]<\/p>\n<p>Brunstock ist ein engagierter Teilnehmer der weltweiten Energiewende und stolz darauf, Teil der L\u00f6sung zu sein. Unsere Leistungstransformatoren l\u00f6sen Probleme f\u00fcr EPCs (Engineering Procurement and Construction Companies), indem sie unseren Vertriebspartnern helfen, eine Komplettl\u00f6sung und nicht nur ein einzelnes Produkt zu liefern. Unsere Produkte richten sich an Beh\u00f6rden, NGOs, Berater, Elektroinstallateure, Energieversorger und kleine Solarunternehmen, die erneuerbare Energien im gro\u00dfen Ma\u00dfstab realisieren. Lesen Sie mehr \u00fcber <u><a href=\"https:\/\/brunstock.com\/german\/solutions\/\">Unsere L\u00f6sungen<\/a><\/u>.<\/p>\n<p>Bei Fragen zu spezifischen Anforderungen und M\u00f6glichkeiten k\u00f6nnen Sie uns gerne <a href=\"mailto:brunstockelectric@gmail.com\">kontaktieren<\/a>. F\u00fcr Branchenfremde bietet sich die Lekt\u00fcre unserer Definitionen zu \u00dcbertragung und Verteilung unten an.<\/p>\n<p>[\/et_pb_text][\/et_pb_column][\/et_pb_row][et_pb_row _builder_version=&#8221;4.25.0&#8243; _module_preset=&#8221;default&#8221; width=&#8221;90%&#8221; max_width=&#8221;1200px&#8221; global_colors_info=&#8221;{}&#8221;][et_pb_column type=&#8221;4_4&#8243; _builder_version=&#8221;4.25.0&#8243; _module_preset=&#8221;default&#8221; global_colors_info=&#8221;{}&#8221;][et_pb_image src=&#8221;https:\/\/brunstock.com\/wp-content\/uploads\/2024\/06\/energy-company-press.webp&#8221; title_text=&#8221;energy-company-press&#8221; _builder_version=&#8221;4.25.0&#8243; _module_preset=&#8221;default&#8221; global_colors_info=&#8221;{}&#8221;][\/et_pb_image][et_pb_text _builder_version=&#8221;4.27.4&#8243; _module_preset=&#8221;default&#8221; text_font=&#8221;Poppins||||||||&#8221; text_text_color=&#8221;#000000&#8243; custom_margin=&#8221;||12px|||&#8221; global_colors_info=&#8221;{}&#8221;]<\/p>\n<h2>Definitionen f\u00fcr \u00dcbertragung und Verteilung<\/h2>\n<p>(Einige dieser Abk\u00fcrzungen und Akronyme basieren auf dem Englischen und sind hier zu Ihrem Vorteil enthalten.)<\/p>\n<p><strong>AIS:<\/strong> Luftisolierte Schaltanlage<\/p>\n<p><strong>APS:<\/strong> Luftisolierte Prim\u00e4rschaltanlage<\/p>\n<p><strong>AS\/NZS:<\/strong> Australischer Standard\/Neuseel\u00e4ndischer Standard<\/p>\n<p><strong>BESS:<\/strong> Batteriespeichersystem<\/p>\n<p><strong>CAPEX:<\/strong> Investitionsausgaben (Betriebsausgaben, die Anlageverm\u00f6gen wie Grundst\u00fccke, Geb\u00e4ude und Ausr\u00fcstung umfassen)<\/p>\n<p><strong>CB:<\/strong> Leistungsschalter<\/p>\n<p><strong>CT:<\/strong> Stromwandler<\/p>\n<p><strong>Abregelung:<\/strong> Reduzierung der Energieerzeugung aufgrund von \u00dcberangebot (auch als Energieverlust bezeichnet)<\/p>\n<p><strong>DRE:<\/strong> Dezentrale Energiequellen (z. B. Solaranlagen auf Hausd\u00e4chern, aber auch gewerbliche und industrielle BESS). Dezentrale Photovoltaikanlagen (Solaranlagen) haben typischerweise eine Leistung von &lt;1 MW.<\/p>\n<p><strong>DK:<\/strong> Verteilerkiosk<\/p>\n<p><strong>Ehouse:<\/strong> Ehouses sind vorgefertigte, transportable Umspannwerke (Besucher k\u00f6nnen zwischen zwei Ger\u00e4tekorridoren laufen).<\/p>\n<p><strong>EIS:<\/strong> Umweltvertr\u00e4glichkeitserkl\u00e4rung<\/p>\n<p><strong>EPC:<\/strong> Planung, Beschaffung und Bau. Bezieht sich auf Finanzen\/Dienstleistungen\/Vertr\u00e4ge usw. (TGOOD-Website, Vertr\u00e4ge)<\/p>\n<p><strong>ES:<\/strong> Energiespeicherung (siehe auch BESS)<\/p>\n<p><strong>FAT:<\/strong> Werksabnahmepr\u00fcfung<\/p>\n<p><strong>FPP:<\/strong> Protokolle zur Unfallverh\u00fctung<\/p>\n<p><strong>GA:<\/strong> \u00dcbersichtszeichnung<\/p>\n<p><strong>GIS:<\/strong> Gasisolierte Schaltanlage<\/p>\n<p><strong>Netz:<\/strong> Ein Netz von Strom\u00fcbertragungsleitungen, das Kraftwerke mit Verbrauchern verbindet.<\/p>\n<p><strong>GW:<\/strong> Gigawatt (1000 MW)<\/p>\n<p><strong>HGIS:<\/strong>\u00a0Hybride gasisolierte Schaltanlage (nicht zu verwechseln mit Hochspannungs-GIS, die als HVGIS und nicht als HGIS bezeichnet werden sollten), kann auch HPS f\u00fcr hybride Prim\u00e4rschaltanlage sein.<\/p>\n<p><strong>HPC:<\/strong> Hochleistungsladen<\/p>\n<p><strong>HSEQ:<\/strong> Gesundheit, Sicherheit, Umwelt, Qualit\u00e4t und Standort (siehe auch WHS)<\/p>\n<p><strong>HV:<\/strong> Hochspannung<\/p>\n<p><strong>HV GIS:<\/strong> Gasisolierte Hochspannungsschaltanlage<\/p>\n<p><strong>IEDs:<\/strong> Intelligente elektronische Ger\u00e4te, die Daten von Sensoren und Energieanlagen empfangen und Steuerbefehle ausgeben k\u00f6nnen.<\/p>\n<p><strong>IMS:<\/strong> Integriertes Managementsystem<\/p>\n<p><strong>ISO:<\/strong> Internationale Organisation f\u00fcr Normung<\/p>\n<p><strong>ITP:<\/strong> Pr\u00fcf- und Testplan<\/p>\n<p><strong>JSEA:<\/strong> Arbeitssicherheits- und Umweltanalysen<\/p>\n<p><strong>kV:\u00a0<\/strong> Kilovolt (weitere Informationen <a href=\"https:\/\/en.wikipedia.org\/wiki\/Electric_power_transmission\">zur Strom\u00fcbertragung<\/a>)<\/p>\n<p><strong>kW:<\/strong> Kilowatt (1000 Watt)<\/p>\n<p><strong>LCoE:<\/strong> Stromgestehungskosten<\/p>\n<p><strong>LNG:<\/strong> Fl\u00fcssigerdgas Gas<\/p>\n<p><strong>LOTO:<\/strong> Lock-out-Tag-out (Sperren und Kennzeichnen)<\/p>\n<p><strong>LV:<\/strong> Niederspannung<\/p>\n<p><strong>MCCB:<\/strong> Kompaktleistungsschalter<\/p>\n<p><strong>MDR:<\/strong> Mindestanforderungen an die Auslegung<\/p>\n<p><strong>MLF:<\/strong> Grenzverlustfaktor (Energie\u00fcbertragungsverluste)<\/p>\n<p><strong>MSDS:<\/strong> Sicherheitsdatenblatt<\/p>\n<p><strong>MHI:<\/strong> Mensch-Maschine-Schnittstelle<\/p>\n<p><strong>Microgrid:<\/strong> Ein in sich geschlossenes Stromnetz zur Eigenstromerzeugung vor Ort<\/p>\n<p><strong>MV:<\/strong> Mittelspannung<\/p>\n<p><strong>MV AIS:<\/strong> Mittelspannungs-Luftisolierte Schaltanlage<\/p>\n<p><strong>MV GIS:<\/strong> Mittelspannungs-Gasisolierte Schaltanlage<\/p>\n<p><strong>mW:<\/strong> Milliwatt (0,001 Watt), nicht zu verwechseln mit MW<\/p>\n<p><strong>MW:<\/strong> Megawatt \u2013 Leistungseinheit (1.000.000 Watt)<\/p>\n<p><strong>NCR:<\/strong> Nichtkonformit\u00e4tsbericht (wenn eine Nichteinhaltung oder ein Defekt in einem Managementsystem festgestellt wird)<\/p>\n<p><strong>Netzwerk:<\/strong> Im Kontext der Elektrotechnik kann der Begriff \u201eNetzwerk\u201c alles bedeuten, von den elektrischen Anschl\u00fcssen eines bestimmten Standorts bis hin zum gesamten Stromnetz einer Stadt oder eines anderen Ortes.<\/p>\n<p><strong>NOD:<\/strong> Hinweis auf Abweichung (vom Vertrag\/Angebot)<\/p>\n<p><strong>OHS:<\/strong> Arbeitsschutz (siehe WHS)<\/p>\n<p><strong>PCS:<\/strong> Stromumwandlungssystem<\/p>\n<p><strong>PO:<\/strong> Bestellung<\/p>\n<p><strong>PPAs:<\/strong> Stromabnahmevertr\u00e4ge<\/p>\n<p><strong>PS:<\/strong> Prim\u00e4rschaltanlage<\/p>\n<p><strong>PV:<\/strong> Photovoltaik (Solarstrom)<\/p>\n<p><strong>RE:<\/strong> Erneuerbare Energien<\/p>\n<p><strong>REZ:<\/strong> Erneuerbare-Energien-Zone, ein Gebiet, das Kapazit\u00e4ten f\u00fcr erneuerbare Energien in gro\u00dfem Ma\u00dfstab bereitstellen soll (<a href=\"https:\/\/www.sciencedirect.com\/science\/article\/pii\/S0140988324003797?via%3Dihub\">Simshauser, 2024<\/a>)<\/p>\n<p><strong>RFQ:<\/strong> Anfrage f\u00fcr Zitat<\/p>\n<p><strong>RMU:<\/strong> Ringkabelanlage, ein Mittelspannungsschrank f\u00fcr integrierte elektrische Ger\u00e4te zum Anschluss, zur Messung und zur Integration von Festleistungsschaltern mit Transformatorschutzfunktion. RMUs sind \u00fcber ein SCADA-System mit einer RTU und einem Modem zur Kommunikation verbunden.<\/p>\n<p><strong>RTU:<\/strong> Fernwirkstation. RTUs wandeln analoge Signale in digitale um und umgekehrt. RTUs empfangen und senden Informationen \u00fcber RMU-Ger\u00e4te an HMI-Systeme (Human Machine Interface). Befehle der Leitstelle werden von RTUs empfangen, und die entsprechenden Aktionen werden ohne menschliches Zutun ausgef\u00fchrt.<\/p>\n<p><strong>SCADA:<\/strong> \u00dcberwachung und Datenerfassung. Es handelt sich um ein System, das Daten von verschiedenen Sensoren in einer Fabrik, Anlage oder an anderen entfernten Standorten sammelt und diese Daten dann an einen zentralen Computer sendet, der sie verwaltet und steuert.<\/p>\n<p><strong>SF6:<\/strong> Schwefelhexafluorid (ein Treibhausgas)<\/p>\n<p><strong>Skids:<\/strong> Plattformen, auf denen Umspannwerke gebaut werden k\u00f6nnen, wenn sie modularisiert oder containerisiert sind, was weniger Platz beansprucht als herk\u00f6mmliche Umspannwerke.<\/p>\n<p><strong>SLD:<\/strong> Einliniendiagramm<\/p>\n<p><strong>SMP:<\/strong> Sicherheitsmanagementplan<\/p>\n<p><strong>SMS:<\/strong> Kurznachrichtendienst (Textnachricht, die von einem Mobiltelefon gesendet wird)<\/p>\n<p><strong>SQE:<\/strong> Lieferantenqualit\u00e4tsingenieur<\/p>\n<p><strong>SS:<\/strong> Sekund\u00e4rschaltanlage<\/p>\n<p><strong>Umspannwerke:<\/strong> Unverzichtbar f\u00fcr Stromnetze, da sie Spannungen f\u00fcr unterschiedliche Zwecke transformieren und schalten.<\/p>\n<p><strong>SVG:<\/strong> Statischer Blindleistungs-Generator<\/p>\n<p><strong>Schaltanlagen:<\/strong> Allgemein gesprochen handelt es sich um Ger\u00e4te zur \u00dcbertragung und Verteilung von elektrischer Energie, die Strom ein- und ausschalten. Z.\u202fB. BGS-12 und BGS-40.5, BGP-40.5<\/p>\n<p><strong>SWMS:<\/strong> Sicherheitsarbeitsanweisungen<\/p>\n<p><strong>T&amp;D:<\/strong> \u00dcbertragung und Verteilung von Energie in einem Stromnetz oder elektrischen System<\/p>\n<p><strong>VER:<\/strong> Variable Energiequellen wie Wind und Sonne (siehe auch VRE)<\/p>\n<p><strong>VRE:<\/strong> Variable erneuerbare Elektrizit\u00e4t wie intermittierende Wind- und Solarenergie (siehe auch VER)<\/p>\n<p><strong>VT:<\/strong> Spannungswandler<\/p>\n<p><strong>WHS:<\/strong> Arbeitsschutz und Arbeitssicherheit<\/p>\n<p><strong>WHSQE:<\/strong> Arbeitsschutz, Qualit\u00e4t und Umwelt<\/p>\n<p>[\/et_pb_text][\/et_pb_column][\/et_pb_row][\/et_pb_section]<\/p>\n","protected":false},"excerpt":{"rendered":"<p>Elektroingenieure f\u00fcr Journalisten verf\u00fcgbar Brunstock freut sich \u00fcber Anfragen von Journalisten und Medien zu unserem Fachgebiet: Umspannwerke und Kioske f\u00fcr Prim\u00e4r- und Sekund\u00e4ranlagen mit Mittelspannungsschaltanlagen (MSGIS), Hochspannungsschaltanlagen (HSGIS), Ringkabelanlagen (RMUs), SF6-freien Schaltanlagen, Leistungsschaltern und Transformatoren. Unsere Vertriebspartner beliefern die Erneuerbare Energien, Versorgungsunternehmen, Infrastruktur; und Bergbau-Industrie mit Energieumwandlungsl\u00f6sungen, die zu ihren Projektzeitr\u00e4umen und Budgets passen. Das [&hellip;]<\/p>\n","protected":false},"author":3,"featured_media":0,"parent":0,"menu_order":0,"comment_status":"closed","ping_status":"closed","template":"","meta":{"_et_pb_use_builder":"on","_et_pb_old_content":"","_et_gb_content_width":"","footnotes":""},"class_list":["post-235","page","type-page","status-publish","hentry"],"_links":{"self":[{"href":"https:\/\/brunstock.com\/german\/wp-json\/wp\/v2\/pages\/235","targetHints":{"allow":["GET"]}}],"collection":[{"href":"https:\/\/brunstock.com\/german\/wp-json\/wp\/v2\/pages"}],"about":[{"href":"https:\/\/brunstock.com\/german\/wp-json\/wp\/v2\/types\/page"}],"author":[{"embeddable":true,"href":"https:\/\/brunstock.com\/german\/wp-json\/wp\/v2\/users\/3"}],"replies":[{"embeddable":true,"href":"https:\/\/brunstock.com\/german\/wp-json\/wp\/v2\/comments?post=235"}],"version-history":[{"count":34,"href":"https:\/\/brunstock.com\/german\/wp-json\/wp\/v2\/pages\/235\/revisions"}],"predecessor-version":[{"id":3658,"href":"https:\/\/brunstock.com\/german\/wp-json\/wp\/v2\/pages\/235\/revisions\/3658"}],"wp:attachment":[{"href":"https:\/\/brunstock.com\/german\/wp-json\/wp\/v2\/media?parent=235"}],"curies":[{"name":"wp","href":"https:\/\/api.w.org\/{rel}","templated":true}]}}