{"id":2362,"date":"2025-02-19T03:00:11","date_gmt":"2025-02-19T03:00:11","guid":{"rendered":"https:\/\/brunstock.com\/?page_id=2362"},"modified":"2025-12-08T05:02:40","modified_gmt":"2025-12-08T05:02:40","slug":"66kv-electrical-transformers-high-voltage-power-solutions-brunstock","status":"publish","type":"page","link":"https:\/\/brunstock.com\/german\/66kv-electrical-transformers-high-voltage-power-solutions-brunstock\/","title":{"rendered":"Elektrische Transformatoren 66 kV"},"content":{"rendered":"<p>[et_pb_section fb_built=&#8221;1&#8243; admin_label=&#8221;section&#8221; _builder_version=&#8221;4.16&#8243; global_colors_info=&#8221;{}&#8221;][et_pb_row column_structure=&#8221;1_3,2_3&#8243; _builder_version=&#8221;4.27.4&#8243; _module_preset=&#8221;default&#8221; global_colors_info=&#8221;{}&#8221;][et_pb_column type=&#8221;1_3&#8243; _builder_version=&#8221;4.27.4&#8243; _module_preset=&#8221;default&#8221; global_colors_info=&#8221;{}&#8221;][et_pb_image src=&#8221;https:\/\/brunstock.com\/wp-content\/uploads\/2025\/02\/66kV_power_transformer.webp&#8221; alt=&#8221;66kV Electrical Transformer&#8221; title_text=&#8221;66kV_power_transformer&#8221; _builder_version=&#8221;4.27.4&#8243; _module_preset=&#8221;default&#8221; global_colors_info=&#8221;{}&#8221;][\/et_pb_image][\/et_pb_column][et_pb_column type=&#8221;2_3&#8243; _builder_version=&#8221;4.27.4&#8243; _module_preset=&#8221;default&#8221; global_colors_info=&#8221;{}&#8221;][et_pb_text admin_label=&#8221;Text &#8211; 66kV transformer intro&#8221; _builder_version=&#8221;4.27.4&#8243; _module_preset=&#8221;default&#8221; global_colors_info=&#8221;{}&#8221;]<\/p>\n<h2>66-kV-Elektrotransformator<\/h2>\n<p>Der Glockenkessel und die gewellte H\u00fclle erh\u00f6hen die Festigkeit des Kessels und verleihen ihm ein ansprechendes Aussehen. Der Kern hat ein D-f\u00f6rmiges Joch mit einer 45\u00b0-Gehrungsverbindung. Kern und Kessel sind sicher befestigt und w\u00e4hrend des Transports gut gesch\u00fctzt.<\/p>\n<p>Wir verwenden ein Wicklungslayout, das durch Innen- und Au\u00dfenstreifen unterst\u00fctzt wird. Hochspannungs-Kartonzylinder zwischen den Spulen erh\u00f6hen die Kurzschlussfestigkeit. Wir verwenden fortschrittliche Fertigungsverfahren wie Crimpschwei\u00dftechnik, Phasenmontagetechnik f\u00fcr die Wicklung und Kartonverfahren usw.<\/p>\n<p>Um den Kundenanforderungen gerecht zu werden, k\u00f6nnen wir Produkte mit anderen Spannungsverh\u00e4ltnissen, Schaltgruppen und Nennleistungen liefern, wie in den folgenden Tabellen aufgef\u00fchrt.[\/et_pb_text][\/et_pb_column][\/et_pb_row][et_pb_row _builder_version=&#8221;4.27.4&#8243; _module_preset=&#8221;default&#8221; global_colors_info=&#8221;{}&#8221;][et_pb_column type=&#8221;4_4&#8243; _builder_version=&#8221;4.27.4&#8243; _module_preset=&#8221;default&#8221; global_colors_info=&#8221;{}&#8221;][et_pb_text admin_label=&#8221;66kV double-winding power transformer with off-circuit tap changer&#8221; _builder_version=&#8221;4.27.4&#8243; _module_preset=&#8221;default&#8221; global_colors_info=&#8221;{}&#8221;]<\/p>\n<h2>Spezifikationen f\u00fcr 66-kV-Leistungstransformatoren<\/h2>\n<h3>66-kV-Doppelwicklungstransformator mit Umschalter<\/h3>\n<p>[\/et_pb_text][et_pb_image src=&#8221;https:\/\/brunstock.com\/wp-content\/uploads\/2025\/02\/table-66a.webp&#8221; alt=&#8221;66kV Double-winding power transformer with<br \/>\noff-circuit tap changer&#8221; title_text=&#8221;table-66a&#8221; _builder_version=&#8221;4.27.4&#8243; _module_preset=&#8221;default&#8221; global_colors_info=&#8221;{}&#8221;][\/et_pb_image][et_pb_text admin_label=&#8221;66kV double-winding power transformer with on-load tap changer&#8221; _builder_version=&#8221;4.27.4&#8243; _module_preset=&#8221;default&#8221; global_colors_info=&#8221;{}&#8221;]<\/p>\n<h3>66-kV-Doppelwicklungstransformator mit Laststufenschalter<\/h3>\n<p>[\/et_pb_text][et_pb_image src=&#8221;https:\/\/brunstock.com\/wp-content\/uploads\/2025\/02\/table-66b.webp&#8221; alt=&#8221;66kV Double-winding power transformer with<br \/>\non-load tap changer&#8221; title_text=&#8221;table-66b&#8221; _builder_version=&#8221;4.27.4&#8243; _module_preset=&#8221;default&#8221; global_colors_info=&#8221;{}&#8221;][\/et_pb_image][\/et_pb_column][\/et_pb_row][et_pb_row _builder_version=&#8221;4.25.0&#8243; _module_preset=&#8221;default&#8221; global_colors_info=&#8221;{}&#8221;][et_pb_column type=&#8221;4_4&#8243; _builder_version=&#8221;4.25.0&#8243; _module_preset=&#8221;default&#8221; global_colors_info=&#8221;{}&#8221;][dipl_button buttons_alignment=&#8221;center&#8221; disabled_on=&#8221;on|on|on&#8221; admin_label=&#8221;DL Transformer Cat&#8221; _builder_version=&#8221;4.27.4&#8243; _module_preset=&#8221;default&#8221; button_font=&#8221;Poppins||||||||&#8221; custom_margin=&#8221;||||false|false&#8221; custom_padding=&#8221;0px||||false|false&#8221; disabled=&#8221;on&#8221; global_colors_info=&#8221;{}&#8221;][dipl_button_item button_text=&#8221;Katalog herunterladen&#8221; button_url=&#8221;#&#8221; button_bg_use_color_gradient=&#8221;on&#8221; button_bg_color_gradient_stops=&#8221;#4bc621 0%|#00ae4d 100%&#8221; _builder_version=&#8221;4.27.4&#8243; _module_preset=&#8221;default&#8221; button_text_color=&#8221;#FFFFFF&#8221; global_colors_info=&#8221;{}&#8221;][\/dipl_button_item][\/dipl_button][et_pb_text admin_label=&#8221;Links to other voltages of transformer&#8221; _builder_version=&#8221;4.27.4&#8243; _module_preset=&#8221;default&#8221; global_colors_info=&#8221;{}&#8221;]<a href=\"https:\/\/brunstock.com\/german\/substation-transformers\/\">220kV<\/a> |\u00a0<a href=\"https:\/\/brunstock.com\/german\/electrical-transformers-110kv\/\">110kV <\/a>| <a href=\"https:\/\/brunstock.com\/german\/66kv-electrical-transformers-high-voltage-power-solutions-brunstock\/\">66kV <\/a>| <a href=\"https:\/\/brunstock.com\/german\/35kv-electrical-transformers-for-industrial-applications-brunstock\/\">35kV<\/a>[\/et_pb_text][et_pb_text admin_label=&#8221;2026 CTA German&#8221; _builder_version=&#8221;4.27.4&#8243; _module_preset=&#8221;default&#8221; global_colors_info=&#8221;{}&#8221; theme_builder_area=&#8221;post_content&#8221;]<\/p>\n<p style=\"text-align: center;\"><img loading=\"lazy\" decoding=\"async\" class=\"wp-image-3705 aligncenter size-full\" src=\"https:\/\/brunstock.com\/german\/wp-content\/uploads\/2025\/12\/Brunstock200.png\" alt=\"Brunstock logo\" width=\"200\" height=\"33\" \/><\/p>\n<p style=\"text-align: center;\"><img loading=\"lazy\" decoding=\"async\" class=\"aligncenter wp-image-3706\" src=\"https:\/\/brunstock.com\/german\/wp-content\/uploads\/2025\/12\/contact-us-Brunstock-blue-246x300.png\" alt=\"Kontakt\u2011Icon \u2013 Mobiltelefon und Sprechblase\" width=\"70\" height=\"85\" srcset=\"https:\/\/brunstock.com\/german\/wp-content\/uploads\/2025\/12\/contact-us-Brunstock-blue-246x300.png 246w, https:\/\/brunstock.com\/german\/wp-content\/uploads\/2025\/12\/contact-us-Brunstock-blue.png 278w\" sizes=\"(max-width: 70px) 100vw, 70px\" \/><\/p>\n<p style=\"text-align: center;\"><a href=\"https:\/\/brunstock.com\/german\/contact-us\/\">Kontaktieren Sie noch heute Ihren lokalen Brunstock\u2011Vertreter!<\/a><\/p>\n<p>[\/et_pb_text][\/et_pb_column][\/et_pb_row][et_pb_row _builder_version=&#8221;4.25.0&#8243; _module_preset=&#8221;default&#8221; width=&#8221;90%&#8221; max_width=&#8221;1200px&#8221; global_colors_info=&#8221;{}&#8221;][et_pb_column type=&#8221;4_4&#8243; _builder_version=&#8221;4.25.0&#8243; _module_preset=&#8221;default&#8221; global_colors_info=&#8221;{}&#8221;][dipl_button inline_buttons=&#8221;on&#8221; disabled_on=&#8221;on|on|on&#8221; _builder_version=&#8221;4.27.4&#8243; _module_preset=&#8221;default&#8221; button_font=&#8221;Poppins||||||||&#8221; custom_margin=&#8221;||||false|false&#8221; disabled=&#8221;on&#8221; ab_subject=&#8221;on&#8221; ab_subject_id=&#8221;1&#8243; ab_goal=&#8221;on&#8221; global_colors_info=&#8221;{}&#8221;][dipl_button_item button_text=&#8221;Katalog herunterladen&#8221; button_url=&#8221;https:\/\/brunstock.com\/wp-content\/uploads\/2024\/07\/TransformersCat_20240701.pdf&#8221; background_fill_style=&#8221;slide_down_fill&#8221; button_custom_margin=&#8221;|10px|||false|false&#8221; button_custom_padding=&#8221;|20px||20px|false|true&#8221; button_bg_use_color_gradient=&#8221;on&#8221; button_bg_color_gradient_stops=&#8221;#4bc621 0%|#00ae4d 100%&#8221; _builder_version=&#8221;4.27.4&#8243; _module_preset=&#8221;default&#8221; button_font=&#8221;Poppins||||||||&#8221; button_text_color=&#8221;#FFFFFF&#8221; button_font_size=&#8221;16px&#8221; button_letter_spacing=&#8221;0.5px&#8221; global_colors_info=&#8221;{}&#8221;][\/dipl_button_item][\/dipl_button][dipl_button inline_buttons=&#8221;on&#8221; disabled_on=&#8221;on|on|on&#8221; _builder_version=&#8221;4.27.0&#8243; _module_preset=&#8221;default&#8221; button_font=&#8221;Poppins||||||||&#8221; custom_margin=&#8221;||||false|false&#8221; disabled=&#8221;on&#8221; ab_subject=&#8221;on&#8221; ab_subject_id=&#8221;2&#8243; ab_goal=&#8221;on&#8221; global_colors_info=&#8221;{}&#8221;][dipl_button_item button_text=&#8221;Download Catalogue&#8221; button_url=&#8221;https:\/\/brunstock.com\/wp-content\/uploads\/2024\/07\/TransformersCat_20240701.pdf&#8221; background_fill_style=&#8221;slide_down_fill&#8221; button_custom_margin=&#8221;|10px|||false|false&#8221; button_custom_padding=&#8221;|20px||20px|false|true&#8221; button_bg_use_color_gradient=&#8221;on&#8221; button_bg_color_gradient_stops=&#8221;#4bc621 0%|#00ae4d 100%&#8221; _builder_version=&#8221;4.25.0&#8243; _module_preset=&#8221;default&#8221; button_font=&#8221;Poppins||||||||&#8221; button_text_color=&#8221;#FFFFFF&#8221; button_font_size=&#8221;16px&#8221; button_letter_spacing=&#8221;0.5px&#8221; global_colors_info=&#8221;{}&#8221;][\/dipl_button_item][\/dipl_button][\/et_pb_column][\/et_pb_row][\/et_pb_section]<\/p>\n","protected":false},"excerpt":{"rendered":"<p>66-kV-Elektrotransformator Der Glockenkessel und die gewellte H\u00fclle erh\u00f6hen die Festigkeit des Kessels und verleihen ihm ein ansprechendes Aussehen. Der Kern hat ein D-f\u00f6rmiges Joch mit einer 45\u00b0-Gehrungsverbindung. Kern und Kessel sind sicher befestigt und w\u00e4hrend des Transports gut gesch\u00fctzt. Wir verwenden ein Wicklungslayout, das durch Innen- und Au\u00dfenstreifen unterst\u00fctzt wird. Hochspannungs-Kartonzylinder zwischen den Spulen erh\u00f6hen [&hellip;]<\/p>\n","protected":false},"author":2,"featured_media":0,"parent":0,"menu_order":0,"comment_status":"closed","ping_status":"closed","template":"","meta":{"_et_pb_use_builder":"on","_et_pb_old_content":"","_et_gb_content_width":"","footnotes":""},"class_list":["post-2362","page","type-page","status-publish","hentry"],"_links":{"self":[{"href":"https:\/\/brunstock.com\/german\/wp-json\/wp\/v2\/pages\/2362","targetHints":{"allow":["GET"]}}],"collection":[{"href":"https:\/\/brunstock.com\/german\/wp-json\/wp\/v2\/pages"}],"about":[{"href":"https:\/\/brunstock.com\/german\/wp-json\/wp\/v2\/types\/page"}],"author":[{"embeddable":true,"href":"https:\/\/brunstock.com\/german\/wp-json\/wp\/v2\/users\/2"}],"replies":[{"embeddable":true,"href":"https:\/\/brunstock.com\/german\/wp-json\/wp\/v2\/comments?post=2362"}],"version-history":[{"count":17,"href":"https:\/\/brunstock.com\/german\/wp-json\/wp\/v2\/pages\/2362\/revisions"}],"predecessor-version":[{"id":3744,"href":"https:\/\/brunstock.com\/german\/wp-json\/wp\/v2\/pages\/2362\/revisions\/3744"}],"wp:attachment":[{"href":"https:\/\/brunstock.com\/german\/wp-json\/wp\/v2\/media?parent=2362"}],"curies":[{"name":"wp","href":"https:\/\/api.w.org\/{rel}","templated":true}]}}