{"id":2386,"date":"2025-02-19T03:23:30","date_gmt":"2025-02-19T03:23:30","guid":{"rendered":"https:\/\/brunstock.com\/?page_id=2386"},"modified":"2025-12-08T05:02:50","modified_gmt":"2025-12-08T05:02:50","slug":"35kv-electrical-transformers-for-industrial-applications-brunstock","status":"publish","type":"page","link":"https:\/\/brunstock.com\/german\/35kv-electrical-transformers-for-industrial-applications-brunstock\/","title":{"rendered":"Elektrische Transformatoren 35 kV"},"content":{"rendered":"<p>[et_pb_section fb_built=&#8221;1&#8243; admin_label=&#8221;section&#8221; _builder_version=&#8221;4.16&#8243; global_colors_info=&#8221;{}&#8221;][et_pb_row column_structure=&#8221;1_3,2_3&#8243; _builder_version=&#8221;4.27.4&#8243; _module_preset=&#8221;default&#8221; global_colors_info=&#8221;{}&#8221;][et_pb_column type=&#8221;1_3&#8243; _builder_version=&#8221;4.27.4&#8243; _module_preset=&#8221;default&#8221; global_colors_info=&#8221;{}&#8221;][et_pb_image src=&#8221;https:\/\/brunstock.com\/wp-content\/uploads\/2024\/12\/5_110kVtrans-1536&#215;1066-1.webp&#8221; alt=&#8221;A large power transformer for utility scale power projects&#8221; title_text=&#8221;5_110kVtrans-1536&#215;1066&#8243; _builder_version=&#8221;4.27.4&#8243; _module_preset=&#8221;default&#8221; global_colors_info=&#8221;{}&#8221;][\/et_pb_image][\/et_pb_column][et_pb_column type=&#8221;2_3&#8243; _builder_version=&#8221;4.27.4&#8243; _module_preset=&#8221;default&#8221; global_colors_info=&#8221;{}&#8221;][et_pb_text admin_label=&#8221;Text &#8211; 35kV transformer intro&#8221; _builder_version=&#8221;4.27.4&#8243; _module_preset=&#8221;default&#8221; global_colors_info=&#8221;{}&#8221;]<\/p>\n<h2>35-kV-Transformator<\/h2>\n<p>Die 35-kV-Transformatoren von Brunstock zeichnen sich durch geringe Verluste, geringe Ger\u00e4uschentwicklung, Gewitter- und Blitzschutz sowie hohe Kurzschlussfestigkeit aus. Sie werden in modernen Fertigungslinien mit sorgf\u00e4ltig qualifizierten und verfeinerten Verfahren und Ger\u00e4ten hergestellt. Die Transformatoren verf\u00fcgen \u00fcber vier Fernsteuerungsfunktionen:<\/p>\n<ol>\n<li>Fernkommunikation<\/li>\n<li>Fernpr\u00fcfung<\/li>\n<li>Ferneinstellung<\/li>\n<li>Fernsteuerung<\/li>\n<\/ol>\n<p>Dank der Fernsteuerung per Computer ist keine \u00dcberwachung vor Ort erforderlich. Unsere energiesparenden Transformatoren der 35-kV-Serie haben die Identifikationspr\u00fcfung durch die unabh\u00e4ngigen Labore KEMA und ASTA (DNV) bestanden. Die Transformatoren der 35-kV-Serie werden haupts\u00e4chlich in st\u00e4dtischen und l\u00e4ndlichen Stromnetzen sowie in anderen Industrien, im Bergbau, in der Strom\u00fcbertragung und -verteilung, in Solaranlagen f\u00fcr neue Energien, in Windparks und in der Landwirtschaft eingesetzt.<\/p>\n<p>&nbsp;<\/p>\n<h3>Merkmale des 35-kV-Transformators<\/h3>\n<ul>\n<li>Der Kern wird mit einem fortschrittlichen Verfahren aus vertikalem und horizontalem Schnitt sowie Stapelung mit gestuftem \u00dcberlappkern und G\u00fcteklasse-3-N\u00e4hten hergestellt. Dies sorgt f\u00fcr eine gleichm\u00e4\u00dfige Luftverteilung und verbessert den Flussverlauf, wodurch Leerlaufverluste, Leerlaufstr\u00f6me und Ger\u00e4usche reduziert werden.<\/li>\n<li>Der Kern verwendet spezielle Klebstoffe f\u00fcr die Platten-, Pressring- und Siliziumstahloberfl\u00e4chen. Die Gesamtstruktur wurde mit einer Reihe von Ma\u00dfnahmen entwickelt, die die mechanische Festigkeit erh\u00f6hen.<\/li>\n<li>Eine neue Struktur der Ober- und Unterspannungswicklungen sowie eine sinnvolle Anordnung der \u00d6lkan\u00e4le und Anschlussbereiche erh\u00f6hen die mechanische Festigkeit und die Kurzschlussfestigkeit.<\/li>\n<li>Der Tank ist ein Glocken- oder Kernhebetank mit gewellter Tankwand, die flie\u00dfende Linien, Schlichtheit und ein ansprechendes Erscheinungsbild aufweist.<\/li>\n<\/ul>\n<p>[\/et_pb_text][\/et_pb_column][\/et_pb_row][et_pb_row _builder_version=&#8221;4.27.4&#8243; _module_preset=&#8221;default&#8221; global_colors_info=&#8221;{}&#8221;][et_pb_column type=&#8221;4_4&#8243; _builder_version=&#8221;4.27.4&#8243; _module_preset=&#8221;default&#8221; global_colors_info=&#8221;{}&#8221;][et_pb_text admin_label=&#8221;35 Three-phase double-winding distribution transformer with off-circuit tap changer&#8221; _builder_version=&#8221;4.27.4&#8243; _module_preset=&#8221;default&#8221; global_colors_info=&#8221;{}&#8221;]<\/p>\n<h2>Technische Daten des 35-kV-Leistungstransformators<\/h2>\n<h3>50-1600\/35 Dreiphasen-Doppelwicklungs-Verteilungstransformator mit Umsteller<\/h3>\n<p>[\/et_pb_text][et_pb_image src=&#8221;https:\/\/brunstock.com\/wp-content\/uploads\/2025\/02\/table-35a.webp&#8221; alt=&#8221;35 Three-phase double-winding<br \/>\ndistribution transformer with off-circuit tap changer&#8221; title_text=&#8221;table-35a&#8221; _builder_version=&#8221;4.27.4&#8243; _module_preset=&#8221;default&#8221; global_colors_info=&#8221;{}&#8221;][\/et_pb_image][et_pb_text admin_label=&#8221;35 Three-phase double-winding distribution transformer with off-circuit tap changer&#8221; _builder_version=&#8221;4.27.4&#8243; _module_preset=&#8221;default&#8221; global_colors_info=&#8221;{}&#8221;]<\/p>\n<h3>630-2500\/35 Dreiphasen-Doppelwicklungs-Verteilungstransformator mit Umsteller<\/h3>\n<p>[\/et_pb_text][et_pb_image src=&#8221;https:\/\/brunstock.com\/wp-content\/uploads\/2025\/02\/table-35b.webp&#8221; alt=&#8221;630-2500\/35 Three-phase double-winding<br \/>\ndistribution transformer with off-circuit tap<br \/>\nchanger&#8221; title_text=&#8221;table-35b&#8221; _builder_version=&#8221;4.27.4&#8243; _module_preset=&#8221;default&#8221; global_colors_info=&#8221;{}&#8221;][\/et_pb_image][et_pb_text admin_label=&#8221;35kV Double-winding distribution transformer with off-circuit tap changer&#8221; _builder_version=&#8221;4.27.4&#8243; _module_preset=&#8221;default&#8221; global_colors_info=&#8221;{}&#8221;]<\/p>\n<h3>35kV-Doppelwicklungs-Verteilungstransformator mit Umsteller<\/h3>\n<p>[\/et_pb_text][et_pb_image src=&#8221;https:\/\/brunstock.com\/wp-content\/uploads\/2025\/02\/table-35c.webp&#8221; alt=&#8221;35kV Double-winding distribution transformer<br \/>\nwith off-circuit tap changer&#8221; title_text=&#8221;table-35c&#8221; _builder_version=&#8221;4.27.4&#8243; _module_preset=&#8221;default&#8221; global_colors_info=&#8221;{}&#8221;][\/et_pb_image][et_pb_text admin_label=&#8221;35kV Double-winding distribution transformer with on-load tap changer&#8221; _builder_version=&#8221;4.27.4&#8243; _module_preset=&#8221;default&#8221; global_colors_info=&#8221;{}&#8221;]<\/p>\n<h3>35-kV-Doppelwicklungs-Verteilungstransformator mit Laststufenschalter<\/h3>\n<p>[\/et_pb_text][et_pb_image src=&#8221;https:\/\/brunstock.com\/wp-content\/uploads\/2025\/02\/table-35d.webp&#8221; alt=&#8221;35kV Double-winding distribution transformer<br \/>\nwith on-load tap changer&#8221; title_text=&#8221;table-35d&#8221; _builder_version=&#8221;4.27.4&#8243; _module_preset=&#8221;default&#8221; global_colors_info=&#8221;{}&#8221;][\/et_pb_image][\/et_pb_column][\/et_pb_row][et_pb_row _builder_version=&#8221;4.25.0&#8243; _module_preset=&#8221;default&#8221; global_colors_info=&#8221;{}&#8221;][et_pb_column type=&#8221;4_4&#8243; _builder_version=&#8221;4.25.0&#8243; _module_preset=&#8221;default&#8221; global_colors_info=&#8221;{}&#8221;][dipl_button buttons_alignment=&#8221;center&#8221; disabled_on=&#8221;on|on|on&#8221; admin_label=&#8221;DL Transformer Cat&#8221; _builder_version=&#8221;4.27.4&#8243; _module_preset=&#8221;default&#8221; button_font=&#8221;Poppins||||||||&#8221; custom_margin=&#8221;||||false|false&#8221; custom_padding=&#8221;0px||||false|false&#8221; disabled=&#8221;on&#8221; global_colors_info=&#8221;{}&#8221;][dipl_button_item button_text=&#8221;Katalog herunterladen&#8221; button_url=&#8221;#&#8221; button_bg_use_color_gradient=&#8221;on&#8221; button_bg_color_gradient_stops=&#8221;#4bc621 0%|#00ae4d 100%&#8221; _builder_version=&#8221;4.27.4&#8243; _module_preset=&#8221;default&#8221; button_text_color=&#8221;#FFFFFF&#8221; global_colors_info=&#8221;{}&#8221;][\/dipl_button_item][\/dipl_button][et_pb_text admin_label=&#8221;Links to other voltages of transformer&#8221; _builder_version=&#8221;4.27.4&#8243; _module_preset=&#8221;default&#8221; global_colors_info=&#8221;{}&#8221;]<a href=\"https:\/\/brunstock.com\/german\/substation-transformers\/\">220kV<\/a> |\u00a0<a href=\"https:\/\/brunstock.com\/german\/electrical-transformers-110kv\/\">110kV <\/a>| <a href=\"https:\/\/brunstock.com\/german\/66kv-electrical-transformers-high-voltage-power-solutions-brunstock\/\">66kV <\/a>| <a href=\"https:\/\/brunstock.com\/german\/35kv-electrical-transformers-for-industrial-applications-brunstock\/\">35kV<\/a>[\/et_pb_text][et_pb_text admin_label=&#8221;2026 CTA German&#8221; _builder_version=&#8221;4.27.4&#8243; _module_preset=&#8221;default&#8221; global_colors_info=&#8221;{}&#8221; theme_builder_area=&#8221;post_content&#8221;]<\/p>\n<p style=\"text-align: center;\"><img loading=\"lazy\" decoding=\"async\" class=\"wp-image-3705 aligncenter size-full\" src=\"https:\/\/brunstock.com\/german\/wp-content\/uploads\/2025\/12\/Brunstock200.png\" alt=\"Brunstock logo\" width=\"200\" height=\"33\" \/><\/p>\n<p style=\"text-align: center;\"><img loading=\"lazy\" decoding=\"async\" class=\"aligncenter wp-image-3706\" src=\"https:\/\/brunstock.com\/german\/wp-content\/uploads\/2025\/12\/contact-us-Brunstock-blue-246x300.png\" alt=\"Kontakt\u2011Icon \u2013 Mobiltelefon und Sprechblase\" width=\"70\" height=\"85\" srcset=\"https:\/\/brunstock.com\/german\/wp-content\/uploads\/2025\/12\/contact-us-Brunstock-blue-246x300.png 246w, https:\/\/brunstock.com\/german\/wp-content\/uploads\/2025\/12\/contact-us-Brunstock-blue.png 278w\" sizes=\"(max-width: 70px) 100vw, 70px\" \/><\/p>\n<p style=\"text-align: center;\"><a href=\"https:\/\/brunstock.com\/german\/contact-us\/\">Kontaktieren Sie noch heute Ihren lokalen Brunstock\u2011Vertreter!<\/a><\/p>\n<p>[\/et_pb_text][\/et_pb_column][\/et_pb_row][et_pb_row _builder_version=&#8221;4.25.0&#8243; _module_preset=&#8221;default&#8221; width=&#8221;90%&#8221; max_width=&#8221;1200px&#8221; global_colors_info=&#8221;{}&#8221;][et_pb_column type=&#8221;4_4&#8243; _builder_version=&#8221;4.25.0&#8243; _module_preset=&#8221;default&#8221; global_colors_info=&#8221;{}&#8221;][dipl_button inline_buttons=&#8221;on&#8221; disabled_on=&#8221;on|on|on&#8221; _builder_version=&#8221;4.27.4&#8243; _module_preset=&#8221;default&#8221; button_font=&#8221;Poppins||||||||&#8221; custom_margin=&#8221;||||false|false&#8221; disabled=&#8221;on&#8221; ab_subject=&#8221;on&#8221; ab_subject_id=&#8221;1&#8243; ab_goal=&#8221;on&#8221; global_colors_info=&#8221;{}&#8221;][dipl_button_item button_text=&#8221;Katalog herunterladen&#8221; button_url=&#8221;https:\/\/brunstock.com\/wp-content\/uploads\/2024\/07\/TransformersCat_20240701.pdf&#8221; background_fill_style=&#8221;slide_down_fill&#8221; button_custom_margin=&#8221;|10px|||false|false&#8221; button_custom_padding=&#8221;|20px||20px|false|true&#8221; button_bg_use_color_gradient=&#8221;on&#8221; button_bg_color_gradient_stops=&#8221;#4bc621 0%|#00ae4d 100%&#8221; _builder_version=&#8221;4.27.4&#8243; _module_preset=&#8221;default&#8221; button_font=&#8221;Poppins||||||||&#8221; button_text_color=&#8221;#FFFFFF&#8221; button_font_size=&#8221;16px&#8221; button_letter_spacing=&#8221;0.5px&#8221; global_colors_info=&#8221;{}&#8221;][\/dipl_button_item][\/dipl_button][dipl_button inline_buttons=&#8221;on&#8221; disabled_on=&#8221;on|on|on&#8221; _builder_version=&#8221;4.27.0&#8243; _module_preset=&#8221;default&#8221; button_font=&#8221;Poppins||||||||&#8221; custom_margin=&#8221;||||false|false&#8221; disabled=&#8221;on&#8221; ab_subject=&#8221;on&#8221; ab_subject_id=&#8221;2&#8243; ab_goal=&#8221;on&#8221; global_colors_info=&#8221;{}&#8221;][dipl_button_item button_text=&#8221;Download Catalogue&#8221; button_url=&#8221;https:\/\/brunstock.com\/wp-content\/uploads\/2024\/07\/TransformersCat_20240701.pdf&#8221; background_fill_style=&#8221;slide_down_fill&#8221; button_custom_margin=&#8221;|10px|||false|false&#8221; button_custom_padding=&#8221;|20px||20px|false|true&#8221; button_bg_use_color_gradient=&#8221;on&#8221; button_bg_color_gradient_stops=&#8221;#4bc621 0%|#00ae4d 100%&#8221; _builder_version=&#8221;4.25.0&#8243; _module_preset=&#8221;default&#8221; button_font=&#8221;Poppins||||||||&#8221; button_text_color=&#8221;#FFFFFF&#8221; button_font_size=&#8221;16px&#8221; button_letter_spacing=&#8221;0.5px&#8221; global_colors_info=&#8221;{}&#8221;][\/dipl_button_item][\/dipl_button][\/et_pb_column][\/et_pb_row][\/et_pb_section]<\/p>\n","protected":false},"excerpt":{"rendered":"<p>35-kV-Transformator Die 35-kV-Transformatoren von Brunstock zeichnen sich durch geringe Verluste, geringe Ger\u00e4uschentwicklung, Gewitter- und Blitzschutz sowie hohe Kurzschlussfestigkeit aus. Sie werden in modernen Fertigungslinien mit sorgf\u00e4ltig qualifizierten und verfeinerten Verfahren und Ger\u00e4ten hergestellt. Die Transformatoren verf\u00fcgen \u00fcber vier Fernsteuerungsfunktionen: Fernkommunikation Fernpr\u00fcfung Ferneinstellung Fernsteuerung Dank der Fernsteuerung per Computer ist keine \u00dcberwachung vor Ort erforderlich. Unsere [&hellip;]<\/p>\n","protected":false},"author":2,"featured_media":0,"parent":0,"menu_order":0,"comment_status":"closed","ping_status":"closed","template":"","meta":{"_et_pb_use_builder":"on","_et_pb_old_content":"","_et_gb_content_width":"","footnotes":""},"class_list":["post-2386","page","type-page","status-publish","hentry"],"_links":{"self":[{"href":"https:\/\/brunstock.com\/german\/wp-json\/wp\/v2\/pages\/2386","targetHints":{"allow":["GET"]}}],"collection":[{"href":"https:\/\/brunstock.com\/german\/wp-json\/wp\/v2\/pages"}],"about":[{"href":"https:\/\/brunstock.com\/german\/wp-json\/wp\/v2\/types\/page"}],"author":[{"embeddable":true,"href":"https:\/\/brunstock.com\/german\/wp-json\/wp\/v2\/users\/2"}],"replies":[{"embeddable":true,"href":"https:\/\/brunstock.com\/german\/wp-json\/wp\/v2\/comments?post=2386"}],"version-history":[{"count":13,"href":"https:\/\/brunstock.com\/german\/wp-json\/wp\/v2\/pages\/2386\/revisions"}],"predecessor-version":[{"id":3746,"href":"https:\/\/brunstock.com\/german\/wp-json\/wp\/v2\/pages\/2386\/revisions\/3746"}],"wp:attachment":[{"href":"https:\/\/brunstock.com\/german\/wp-json\/wp\/v2\/media?parent=2386"}],"curies":[{"name":"wp","href":"https:\/\/api.w.org\/{rel}","templated":true}]}}