{"id":240,"date":"2024-05-11T05:24:20","date_gmt":"2024-05-11T05:24:20","guid":{"rendered":"https:\/\/brunstock.com\/?page_id=240"},"modified":"2025-12-08T04:45:05","modified_gmt":"2025-12-08T04:45:05","slug":"our-offer","status":"publish","type":"page","link":"https:\/\/brunstock.com\/german\/our-offer\/","title":{"rendered":"Unser Angebot"},"content":{"rendered":"<p>[et_pb_section fb_built=&#8221;1&#8243; admin_label=&#8221;section&#8221; _builder_version=&#8221;4.16&#8243; global_colors_info=&#8221;{}&#8221;][et_pb_row use_custom_gutter=&#8221;on&#8221; make_equal=&#8221;on&#8221; admin_label=&#8221;row&#8221; _builder_version=&#8221;4.27.4&#8243; background_size=&#8221;initial&#8221; background_position=&#8221;top_left&#8221; background_repeat=&#8221;repeat&#8221; width=&#8221;90%&#8221; max_width=&#8221;1200px&#8221; custom_margin=&#8221;-20px||||false|false&#8221; custom_padding=&#8221;0px||1px||false|false&#8221; global_colors_info=&#8221;{}&#8221;][et_pb_column type=&#8221;4_4&#8243; _builder_version=&#8221;4.16&#8243; custom_padding=&#8221;|||&#8221; global_colors_info=&#8221;{}&#8221; custom_padding__hover=&#8221;|||&#8221;][et_pb_image src=&#8221;https:\/\/brunstock.com\/wp-content\/uploads\/2024\/06\/about-banner-service-eng-scaled.jpg&#8221; title_text=&#8221;about-banner-service-eng&#8221; disabled_on=&#8221;on|on|on&#8221; _builder_version=&#8221;4.25.0&#8243; _module_preset=&#8221;default&#8221; disabled=&#8221;on&#8221; global_colors_info=&#8221;{}&#8221;][\/et_pb_image][et_pb_text _builder_version=&#8221;4.27.4&#8243; _module_preset=&#8221;default&#8221; text_font=&#8221;Poppins||||||||&#8221; text_text_color=&#8221;#000000&#8243; header_font=&#8221;Poppins||||||||&#8221; custom_margin=&#8221;||12px|||&#8221; global_colors_info=&#8221;{}&#8221;]<\/p>\n<h1>Schaltanlagen und Leistungstransformatoren f\u00fcr Umspannwerke<\/h1>\n<p>Brunstocks Produktpalette ist auf die Bed\u00fcrfnisse der Kunden unserer Vertriebspartner zugeschnitten. Wir unterst\u00fctzen sie w\u00e4hrend des gesamten Projektlebenszyklus \u2013 von der Ausschreibung \u00fcber die Ausf\u00fchrung bis hin zur laufenden Wartung.<\/p>\n<p>Unternehmen auf der ganzen Welt engagieren sich intensiv f\u00fcr erneuerbare Energien, um unsere Zukunft auf diesem Planeten zu sichern. Brunstock m\u00f6chte diesem Anspruch sicher, qualitativ hochwertig, kosteng\u00fcnstig und schnell gerecht werden.<\/p>\n<p>Unser Vertrauen in die Geschwindigkeit, mit der wir Umspannwerksl\u00f6sungen liefern, beruht auf unserer Erfahrung. Wir bieten eine einzigartige Kombination aus Design, Fertigung, Vorfertigung und kundenspezifischer Anpassung. Unsere Lieferkette ist diversifiziert, aber zuverl\u00e4ssig, wobei Qualit\u00e4t und Innovation im Mittelpunkt unseres Handelns stehen.<\/p>\n<p>Brunstock-Produkte sind individuell anpassbare Ausr\u00fcstungspakete, die f\u00fcr jede Anwendung geeignet sind.<\/p>\n<p>&nbsp;<\/p>\n<p>&nbsp;<\/p>\n<p>[\/et_pb_text][\/et_pb_column][\/et_pb_row][et_pb_row column_structure=&#8221;1_2,1_2&#8243; use_custom_gutter=&#8221;on&#8221; gutter_width=&#8221;2&#8243; _builder_version=&#8221;4.25.0&#8243; _module_preset=&#8221;default&#8221; width=&#8221;90%&#8221; max_width=&#8221;1200px&#8221; custom_padding=&#8221;3px|||||&#8221; global_colors_info=&#8221;{}&#8221;][et_pb_column type=&#8221;1_2&#8243; _builder_version=&#8221;4.25.0&#8243; _module_preset=&#8221;default&#8221; global_colors_info=&#8221;{}&#8221;][et_pb_text ul_item_indent=&#8221;40px&#8221; _builder_version=&#8221;4.27.4&#8243; _module_preset=&#8221;default&#8221; text_font=&#8221;Poppins||||||||&#8221; text_text_color=&#8221;#000000&#8243; link_font=&#8221;Poppins||||||||&#8221; link_text_color=&#8221;#0c498d&#8221; ul_font=&#8221;Poppins||||||||&#8221; ul_line_height=&#8221;1.8em&#8221; header_font=&#8221;Poppins||||||||&#8221; global_colors_info=&#8221;{}&#8221;]<\/p>\n<ul>\n<li><a href=\"https:\/\/brunstock.com\/german\/step-up-transformer-substations\/\">Aufw\u00e4rtstransformator-Unterwerke<\/a>\n<ul>\n<li>Aufw\u00e4rtstransformator-Unterwerk (3 MVA) f\u00fcr PV<\/li>\n<li>Aufw\u00e4rtstransformator-Unterwerk (6 MVA) f\u00fcr PV<\/li>\n<li>Aufw\u00e4rtstransformator-Unterwerk (9 MVA) f\u00fcr PV<\/li>\n<\/ul>\n<\/li>\n<li><a href=\"https:\/\/brunstock.com\/german\/step-up-transformer-skid-stations\/\">Aufw\u00e4rtstransformator-Unterwerke<\/a>\n<ul>\n<li>Aufw\u00e4rtstransformator-Unterwerk (3 MVA) f\u00fcr BESS<\/li>\n<li>Aufw\u00e4rtstransformator-Unterwerk (5 MVA) f\u00fcr BESS<\/li>\n<\/ul>\n<\/li>\n<li><a href=\"https:\/\/brunstock.com\/german\/sf6-free-switchgear\/\">SF6-freie Sekund\u00e4rschaltanlage<\/a>\n<ul>\n<li><strong><a href=\"https:\/\/brunstock.com\/german\/bgs-40-5-rmus\/\">BGS-40.5<\/a>:<\/strong> Eine SF6-freie Sekund\u00e4r-GIS mit einer Nennspannung von 40,5 kV<\/li>\n<li>\n<div role=\"presentation\"><b data-olk-copy-source=\"MessageBody\"><a href=\"https:\/\/brunstock.com\/german\/bgs-24-dry-air-insulated-secondary-switchgear-rated-up-to-24kv\/\">BGS-24<\/a>:\u00a0<\/b>Eine SF6-freie Sekund\u00e4r-GIS mit einer Nennspannung von 24 kV<\/div>\n<\/li>\n<\/ul>\n<\/li>\n<li><a href=\"https:\/\/brunstock.com\/german\/sf6-free-primary-gis\/\">SF6-freie Prim\u00e4rschaltanlage<\/a>\n<ul>\n<li><strong><a href=\"https:\/\/brunstock.com\/german\/sf6-free-primary-gis\/\">BGP-40.5<\/a>: <\/strong>Eine SF6-freie Prim\u00e4r-GIS mit einer Nennspannung von 40,5 kV<\/li>\n<\/ul>\n<\/li>\n<li><a href=\"https:\/\/brunstock.com\/german\/collector-substations\/\">Mittelspannungsschaltanlage Stationen<\/a>\n<ul>\n<li>Prim\u00e4rschaltschrank<\/li>\n<li>Mittelspannungsschaltanlage-Umspannwerk-Kiosk<\/li>\n<\/ul>\n<\/li>\n<li><a href=\"https:\/\/brunstock.com\/german\/substation-transformers\/\">Leistungstransformatoren<\/a><\/li>\n<li><a href=\"https:\/\/brunstock.com\/german\/battery-energy-storage-systems\/\">Energiespeicherung<\/a><\/li>\n<\/ul>\n<p>[\/et_pb_text][\/et_pb_column][et_pb_column type=&#8221;1_2&#8243; _builder_version=&#8221;4.25.0&#8243; _module_preset=&#8221;default&#8221; global_colors_info=&#8221;{}&#8221;][et_pb_image src=&#8221;https:\/\/brunstock.com\/german\/wp-content\/uploads\/2025\/12\/All-prods-2026-closer-600w.webp&#8221; alt=&#8221;Das Brunstock\u2011Spektrum an Energieprodukten&#8221; title_text=&#8221;All-prods-2026-closer-600w&#8221; _builder_version=&#8221;4.27.4&#8243; _module_preset=&#8221;default&#8221; custom_margin=&#8221;-30px||||false|false&#8221; global_colors_info=&#8221;{}&#8221;][\/et_pb_image][\/et_pb_column][\/et_pb_row][et_pb_row _builder_version=&#8221;4.25.0&#8243; _module_preset=&#8221;default&#8221; width=&#8221;90%&#8221; max_width=&#8221;1200px&#8221; global_colors_info=&#8221;{}&#8221;][et_pb_column type=&#8221;4_4&#8243; _builder_version=&#8221;4.25.0&#8243; _module_preset=&#8221;default&#8221; global_colors_info=&#8221;{}&#8221;][et_pb_image src=&#8221;https:\/\/brunstock.com\/wp-content\/uploads\/2024\/06\/Electricity-substations-switchgear-BESS.webp&#8221; alt=&#8221;Power substation, BESS, solar, renewable switchgear RMUs&#8221; title_text=&#8221;Power substation, BESS, solar, renewable switchgear RMUs&#8221; disabled_on=&#8221;on|on|on&#8221; _builder_version=&#8221;4.25.0&#8243; _module_preset=&#8221;default&#8221; disabled=&#8221;on&#8221; global_colors_info=&#8221;{}&#8221;][\/et_pb_image][et_pb_text admin_label=&#8221;2026 CTA German&#8221; _builder_version=&#8221;4.27.4&#8243; _module_preset=&#8221;default&#8221; global_colors_info=&#8221;{}&#8221;]<\/p>\n<p style=\"text-align: center;\"><img loading=\"lazy\" decoding=\"async\" class=\"wp-image-3705 aligncenter size-full\" src=\"https:\/\/brunstock.com\/german\/wp-content\/uploads\/2025\/12\/Brunstock200.png\" alt=\"Brunstock logo\" width=\"200\" height=\"33\" \/><\/p>\n<p style=\"text-align: center;\"><img loading=\"lazy\" decoding=\"async\" class=\"aligncenter wp-image-3706\" src=\"https:\/\/brunstock.com\/german\/wp-content\/uploads\/2025\/12\/contact-us-Brunstock-blue-246x300.png\" alt=\"Kontakt\u2011Icon \u2013 Mobiltelefon und Sprechblase\" width=\"70\" height=\"85\" srcset=\"https:\/\/brunstock.com\/german\/wp-content\/uploads\/2025\/12\/contact-us-Brunstock-blue-246x300.png 246w, https:\/\/brunstock.com\/german\/wp-content\/uploads\/2025\/12\/contact-us-Brunstock-blue.png 278w\" sizes=\"(max-width: 70px) 100vw, 70px\" \/><\/p>\n<p style=\"text-align: center;\"><a href=\"https:\/\/brunstock.com\/german\/contact-us\/\">Kontaktieren Sie noch heute Ihren lokalen Brunstock\u2011Vertreter!<\/a><\/p>\n<p>[\/et_pb_text][\/et_pb_column][\/et_pb_row][\/et_pb_section]<\/p>\n","protected":false},"excerpt":{"rendered":"<p>Schaltanlagen und Leistungstransformatoren f\u00fcr Umspannwerke Brunstocks Produktpalette ist auf die Bed\u00fcrfnisse der Kunden unserer Vertriebspartner zugeschnitten. Wir unterst\u00fctzen sie w\u00e4hrend des gesamten Projektlebenszyklus \u2013 von der Ausschreibung \u00fcber die Ausf\u00fchrung bis hin zur laufenden Wartung. Unternehmen auf der ganzen Welt engagieren sich intensiv f\u00fcr erneuerbare Energien, um unsere Zukunft auf diesem Planeten zu sichern. Brunstock [&hellip;]<\/p>\n","protected":false},"author":3,"featured_media":0,"parent":0,"menu_order":0,"comment_status":"closed","ping_status":"closed","template":"","meta":{"_et_pb_use_builder":"on","_et_pb_old_content":"","_et_gb_content_width":"","footnotes":""},"class_list":["post-240","page","type-page","status-publish","hentry"],"_links":{"self":[{"href":"https:\/\/brunstock.com\/german\/wp-json\/wp\/v2\/pages\/240","targetHints":{"allow":["GET"]}}],"collection":[{"href":"https:\/\/brunstock.com\/german\/wp-json\/wp\/v2\/pages"}],"about":[{"href":"https:\/\/brunstock.com\/german\/wp-json\/wp\/v2\/types\/page"}],"author":[{"embeddable":true,"href":"https:\/\/brunstock.com\/german\/wp-json\/wp\/v2\/users\/3"}],"replies":[{"embeddable":true,"href":"https:\/\/brunstock.com\/german\/wp-json\/wp\/v2\/comments?post=240"}],"version-history":[{"count":45,"href":"https:\/\/brunstock.com\/german\/wp-json\/wp\/v2\/pages\/240\/revisions"}],"predecessor-version":[{"id":3711,"href":"https:\/\/brunstock.com\/german\/wp-json\/wp\/v2\/pages\/240\/revisions\/3711"}],"wp:attachment":[{"href":"https:\/\/brunstock.com\/german\/wp-json\/wp\/v2\/media?parent=240"}],"curies":[{"name":"wp","href":"https:\/\/api.w.org\/{rel}","templated":true}]}}