{"id":266,"date":"2024-05-11T05:50:26","date_gmt":"2024-05-11T05:50:26","guid":{"rendered":"https:\/\/brunstock.com\/?page_id=266"},"modified":"2026-02-27T06:56:02","modified_gmt":"2026-02-27T06:56:02","slug":"sf6-free-switchgear","status":"publish","type":"page","link":"https:\/\/brunstock.com\/german\/sf6-free-switchgear\/","title":{"rendered":"SF6-freie RMUs"},"content":{"rendered":"<p>[et_pb_section fb_built=&#8221;1&#8243; admin_label=&#8221;section&#8221; _builder_version=&#8221;4.16&#8243; global_colors_info=&#8221;{}&#8221;][et_pb_row column_structure=&#8221;2_3,1_3&#8243; use_custom_gutter=&#8221;on&#8221; gutter_width=&#8221;4&#8243; _builder_version=&#8221;4.25.0&#8243; _module_preset=&#8221;default&#8221; width=&#8221;90%&#8221; max_width=&#8221;1200px&#8221; custom_padding=&#8221;||0px||false|false&#8221; global_colors_info=&#8221;{}&#8221;][et_pb_column type=&#8221;2_3&#8243; _builder_version=&#8221;4.25.0&#8243; _module_preset=&#8221;default&#8221; global_colors_info=&#8221;{}&#8221;][et_pb_text ul_item_indent=&#8221;35px&#8221; _builder_version=&#8221;4.27.4&#8243; _module_preset=&#8221;default&#8221; text_font=&#8221;TWKLausanne 300||||||||&#8221; text_text_color=&#8221;#000000&#8243; ul_line_height=&#8221;1.8em&#8221; custom_margin=&#8221;||12px|||&#8221; global_colors_info=&#8221;{}&#8221;]<\/p>\n<h1>SF6-freie gasisolierte Schaltanlage<\/h1>\n<p>Brunstock bietet treibhausgasfreie Schaltanlagen f\u00fcr Umspannwerke an. Unsere sekund\u00e4ren Ringkabelschaltanlagen (RMU) sind mit Nennspannungen von 24\u202fkV und 40,5\u202fkV erh\u00e4ltlich (1250\u202fA, 31,5\u202fkA).<\/p>\n<p><strong>24 kV<\/strong><\/p>\n<p>BGS-24 ist eine trockenluftisolierte Mittelspannungsschaltanlage bis 24 kV f\u00fcr den Einsatz in der Sekund\u00e4rverteilung. Sie kann mit folgenden Schutzeinrichtungen ausgestattet werden:<\/p>\n<ul>\n<li>Transformatorschutz<\/li>\n<li>Leitungsschutz<\/li>\n<\/ul>\n<p>Seine Kompaktheit, der breite Funktionsumfang sowie die einfache Installation und Erweiterbarkeit machen es zu einer vielseitigen Schaltanlage f\u00fcr viele Verteilungsanwendungen, wie z. B. \u00f6ffentliche Verteilung, Industrie, Infrastruktur oder erneuerbare Energien.<\/p>\n<p>Erfahren Sie mehr \u00fcber <a href=\"https:\/\/brunstock.com\/german\/bgs-24-dry-air-insulated-secondary-switchgear-rated-up-to-24kv\/\">BGS-24 im Detail<\/a>.<\/p>\n<p><strong>40,5 kV<\/strong><\/p>\n<p>BGS-40.5 ist eine gasisolierte Mittelspannungsschaltanlage mit bis zu 40,5 kV, 1250 A, 31,5 kA und 4 s. Sie wird in der sekund\u00e4ren Energieverteilung eingesetzt und ist f\u00fcr den kundenspezifischen Einsatz von Schaltanlagen konzipiert in:<\/p>\n<ul>\n<li>Kompakten Sekund\u00e4rstationen<\/li>\n<li>Industrielle Anwendungen<\/li>\n<li>Wind- und Solarkraftwerke<\/li>\n<li>Hotels, Einkaufszentren, B\u00fcrogeb\u00e4ude, Gesch\u00e4ftszentren usw.<\/li>\n<\/ul>\n<p>Erfahren Sie mehr \u00fcber\u00a0<a href=\"https:\/\/brunstock.com\/german\/bgs-40-5-rmus\/\">BGS-40.5 im Detail<\/a>.<\/p>\n<p>[\/et_pb_text][\/et_pb_column][et_pb_column type=&#8221;1_3&#8243; _builder_version=&#8221;4.25.0&#8243; _module_preset=&#8221;default&#8221; global_colors_info=&#8221;{}&#8221;][et_pb_image src=&#8221;https:\/\/brunstock.com\/german\/wp-content\/uploads\/2026\/02\/BGS-24_400w.webp&#8221; alt=&#8221;BGS-40.5 green GIS SF6-freie gasisolierte Schaltanlage&#8221; title_text=&#8221;BGS-24_400w&#8221; _builder_version=&#8221;4.27.5&#8243; _module_preset=&#8221;default&#8221; hover_enabled=&#8221;0&#8243; global_colors_info=&#8221;{}&#8221; url=&#8221;brunstock.com\/german\/bgs-24-dry-air-insulated-secondary-switchgear-rated-up-to-24kv\/&#8221; sticky_enabled=&#8221;0&#8243; width=&#8221;80%&#8221;][\/et_pb_image][et_pb_image src=&#8221;https:\/\/brunstock.com\/german\/wp-content\/uploads\/2025\/11\/BGS_40.5_2026AG_BS.webp&#8221; alt=&#8221;BGS-40.5 green GIS SF6-freie gasisolierte Schaltanlage&#8221; title_text=&#8221;BGS_40.5_2026AG_BS&#8221; _builder_version=&#8221;4.27.5&#8243; _module_preset=&#8221;default&#8221; hover_enabled=&#8221;0&#8243; global_colors_info=&#8221;{}&#8221; url=&#8221;https:\/\/brunstock.com\/german\/bgs-40-5-rmus\/&#8221; sticky_enabled=&#8221;0&#8243;][\/et_pb_image][\/et_pb_column][\/et_pb_row][et_pb_row column_structure=&#8221;3_4,1_4&#8243; use_custom_gutter=&#8221;on&#8221; gutter_width=&#8221;2&#8243; _builder_version=&#8221;4.25.0&#8243; _module_preset=&#8221;default&#8221; width=&#8221;90%&#8221; max_width=&#8221;1200px&#8221; custom_padding=&#8221;3px||11px|||&#8221; global_colors_info=&#8221;{}&#8221;][et_pb_column type=&#8221;3_4&#8243; _builder_version=&#8221;4.25.0&#8243; _module_preset=&#8221;default&#8221; global_colors_info=&#8221;{}&#8221;][et_pb_heading title=&#8221;Warum sind SF6-freie Schaltanlagen wichtig?&#8221; _builder_version=&#8221;4.27.4&#8243; _module_preset=&#8221;default&#8221; title_font=&#8221;TWKLausanne 600|600|||||||&#8221; title_text_color=&#8221;#0C71C3&#8243; title_font_size=&#8221;26px&#8221; custom_margin=&#8221;5px||12px|||&#8221; locked=&#8221;off&#8221; global_colors_info=&#8221;{}&#8221;][\/et_pb_heading][et_pb_text ul_item_indent=&#8221;45px&#8221; _builder_version=&#8221;4.27.4&#8243; _module_preset=&#8221;default&#8221; text_font=&#8221;TWKLausanne 300||||||||&#8221; text_text_color=&#8221;#000000&#8243; ul_line_height=&#8221;1.8em&#8221; custom_margin=&#8221;||2px|||&#8221; locked=&#8221;off&#8221; global_colors_info=&#8221;{}&#8221;]<\/p>\n<p>Unsere SF6-freie Ringkabelanlage ist eine Schaltanlage, die kein Schwefelhexafluorid (SF6) als Isolier- und Unterbrechungsmedium verwendet. Sie ist der n\u00e4chste Schritt auf dem Weg unserer Branche in eine sauberere, gr\u00fcnere Zukunft, wie sie sich umweltbewusste Menschen w\u00fcnschen. SF6-Gas wird aufgrund seiner hervorragenden Isoliereigenschaften und hohen Durchschlagfestigkeit h\u00e4ufig in elektrischen Schaltanlagen eingesetzt. SF6 ist jedoch auch ein starkes Treibhausgas mit hohem Treibhauspotenzial, und seine Verwendung hat Umweltbedenken ausgel\u00f6st.<\/p>\n<p>[\/et_pb_text][\/et_pb_column][et_pb_column type=&#8221;1_4&#8243; _builder_version=&#8221;4.25.0&#8243; _module_preset=&#8221;default&#8221; global_colors_info=&#8221;{}&#8221;][et_pb_image src=&#8221;https:\/\/brunstock.com\/wp-content\/uploads\/2024\/12\/Icons-SF6-free150.webp&#8221; alt=&#8221;Environmental, eco-friendly symbol, three leaves, electric engineers, SF6-free icons&#8221; title_text=&#8221;Icons-SF6-free150&#8243; _builder_version=&#8221;4.27.4&#8243; _module_preset=&#8221;default&#8221; global_colors_info=&#8221;{}&#8221;][\/et_pb_image][\/et_pb_column][\/et_pb_row][et_pb_row use_custom_gutter=&#8221;on&#8221; gutter_width=&#8221;2&#8243; _builder_version=&#8221;4.25.0&#8243; _module_preset=&#8221;default&#8221; width=&#8221;90%&#8221; max_width=&#8221;1200px&#8221; custom_padding=&#8221;3px|||||&#8221; global_colors_info=&#8221;{}&#8221;][et_pb_column type=&#8221;4_4&#8243; _builder_version=&#8221;4.25.0&#8243; _module_preset=&#8221;default&#8221; global_colors_info=&#8221;{}&#8221;][et_pb_text ul_item_indent=&#8221;45px&#8221; _builder_version=&#8221;4.27.4&#8243; _module_preset=&#8221;default&#8221; text_font=&#8221;TWKLausanne 300||||||||&#8221; text_text_color=&#8221;#000000&#8243; ul_line_height=&#8221;1.8em&#8221; custom_margin=&#8221;||2px|||&#8221; locked=&#8221;off&#8221; global_colors_info=&#8221;{}&#8221;]<\/p>\n<p>Die SF6-freien Schaltanlagen von Brunstock nutzen alternative Technologien zur Isolierung und Lichtbogenunterbrechung und eliminieren so die mit SF6-Gas verbundenen Umweltauswirkungen. Brunstock Electric hat eine gasisolierte Schaltanlage (GIS) entwickelt, die trockene Luft als Alternative zu Schwefelhexafluorid nutzt. Das geringere Umweltrisiko ist auf das geringere Treibhauspotenzial im Vergleich zu SF6 zur\u00fcckzuf\u00fchren. Dies tr\u00e4gt dazu bei, die Nachhaltigkeitsziele Ihres Projekts, Kunden oder Unternehmens zu erreichen.<\/p>\n<p>SF6-freie Schaltanlagen stellen einen bedeutenden technologischen Fortschritt in der Elektroindustrie dar und stehen im Einklang mit den weltweiten Bem\u00fchungen zur Eind\u00e4mmung des Klimawandels und zur Reduzierung der Treibhausgasemissionen. W\u00e4hrend SF6 in vielen bestehenden Anlagen noch weit verbreitet ist, beschleunigt sich die Umstellung auf SF6-freie Schaltanlagen, da die Vorschriften strenger werden und Umweltaspekte zunehmend an Bedeutung gewinnen.<\/p>\n<p>[\/et_pb_text][et_pb_image src=&#8221;https:\/\/brunstock.com\/wp-content\/uploads\/2024\/06\/BGS40in-kiosk.webp&#8221; alt=&#8221;Nitrogen insulated switchgear SF6-free, sustainable switchgear, environmentally friendly switchgear&#8221; title_text=&#8221;BGS40in-kiosk&#8221; _builder_version=&#8221;4.25.0&#8243; _module_preset=&#8221;default&#8221; custom_margin=&#8221;-30px||||false|false&#8221; custom_padding=&#8221;27px|||||&#8221; global_colors_info=&#8221;{}&#8221;][\/et_pb_image][\/et_pb_column][\/et_pb_row][et_pb_row column_structure=&#8221;1_3,1_3,1_3&#8243; use_custom_gutter=&#8221;on&#8221; _builder_version=&#8221;4.25.0&#8243; _module_preset=&#8221;default&#8221; width=&#8221;90%&#8221; max_width=&#8221;1200px&#8221; custom_padding=&#8221;||71px|||&#8221; global_colors_info=&#8221;{}&#8221;][et_pb_column type=&#8221;1_3&#8243; _builder_version=&#8221;4.25.0&#8243; _module_preset=&#8221;default&#8221; global_colors_info=&#8221;{}&#8221;][et_pb_blurb title=&#8221;24 kV sekund\u00e4re SF6-freie RMU&#8221; alt=&#8221;BGS-12 KV SF6-FREE ring main unit, nitrogen-insulated switchgear&#8221; _builder_version=&#8221;4.27.4&#8243; _module_preset=&#8221;default&#8221; header_font=&#8221;TWKLausanne 600||||||||&#8221; header_text_align=&#8221;center&#8221; header_text_color=&#8221;#000000&#8243; header_font_size=&#8221;20px&#8221; body_font=&#8221;TWKLausanne 300||||||||&#8221; body_text_align=&#8221;center&#8221; body_text_color=&#8221;#000000&#8243; body_font_size=&#8221;16px&#8221; custom_margin=&#8221;||-3px|||&#8221; global_colors_info=&#8221;{}&#8221;][\/et_pb_blurb][et_pb_image src=&#8221;https:\/\/brunstock.com\/german\/wp-content\/uploads\/2026\/02\/BGS-24_noLV_400w-1.webp&#8221; alt=&#8221;BGS-40.5 KV SF6-FREE ring main unit, nitrogen-insulated switchgear&#8221; title_text=&#8221;BGS-24_noLV_400w&#8221; _builder_version=&#8221;4.27.5&#8243; _module_preset=&#8221;default&#8221; hover_enabled=&#8221;0&#8243; global_colors_info=&#8221;{}&#8221; width=&#8221;92%&#8221; url=&#8221;https:\/\/brunstock.com\/german\/bgs-24-dry-air-insulated-secondary-switchgear-rated-up-to-24kv\/&#8221; align=&#8221;center&#8221; sticky_enabled=&#8221;0&#8243;][\/et_pb_image][dipl_button buttons_alignment=&#8221;center&#8221; admin_label=&#8221;BGS-24 in detail button&#8221; _builder_version=&#8221;4.27.4&#8243; _module_preset=&#8221;default&#8221; button_text_color=&#8221;#EDF000&#8243; custom_margin=&#8221;||||false|false&#8221; custom_padding=&#8221;0px||||false|false&#8221; global_colors_info=&#8221;{}&#8221;][dipl_button_item button_text=&#8221;BGS-24 im Detail&#8221; button_url=&#8221;https:\/\/brunstock.com\/german\/bgs-24-dry-air-insulated-secondary-switchgear-rated-up-to-24kv\/&#8221; button_bg_use_color_gradient=&#8221;on&#8221; _builder_version=&#8221;4.27.4&#8243; _module_preset=&#8221;default&#8221; button_text_color=&#8221;#FFFFFF&#8221; global_colors_info=&#8221;{}&#8221;][\/dipl_button_item][\/dipl_button][dipl_button buttons_alignment=&#8221;center&#8221; disabled_on=&#8221;on|on|on&#8221; admin_label=&#8221;BGS-24 Download bro and cat&#8221; _builder_version=&#8221;4.27.4&#8243; _module_preset=&#8221;default&#8221; custom_margin=&#8221;||||false|false&#8221; custom_padding=&#8221;0px||||false|false&#8221; disabled=&#8221;on&#8221; global_colors_info=&#8221;{}&#8221;][dipl_button_item button_text=&#8221;Brosch\u00fcre herunterladen&#8221; button_url=&#8221;#&#8221; background_fill_style=&#8221;slide_down_fill&#8221; button_custom_margin=&#8221;|10px|10px||false|false&#8221; button_custom_padding=&#8221;|20px||20px|false|true&#8221; button_bg_use_color_gradient=&#8221;on&#8221; button_bg_color_gradient_stops=&#8221;#2f91c6 0%|#0c71c3 100%&#8221; _builder_version=&#8221;4.27.4&#8243; _module_preset=&#8221;default&#8221; button_font=&#8221;Poppins||||||||&#8221; button_text_color=&#8221;#FFFFFF&#8221; button_font_size=&#8221;16px&#8221; button_letter_spacing=&#8221;0.5px&#8221; global_colors_info=&#8221;{}&#8221;][\/dipl_button_item][dipl_button_item button_text=&#8221;Katalog herunterladen&#8221; button_url=&#8221;#&#8221; background_fill_style=&#8221;slide_down_fill&#8221; button_custom_margin=&#8221;|10px|10px||false|false&#8221; button_custom_padding=&#8221;|20px||20px|false|true&#8221; button_bg_use_color_gradient=&#8221;on&#8221; button_bg_color_gradient_stops=&#8221;#4bc621 0%|#00ae4d 100%&#8221; _builder_version=&#8221;4.27.4&#8243; _module_preset=&#8221;default&#8221; button_font=&#8221;Poppins||||||||&#8221; button_text_color=&#8221;#FFFFFF&#8221; button_font_size=&#8221;16px&#8221; button_letter_spacing=&#8221;0.5px&#8221; global_colors_info=&#8221;{}&#8221;][\/dipl_button_item][\/dipl_button][\/et_pb_column][et_pb_column type=&#8221;1_3&#8243; _builder_version=&#8221;4.25.0&#8243; _module_preset=&#8221;default&#8221; global_colors_info=&#8221;{}&#8221;][et_pb_blurb title=&#8221;40,5 kV sekund\u00e4re SF6-freie RMU&#8221; alt=&#8221;BGS-12 KV SF6-FREE ring main unit, nitrogen-insulated switchgear&#8221; _builder_version=&#8221;4.27.4&#8243; _module_preset=&#8221;default&#8221; header_font=&#8221;TWKLausanne 600||||||||&#8221; header_text_align=&#8221;center&#8221; header_text_color=&#8221;#000000&#8243; header_font_size=&#8221;20px&#8221; body_font=&#8221;TWKLausanne 300||||||||&#8221; body_text_align=&#8221;center&#8221; body_text_color=&#8221;#000000&#8243; body_font_size=&#8221;16px&#8221; custom_margin=&#8221;||-3px|||&#8221; global_colors_info=&#8221;{}&#8221;][\/et_pb_blurb][et_pb_image src=&#8221;https:\/\/brunstock.com\/german\/wp-content\/uploads\/2025\/11\/40.5-kV-secondary-SF6-free-RMU.webp&#8221; alt=&#8221;BGS-40.5 KV SF6-FREE ring main unit, nitrogen-insulated switchgear&#8221; title_text=&#8221;40.5 kV secondary SF6-free RMU&#8221; _builder_version=&#8221;4.27.5&#8243; _module_preset=&#8221;default&#8221; hover_enabled=&#8221;0&#8243; global_colors_info=&#8221;{}&#8221; align=&#8221;center&#8221; url=&#8221;https:\/\/brunstock.com\/german\/bgs-40-5-rmus\/&#8221; sticky_enabled=&#8221;0&#8243;][\/et_pb_image][dipl_button buttons_alignment=&#8221;center&#8221; admin_label=&#8221;BGS-40.5 in detail button&#8221; _builder_version=&#8221;4.27.4&#8243; _module_preset=&#8221;default&#8221; button_text_color=&#8221;#EDF000&#8243; custom_margin=&#8221;||||false|false&#8221; custom_padding=&#8221;0px||||false|false&#8221; global_colors_info=&#8221;{}&#8221;][dipl_button_item button_text=&#8221;BGS-40.5 im Detail&#8221; button_url=&#8221;https:\/\/brunstock.com\/german\/bgs-40-5-rmus\/&#8221; button_bg_use_color_gradient=&#8221;on&#8221; _builder_version=&#8221;4.27.4&#8243; _module_preset=&#8221;default&#8221; button_text_color=&#8221;#FFFFFF&#8221; global_colors_info=&#8221;{}&#8221;][\/dipl_button_item][\/dipl_button][dipl_button buttons_alignment=&#8221;center&#8221; disabled_on=&#8221;on|on|on&#8221; admin_label=&#8221;BGS-40.5 download bro and cat&#8221; _builder_version=&#8221;4.27.4&#8243; _module_preset=&#8221;default&#8221; custom_margin=&#8221;||||false|false&#8221; custom_padding=&#8221;0px||||false|false&#8221; disabled=&#8221;on&#8221; global_colors_info=&#8221;{}&#8221;][dipl_button_item button_text=&#8221;Brosch\u00fcre herunterladen&#8221; button_url=&#8221;#&#8221; background_fill_style=&#8221;slide_down_fill&#8221; button_custom_margin=&#8221;|10px|10px||false|false&#8221; button_custom_padding=&#8221;|20px||20px|false|true&#8221; button_bg_use_color_gradient=&#8221;on&#8221; button_bg_color_gradient_stops=&#8221;#2f91c6 0%|#0c71c3 100%&#8221; _builder_version=&#8221;4.27.4&#8243; _module_preset=&#8221;default&#8221; button_font=&#8221;Poppins||||||||&#8221; button_text_color=&#8221;#FFFFFF&#8221; button_font_size=&#8221;16px&#8221; button_letter_spacing=&#8221;0.5px&#8221; global_colors_info=&#8221;{}&#8221;][\/dipl_button_item][dipl_button_item button_text=&#8221;Katalog herunterladen&#8221; button_url=&#8221;#&#8221; background_fill_style=&#8221;slide_down_fill&#8221; button_custom_margin=&#8221;|10px|10px||false|false&#8221; button_custom_padding=&#8221;|20px||20px|false|true&#8221; button_bg_use_color_gradient=&#8221;on&#8221; button_bg_color_gradient_stops=&#8221;#4bc621 0%|#00ae4d 100%&#8221; _builder_version=&#8221;4.27.4&#8243; _module_preset=&#8221;default&#8221; button_font=&#8221;Poppins||||||||&#8221; button_text_color=&#8221;#FFFFFF&#8221; button_font_size=&#8221;16px&#8221; button_letter_spacing=&#8221;0.5px&#8221; global_colors_info=&#8221;{}&#8221;][\/dipl_button_item][\/dipl_button][\/et_pb_column][et_pb_column type=&#8221;1_3&#8243; _builder_version=&#8221;4.25.0&#8243; _module_preset=&#8221;default&#8221; global_colors_info=&#8221;{}&#8221;][et_pb_blurb title=&#8221;12 kV sekund\u00e4re SF6-freie RMU&#8221; alt=&#8221;BGS-12 KV SF6-FREE ring main unit, nitrogen-insulated switchgear&#8221; disabled_on=&#8221;on|on|on&#8221; _builder_version=&#8221;4.27.4&#8243; _module_preset=&#8221;default&#8221; header_font=&#8221;TWKLausanne 600||||||||&#8221; header_text_align=&#8221;center&#8221; header_text_color=&#8221;#000000&#8243; header_font_size=&#8221;20px&#8221; body_font=&#8221;TWKLausanne 300||||||||&#8221; body_text_align=&#8221;center&#8221; body_text_color=&#8221;#000000&#8243; body_font_size=&#8221;16px&#8221; custom_margin=&#8221;||-3px|||&#8221; disabled=&#8221;on&#8221; global_colors_info=&#8221;{}&#8221;][\/et_pb_blurb][et_pb_image src=&#8221;https:\/\/brunstock.com\/wp-content\/uploads\/2024\/12\/BGS-12-SF6-free-RMU-2024-06-13sfw1200.webp&#8221; alt=&#8221;Eco-friendly switchgear with less greenhouse gas. Nitrogen instead of SF6.&#8221; title_text=&#8221;BGS-12-SF6-free-RMU-2024-06-13sfw1200&#8243; disabled_on=&#8221;on|on|on&#8221; _builder_version=&#8221;4.27.4&#8243; _module_preset=&#8221;default&#8221; disabled=&#8221;on&#8221; global_colors_info=&#8221;{}&#8221;][\/et_pb_image][dipl_button buttons_alignment=&#8221;center&#8221; disabled_on=&#8221;on|on|on&#8221; admin_label=&#8221;BGS-12 in detail button&#8221; _builder_version=&#8221;4.27.4&#8243; _module_preset=&#8221;default&#8221; button_text_color=&#8221;#EDF000&#8243; custom_margin=&#8221;||||false|false&#8221; custom_padding=&#8221;0px||||false|false&#8221; disabled=&#8221;on&#8221; global_colors_info=&#8221;{}&#8221;][dipl_button_item button_text=&#8221;BGS-12 im Detail&#8221; button_url=&#8221;https:\/\/brunstock.com\/german\/bgs-12-green-gas-insulated-secondary-switchgear\/&#8221; button_bg_use_color_gradient=&#8221;on&#8221; _builder_version=&#8221;4.27.4&#8243; _module_preset=&#8221;default&#8221; button_text_color=&#8221;#FFFFFF&#8221; global_colors_info=&#8221;{}&#8221;][\/dipl_button_item][\/dipl_button][\/et_pb_column][\/et_pb_row][et_pb_row _builder_version=&#8221;4.27.0&#8243; _module_preset=&#8221;default&#8221; global_colors_info=&#8221;{}&#8221;][et_pb_column type=&#8221;4_4&#8243; _builder_version=&#8221;4.27.0&#8243; _module_preset=&#8221;default&#8221; global_colors_info=&#8221;{}&#8221;][et_pb_heading title=&#8221;Das k\u00f6nnte Sie auch interessieren&#8221; admin_label=&#8221;You might also be interested in&#8221; _builder_version=&#8221;4.27.4&#8243; _module_preset=&#8221;default&#8221; title_level=&#8221;h2&#8243; text_shadow_style=&#8221;preset1&#8243; global_colors_info=&#8221;{}&#8221;][\/et_pb_heading][et_pb_text _builder_version=&#8221;4.27.4&#8243; _module_preset=&#8221;default&#8221; global_colors_info=&#8221;{}&#8221;]<\/p>\n<ul>\n<li><a href=\"https:\/\/brunstock.com\/german\/sf6-free-primary-gis\/\">Prim\u00e4rschaltanlage<\/a><\/li>\n<li><a href=\"https:\/\/brunstock.com\/german\/step-up-transformer-substations\/\">Umspannwerke f\u00fcr Solarparks<\/a><\/li>\n<li><a href=\"https:\/\/brunstock.com\/german\/step-up-transformer-skid-stations\/\">Transformatorstationen f\u00fcr Energiespeicher aufr\u00fcsten<\/a><\/li>\n<li><a href=\"https:\/\/brunstock.com\/german\/collector-substations\/\">Kioske f\u00fcr Mittelspannungs-Umspannwerke<\/a><\/li>\n<\/ul>\n<p>[\/et_pb_text][\/et_pb_column][\/et_pb_row][et_pb_row admin_label=&#8221;Call To Actin&#8221; _builder_version=&#8221;4.25.0&#8243; _module_preset=&#8221;default&#8221; global_colors_info=&#8221;{}&#8221;][et_pb_column type=&#8221;4_4&#8243; _builder_version=&#8221;4.25.0&#8243; _module_preset=&#8221;default&#8221; global_colors_info=&#8221;{}&#8221;][et_pb_text admin_label=&#8221;2026 CTA German&#8221; _builder_version=&#8221;4.27.4&#8243; _module_preset=&#8221;default&#8221; global_colors_info=&#8221;{}&#8221;]<\/p>\n<p style=\"text-align: center;\"><img loading=\"lazy\" decoding=\"async\" class=\"wp-image-3705 aligncenter size-full\" src=\"https:\/\/brunstock.com\/german\/wp-content\/uploads\/2025\/12\/Brunstock200.png\" alt=\"Brunstock logo\" width=\"200\" height=\"33\" \/><\/p>\n<p style=\"text-align: center;\"><img loading=\"lazy\" decoding=\"async\" class=\"aligncenter wp-image-3706\" src=\"https:\/\/brunstock.com\/german\/wp-content\/uploads\/2025\/12\/contact-us-Brunstock-blue-246x300.png\" alt=\"Kontakt\u2011Icon \u2013 Mobiltelefon und Sprechblase\" width=\"70\" height=\"85\" srcset=\"https:\/\/brunstock.com\/german\/wp-content\/uploads\/2025\/12\/contact-us-Brunstock-blue-246x300.png 246w, https:\/\/brunstock.com\/german\/wp-content\/uploads\/2025\/12\/contact-us-Brunstock-blue.png 278w\" sizes=\"(max-width: 70px) 100vw, 70px\" \/><\/p>\n<p style=\"text-align: center;\"><a href=\"https:\/\/brunstock.com\/german\/contact-us\/\">Kontaktieren Sie noch heute Ihren lokalen Brunstock\u2011Vertreter!<\/a><\/p>\n<p>[\/et_pb_text][\/et_pb_column][\/et_pb_row][\/et_pb_section]<\/p>\n","protected":false},"excerpt":{"rendered":"<p>SF6-freie gasisolierte Schaltanlage Brunstock bietet treibhausgasfreie Schaltanlagen f\u00fcr Umspannwerke an. Unsere sekund\u00e4ren Ringkabelschaltanlagen (RMU) sind mit Nennspannungen von 24\u202fkV und 40,5\u202fkV erh\u00e4ltlich (1250\u202fA, 31,5\u202fkA). 24 kV BGS-24 ist eine trockenluftisolierte Mittelspannungsschaltanlage bis 24 kV f\u00fcr den Einsatz in der Sekund\u00e4rverteilung. Sie kann mit folgenden Schutzeinrichtungen ausgestattet werden: Transformatorschutz Leitungsschutz Seine Kompaktheit, der breite Funktionsumfang sowie [&hellip;]<\/p>\n","protected":false},"author":3,"featured_media":0,"parent":0,"menu_order":0,"comment_status":"closed","ping_status":"closed","template":"","meta":{"_et_pb_use_builder":"on","_et_pb_old_content":"","_et_gb_content_width":"","footnotes":""},"class_list":["post-266","page","type-page","status-publish","hentry"],"_links":{"self":[{"href":"https:\/\/brunstock.com\/german\/wp-json\/wp\/v2\/pages\/266","targetHints":{"allow":["GET"]}}],"collection":[{"href":"https:\/\/brunstock.com\/german\/wp-json\/wp\/v2\/pages"}],"about":[{"href":"https:\/\/brunstock.com\/german\/wp-json\/wp\/v2\/types\/page"}],"author":[{"embeddable":true,"href":"https:\/\/brunstock.com\/german\/wp-json\/wp\/v2\/users\/3"}],"replies":[{"embeddable":true,"href":"https:\/\/brunstock.com\/german\/wp-json\/wp\/v2\/comments?post=266"}],"version-history":[{"count":76,"href":"https:\/\/brunstock.com\/german\/wp-json\/wp\/v2\/pages\/266\/revisions"}],"predecessor-version":[{"id":4157,"href":"https:\/\/brunstock.com\/german\/wp-json\/wp\/v2\/pages\/266\/revisions\/4157"}],"wp:attachment":[{"href":"https:\/\/brunstock.com\/german\/wp-json\/wp\/v2\/media?parent=266"}],"curies":[{"name":"wp","href":"https:\/\/api.w.org\/{rel}","templated":true}]}}