{"id":268,"date":"2024-05-11T05:50:39","date_gmt":"2024-05-11T05:50:39","guid":{"rendered":"https:\/\/brunstock.com\/?page_id=268"},"modified":"2025-11-10T12:01:49","modified_gmt":"2025-11-10T12:01:49","slug":"gas-insulated-switchgear","status":"publish","type":"page","link":"https:\/\/brunstock.com\/german\/gas-insulated-switchgear\/","title":{"rendered":"Gasisolierte Schaltanlagen"},"content":{"rendered":"<p>[et_pb_section fb_built=&#8221;1&#8243; admin_label=&#8221;section&#8221; _builder_version=&#8221;4.16&#8243; global_colors_info=&#8221;{}&#8221;][et_pb_row use_custom_gutter=&#8221;on&#8221; gutter_width=&#8221;2&#8243; _builder_version=&#8221;4.25.0&#8243; _module_preset=&#8221;default&#8221; width=&#8221;90%&#8221; max_width=&#8221;1200px&#8221; custom_padding=&#8221;3px||0px|||&#8221; global_colors_info=&#8221;{}&#8221;][et_pb_column type=&#8221;4_4&#8243; _builder_version=&#8221;4.25.0&#8243; _module_preset=&#8221;default&#8221; global_colors_info=&#8221;{}&#8221;][et_pb_text ul_item_indent=&#8221;35px&#8221; _builder_version=&#8221;4.27.4&#8243; _module_preset=&#8221;default&#8221; text_font=&#8221;TWKLausanne 300||||||||&#8221; text_text_color=&#8221;#000000&#8243; ul_line_height=&#8221;1.8em&#8221; custom_margin=&#8221;||12px|||&#8221; global_colors_info=&#8221;{}&#8221;]<\/p>\n<h1>Gasisolierte Mittelspannungsschaltanlage (24 kV)<\/h1>\n<p>BGS-24 ist eine 24-kV-Ringkabelschaltanlage (RMU) bzw. eine sekund\u00e4rgasisolierte Schaltanlage. Sie verf\u00fcgt \u00fcber folgende Eigenschaften:<\/p>\n<ul>\n<li>Typgepr\u00fcft nach IEC 62271-100,<br \/>\nIEC 62271-200<\/li>\n<li>Metallgekapselt, Schottungsklasse PM<\/li>\n<li>Kategorie der Betriebskontinuit\u00e4t: LSC2B<\/li>\n<li>Schutzart: Gastank IP67, Geh\u00e4use IP4X<\/li>\n<li>Mechanische Lebensdauer: Leistungsschalter 10.000 (M2), Dreistellungs-Trenn-\/Erdungsschalter 5.000 (M2)<\/li>\n<\/ul>\n<p>Brunstock vertritt Stromverteilungssysteme und -l\u00f6sungen f\u00fcr den globalen IEC-Markt. Die BGS-24 (Brunstock gasisolierte Sekund\u00e4rschaltanlage mit einer Nennspannung von bis zu 24 kV) nutzt Vakuumschalt- und SF6-Versiegelungstechnologie mit Hauptstromkreis\/Hochspannungskomponenten im Gastank. Sie ist f\u00fcr den Betrieb unter rauen Umgebungsbedingungen wie Staub, Feuchtigkeit, salzhaltiger Luft und sogar in gro\u00dfer H\u00f6he geeignet.<\/p>\n<p>Das Produkt hat eine standardisierte Ger\u00e4tebreite von 450 mm und eine Tiefe von 800 mm. Seine kompakte Stellfl\u00e4che macht es zu einer flexiblen L\u00f6sung f\u00fcr vielf\u00e4ltige Einsatzm\u00f6glichkeiten. Sie finden sie in verschiedenen Kiosken in Wind- und Solarparks f\u00fcr erneuerbare Energien, in Energieversorgungsunternehmen, auf Flugh\u00e4fen und im Schienenverkehr.<\/p>\n<h2>Vorteile der BGS-24<\/h2>\n<ul>\n<li>Kosteneffizient<\/li>\n<li>Wartungsfrei<\/li>\n<li>Sicher und zuverl\u00e4ssig<\/li>\n<li>Kompakt<\/li>\n<li>Sorgt f\u00fcr Betriebskontinuit\u00e4t<\/li>\n<li>Schnelle Lieferung<\/li>\n<\/ul>\n<p>[\/et_pb_text][et_pb_image src=&#8221;https:\/\/brunstock.com\/wp-content\/uploads\/2024\/07\/BGS24_saved_from_PPT_AG.jpg&#8221; alt=&#8221;SF6 gas insulated switchgear 24kV&#8221; title_text=&#8221;BGS24_saved_from_PPT_AG&#8221; _builder_version=&#8221;4.25.0&#8243; _module_preset=&#8221;default&#8221; global_colors_info=&#8221;{}&#8221;][\/et_pb_image][\/et_pb_column][\/et_pb_row][et_pb_row column_structure=&#8221;1_2,1_2&#8243; _builder_version=&#8221;4.27.4&#8243; _module_preset=&#8221;default&#8221; global_colors_info=&#8221;{}&#8221;][et_pb_column type=&#8221;1_2&#8243; _builder_version=&#8221;4.27.4&#8243; _module_preset=&#8221;default&#8221; global_colors_info=&#8221;{}&#8221;][et_pb_text _builder_version=&#8221;4.27.4&#8243; _module_preset=&#8221;default&#8221; global_colors_info=&#8221;{}&#8221;]<\/p>\n<h2>Merkmale der gasisolierten Schaltanlage<\/h2>\n<h3>Gr\u00f6\u00dfe<\/h3>\n<ul>\n<li>Breite: 450 mm<\/li>\n<li>Tiefe: 880 mm<\/li>\n<li>H\u00f6he: 2200 mm<\/li>\n<\/ul>\n<h3>Leistung<\/h3>\n<ul>\n<li>Typgepr\u00fcft nach IEC 62271-100, IEC 62271-200<\/li>\n<li>Metallgekapselt, Schottungsklasse PM<\/li>\n<li>Kategorie der Betriebsunterbrechung: LSC2B<\/li>\n<li>Schutzart: Gastank IP67, Geh\u00e4use IP4X<\/li>\n<li>Mechanische Lebensdauer: Leistungsschalter 10.000 (M2), Dreistellungs-Trenn-\/Erdungsschalter 5.000 (M2)<\/li>\n<\/ul>\n<h3>Einhaltung internationaler Normen IEC<\/h3>\n<ul>\n<li>62271-100<\/li>\n<li>62271-103<\/li>\n<li>62271-105<\/li>\n<li>62271-200<\/li>\n<\/ul>\n<h2>Technische Spezifikationen von BGS-24<\/h2>\n<p>[\/et_pb_text][et_pb_image src=&#8221;https:\/\/brunstock.com\/wp-content\/uploads\/2025\/02\/bgs24-specs.webp&#8221; alt=&#8221;Switchgear specifications of BGS-24&#8243; title_text=&#8221;bgs24-specs&#8221; _builder_version=&#8221;4.27.4&#8243; _module_preset=&#8221;default&#8221; global_colors_info=&#8221;{}&#8221;][\/et_pb_image][\/et_pb_column][et_pb_column type=&#8221;1_2&#8243; _builder_version=&#8221;4.27.4&#8243; _module_preset=&#8221;default&#8221; global_colors_info=&#8221;{}&#8221;][et_pb_image src=&#8221;https:\/\/brunstock.com\/wp-content\/uploads\/2024\/12\/MV-switchgear-stations-1.webp&#8221; alt=&#8221;A switching room or compact switchgear cabinet or kiosk substation&#8221; title_text=&#8221;MV-switchgear-stations&#8221; _builder_version=&#8221;4.27.4&#8243; _module_preset=&#8221;default&#8221; global_colors_info=&#8221;{}&#8221;][\/et_pb_image][\/et_pb_column][\/et_pb_row][et_pb_row _builder_version=&#8221;4.27.4&#8243; _module_preset=&#8221;default&#8221; global_colors_info=&#8221;{}&#8221;][et_pb_column type=&#8221;4_4&#8243; _builder_version=&#8221;4.27.4&#8243; _module_preset=&#8221;default&#8221; global_colors_info=&#8221;{}&#8221;][et_pb_text _builder_version=&#8221;4.27.4&#8243; _module_preset=&#8221;default&#8221; global_colors_info=&#8221;{}&#8221;]<\/p>\n<h2>Anwendung von BGS-24<\/h2>\n<p>Diese 24-kV-Schaltanlage eignet sich f\u00fcr Anlagen zur Erzeugung erneuerbarer Energien, Versorgungsunternehmen, Infrastruktur, \u00d6l- und Gasindustrie sowie Bergbau. <a href=\"https:\/\/brunstock.com\/german\/contact-us\/\">Kontaktieren Sie<\/a> Ihren Brunstock-Vertreter vor Ort f\u00fcr weitere Informationen und individuelle Anpassungen.[\/et_pb_text][\/et_pb_column][\/et_pb_row][et_pb_row disabled_on=&#8221;off|off|off&#8221; _builder_version=&#8221;4.27.0&#8243; _module_preset=&#8221;default&#8221; width=&#8221;90%&#8221; max_width=&#8221;1200px&#8221; global_colors_info=&#8221;{}&#8221;][et_pb_column type=&#8221;4_4&#8243; _builder_version=&#8221;4.25.0&#8243; _module_preset=&#8221;default&#8221; global_colors_info=&#8221;{}&#8221;][dipl_button inline_buttons=&#8221;on&#8221; disabled_on=&#8221;on|on|on&#8221; _builder_version=&#8221;4.27.4&#8243; _module_preset=&#8221;default&#8221; custom_margin=&#8221;||||false|false&#8221; disabled=&#8221;on&#8221; global_colors_info=&#8221;{}&#8221;][dipl_button_item button_text=&#8221;Brosch\u00fcre herunterladen&#8221; button_url=&#8221;#&#8221; background_fill_style=&#8221;slide_down_fill&#8221; button_custom_margin=&#8221;|10px|||false|false&#8221; button_custom_padding=&#8221;|20px||20px|false|true&#8221; button_bg_use_color_gradient=&#8221;on&#8221; button_bg_color_gradient_stops=&#8221;#2f91c6 0%|#0c71c3 100%&#8221; _builder_version=&#8221;4.27.4&#8243; _module_preset=&#8221;default&#8221; button_font=&#8221;Poppins||||||||&#8221; button_text_color=&#8221;#FFFFFF&#8221; button_font_size=&#8221;16px&#8221; button_letter_spacing=&#8221;0.5px&#8221; global_colors_info=&#8221;{}&#8221;][\/dipl_button_item][\/dipl_button][\/et_pb_column][\/et_pb_row][\/et_pb_section]<\/p>\n","protected":false},"excerpt":{"rendered":"<p>Gasisolierte Mittelspannungsschaltanlage (24 kV) BGS-24 ist eine 24-kV-Ringkabelschaltanlage (RMU) bzw. eine sekund\u00e4rgasisolierte Schaltanlage. Sie verf\u00fcgt \u00fcber folgende Eigenschaften: Typgepr\u00fcft nach IEC 62271-100, IEC 62271-200 Metallgekapselt, Schottungsklasse PM Kategorie der Betriebskontinuit\u00e4t: LSC2B Schutzart: Gastank IP67, Geh\u00e4use IP4X Mechanische Lebensdauer: Leistungsschalter 10.000 (M2), Dreistellungs-Trenn-\/Erdungsschalter 5.000 (M2) Brunstock vertritt Stromverteilungssysteme und -l\u00f6sungen f\u00fcr den globalen IEC-Markt. Die BGS-24 [&hellip;]<\/p>\n","protected":false},"author":3,"featured_media":0,"parent":0,"menu_order":0,"comment_status":"closed","ping_status":"closed","template":"","meta":{"_et_pb_use_builder":"on","_et_pb_old_content":"","_et_gb_content_width":"","footnotes":""},"class_list":["post-268","page","type-page","status-publish","hentry"],"_links":{"self":[{"href":"https:\/\/brunstock.com\/german\/wp-json\/wp\/v2\/pages\/268","targetHints":{"allow":["GET"]}}],"collection":[{"href":"https:\/\/brunstock.com\/german\/wp-json\/wp\/v2\/pages"}],"about":[{"href":"https:\/\/brunstock.com\/german\/wp-json\/wp\/v2\/types\/page"}],"author":[{"embeddable":true,"href":"https:\/\/brunstock.com\/german\/wp-json\/wp\/v2\/users\/3"}],"replies":[{"embeddable":true,"href":"https:\/\/brunstock.com\/german\/wp-json\/wp\/v2\/comments?post=268"}],"version-history":[{"count":20,"href":"https:\/\/brunstock.com\/german\/wp-json\/wp\/v2\/pages\/268\/revisions"}],"predecessor-version":[{"id":3593,"href":"https:\/\/brunstock.com\/german\/wp-json\/wp\/v2\/pages\/268\/revisions\/3593"}],"wp:attachment":[{"href":"https:\/\/brunstock.com\/german\/wp-json\/wp\/v2\/media?parent=268"}],"curies":[{"name":"wp","href":"https:\/\/api.w.org\/{rel}","templated":true}]}}