{"id":2895,"date":"2025-07-14T07:19:47","date_gmt":"2025-07-14T07:19:47","guid":{"rendered":"https:\/\/brunstock.com\/?page_id=2895"},"modified":"2025-11-10T05:27:30","modified_gmt":"2025-11-10T05:27:30","slug":"brunstock-news","status":"publish","type":"page","link":"https:\/\/brunstock.com\/german\/brunstock-news\/","title":{"rendered":"Brunstock Neuigkeiten"},"content":{"rendered":"<p>[et_pb_section fb_built=&#8221;1&#8243; _builder_version=&#8221;4.27.4&#8243; _module_preset=&#8221;default&#8221; global_colors_info=&#8221;{}&#8221;][et_pb_row _builder_version=&#8221;4.27.4&#8243; _module_preset=&#8221;default&#8221; custom_padding=&#8221;0px||||false|false&#8221; global_colors_info=&#8221;{}&#8221;][et_pb_column type=&#8221;4_4&#8243; _builder_version=&#8221;4.27.4&#8243; _module_preset=&#8221;default&#8221; global_colors_info=&#8221;{}&#8221;][dipl_blog_timeline posts_number=&#8221;100&#8243; featured_image_size=&#8221;medium&#8221; show_author=&#8221;off&#8221; show_categories=&#8221;off&#8221; show_comments=&#8221;off&#8221; show_read_more=&#8221;off&#8221; select_blog_timeline_layout_option=&#8221;dipl_blog_timeline_right&#8221; select_timeline_icon=&#8221;&#xf073;||fa||400&#8243; timeline_icon_fill_color=&#8221;#FFFFFF&#8221; timeline_icon_font_size=&#8221;23px&#8221; icon_shape=&#8221;use_circle&#8221; icon_shape_fill_color=&#8221;#00AE4D&#8221; icon_use_shape_border=&#8221;on&#8221; icon_shape_border_fill_color=&#8221;#00AE4D&#8221; icon_shape_border_size=&#8221;6px&#8221; timeline_bar_size=&#8221;4px&#8221; timeline_bar_fill_color=&#8221;#00AE4D&#8221; timeline_post_image_alignment=&#8221;flex-start&#8221; timeline_background_color=&#8221;#FFFFFF&#8221; _builder_version=&#8221;4.27.4&#8243; _module_preset=&#8221;default&#8221; timeline_post_title_font=&#8221;Archivo||||||||&#8221; timeline_post_title_text_align=&#8221;left&#8221; timeline_post_title_line_height=&#8221;1.3em&#8221; timeline_post_content_font=&#8221;Archivo||||||||&#8221; timeline_post_content_text_color=&#8221;rgba(0,0,0,0.81)&#8221; timeline_post_content_font_size=&#8221;17px&#8221; timeline_post_content_line_height=&#8221;1.6em&#8221; timeline_post_date_font=&#8221;Archivo|600|||||||&#8221; timeline_post_date_text_color=&#8221;rgba(0,0,0,0.82)&#8221; timeline_post_date_font_size=&#8221;18px&#8221; custom_margin=&#8221;||||false|false&#8221; custom_padding=&#8221;||||false|false&#8221; box_shadow_style_single_post=&#8221;preset3&#8243; box_shadow_vertical_single_post=&#8221;7px&#8221; box_shadow_blur_single_post=&#8221;0px&#8221; box_shadow_color_single_post=&#8221;#0080C6&#8243; global_colors_info=&#8221;{}&#8221;][\/dipl_blog_timeline][\/et_pb_column][\/et_pb_row][\/et_pb_section]<\/p>\n","protected":false},"excerpt":{"rendered":"<div class=\"et_pb_module dipl_blog_timeline dipl_blog_timeline_0\">\n\t\t\t\t\n\t\t\t\t\n\t\t\t\t\n\t\t\t\t\n\t\t\t\t\n\t\t\t\t\n\t\t\t\t<div class=\"et_pb_module_inner\">\n\t\t\t\t\t<div class=\"dipl_blog_timeline_wrapper layout1 dipl_blog_timeline_right\"><article id=\"post-2893\" class=\"dipl_blog_timeline_post post-2893 post type-post status-publish format-standard has-post-thumbnail hentry category-bergbau category-dienstprogramme category-erneuerbare-energien category-gewerblich-und-industriell category-infrastruktur category-schaltanlagen\" ><div class=\"dipl_blog_timeline_stem_center\">\n\t\t\t\t\t\t\t<span class=\"dipl_blog_timeline_post_icon et-pb-icon\">&#xf073;<\/span>\n\t\t\t\t\t\t<\/div><div class=\"dipl_blog_timeline_post_content\"><div class=\"dipl_blog_timeline_content_wrapper\"><div class=\"dipl_blog_timeline_meta_date\"><span class=\"published\">Feb 27, 2025<\/span><\/div><div class=\"dipl_blog_timeline_image_wrapper\"><a href=\"https:\/\/brunstock.com\/german\/our-latest-posts-on-linkedin\/\" class=\"dipl_blog_timeline_image_link\"><img width=\"266\" height=\"300\" src=\"https:\/\/brunstock.com\/german\/wp-content\/uploads\/2025\/02\/BGS40.5infographic_1000_Q7-266x300.webp\" class=\"dipl_blog_timeline_post_image wp-post-image\" alt=\"Dies ist die BGS-40.5 (Brunstock gasisolierte Sekund\u00e4rschaltanlage f\u00fcr 40,5 kV), die sich durch Vakuumschaltung, SF6-freie Isolationstechnologie und die im Gastank gekapselten Hauptstromkreis-\/Hochspannungskomponenten auszeichnet. Sie eignet sich f\u00fcr den Betrieb unter rauen Umgebungsbedingungen und ist ideal f\u00fcr abgelegene und platzbeschr\u00e4nkte Standorte. Mit ihren \u00fcblichen Abmessungen von 600 x 1000 mm ist sie \u00e4u\u00dferst kompakt und spart Ihnen Zeit und Kosten.\" decoding=\"async\" loading=\"lazy\" \/><\/a><\/div><h3 class=\"dipl_blog_timeline_post_title\"><a href=\"https:\/\/brunstock.com\/german\/our-latest-posts-on-linkedin\/\">BGS-40.5 eine Sekund\u00e4rschaltanlage ohne SF6-Gas<\/a><\/h3><div class=\"dipl_blog_timeline_post_content_inner\"><p>Dies ist die gasisolierte Sekund\u00e4rschaltanlage BGS-40.5 (Brunstock Gasisolierte Sekund\u00e4rschaltanlage bis 40,5 kV) mit Vakuumschaltung, SF6-freier Isolationstechnologie und im Gastank versiegelten Hauptstromkreis-\/Hochspannungskomponenten. Sie eignet sich f\u00fcr den...<\/p>\n<\/div><span class=\"dipl_blog_timeline_triangle\"><\/span><\/div><\/div><div class=\"dipl_blog_timeline_outer_container\"><\/div><\/article><article id=\"post-2887\" class=\"dipl_blog_timeline_post post-2887 post type-post status-publish format-standard has-post-thumbnail hentry category-brunstock\" ><div class=\"dipl_blog_timeline_stem_center\">\n\t\t\t\t\t\t\t<span class=\"dipl_blog_timeline_post_icon et-pb-icon\">&#xf073;<\/span>\n\t\t\t\t\t\t<\/div><div class=\"dipl_blog_timeline_post_content\"><div class=\"dipl_blog_timeline_content_wrapper\"><div class=\"dipl_blog_timeline_meta_date\"><span class=\"published\">Nov 26, 2024<\/span><\/div><div class=\"dipl_blog_timeline_image_wrapper\"><a href=\"https:\/\/brunstock.com\/german\/one-of-brunstocks-representatives-is-sponsoring-a-major-electrical-engineering-event\/\" class=\"dipl_blog_timeline_image_link\"><img width=\"300\" height=\"272\" src=\"https:\/\/brunstock.com\/german\/wp-content\/uploads\/2025\/07\/eeconTB-300x272-1.webp\" class=\"dipl_blog_timeline_post_image wp-post-image\" alt=\"EECON-Engineering-Event-Mashup\" decoding=\"async\" loading=\"lazy\" \/><\/a><\/div><h3 class=\"dipl_blog_timeline_post_title\"><a href=\"https:\/\/brunstock.com\/german\/one-of-brunstocks-representatives-is-sponsoring-a-major-electrical-engineering-event\/\">Einer der Vertreter von Brunstock sponsert eine Veranstaltung des Professional Electrical Engineer Network<\/a><\/h3><div class=\"dipl_blog_timeline_post_content_inner\"><p>TGOOD Australien Goldsponsor der EECON24 Die EECON24 ist eine j\u00e4hrlich in Australien stattfindende Konferenz zum Thema Elektroenergie, die von der Electrical Energy Society of Australia veranstaltet wird, um Elektroingenieure aus der lokalen Energiebranche zu...<\/p>\n<\/div><span class=\"dipl_blog_timeline_triangle\"><\/span><\/div><\/div><div class=\"dipl_blog_timeline_outer_container\"><\/div><\/article><article id=\"post-2884\" class=\"dipl_blog_timeline_post post-2884 post type-post status-publish format-standard has-post-thumbnail hentry category-erneuerbare-energien category-schaltanlagen\" ><div class=\"dipl_blog_timeline_stem_center\">\n\t\t\t\t\t\t\t<span class=\"dipl_blog_timeline_post_icon et-pb-icon\">&#xf073;<\/span>\n\t\t\t\t\t\t<\/div><div class=\"dipl_blog_timeline_post_content\"><div class=\"dipl_blog_timeline_content_wrapper\"><div class=\"dipl_blog_timeline_meta_date\"><span class=\"published\">Aug 8, 2024<\/span><\/div><div class=\"dipl_blog_timeline_image_wrapper\"><a href=\"https:\/\/brunstock.com\/german\/brunstocks-green-gas-insulated-switchgear\/\" class=\"dipl_blog_timeline_image_link\"><img width=\"300\" height=\"217\" src=\"https:\/\/brunstock.com\/german\/wp-content\/uploads\/2025\/01\/green-gis-revolution-300x217.webp\" class=\"dipl_blog_timeline_post_image wp-post-image\" alt=\"Ein Werbebanner: Sind Sie bereit f\u00fcr die gr\u00fcne GIS-Revolution? Brunstock verwendet trockene Luft anstelle von SF6-Gas \u2026\" decoding=\"async\" loading=\"lazy\" \/><\/a><\/div><h3 class=\"dipl_blog_timeline_post_title\"><a href=\"https:\/\/brunstock.com\/german\/brunstocks-green-gas-insulated-switchgear\/\">Brunstocks umweltfreundliche gasisolierte Schaltanlage<\/a><\/h3><div class=\"dipl_blog_timeline_post_content_inner\"><p>Umweltfreundliches Gas Viele L\u00e4nder in Europa, Afrika, dem Nahen Osten, der Asien-Pazifik-Region und anderswo haben ehrgeizige Klimaziele gesetzt. Ein wichtiger Schritt in diese Richtung war das Rahmen\u00fcbereinkommen der Vereinten Nationen \u00fcber Klima\u00e4nderungen von...<\/p>\n<\/div><span class=\"dipl_blog_timeline_triangle\"><\/span><\/div><\/div><div class=\"dipl_blog_timeline_outer_container\"><\/div><\/article><article id=\"post-2921\" class=\"dipl_blog_timeline_post post-2921 post type-post status-publish format-standard has-post-thumbnail hentry category-transformatoren\" ><div class=\"dipl_blog_timeline_stem_center\">\n\t\t\t\t\t\t\t<span class=\"dipl_blog_timeline_post_icon et-pb-icon\">&#xf073;<\/span>\n\t\t\t\t\t\t<\/div><div class=\"dipl_blog_timeline_post_content\"><div class=\"dipl_blog_timeline_content_wrapper\"><div class=\"dipl_blog_timeline_meta_date\"><span class=\"published\">Aug 2, 2024<\/span><\/div><div class=\"dipl_blog_timeline_image_wrapper\"><a href=\"https:\/\/brunstock.com\/german\/https-brunstock-com-power-transformers-available-now\/\" class=\"dipl_blog_timeline_image_link\"><img width=\"266\" height=\"300\" src=\"https:\/\/brunstock.com\/german\/wp-content\/uploads\/2024\/08\/PowerTransformers_B_frame_white_500h_Q80-266x300.webp\" class=\"dipl_blog_timeline_post_image wp-post-image\" alt=\"Das B-Symbol aus dem Brunstock-Logo mit einer Schweizer Stadt in der oberen H\u00e4lfte und einem Transformator in der unteren H\u00e4lfte.\" decoding=\"async\" loading=\"lazy\" srcset=\"https:\/\/brunstock.com\/german\/wp-content\/uploads\/2024\/08\/PowerTransformers_B_frame_white_500h_Q80-266x300.webp 266w, https:\/\/brunstock.com\/german\/wp-content\/uploads\/2024\/08\/PowerTransformers_B_frame_white_500h_Q80.webp 443w\" sizes=\"(max-width: 266px) 100vw, 266px\" \/><\/a><\/div><h3 class=\"dipl_blog_timeline_post_title\"><a href=\"https:\/\/brunstock.com\/german\/https-brunstock-com-power-transformers-available-now\/\">Leistungstransformatoren jetzt verf\u00fcgbar<\/a><\/h3><div class=\"dipl_blog_timeline_post_content_inner\"><p>Ben\u00f6tigen Sie eine k\u00fcrzere Vorlaufzeit f\u00fcr Leistungstransformatoren? \u26a1\ufe0f Brunstock bietet Transformatoren von 35\u2013220\u00a0kV an und unsere Fertigungspartner haben die Kapazit\u00e4t, sie \ud83d\udd27bis zu \u23f1\ufe0f zweimal schneller herzustellen als andere Marken! \ud83d\ude80 Reduzieren Sie Ihre...<\/p>\n<\/div><span class=\"dipl_blog_timeline_triangle\"><\/span><\/div><\/div><div class=\"dipl_blog_timeline_outer_container\"><\/div><\/article><article id=\"post-2881\" class=\"dipl_blog_timeline_post post-2881 post type-post status-publish format-standard has-post-thumbnail hentry category-brunstock\" ><div class=\"dipl_blog_timeline_stem_center\">\n\t\t\t\t\t\t\t<span class=\"dipl_blog_timeline_post_icon et-pb-icon\">&#xf073;<\/span>\n\t\t\t\t\t\t<\/div><div class=\"dipl_blog_timeline_post_content\"><div class=\"dipl_blog_timeline_content_wrapper\"><div class=\"dipl_blog_timeline_meta_date\"><span class=\"published\">Jul 5, 2024<\/span><\/div><div class=\"dipl_blog_timeline_image_wrapper\"><a href=\"https:\/\/brunstock.com\/german\/new-representatives\/\" class=\"dipl_blog_timeline_image_link\"><img width=\"300\" height=\"200\" src=\"https:\/\/brunstock.com\/german\/wp-content\/uploads\/2025\/02\/high-angle-shot-of-mountains-on-a-cloudy-day-2023-11-27-04-58-32-utc-300x200.webp\" class=\"dipl_blog_timeline_post_image wp-post-image\" alt=\"Die Schweizer Alpen\" decoding=\"async\" loading=\"lazy\" \/><\/a><\/div><h3 class=\"dipl_blog_timeline_post_title\"><a href=\"https:\/\/brunstock.com\/german\/new-representatives\/\">Neue Vertreter<\/a><\/h3><div class=\"dipl_blog_timeline_post_content_inner\"><p>Brunstock wird nun von TGOOD Global Ltd. auf den internationalen M\u00e4rkten vertreten. TGOOD ist bekannt f\u00fcr vertikal integrierte Umspannwerksl\u00f6sungen. Die multidisziplin\u00e4ren Entwicklungsteams weltweit konzentrieren sich auf die Bereitstellung von Komplettl\u00f6sungen f\u00fcr...<\/p>\n<\/div><span class=\"dipl_blog_timeline_triangle\"><\/span><\/div><\/div><div class=\"dipl_blog_timeline_outer_container\"><\/div><\/article><article id=\"post-2879\" class=\"dipl_blog_timeline_post post-2879 post type-post status-publish format-standard has-post-thumbnail hentry category-brunstock\" ><div class=\"dipl_blog_timeline_stem_center\">\n\t\t\t\t\t\t\t<span class=\"dipl_blog_timeline_post_icon et-pb-icon\">&#xf073;<\/span>\n\t\t\t\t\t\t<\/div><div class=\"dipl_blog_timeline_post_content\"><div class=\"dipl_blog_timeline_content_wrapper\"><div class=\"dipl_blog_timeline_meta_date\"><span class=\"published\">Jun 14, 2024<\/span><\/div><div class=\"dipl_blog_timeline_image_wrapper\"><a href=\"https:\/\/brunstock.com\/german\/website-live\/\" class=\"dipl_blog_timeline_image_link\"><img width=\"300\" height=\"177\" src=\"https:\/\/brunstock.com\/german\/wp-content\/uploads\/2025\/05\/End-of-life-plan-300x177.webp\" class=\"dipl_blog_timeline_post_image wp-post-image\" alt=\"5 MWh BESS-Container f\u00fcr die industrielle Energiespeicherung\" decoding=\"async\" loading=\"lazy\" \/><\/a><\/div><h3 class=\"dipl_blog_timeline_post_title\"><a href=\"https:\/\/brunstock.com\/german\/website-live\/\">Website Live<\/a><\/h3><div class=\"dipl_blog_timeline_post_content_inner\"><p>Brunstock ist weltweit verf\u00fcgbar. Mit unserer neuen Website Brunstock.com sind wir bereit, unsere Vertriebspartner mit der Entwicklung von Energieprodukten zu unterst\u00fctzen. Mehr \u00fcber unsere Produkte erfahren Sie unter \u201eUnser Angebot\u201c. Erfahren Sie mehr \u00fcber die...<\/p>\n<\/div><span class=\"dipl_blog_timeline_triangle\"><\/span><\/div><\/div><div class=\"dipl_blog_timeline_outer_container\"><\/div><\/article><article id=\"post-2891\" class=\"dipl_blog_timeline_post post-2891 post type-post status-publish format-standard has-post-thumbnail hentry category-bergbau category-bess category-erneuerbare-energien category-infrastruktur category-step-up-stationen category-transformatoren\" ><div class=\"dipl_blog_timeline_stem_center\">\n\t\t\t\t\t\t\t<span class=\"dipl_blog_timeline_post_icon et-pb-icon\">&#xf073;<\/span>\n\t\t\t\t\t\t<\/div><div class=\"dipl_blog_timeline_post_content\"><div class=\"dipl_blog_timeline_content_wrapper\"><div class=\"dipl_blog_timeline_meta_date\"><span class=\"published\">Mar 12, 2024<\/span><\/div><div class=\"dipl_blog_timeline_image_wrapper\"><a href=\"https:\/\/brunstock.com\/german\/our-latest-linkedin-post\/\" class=\"dipl_blog_timeline_image_link\"><img width=\"300\" height=\"180\" src=\"https:\/\/brunstock.com\/german\/wp-content\/uploads\/2024\/12\/Brunstock_step-up-station20241202-1-300x180.webp\" class=\"dipl_blog_timeline_post_image wp-post-image\" alt=\"Eine Brunstock Step-Up-Skid-Station f\u00fcr Batterie-Energiespeichersysteme\" decoding=\"async\" loading=\"lazy\" \/><\/a><\/div><h3 class=\"dipl_blog_timeline_post_title\"><a href=\"https:\/\/brunstock.com\/german\/our-latest-linkedin-post\/\">Aufw\u00e4rtstransformator-Skid-Station f\u00fcr Energiespeicherstandorte<\/a><\/h3><div class=\"dipl_blog_timeline_post_content_inner\"><p>Wir stellen unsere intelligente, schnelle und zuverl\u00e4ssige Aufw\u00e4rtstransformator-Skid-Station f\u00fcr die Energiespeicherung #BESS vor. Die Aufw\u00e4rtstransformator-Skid-Stationen von Brunstock enthalten Leistungstransformatoren und Schaltanlagen f\u00fcr...<\/p>\n<\/div><span class=\"dipl_blog_timeline_triangle\"><\/span><\/div><\/div><div class=\"dipl_blog_timeline_outer_container\"><\/div><\/article><div class=\"dipl_stem_wrapper dipl_blog_timeline_right_stem\">\n\t\t\t\t\t\t\t\t\t<div class=\"dipl_blog_stem\"><\/div>\n\t\t\t\t\t\t\t\t<\/div><\/div>\n\t\t\t\t<\/div>\n\t\t\t<\/div>\n","protected":false},"author":3,"featured_media":0,"parent":0,"menu_order":0,"comment_status":"closed","ping_status":"closed","template":"","meta":{"_et_pb_use_builder":"on","_et_pb_old_content":"","_et_gb_content_width":"","footnotes":""},"class_list":["post-2895","page","type-page","status-publish","hentry"],"_links":{"self":[{"href":"https:\/\/brunstock.com\/german\/wp-json\/wp\/v2\/pages\/2895","targetHints":{"allow":["GET"]}}],"collection":[{"href":"https:\/\/brunstock.com\/german\/wp-json\/wp\/v2\/pages"}],"about":[{"href":"https:\/\/brunstock.com\/german\/wp-json\/wp\/v2\/types\/page"}],"author":[{"embeddable":true,"href":"https:\/\/brunstock.com\/german\/wp-json\/wp\/v2\/users\/3"}],"replies":[{"embeddable":true,"href":"https:\/\/brunstock.com\/german\/wp-json\/wp\/v2\/comments?post=2895"}],"version-history":[{"count":9,"href":"https:\/\/brunstock.com\/german\/wp-json\/wp\/v2\/pages\/2895\/revisions"}],"predecessor-version":[{"id":3297,"href":"https:\/\/brunstock.com\/german\/wp-json\/wp\/v2\/pages\/2895\/revisions\/3297"}],"wp:attachment":[{"href":"https:\/\/brunstock.com\/german\/wp-json\/wp\/v2\/media?parent=2895"}],"curies":[{"name":"wp","href":"https:\/\/api.w.org\/{rel}","templated":true}]}}