{"id":3019,"date":"2025-08-28T06:29:30","date_gmt":"2025-08-28T06:29:30","guid":{"rendered":"https:\/\/brunstock.com\/?page_id=3019"},"modified":"2026-04-13T02:50:27","modified_gmt":"2026-04-13T02:50:27","slug":"battery-energy-storage-systems","status":"publish","type":"page","link":"https:\/\/brunstock.com\/german\/battery-energy-storage-systems\/","title":{"rendered":"Batterie-Energiespeichersysteme"},"content":{"rendered":"<p>[et_pb_section fb_built=&#8221;1&#8243; admin_label=&#8221;section&#8221; _builder_version=&#8221;4.16&#8243; global_colors_info=&#8221;{}&#8221;][et_pb_row _builder_version=&#8221;4.27.4&#8243; _module_preset=&#8221;default&#8221; width=&#8221;90%&#8221; max_width=&#8221;1200px&#8221; custom_padding=&#8221;0px||||false|false&#8221; global_colors_info=&#8221;{}&#8221;][et_pb_column type=&#8221;4_4&#8243; _builder_version=&#8221;4.27.4&#8243; _module_preset=&#8221;default&#8221; global_colors_info=&#8221;{}&#8221;][et_pb_text admin_label=&#8221;Table notes&#8221; _builder_version=&#8221;4.27.4&#8243; _module_preset=&#8221;default&#8221; custom_margin=&#8221;20px||||false|false&#8221; global_colors_info=&#8221;{}&#8221;]<\/p>\n<p>Das Brunstock BESS kann f\u00fcr Energiespeicherung im Versorgungsma\u00dfstab oder f\u00fcr gewerbliche und industrielle BESS konfiguriert werden. Ihr \u00f6rtlicher Vertreter kann Sie dabei unterst\u00fctzen.<\/p>\n<p>[\/et_pb_text][et_pb_text ul_item_indent=&#8221;35px&#8221; _builder_version=&#8221;4.27.4&#8243; _module_preset=&#8221;default&#8221; text_font=&#8221;TWKLausanne 300||||||||&#8221; text_text_color=&#8221;#000000&#8243; ul_line_height=&#8221;1.8em&#8221; custom_margin=&#8221;||12px|||&#8221; locked=&#8221;off&#8221; global_colors_info=&#8221;{}&#8221;]<\/p>\n<h2>Unsere Mission<\/h2>\n<p>Organisationen auf der ganzen Welt setzen sich ernsthaft mit erneuerbaren Energiezielen auseinander, die dazu beitragen werden, die Zukunft der Menschheit auf diesem Planeten zu sichern. Brunstock m\u00f6chte dazu beitragen, dieses \u00f6kologische Gebot auf sichere, qualitativ hochwertige, kosteneffiziente und schnelle Weise zu erf\u00fcllen.<\/p>\n<p>Der Grund f\u00fcr unser Vertrauen in die Geschwindigkeit, mit der wir Umspannwerksl\u00f6sungen liefern k\u00f6nnen, ist unsere Erfahrung. Wir bieten eine einzigartige Kombination von Kompetenzen in Design, Fertigung und Anpassung. Unsere Lieferkette ist diversifiziert, aber zuverl\u00e4ssig, wobei Sicherheit, Qualit\u00e4t und Innovation im Zentrum all unseres Handelns stehen.[\/et_pb_text][\/et_pb_column][\/et_pb_row][et_pb_row column_structure=&#8221;2_3,1_3&#8243; use_custom_gutter=&#8221;on&#8221; gutter_width=&#8221;2&#8243; _builder_version=&#8221;4.27.4&#8243; _module_preset=&#8221;default&#8221; width=&#8221;90%&#8221; max_width=&#8221;1200px&#8221; custom_padding=&#8221;||0px||false|false&#8221; global_colors_info=&#8221;{}&#8221;][et_pb_column type=&#8221;2_3&#8243; _builder_version=&#8221;4.25.0&#8243; _module_preset=&#8221;default&#8221; global_colors_info=&#8221;{}&#8221;][et_pb_text ul_item_indent=&#8221;35px&#8221; _builder_version=&#8221;4.27.4&#8243; _module_preset=&#8221;default&#8221; text_font=&#8221;TWKLausanne 300||||||||&#8221; text_text_color=&#8221;#000000&#8243; ul_line_height=&#8221;1.8em&#8221; custom_margin=&#8221;||12px|||&#8221; global_colors_info=&#8221;{}&#8221;]<\/p>\n<h2>Konstruktionsnormen<\/h2>\n<table width=\"100%\" border=\"0\">\n<tr>\n<td width=\"30%\"><strong>Nr. Code<\/strong><\/td>\n<td width=\"70%\"><strong>Name der Norm<\/strong><\/td>\n<\/tr>\n<tr>\n<td bgcolor=\"#F2F2F2\">1&nbsp;&nbsp;&nbsp;&nbsp;IEC 62619<\/td>\n<td bgcolor=\"#F2F2F2\">Sekund\u00e4rzellen und Batterien mit alkalischen oder anderen nicht-sauren Elektrolyten \u2013 Sicherheitsanforderungen f\u00fcr sekund\u00e4re Lithiumzellen und -batterien, f\u00fcr den Einsatz in industriellen Anwendungen<\/td>\n<\/tr>\n<tr>\n<td>2&nbsp;&nbsp;&nbsp;&nbsp;EN 62477<\/td>\n<td>Sicherheitsanforderungen f\u00fcr leistungselektronische Umrichtersysteme und Ger\u00e4te<\/td>\n<\/tr>\n<tr>\n<td bgcolor=\"#F2F2F2\">3&nbsp;&nbsp;&nbsp;&nbsp;IEC 60730<\/td>\n<td bgcolor=\"#F2F2F2\">Automatische elektrische Steuerungen<\/td>\n<\/tr>\n<tr>\n<td>4&nbsp;&nbsp;&nbsp;&nbsp;IEC 63056<\/td>\n<td>Sekund\u00e4rzellen und Batterien mit alkalischen oder anderen nicht-sauren Elektrolyten \u2013 Sicherheitsanforderungen f\u00fcr sekund\u00e4re Lithiumzellen und -batterien f\u00fcr den Einsatz in elektrischen Energiespeichersystemen<\/td>\n<\/tr>\n<tr>\n<td bgcolor=\"#F2F2F2\">5&nbsp;&nbsp;&nbsp;&nbsp;IEC 62933-5-2<\/td>\n<td bgcolor=\"#F2F2F2\">Elektrische Energiespeichersysteme (EES) &#8211; Teil 5-2: Sicherheitsanforderungen f\u00fcr netzintegrierte EES-Systeme \u2013 elektrochemische Systeme<\/td>\n<\/tr>\n<tr>\n<td>6&nbsp;&nbsp;&nbsp;&nbsp;IEC 61000-6-2<\/td>\n<td>Elektromagnetische Vertr\u00e4glichkeit (EMV) &#8211; Teil 6-2: Allgemeine Normen \u2013 Immunit\u00e4tsnorm f\u00fcr industrielle Umgebungen<\/td>\n<\/tr>\n<tr>\n<td bgcolor=\"#F2F2F2\">7&nbsp;&nbsp;&nbsp;&nbsp;IEC 61000-6-4<\/td>\n<td bgcolor=\"#F2F2F2\">Elektromagnetische Vertr\u00e4glichkeit (EMV) &#8211; Teil 6-4: Allgemeine Normen \u2013 Emissionsnorm f\u00fcr industrielle Umgebungen<\/td>\n<\/tr>\n<tr>\n<td>8&nbsp;&nbsp;&nbsp;&nbsp;UN 38.3<\/td>\n<td>United Nations Handbuch f\u00fcr Pr\u00fcfungen und Kriterien f\u00fcr den Transport gef\u00e4hrlicher G\u00fcter, Teil 3, Absatz 38.3<\/td>\n<\/tr>\n<tr>\n<td bgcolor=\"#F2F2F2\">9&nbsp;&nbsp;&nbsp;&nbsp;UN 3536<\/td>\n<td bgcolor=\"#F2F2F2\">Lithium-Batterien, installiert in Frachttransporteinheiten \u2013 Lithium-Ionen-Batterien oder Lithium-Metall-Batterien<\/td>\n<\/tr>\n<\/table>\n<p>[\/et_pb_text][\/et_pb_column][et_pb_column type=&#8221;1_3&#8243; _builder_version=&#8221;4.25.0&#8243; _module_preset=&#8221;default&#8221; global_colors_info=&#8221;{}&#8221;][et_pb_image src=&#8221;https:\/\/brunstock.com\/wp-content\/uploads\/2025\/08\/Brunstock_BESS_Brochure_V24.webp&#8221; alt=&#8221;SF6-free switchgear for modular substations, BGS40.5&#8243; title_text=&#8221;Brunstock_BESS_Brochure_V24&#8243; _builder_version=&#8221;4.27.4&#8243; _module_preset=&#8221;default&#8221; width=&#8221;80%&#8221; global_colors_info=&#8221;{}&#8221;][\/et_pb_image][et_pb_image src=&#8221;https:\/\/brunstock.com\/wp-content\/uploads\/2025\/08\/Brunstock_BESS_Brochure_V22.webp&#8221; alt=&#8221;Wind farm and robotic arm in factory making switchgear&#8221; title_text=&#8221;Brunstock_BESS_Brochure_V22&#8243; admin_label=&#8221;Image&#8221; _builder_version=&#8221;4.27.4&#8243; _module_preset=&#8221;default&#8221; custom_margin=&#8221;50px|||||&#8221; global_colors_info=&#8221;{}&#8221;][\/et_pb_image][et_pb_image src=&#8221;https:\/\/brunstock.com\/wp-content\/uploads\/2025\/08\/Brunstock_BESS_Brochure_V25.webp&#8221; alt=&#8221;Wind farm and robotic arm in factory making switchgear&#8221; title_text=&#8221;Brunstock_BESS_Brochure_V25&#8243; admin_label=&#8221;Image&#8221; _builder_version=&#8221;4.27.4&#8243; _module_preset=&#8221;default&#8221; custom_margin=&#8221;50px|||||&#8221; global_colors_info=&#8221;{}&#8221;][\/et_pb_image][\/et_pb_column][\/et_pb_row][et_pb_row _builder_version=&#8221;4.27.4&#8243; _module_preset=&#8221;default&#8221; width=&#8221;90%&#8221; max_width=&#8221;1200px&#8221; global_colors_info=&#8221;{}&#8221;][et_pb_column type=&#8221;4_4&#8243; _builder_version=&#8221;4.27.4&#8243; _module_preset=&#8221;default&#8221; global_colors_info=&#8221;{}&#8221;][et_pb_text admin_label=&#8221;Applications text&#8221; _builder_version=&#8221;4.27.4&#8243; _module_preset=&#8221;default&#8221; text_text_color=&#8221;#000000&#8243; global_colors_info=&#8221;{}&#8221;]<\/p>\n<h2>5MWh Fl\u00fcssigkeitsgek\u00fchltes BESS<\/h2>\n<p>Die 5MWh-BESS-Produkte von Brunstock nutzen Fl\u00fcssigkeitsk\u00fchlung. Diese Batteriespeichersysteme integrieren langlebige Batterien, ein BMS, ein Thermomanagementsystem (TMS), ein Sicherheitsmanagementsystem (SMS) und ein intelligentes Stromverteilungssystem (IPD) in einem 20-Fu\u00df-Standardcontainer.<\/p>\n<p><strong>Produkteigenschaften<\/strong><\/p>\n<ul>\n<li>Sicher<\/li>\n<li>Zuverl\u00e4ssig<\/li>\n<li>Hocheffizient<\/li>\n<li>Unterst\u00fctzt Netzwerkkonstruktion<\/li>\n<li>Schnelle Frequenzmodulation<\/li>\n<\/ul>\n<p>[\/et_pb_text][\/et_pb_column][\/et_pb_row][et_pb_row use_custom_gutter=&#8221;on&#8221; gutter_width=&#8221;2&#8243; _builder_version=&#8221;4.27.4&#8243; _module_preset=&#8221;default&#8221; width=&#8221;90%&#8221; max_width=&#8221;1200px&#8221; custom_padding=&#8221;||0px||false|false&#8221; global_colors_info=&#8221;{}&#8221;][et_pb_column type=&#8221;4_4&#8243; _builder_version=&#8221;4.25.0&#8243; _module_preset=&#8221;default&#8221; global_colors_info=&#8221;{}&#8221;][et_pb_text admin_label=&#8221;Table&#8221; _builder_version=&#8221;4.27.6&#8243; _module_preset=&#8221;default&#8221; hover_enabled=&#8221;0&#8243; global_colors_info=&#8221;{}&#8221; sticky_enabled=&#8221;0&#8243;]<\/p>\n<p><style type=\"text\/css\">\n<!-- .style1 {color: #FFFFFF} --><\/p>\n<\/style>\n<table border=\"0\" width=\"100%\">\n<tbody>\n<tr>\n<td><strong>Artikel<\/strong><\/td>\n<td><strong>Spezifikation<\/strong><\/td>\n<td><strong>Bemerkung<\/strong><\/td>\n<\/tr>\n<tr>\n<td>Installationsort<\/td>\n<td>Au\u00dfen-Batteriecontainer<\/td>\n<td>\u00a0<\/td>\n<\/tr>\n<tr>\n<td bgcolor=\"#0080C6\"><span class=\"style1\">Betriebsh\u00f6he<\/span><\/td>\n<td bgcolor=\"#0080C6\"><span class=\"style1\">Unter 2000 m<\/span><\/td>\n<td bgcolor=\"#0080C6\">\u00a0<\/td>\n<\/tr>\n<tr>\n<td>Umgebungstemperatur<\/td>\n<td>-20~+45 \u00b0C, Entladung -20~+45\u00b0C, Ladung 0~+45 \u00b0C<\/td>\n<td>Abschaltungen unter 0 \u00b0C und \u00fcber 45 \u00b0C<\/td>\n<\/tr>\n<tr>\n<td bgcolor=\"#0080C6\"><span class=\"style1\">Lager- und Transporttemperatur<\/span><\/td>\n<td bgcolor=\"#0080C6\"><span class=\"style1\">-20~+55 \u00b0C<\/span><\/td>\n<td bgcolor=\"#0080C6\"><span class=\"style1\">Empfohlen bei 15-35 \u00b0C, alle 3 Monate aufladen.<\/span><\/td>\n<\/tr>\n<tr>\n<td>Betriebsluftfeuchtigkeit<\/td>\n<td>0-95% RH (Keine Kondensation)<\/td>\n<td>\u00a0<\/td>\n<\/tr>\n<tr>\n<td bgcolor=\"#0080C6\"><span class=\"style1\">Ger\u00e4uschpegel<\/span><\/td>\n<td bgcolor=\"#0080C6\"><span class=\"style1\">Ger\u00e4uschpegel \u2264 70 dB<\/span><\/td>\n<td bgcolor=\"#0080C6\"><span class=\"style1\">Messung in 1 m Entfernung vom Batteriecontainer<\/span><\/td>\n<\/tr>\n<\/tbody>\n<\/table>\n<p>[\/et_pb_text][\/et_pb_column][\/et_pb_row][\/et_pb_section][et_pb_section fb_built=&#8221;1&#8243; fullwidth=&#8221;on&#8221; _builder_version=&#8221;4.27.4&#8243; _module_preset=&#8221;default&#8221; global_colors_info=&#8221;{}&#8221;][et_pb_fullwidth_code _builder_version=&#8221;4.27.4&#8243; _module_preset=&#8221;default&#8221; custom_padding=&#8221;||50px||false|false&#8221; global_colors_info=&#8221;{}&#8221;][et_pb_section global_module=\"3049\"][\/et_pb_section][\/et_pb_fullwidth_code][\/et_pb_section][et_pb_section fb_built=&#8221;1&#8243; _builder_version=&#8221;4.27.4&#8243; _module_preset=&#8221;default&#8221; global_colors_info=&#8221;{}&#8221;][et_pb_row _builder_version=&#8221;4.27.4&#8243; _module_preset=&#8221;default&#8221; global_colors_info=&#8221;{}&#8221;][et_pb_column type=&#8221;4_4&#8243; _builder_version=&#8221;4.27.4&#8243; _module_preset=&#8221;default&#8221; global_colors_info=&#8221;{}&#8221;][et_pb_text admin_label=&#8221;2026 CTA German&#8221; _builder_version=&#8221;4.27.4&#8243; _module_preset=&#8221;default&#8221; global_colors_info=&#8221;{}&#8221;]<\/p>\n<p style=\"text-align: center;\"><img loading=\"lazy\" decoding=\"async\" class=\"wp-image-3705 aligncenter size-full\" src=\"https:\/\/brunstock.com\/german\/wp-content\/uploads\/2025\/12\/Brunstock200.png\" alt=\"Brunstock logo\" width=\"200\" height=\"33\" \/><\/p>\n<p style=\"text-align: center;\"><img loading=\"lazy\" decoding=\"async\" class=\"aligncenter wp-image-3706\" src=\"https:\/\/brunstock.com\/german\/wp-content\/uploads\/2025\/12\/contact-us-Brunstock-blue-246x300.png\" alt=\"Kontakt\u2011Icon \u2013 Mobiltelefon und Sprechblase\" width=\"70\" height=\"85\" srcset=\"https:\/\/brunstock.com\/german\/wp-content\/uploads\/2025\/12\/contact-us-Brunstock-blue-246x300.png 246w, https:\/\/brunstock.com\/german\/wp-content\/uploads\/2025\/12\/contact-us-Brunstock-blue.png 278w\" sizes=\"(max-width: 70px) 100vw, 70px\" \/><\/p>\n<p style=\"text-align: center;\"><a href=\"https:\/\/brunstock.com\/german\/contact-us\/\">Kontaktieren Sie noch heute Ihren lokalen Brunstock\u2011Vertreter!<\/a><\/p>\n<p>[\/et_pb_text][\/et_pb_column][\/et_pb_row][\/et_pb_section]<\/p>\n","protected":false},"excerpt":{"rendered":"<p>Das Brunstock BESS kann f\u00fcr Energiespeicherung im Versorgungsma\u00dfstab oder f\u00fcr gewerbliche und industrielle BESS konfiguriert werden. Ihr \u00f6rtlicher Vertreter kann Sie dabei unterst\u00fctzen.Unsere Mission Organisationen auf der ganzen Welt setzen sich ernsthaft mit erneuerbaren Energiezielen auseinander, die dazu beitragen werden, die Zukunft der Menschheit auf diesem Planeten zu sichern. Brunstock m\u00f6chte dazu beitragen, dieses \u00f6kologische [&hellip;]<\/p>\n","protected":false},"author":3,"featured_media":0,"parent":0,"menu_order":0,"comment_status":"closed","ping_status":"closed","template":"","meta":{"_et_pb_use_builder":"on","_et_pb_old_content":"","_et_gb_content_width":"","footnotes":""},"class_list":["post-3019","page","type-page","status-publish","hentry"],"_links":{"self":[{"href":"https:\/\/brunstock.com\/german\/wp-json\/wp\/v2\/pages\/3019","targetHints":{"allow":["GET"]}}],"collection":[{"href":"https:\/\/brunstock.com\/german\/wp-json\/wp\/v2\/pages"}],"about":[{"href":"https:\/\/brunstock.com\/german\/wp-json\/wp\/v2\/types\/page"}],"author":[{"embeddable":true,"href":"https:\/\/brunstock.com\/german\/wp-json\/wp\/v2\/users\/3"}],"replies":[{"embeddable":true,"href":"https:\/\/brunstock.com\/german\/wp-json\/wp\/v2\/comments?post=3019"}],"version-history":[{"count":13,"href":"https:\/\/brunstock.com\/german\/wp-json\/wp\/v2\/pages\/3019\/revisions"}],"predecessor-version":[{"id":4173,"href":"https:\/\/brunstock.com\/german\/wp-json\/wp\/v2\/pages\/3019\/revisions\/4173"}],"wp:attachment":[{"href":"https:\/\/brunstock.com\/german\/wp-json\/wp\/v2\/media?parent=3019"}],"curies":[{"name":"wp","href":"https:\/\/api.w.org\/{rel}","templated":true}]}}