{"id":3035,"date":"2025-08-29T07:21:05","date_gmt":"2025-08-29T07:21:05","guid":{"rendered":"https:\/\/brunstock.com\/?page_id=3035"},"modified":"2025-12-08T05:07:39","modified_gmt":"2025-12-08T05:07:39","slug":"connection-to-grid","status":"publish","type":"page","link":"https:\/\/brunstock.com\/german\/connection-to-grid\/","title":{"rendered":"Anschluss an das Stromnetz"},"content":{"rendered":"<p>[et_pb_section fb_built=&#8221;1&#8243; admin_label=&#8221;section&#8221; _builder_version=&#8221;4.16&#8243; global_colors_info=&#8221;{}&#8221;][et_pb_row column_structure=&#8221;2_3,1_3&#8243; _builder_version=&#8221;4.27.4&#8243; _module_preset=&#8221;default&#8221; width=&#8221;90%&#8221; max_width=&#8221;1200px&#8221; global_colors_info=&#8221;{}&#8221;][et_pb_column type=&#8221;2_3&#8243; _builder_version=&#8221;4.27.4&#8243; _module_preset=&#8221;default&#8221; global_colors_info=&#8221;{}&#8221;][et_pb_text ul_item_indent=&#8221;35px&#8221; _builder_version=&#8221;4.27.4&#8243; _module_preset=&#8221;default&#8221; text_font=&#8221;TWKLausanne 300||||||||&#8221; text_text_color=&#8221;#000000&#8243; ul_line_height=&#8221;1.8em&#8221; custom_margin=&#8221;||12px|||&#8221; locked=&#8221;off&#8221; global_colors_info=&#8221;{}&#8221;]<\/p>\n<h2>Aufw\u00e4rtstransformator-Skid-Station<\/h2>\n<p>Die integrierte Aufw\u00e4rtstransformator-Skid-Station von Brunstock besteht aus einem Energiespeicher-Konverter-PCS, einem Aufw\u00e4rtstransformator, einer Ringkabel-MS-Schaltanlage, einem Kommunikationsschaltschrank und einem unterst\u00fctzenden Hilfssystem.<\/p>\n<p>Unser Vorfertigungskonzept bedeutet, dass die Skid-Station vor der Auslieferung im Werk gefertigt und vorab in Betrieb genommen wird. Dies spart Zeit bei Bau, Installation und Inbetriebnahme vor Ort. Reduzierte Arbeitskosten vor Ort k\u00f6nnen an den oft abgelegenen Projektstandorten f\u00fcr Batteriespeichersysteme erheblich sein.<\/p>\n<p>Ihre Brunstock-Skid-Station kann in Gr\u00f6\u00dfe und Anordnung individuell an die Gegebenheiten vor Ort und den Standort des BESS angepasst werden.[\/et_pb_text][\/et_pb_column][et_pb_column type=&#8221;1_3&#8243; _builder_version=&#8221;4.27.4&#8243; _module_preset=&#8221;default&#8221; global_colors_info=&#8221;{}&#8221;][et_pb_image src=&#8221;https:\/\/brunstock.com\/wp-content\/uploads\/2025\/08\/11.webp&#8221; title_text=&#8221;11&#8243; _builder_version=&#8221;4.27.4&#8243; _module_preset=&#8221;default&#8221; global_colors_info=&#8221;{}&#8221;][\/et_pb_image][et_pb_image src=&#8221;https:\/\/brunstock.com\/wp-content\/uploads\/2025\/08\/22.webp&#8221; title_text=&#8221;22&#8243; _builder_version=&#8221;4.27.4&#8243; _module_preset=&#8221;default&#8221; global_colors_info=&#8221;{}&#8221;][\/et_pb_image][et_pb_image src=&#8221;https:\/\/brunstock.com\/wp-content\/uploads\/2025\/08\/33.webp&#8221; title_text=&#8221;33&#8243; _builder_version=&#8221;4.27.4&#8243; _module_preset=&#8221;default&#8221; global_colors_info=&#8221;{}&#8221;][\/et_pb_image][\/et_pb_column][\/et_pb_row][et_pb_row use_custom_gutter=&#8221;on&#8221; gutter_width=&#8221;2&#8243; _builder_version=&#8221;4.27.4&#8243; _module_preset=&#8221;default&#8221; width=&#8221;90%&#8221; max_width=&#8221;1200px&#8221; custom_padding=&#8221;||0px||false|false&#8221; global_colors_info=&#8221;{}&#8221;][et_pb_column type=&#8221;4_4&#8243; _builder_version=&#8221;4.25.0&#8243; _module_preset=&#8221;default&#8221; global_colors_info=&#8221;{}&#8221;][et_pb_text ul_item_indent=&#8221;35px&#8221; _builder_version=&#8221;4.27.4&#8243; _module_preset=&#8221;default&#8221; text_font=&#8221;TWKLausanne 300||||||||&#8221; text_text_color=&#8221;#000000&#8243; ul_line_height=&#8221;1.8em&#8221; custom_margin=&#8221;||12px|||&#8221; global_colors_info=&#8221;{}&#8221;]<\/p>\n<h2>Parameter der Skid-Station<\/h2>\n<p>[\/et_pb_text][et_pb_text _builder_version=&#8221;4.27.4&#8243; _module_preset=&#8221;default&#8221; global_colors_info=&#8221;{}&#8221;]<\/p>\n<table width=\"100%\" border=\"0\">\n<tbody>\n<tr>\n<td><strong>Produktmodell<\/strong><\/td>\n<td><strong>3MWh BESS<\/strong><\/td>\n<td><strong>5MWh BESS Zentral-PCS<\/strong><\/td>\n<td><strong>5MWh BESS String-PCS<\/strong><\/td>\n<\/tr>\n<tr bgcolor=\"#0079BC\">\n<td bgcolor=\"#0079BC\"><span class=\"style2\">DC-seitige Parameter<\/span><\/td>\n<td bgcolor=\"#0079BC\"><span class=\"style2\"><\/span><\/td>\n<td bgcolor=\"#0079BC\"><span class=\"style2\"><\/span><\/td>\n<td bgcolor=\"#0079BC\"><span class=\"style2\"><\/span><\/td>\n<td bgcolor=\"#0079BC\"><span class=\"style2\"><\/span><\/td>\n<\/tr>\n<tr>\n<td>Max. Gleichspannung<\/td>\n<td>1500 V<\/td>\n<td>1500 V<\/td>\n<td>1500 V<\/td>\n<\/tr>\n<tr>\n<td>Batteriespannung<\/td>\n<td>1000 V<\/td>\n<td>1000 V<\/td>\n<td>1000 V<\/td>\n<\/tr>\n<tr>\n<td>Anzahl der DC-Eingangspfade<\/td>\n<td>2<\/td>\n<td>4<\/td>\n<td>24<\/td>\n<\/tr>\n<tr>\n<td bgcolor=\"#0079BC\"><span class=\"style2\"><strong>AC-seitige Parameter<\/strong><\/span><\/td>\n<td bgcolor=\"#0079BC\"><span class=\"style2\"><\/span><\/td>\n<td bgcolor=\"#0079BC\"><span class=\"style2\"><\/span><\/td>\n<td bgcolor=\"#0079BC\"><span class=\"style2\"><\/span><\/td>\n<\/tr>\n<tr>\n<td>Nennleistung<\/td>\n<td>3450 kW (1725 kW x 2)<\/td>\n<td>5000 kW (1250 kW x 4)<\/td>\n<td>5000 kW (215 kW x 24)<\/td>\n<\/tr>\n<tr>\n<td>PCS-Nennspannung AC<\/td>\n<td>690 V, 3 W + PE<\/td>\n<td>690 V, 3 W + PE<\/td>\n<td>690 V, 3 W + PE<\/td>\n<\/tr>\n<tr>\n<td>PCS-AC-Spannungsbereich (einstellbar)<\/td>\n<td>607~759 V<\/td>\n<td>607~759 V<\/td>\n<td>607~759 V<\/td>\n<\/tr>\n<tr>\n<td>Nennnetzfrequenz<\/td>\n<td>50 Hz\/60 Hz<\/td>\n<td>50 Hz\/60 Hz<\/td>\n<td>50 Hz\/60 Hz<\/td>\n<\/tr>\n<tr>\n<td>AC-Spannungsverzerrung<\/td>\n<td><1,5 % (100 % lineare Last)<\/td>\n<td><1,5 % (100 % lineare Last)<\/td>\n<td><1,5 % (100 % lineare Last)<\/td>\n<\/tr>\n<tr>\n<td>Leistung Faktor<\/td>\n<td>-1~+1<\/td>\n<td>-1~+1<\/td>\n<td>-1~+1<\/td>\n<\/tr>\n<tr>\n<td>Harmonische (THDi)<\/td>\n<td><1,5 % (100 % Last)<\/td>\n<td><1,5 % (100 % Last)<\/td>\n<td><1,5 % (100 % Last)<\/td>\n<\/tr>\n<tr>\n<td>Unsymmetrische Lastkapazit\u00e4t<\/td>\n<td>100 %<\/td>\n<td>100 %<\/td>\n<td>100 %<\/td>\n<\/tr>\n<tr>\n<td>Nennnetz Frequenz<\/td>\n<td>50\/60 Hz<\/td>\n<td>50\/60 Hz<\/td>\n<td>50\/60 Hz<\/td>\n<\/tr>\n<tr>\n<td bgcolor=\"#0079BC\"><span class=\"style2\"><strong>Transformatorparameter<\/strong><\/span><\/td>\n<td bgcolor=\"#0079BC\"><span class=\"style2\"><\/span><\/td>\n<td bgcolor=\"#0079BC\"><span class=\"style2\"><\/span><\/td>\n<td bgcolor=\"#0079BC\"><span class=\"style2\"><\/span><\/td>\n<\/tr>\n<tr>\n<td>Isolationsmodus<\/td>\n<td>\u00d6ltransformator<\/td>\n<td>\u00d6ltransformator<\/td>\n<td>\u00d6ltransformator Transformator<\/td>\n<\/tr>\n<tr>\n<td>Nennleistung des Transformators<\/td>\n<td>3450 kVA<\/td>\n<td>5000 kVA<\/td>\n<td>5000 kVA<\/td>\n<\/tr>\n<tr>\n<td>Nennspannungsverh\u00e4ltnis<\/td>\n<td>0,69 kV\/35 kV (10 kV\u201335 kV optional)<\/td>\n<td>0,69 kV\/35 kV (10 kV\u201335 kV optional)<\/td>\n<td>0,69 kV\/35 kV (10 kV\u201335 kV optional)<\/td>\n<\/tr>\n<tr>\n<td>Transformator Vektor<\/td>\n<td>Dy11y11<\/td>\n<td>Dy11y11<\/td>\n<td>Dy11y11<\/td>\n<\/tr>\n<tr>\n<td>Transformatork\u00fchlung<\/td>\n<td>ONAN<\/td>\n<td>ONAN<\/td>\n<td>ONAN<\/td>\n<\/tr>\n<tr>\n<td bgcolor=\"#0079BC\"><span class=\"style2\"><strong>Grundparameter<\/strong><\/span><\/td>\n<td bgcolor=\"#0079BC\"><span class=\"style2\"><\/span><\/td>\n<td bgcolor=\"#0079BC\"><span class=\"style2\"><\/span><\/td>\n<td bgcolor=\"#0079BC\"><span class=\"style2\"><\/span><\/td>\n<td bgcolor=\"#0079BC\"><span class=\"style2\"><\/span><\/td>\n<\/tr>\n<tr>\n<td>Abmessungen (L x B x H)<\/td>\n<td>6058 x 2438 x 2896 mm<\/td>\n<td>12192 x 2438 x 2896 mm<\/td>\n<td>12192 x 2438 x 2896 mm<\/td>\n<\/tr>\n<tr>\n<td>Gewicht<\/td>\n<td>Ca. 15 t<\/td>\n<td>Ca. 23,5 t<\/td>\n<td>Ca. 23,5 t<\/td>\n<\/tr>\n<tr>\n<td>Betriebstemperatur Temperaturbereich<\/td>\n<td>-30\u2013+50 \u00b0C<\/td>\n<td>-30\u2013+50 \u00b0C<\/td>\n<td>-30\u2013+50 \u00b0C<\/td>\n<\/tr>\n<tr>\n<td>Max. H\u00f6he<\/td>\n<td>5000 m (>2000 m absteigend)<\/td>\n<td>5000 m (>2000 m absteigend)<\/td>\n<td>5000 m (>2000 m absteigend)<\/td>\n<\/tr>\n<tr>\n<td>Schutzart<\/td>\n<td>IP54\/IP68<\/td>\n<td>IP54\/IP68<\/td>\n<td>IP54\/IP68<\/td>\n<\/tr>\n<tr>\n<td>Relative Luftfeuchtigkeit<\/td>\n<td>0\u201395 %<\/td>\n<td>0\u201395 %<\/td>\n<td>0\u201395 %<\/td>\n<\/tr>\n<tr>\n<td>Kommunikation Protokoll<\/td>\n<td>Modbus TCP, IEC104, IEC61850<\/td>\n<td>Modbus TCP, IEC104, IEC61850<\/td>\n<td>Modbus TCP, IEC104, IEC61850<\/td>\n<\/tr>\n<\/tbody>\n<\/table>\n<p>[\/et_pb_text][\/et_pb_column][\/et_pb_row][et_pb_row _builder_version=&#8221;4.27.4&#8243; _module_preset=&#8221;default&#8221; width=&#8221;90%&#8221; max_width=&#8221;1200px&#8221; global_colors_info=&#8221;{}&#8221;][et_pb_column type=&#8221;4_4&#8243; _builder_version=&#8221;4.27.4&#8243; _module_preset=&#8221;default&#8221; global_colors_info=&#8221;{}&#8221;][et_pb_text admin_label=&#8221;Applications text&#8221; _builder_version=&#8221;4.27.4&#8243; _module_preset=&#8221;default&#8221; text_text_color=&#8221;#000000&#8243; global_colors_info=&#8221;{}&#8221;]<\/p>\n<h2>Netzanschlussbeispiel 1<\/h2>\n<p>Ein BESS wird \u00fcblicherweise \u00fcber die folgenden Ger\u00e4te an ein Hochspannungsnetz angeschlossen:<\/p>\n<ul>\n<li>Hochspannungs-Skid-Station<\/li>\n<li>Sekund\u00e4rsammelstation<\/li>\n<li>Prim\u00e4rsammelstation<\/li>\n<\/ul>\n<p><strong>Netzanschlussschema<\/strong>[\/et_pb_text][et_pb_image src=&#8221;https:\/\/brunstock.com\/german\/wp-content\/uploads\/2025\/09\/Grid-connection-schemeV2_German.webp&#8221; alt=&#8221;Netzanschlussschema&#8221; title_text=&#8221;Grid-connection-schemeV2_German&#8221; _builder_version=&#8221;4.27.4&#8243; _module_preset=&#8221;default&#8221; global_colors_info=&#8221;{}&#8221;][\/et_pb_image][\/et_pb_column][\/et_pb_row][et_pb_row _builder_version=&#8221;4.27.4&#8243; _module_preset=&#8221;default&#8221; width=&#8221;90%&#8221; max_width=&#8221;1200px&#8221; global_colors_info=&#8221;{}&#8221;][et_pb_column type=&#8221;4_4&#8243; _builder_version=&#8221;4.27.4&#8243; _module_preset=&#8221;default&#8221; global_colors_info=&#8221;{}&#8221;][et_pb_text admin_label=&#8221;Applications text&#8221; _builder_version=&#8221;4.27.4&#8243; _module_preset=&#8221;default&#8221; text_text_color=&#8221;#000000&#8243; global_colors_info=&#8221;{}&#8221;]<\/p>\n<h2>Netzanschlussbeispiel 2<\/h2>\n<p>Das Netzanschlusssystem besteht aus Aufspannstationen, vorgefertigten Sekund\u00e4r- und Prim\u00e4rschaltr\u00e4umen sowie einem vorgefertigten Hochspannungs-Umspannwerk von 66 kV bis 300 kV. Vorteile von Brunstock-Produkten:<\/p>\n<ul>\n<li>Schnelle Lieferung<\/li>\n<li>Platzersparnis auf der Baustelle<\/li>\n<li>K\u00fcrzung der Bauzeit vor Ort zur Einhaltung des Projektzeitplans<\/li>\n<li>Deutliche Senkung der Arbeitskosten durch die werkseitig vormontierte, vorgepr\u00fcfte und vorinbetriebgenommene Ausr\u00fcstung<\/li>\n<\/ul>\n<p>[\/et_pb_text][et_pb_image src=&#8221;https:\/\/brunstock.com\/wp-content\/uploads\/2025\/08\/66.webp&#8221; title_text=&#8221;66&#8243; _builder_version=&#8221;4.27.4&#8243; _module_preset=&#8221;default&#8221; global_colors_info=&#8221;{}&#8221;][\/et_pb_image][\/et_pb_column][\/et_pb_row][\/et_pb_section][et_pb_section fb_built=&#8221;1&#8243; fullwidth=&#8221;on&#8221; _builder_version=&#8221;4.27.4&#8243; _module_preset=&#8221;default&#8221; custom_padding=&#8221;||50px||false|false&#8221; global_colors_info=&#8221;{}&#8221;][et_pb_fullwidth_code _builder_version=&#8221;4.27.4&#8243; _module_preset=&#8221;default&#8221; global_colors_info=&#8221;{}&#8221;][et_pb_section global_module=\"3049\"][\/et_pb_section][\/et_pb_fullwidth_code][\/et_pb_section][et_pb_section fb_built=&#8221;1&#8243; theme_builder_area=&#8221;post_content&#8221; _builder_version=&#8221;4.27.4&#8243; _module_preset=&#8221;default&#8221;][et_pb_row _builder_version=&#8221;4.27.4&#8243; _module_preset=&#8221;default&#8221; theme_builder_area=&#8221;post_content&#8221;][et_pb_column _builder_version=&#8221;4.27.4&#8243; _module_preset=&#8221;default&#8221; type=&#8221;4_4&#8243; theme_builder_area=&#8221;post_content&#8221;][et_pb_text admin_label=&#8221;2026 CTA German&#8221; _builder_version=&#8221;4.27.4&#8243; _module_preset=&#8221;default&#8221; global_colors_info=&#8221;{}&#8221; theme_builder_area=&#8221;post_content&#8221;]<\/p>\n<p style=\"text-align: center;\"><img loading=\"lazy\" decoding=\"async\" class=\"wp-image-3705 aligncenter size-full\" src=\"https:\/\/brunstock.com\/german\/wp-content\/uploads\/2025\/12\/Brunstock200.png\" alt=\"Brunstock logo\" width=\"200\" height=\"33\" \/><\/p>\n<p style=\"text-align: center;\"><img loading=\"lazy\" decoding=\"async\" class=\"aligncenter wp-image-3706\" src=\"https:\/\/brunstock.com\/german\/wp-content\/uploads\/2025\/12\/contact-us-Brunstock-blue-246x300.png\" alt=\"Kontakt\u2011Icon \u2013 Mobiltelefon und Sprechblase\" width=\"70\" height=\"85\" srcset=\"https:\/\/brunstock.com\/german\/wp-content\/uploads\/2025\/12\/contact-us-Brunstock-blue-246x300.png 246w, https:\/\/brunstock.com\/german\/wp-content\/uploads\/2025\/12\/contact-us-Brunstock-blue.png 278w\" sizes=\"(max-width: 70px) 100vw, 70px\" \/><\/p>\n<p style=\"text-align: center;\"><a href=\"https:\/\/brunstock.com\/german\/contact-us\/\">Kontaktieren Sie noch heute Ihren lokalen Brunstock\u2011Vertreter!<\/a><\/p>\n<p>[\/et_pb_text][\/et_pb_column][\/et_pb_row][\/et_pb_section]<\/p>\n","protected":false},"excerpt":{"rendered":"<p>Aufw\u00e4rtstransformator-Skid-Station Die integrierte Aufw\u00e4rtstransformator-Skid-Station von Brunstock besteht aus einem Energiespeicher-Konverter-PCS, einem Aufw\u00e4rtstransformator, einer Ringkabel-MS-Schaltanlage, einem Kommunikationsschaltschrank und einem unterst\u00fctzenden Hilfssystem. Unser Vorfertigungskonzept bedeutet, dass die Skid-Station vor der Auslieferung im Werk gefertigt und vorab in Betrieb genommen wird. Dies spart Zeit bei Bau, Installation und Inbetriebnahme vor Ort. Reduzierte Arbeitskosten vor Ort k\u00f6nnen an den [&hellip;]<\/p>\n","protected":false},"author":3,"featured_media":0,"parent":0,"menu_order":0,"comment_status":"closed","ping_status":"closed","template":"","meta":{"_et_pb_use_builder":"on","_et_pb_old_content":"","_et_gb_content_width":"","footnotes":""},"class_list":["post-3035","page","type-page","status-publish","hentry"],"_links":{"self":[{"href":"https:\/\/brunstock.com\/german\/wp-json\/wp\/v2\/pages\/3035","targetHints":{"allow":["GET"]}}],"collection":[{"href":"https:\/\/brunstock.com\/german\/wp-json\/wp\/v2\/pages"}],"about":[{"href":"https:\/\/brunstock.com\/german\/wp-json\/wp\/v2\/types\/page"}],"author":[{"embeddable":true,"href":"https:\/\/brunstock.com\/german\/wp-json\/wp\/v2\/users\/3"}],"replies":[{"embeddable":true,"href":"https:\/\/brunstock.com\/german\/wp-json\/wp\/v2\/comments?post=3035"}],"version-history":[{"count":12,"href":"https:\/\/brunstock.com\/german\/wp-json\/wp\/v2\/pages\/3035\/revisions"}],"predecessor-version":[{"id":3758,"href":"https:\/\/brunstock.com\/german\/wp-json\/wp\/v2\/pages\/3035\/revisions\/3758"}],"wp:attachment":[{"href":"https:\/\/brunstock.com\/german\/wp-json\/wp\/v2\/media?parent=3035"}],"curies":[{"name":"wp","href":"https:\/\/api.w.org\/{rel}","templated":true}]}}