{"id":422,"date":"2024-05-17T06:02:11","date_gmt":"2024-05-17T06:02:11","guid":{"rendered":"https:\/\/brunstock.com\/?page_id=422"},"modified":"2025-11-10T12:00:10","modified_gmt":"2025-11-10T12:00:10","slug":"privacy-policy","status":"publish","type":"page","link":"https:\/\/brunstock.com\/german\/privacy-policy\/","title":{"rendered":"Datenschutzrichtlinie"},"content":{"rendered":"<p>[et_pb_section fb_built=&#8221;1&#8243; _builder_version=&#8221;4.25.0&#8243; _module_preset=&#8221;default&#8221; global_colors_info=&#8221;{}&#8221;][et_pb_row use_custom_gutter=&#8221;on&#8221; _builder_version=&#8221;4.25.0&#8243; _module_preset=&#8221;default&#8221; width=&#8221;90%&#8221; max_width=&#8221;1200px&#8221; global_colors_info=&#8221;{}&#8221;][et_pb_column type=&#8221;4_4&#8243; _builder_version=&#8221;4.25.0&#8243; _module_preset=&#8221;default&#8221; global_colors_info=&#8221;{}&#8221;][et_pb_blurb content_max_width=&#8221;100%&#8221; _builder_version=&#8221;4.27.4&#8243; _module_preset=&#8221;default&#8221; header_font=&#8221;TWKLausanne 600|100|||||||&#8221; header_text_color=&#8221;#000000&#8243; header_font_size=&#8221;24px&#8221; body_font=&#8221;TWKLausanne 300||||||||&#8221; body_text_color=&#8221;#2b2b2b&#8221; body_font_size=&#8221;16px&#8221; body_line_height=&#8221;1.6em&#8221; locked=&#8221;off&#8221; global_colors_info=&#8221;{}&#8221;]<\/p>\n<h1>Brunstock-Datenschutzrichtlinie<\/h1>\n<p>Letzte Aktualisierung: 14. August 2025 (Datum des Inkrafttretens)<\/p>\n<p>Die Brunstock AG (im Folgenden \u201ewir\u201c, \u201euns\u201c oder \u201eunser\u201c) betreibt die Website <a href=\"http:\/\/brunstock.com\/german\/\">http:\/\/brunstock.com<\/a> (der \u201eDienst\u201c).<\/p>\n<p>Diese Datenschutzrichtlinie entspricht dem Schweizerischen Datenschutzgesetz (nDSG), der Datenschutz-Grundverordnung (DSGVO) und anderen geltenden Datenschutzgesetzen.<\/p>\n<p>Diese Seite informiert Sie \u00fcber unsere Richtlinien zur Erhebung, Verwendung und Weitergabe personenbezogener Daten bei der Nutzung unseres Dienstes sowie \u00fcber Ihre diesbez\u00fcglichen Wahlm\u00f6glichkeiten.<\/p>\n<p>Wir verwenden Ihre Daten, um den Dienst bereitzustellen und zu verbessern. Durch die Nutzung des Dienstes stimmen Sie der Erhebung und Verwendung von Informationen gem\u00e4\u00df dieser Richtlinie zu. Sofern in dieser Datenschutzerkl\u00e4rung nicht anders definiert, haben die in dieser Datenschutzerkl\u00e4rung verwendeten Begriffe dieselbe Bedeutung wie in unseren <a href=\"https:\/\/brunstock.com\/german\/terms-and-conditions\/\">Allgemeinen Gesch\u00e4ftsbedingungen<\/a>.<\/p>\n<p><em><strong>Datenschutz durch Technikgestaltung und datenschutzfreundliche Voreinstellungen<\/strong><\/em><\/p>\n<p>Wir setzen Datenschutzgrunds\u00e4tze wie Datenschutz durch Technikgestaltung und datenschutzfreundliche Voreinstellungen in unseren Systemen und Prozessen um.<\/p>\n<p>[\/et_pb_blurb][et_pb_blurb title=&#8221;Definitions&#8221; content_max_width=&#8221;100%&#8221; admin_label=&#8221;Personal data &#8230;&#8221; _builder_version=&#8221;4.27.4&#8243; _module_preset=&#8221;default&#8221; header_font=&#8221;TWKLausanne 600|100|||||||&#8221; header_text_color=&#8221;#000000&#8243; header_font_size=&#8221;24px&#8221; body_font=&#8221;TWKLausanne 300||||||||&#8221; body_text_color=&#8221;#2b2b2b&#8221; body_font_size=&#8221;16px&#8221; body_line_height=&#8221;1.6em&#8221; locked=&#8221;off&#8221; global_colors_info=&#8221;{}&#8221;]<\/p>\n<p><em><strong>Personenbezogene Daten<br \/><\/strong><\/em>Personenbezogene Daten sind Daten \u00fcber eine lebende Person, die anhand dieser Daten (oder anhand dieser und weiterer Informationen, die sich in unserem Besitz befinden oder wahrscheinlich in unseren Besitz gelangen) identifiziert werden kann. Dies geschieht beispielsweise, wenn Sie uns eine E-Mail senden oder ein Kontaktformular (sofern vorhanden) verwenden.<\/p>\n<p><em><strong>Nutzungsdaten<br \/><\/strong><\/em>Nutzungsdaten sind automatisch erfasste Daten, die entweder durch die Nutzung des Dienstes oder durch die Dienstinfrastruktur selbst generiert werden (z. B. die Dauer eines Seitenbesuchs).<\/p>\n<p><em><strong>Cookies<\/strong><\/em><br \/>Cookies sind kleine Datendateien, die auf Ihrem Ger\u00e4t (Computer oder Mobilger\u00e4t) gespeichert werden. Weitere Informationen finden Sie in der <a href=\"https:\/\/brunstock.com\/german\/cookies-policy\/\">Cookie-Richtlinie<\/a>.<\/p>\n<p><em><strong>Verantwortlicher<\/strong><\/em><br \/>\u201eVerantwortlicher\u201c bezeichnet die nat\u00fcrliche oder juristische Person, die (allein oder gemeinsam mit anderen Personen) die Zwecke und die Art und Weise der Verarbeitung personenbezogener Daten bestimmt.<\/p>\n<p>Im Sinne dieser Datenschutzerkl\u00e4rung sind wir der Verantwortliche f\u00fcr Ihre personenbezogenen Daten.<\/p>\n<p><em><strong>Auftragsverarbeiter<\/strong><\/em><br \/>\u201eAuftragsverarbeiter\u201c (oder Dienstleister) bezeichnet jede nat\u00fcrliche oder juristische Person, die die Daten im Auftrag des Verantwortlichen verarbeitet.<\/p>\n<p>Wir k\u00f6nnen die Dienste verschiedener Dienstleister in Anspruch nehmen, um Ihre Daten effektiver zu verarbeiten.<\/p>\n<p><em><strong>Betroffene Person (oder Nutzer)<\/strong><\/em><br \/>\u201eBetroffene Person\u201c ist jede lebende Person, die unseren Service nutzt und Gegenstand personenbezogener Daten ist.<\/p>\n<p><em><strong>Erhebung und Nutzung von Informationen<\/strong><\/em><br \/>Wir erheben verschiedene Arten von Informationen f\u00fcr unterschiedliche Zwecke, um Ihnen unseren Service bereitzustellen und zu verbessern.<\/p>\n<p><em><strong>Arten der erhobenen Daten<\/strong><\/em><\/p>\n<p><strong>Personenbezogene Daten<br \/><\/strong>Bei der Nutzung unseres Dienstes bitten wir Sie m\u00f6glicherweise um die Angabe bestimmter personenbezogener Daten, die wir zur Kontaktaufnahme oder Identifizierung verwenden k\u00f6nnen (\u201epersonenbezogene Daten\u201c). Zu diesen personenbezogenen Daten k\u00f6nnen unter anderem geh\u00f6ren:<\/p>\n<ul>\n<li>E-Mail-Adresse<\/li>\n<li>Vor- und Nachname<\/li>\n<li>Unternehmen, das Sie vertreten<\/li>\n<li>Ihre Position in diesem Unternehmen<\/li>\n<li>Cookies und Nutzungsdaten<\/li>\n<\/ul>\n<p><strong>Nutzungsdaten<\/strong><br \/>Wir k\u00f6nnen auch Informationen dar\u00fcber erfassen, wie auf den Dienst zugegriffen und wie er genutzt wird (\u201eNutzungsdaten\u201c). Diese Nutzungsdaten k\u00f6nnen Informationen wie die IP-Adresse Ihres Computers (z. B. IP-Adresse), Browsertyp und -version, die von Ihnen besuchten Seiten unseres Dienstes, Uhrzeit und Datum Ihres Besuchs, die Verweildauer auf diesen Seiten, eindeutige Ger\u00e4tekennungen und andere Diagnosedaten umfassen.<\/p>\n<p><strong>Tracking- und Cookie-Daten<\/strong><br \/>Wir verwenden Cookies und \u00e4hnliche Tracking-Technologien, um die Aktivit\u00e4ten auf unserem Service zu verfolgen und bestimmte Informationen zu speichern.<\/p>\n<p>Cookies sind Dateien mit kleinen Datenmengen, die eine anonyme, eindeutige Kennung enthalten k\u00f6nnen. Cookies werden von einer Website an Ihren Browser gesendet und auf Ihrem Ger\u00e4t gespeichert. Zu den ebenfalls verwendeten Tracking-Technologien geh\u00f6ren Beacons, Tags, Tracking-Pixel, Web-Beacons und Skripte, um Informationen zu sammeln und zu verfolgen sowie unseren Service zu verbessern und zu analysieren.<\/p>\n<p>Sie k\u00f6nnen Ihren Browser so einstellen, dass er alle Cookies ablehnt oder anzeigt, wenn ein Cookie gesendet wird. Wenn Sie jedoch keine Cookies akzeptieren, k\u00f6nnen Sie m\u00f6glicherweise einige Teile unseres Service nicht nutzen. Beispiele f\u00fcr von uns verwendete Cookies:<\/p>\n<ul>\n<li>Wir verwenden <strong>Sitzungscookies<\/strong>, um unseren Service zu betreiben.<\/li>\n<li>Wir verwenden <strong>Pr\u00e4ferenz-Cookies<\/strong>, um Ihre Pr\u00e4ferenzen und verschiedene Einstellungen zu speichern.<\/li>\n<li>Wir verwenden <strong>Sicherheits-Cookies<\/strong> zu Sicherheitszwecken.<\/li>\n<\/ul>\n<p>Weitere Informationen finden Sie in der <a href=\"https:\/\/brunstock.com\/german\/cookies-policy\/\">Cookie-Richtlinie<\/a>.<\/p>\n<p>[\/et_pb_blurb][et_pb_blurb content_max_width=&#8221;100%&#8221; admin_label=&#8221;Use of data&#8230;&#8221; _builder_version=&#8221;4.27.4&#8243; _module_preset=&#8221;default&#8221; header_font=&#8221;TWKLausanne 600|100|||||||&#8221; header_text_color=&#8221;#000000&#8243; header_font_size=&#8221;24px&#8221; body_font=&#8221;TWKLausanne 300||||||||&#8221; body_text_color=&#8221;#2b2b2b&#8221; body_font_size=&#8221;16px&#8221; body_line_height=&#8221;1.6em&#8221; locked=&#8221;off&#8221; global_colors_info=&#8221;{}&#8221;]<em><strong>Verwendung von Daten<\/strong><\/em><br \/>\nBrunstock verwendet die erhobenen Daten f\u00fcr verschiedene Zwecke:<\/p>\n<ul>\n<li>Zur Bereitstellung und Wartung unseres Dienstes<\/li>\n<li>Um Sie \u00fcber \u00c4nderungen an unserem Dienst zu informieren<\/li>\n<li>Um Ihnen die Nutzung interaktiver Funktionen unseres Dienstes zu erm\u00f6glichen, wenn Sie dies w\u00fcnschen<\/li>\n<li>Um Kundensupport zu leisten<\/li>\n<li>Um Analysen oder andere Informationen zu sammeln, damit wir unseren Dienst verbessern k\u00f6nnen<\/li>\n<li>Um die Nutzung unseres Dienstes zu \u00fcberwachen<\/li>\n<li>Um technische Probleme zu erkennen, zu verhindern und zu beheben<\/li>\n<\/ul>\n<p><em><strong>Rechtsgrundlage f\u00fcr die Verarbeitung personenbezogener Daten gem\u00e4\u00df der Datenschutz-Grundverordnung (DSGVO)<br \/>\n<\/strong><\/em>Wenn Sie aus dem Europ\u00e4ischen Wirtschaftsraum (EWR) stammen, h\u00e4ngt die Rechtsgrundlage von Brunstock f\u00fcr die Erhebung und Verwendung der in dieser Datenschutzrichtlinie beschriebenen personenbezogenen Daten von den von uns erhobenen personenbezogenen Daten und dem spezifischen Kontext ab, in dem wir sie erheben.<\/p>\n<p>Brunstock kann Ihre personenbezogenen Daten verarbeiten, weil:<\/p>\n<ul>\n<li>Sie uns kontaktiert haben und wir eine Antwort formulieren m\u00fcssen<\/li>\n<li>Wir einen Vertrag mit Ihnen erf\u00fcllen m\u00fcssen<\/li>\n<li>Sie uns die Erlaubnis dazu erteilt haben<\/li>\n<li>Die Verarbeitung liegt in unserem berechtigten Interesse und wird nicht durch Ihre Rechte au\u00dfer Kraft gesetzt<\/li>\n<li>Um gesetzliche Vorschriften einzuhalten.<\/li>\n<\/ul>\n<p><em><strong>Aufbewahrung von Daten<\/strong><\/em><br \/>\nBrunstock speichert Ihre personenbezogenen Daten nur so lange, wie es f\u00fcr die in dieser Datenschutzerkl\u00e4rung genannten Zwecke erforderlich ist. Wir speichern und verwenden Ihre personenbezogenen Daten, soweit dies zur Erf\u00fcllung unserer gesetzlichen Verpflichtungen (z. B. wenn wir Ihre Daten zur Einhaltung geltender Gesetze aufbewahren m\u00fcssen), zur Beilegung von Streitigkeiten und zur Durchsetzung unserer rechtlichen Vereinbarungen und Richtlinien erforderlich ist.<\/p>\n<p>Brunstock speichert Nutzungsdaten auch f\u00fcr interne Analysezwecke. Nutzungsdaten werden grunds\u00e4tzlich f\u00fcr einen k\u00fcrzeren Zeitraum gespeichert, es sei denn, diese Daten werden zur St\u00e4rkung der Sicherheit oder zur Verbesserung der Funktionalit\u00e4t unseres Dienstes verwendet oder wir sind gesetzlich verpflichtet, diese Daten f\u00fcr einen l\u00e4ngeren Zeitraum zu speichern.[\/et_pb_blurb][et_pb_blurb content_max_width=&#8221;100%&#8221; admin_label=&#8221;Transfer of data&#8230;&#8221; _builder_version=&#8221;4.27.4&#8243; _module_preset=&#8221;default&#8221; header_font=&#8221;TWKLausanne 600|100|||||||&#8221; header_text_color=&#8221;#000000&#8243; header_font_size=&#8221;24px&#8221; body_font=&#8221;TWKLausanne 300||||||||&#8221; body_text_color=&#8221;#2b2b2b&#8221; body_font_size=&#8221;16px&#8221; body_line_height=&#8221;1.6em&#8221; locked=&#8221;off&#8221; global_colors_info=&#8221;{}&#8221;]<em><strong>Daten\u00fcbertragung<\/strong><\/em><br \/>\nIhre Daten, einschlie\u00dflich personenbezogener Daten, k\u00f6nnen an Computer au\u00dferhalb Ihres Bundeslandes, Ihrer Provinz, Ihres Landes oder einer anderen Rechtsordnung \u00fcbertragen und dort gespeichert werden, wo m\u00f6glicherweise andere Datenschutzgesetze gelten.<\/p>\n<p>Wir \u00fcbermitteln Daten im Zusammenhang mit diesem Dienst, einschlie\u00dflich personenbezogener Daten, manchmal an unsere Tochtergesellschaften oder Vertreter in Europa, Hongkong, Deutschland, Australien oder S\u00fcdafrika und verarbeiten sie dort. Ihre Zustimmung zu dieser Datenschutzrichtlinie und die anschlie\u00dfende \u00dcbermittlung solcher Informationen stellen Ihre Zustimmung zu dieser \u00dcbertragung dar.<\/p>\n<p>Brunstock ergreift alle angemessenen Ma\u00dfnahmen, um sicherzustellen, dass Ihre Daten sicher und in \u00dcbereinstimmung mit dieser Datenschutzrichtlinie behandelt werden. Ihre personenbezogenen Daten werden nur dann an Organisationen oder L\u00e4nder \u00fcbermittelt, wenn angemessene Kontrollen, einschlie\u00dflich der Sicherheit Ihrer Daten und anderer personenbezogener Daten, vorhanden sind.[\/et_pb_blurb][et_pb_blurb content_max_width=&#8221;100%&#8221; admin_label=&#8221;Disclosure of data&#8230;&#8221; _builder_version=&#8221;4.27.4&#8243; _module_preset=&#8221;default&#8221; header_font=&#8221;TWKLausanne 600|100|||||||&#8221; header_text_color=&#8221;#000000&#8243; header_font_size=&#8221;24px&#8221; body_font=&#8221;TWKLausanne 300||||||||&#8221; body_text_color=&#8221;#2b2b2b&#8221; body_font_size=&#8221;16px&#8221; body_line_height=&#8221;1.6em&#8221; locked=&#8221;off&#8221; global_colors_info=&#8221;{}&#8221;]<\/p>\n<p><em><strong>Weitergabe von Daten<br \/><\/strong><\/em><br \/><strong>Weitergabe f\u00fcr Strafverfolgungsbeh\u00f6rden<br \/><\/strong>Unter bestimmten Umst\u00e4nden kann Brunstock verpflichtet sein, Ihre personenbezogenen Daten weiterzugeben, wenn dies gesetzlich vorgeschrieben ist oder auf berechtigte Anfragen von Beh\u00f6rden (z. B. Gerichten oder Beh\u00f6rden) erfolgt.<\/p>\n<p><em><strong>Gesetzliche Anforderungen<\/strong><\/em><br \/>Brunstock kann Ihre personenbezogenen Daten in dem guten Glauben weitergeben, dass dies notwendig ist, um:<\/p>\n<ul>\n<li>einer gesetzlichen Verpflichtung nachzukommen<\/li>\n<li>die Rechte oder das Eigentum von Brunstock zu sch\u00fctzen und zu verteidigen<\/li>\n<li>m\u00f6gliches Fehlverhalten im Zusammenhang mit dem Dienst zu verhindern oder zu untersuchen<\/li>\n<li>die pers\u00f6nliche Sicherheit der Nutzer des Dienstes oder der \u00d6ffentlichkeit zu sch\u00fctzen<\/li>\n<li>vor rechtlicher Haftung zu sch\u00fctzen<\/li>\n<\/ul>\n<p><em><strong>Datensicherheit<\/strong><\/em><br \/>Die Sicherheit Ihrer Daten ist uns wichtig. Bedenken Sie jedoch, dass keine Methode der Internet\u00fcbertragung oder elektronischen Speicherung 100 % sicher ist. Wir bem\u00fchen uns zwar um kommerziell akzeptable Mittel zum Schutz Ihrer personenbezogenen Daten, k\u00f6nnen jedoch keine absolute Sicherheit garantieren.<\/p>\n<p><em><strong>Do Not Track\u201c-Signale gem\u00e4\u00df CalOPPA<br \/><\/strong><\/em>Wir unterst\u00fctzen Do Not Track (\u201eDNT\u201c) gem\u00e4\u00df dem California Online Privacy Protection Act (CalOPPA) nicht. Do Not Track ist eine Einstellung, die Sie in Ihrem Webbrowser vornehmen k\u00f6nnen, um Websites mitzuteilen, dass Sie nicht verfolgt werden m\u00f6chten. Sie k\u00f6nnen Do Not Track in den Einstellungen Ihres Webbrowsers aktivieren oder deaktivieren.<\/p>\n<p><em><strong>Ihre Datenschutzrechte<br \/><\/strong><\/em>Wenn Sie im Europ\u00e4ischen Wirtschaftsraum (EWR) ans\u00e4ssig sind, haben Sie gem\u00e4\u00df der Datenschutz-Grundverordnung (DSGVO) bestimmte Datenschutzrechte. Brunstock ist bestrebt, angemessene Ma\u00dfnahmen zu ergreifen, um Ihnen die Berichtigung, \u00c4nderung, L\u00f6schung oder Einschr\u00e4nkung der Verwendung Ihrer personenbezogenen Daten zu erm\u00f6glichen.<\/p>\n<p>In der Schweiz ans\u00e4ssige Personen haben gem\u00e4\u00df dem neuen Bundesgesetz \u00fcber den Datenschutz in der Schweiz von 2023 (nDSG) \u00e4hnliche Rechte, einschlie\u00dflich des Rechts auf Auskunft, Berichtigung, L\u00f6schung und Widerspruch gegen die Verarbeitung ihrer personenbezogenen Daten.<\/p>\n<p>Wenn Sie erfahren m\u00f6chten, welche personenbezogenen Daten wir \u00fcber Sie gespeichert haben und diese aus unseren Systemen gel\u00f6scht werden sollen, <a href=\"https:\/\/brunstock.com\/german\/contact-us\/\">kontaktieren Sie uns bitte<\/a>.<\/p>\n<p>Unter bestimmten Umst\u00e4nden haben Sie folgende Datenschutzrechte:<\/p>\n<ul>\n<li>Das Recht auf Zugriff, Aktualisierung oder L\u00f6schung der von uns \u00fcber Sie gespeicherten Informationen. Sofern m\u00f6glich, k\u00f6nnen Sie Ihre personenbezogenen Daten direkt in Ihren Kontoeinstellungen abrufen, aktualisieren oder l\u00f6schen lassen.<\/li>\n<li>Das Recht auf Berichtigung. Sie haben das Recht, die Berichtigung Ihrer Daten zu verlangen, wenn diese unrichtig oder unvollst\u00e4ndig sind.<\/li>\n<li>Das Recht auf Widerspruch. Sie haben das Recht, der Verarbeitung Ihrer personenbezogenen Daten zu widersprechen.<\/li>\n<li>Das Recht auf Einschr\u00e4nkung. Sie haben das Recht, die Einschr\u00e4nkung der Verarbeitung Ihrer personenbezogenen Daten zu verlangen.<\/li>\n<li>Das Recht auf Daten\u00fcbertragbarkeit. Sie haben das Recht, eine Kopie der von uns \u00fcber Sie gespeicherten Informationen in einem strukturierten, maschinenlesbaren und allgemein gebr\u00e4uchlichen Format zu erhalten.<\/li>\n<li>Das Recht auf Widerruf der Einwilligung. Sie haben au\u00dferdem das Recht, Ihre Einwilligung jederzeit zu widerrufen, wenn Brunstock sich bei der Verarbeitung Ihrer personenbezogenen Daten auf Ihre Einwilligung verlassen hat. Bitte beachten Sie, dass wir Sie gegebenenfalls bitten, Ihre Identit\u00e4t zu best\u00e4tigen, bevor wir auf solche Anfragen antworten.<\/li>\n<\/ul>\n<p>Sie haben das Recht, sich bei einer Datenschutzbeh\u00f6rde \u00fcber unsere Erhebung und Verwendung Ihrer personenbezogenen Daten zu beschweren. F\u00fcr weitere Informationen wenden Sie sich bitte an Ihre lokale Datenschutzbeh\u00f6rde im Europ\u00e4ischen Wirtschaftsraum (EWR). Schweizer Nutzer k\u00f6nnen sich bei Datenschutzbedenken an den Eidgen\u00f6ssischen Datenschutz- und \u00d6ffentlichkeitsbeauftragten (ED\u00d6B) unter https:\/\/www.edoeb.admin.ch wenden.<\/p>\n<p><em><strong>Meldung bei Datenschutzverletzungen<\/strong><\/em><\/p>\n<p>Im Falle einer Datenschutzverletzung in der Schweiz, die ein hohes Risiko f\u00fcr Ihre Rechte und Freiheiten darstellen k\u00f6nnte, benachrichtigen wir den Eidgen\u00f6ssischen Datenschutz- und \u00d6ffentlichkeitsbeauftragten (ED\u00d6B) und die betroffenen Personen gem\u00e4\u00df den gesetzlichen Bestimmungen.<\/p>\n<p>[\/et_pb_blurb][et_pb_blurb content_max_width=&#8221;100%&#8221; admin_label=&#8221;Service providers&#8230;&#8221; _builder_version=&#8221;4.27.4&#8243; _module_preset=&#8221;default&#8221; header_font=&#8221;TWKLausanne 600|100|||||||&#8221; header_text_color=&#8221;#000000&#8243; header_font_size=&#8221;24px&#8221; body_font=&#8221;TWKLausanne 300||||||||&#8221; body_text_color=&#8221;#2b2b2b&#8221; body_font_size=&#8221;16px&#8221; body_line_height=&#8221;1.6em&#8221; locked=&#8221;off&#8221; global_colors_info=&#8221;{}&#8221;]<em><strong>Drittanbieter<br \/>\n<\/strong><\/em>Wir k\u00f6nnen Drittunternehmen und Einzelpersonen damit beauftragen, unseren Dienst zu erm\u00f6glichen (\u201eDienstanbieter\u201c), den Dienst in unserem Namen bereitzustellen, dienstbezogene Dienstleistungen zu erbringen oder uns bei der Analyse der Nutzung unseres Dienstes zu unterst\u00fctzen.<\/p>\n<p>Diese Drittanbieter haben ausschlie\u00dflich Zugriff auf Ihre personenbezogenen Daten, um diese Aufgaben in unserem Namen auszuf\u00fchren, und sind verpflichtet, diese nicht weiterzugeben oder f\u00fcr andere Zwecke zu verwenden.[\/et_pb_blurb][et_pb_blurb content_max_width=&#8221;100%&#8221; admin_label=&#8221;Google Analytics&#8230;&#8221; _builder_version=&#8221;4.27.4&#8243; _module_preset=&#8221;default&#8221; header_font=&#8221;TWKLausanne 600|100|||||||&#8221; header_text_color=&#8221;#000000&#8243; header_font_size=&#8221;24px&#8221; body_font=&#8221;TWKLausanne 300||||||||&#8221; body_text_color=&#8221;#2b2b2b&#8221; body_font_size=&#8221;16px&#8221; body_line_height=&#8221;1.6em&#8221; locked=&#8221;off&#8221; global_colors_info=&#8221;{}&#8221;]<strong>Analytics<\/strong>Wir k\u00f6nnen Drittanbieter zur \u00dcberwachung und Analyse der Nutzung unseres Dienstes einsetzen.<\/p>\n<p><strong>Google Analytics<\/strong><br \/>\nGoogle Analytics ist ein Webanalysedienst von Google, der den Website-Verkehr erfasst und meldet. Google nutzt die erhobenen Daten, um die Nutzung unseres Dienstes zu verfolgen und zu \u00fcberwachen. Diese Daten werden an andere Google-Dienste weitergegeben. Google kann die erhobenen Daten verwenden, um die Anzeigen seines eigenen Werbenetzwerks zu kontextualisieren und zu personalisieren.<\/p>\n<p>Sie k\u00f6nnen die Bereitstellung Ihrer Aktivit\u00e4ten auf dem Dienst f\u00fcr Google Analytics deaktivieren, indem Sie das Browser-Add-on zur Deaktivierung von Google Analytics installieren. Das Add-on verhindert, dass das Google Analytics-JavaScript (ga.js, analytics.js und dc.js) Informationen \u00fcber Besuchsaktivit\u00e4ten an Google Analytics weitergibt.<\/p>\n<p>Weitere Informationen zu den Datenschutzpraktiken von Google finden Sie auf der Webseite zu den Datenschutzbestimmungen und Nutzungsbedingungen von Google: <a href=\"https:\/\/policies.google.com\/privacy?hl=de\">https:\/\/policies.google.com\/privacy?hl=de<\/a>[\/et_pb_blurb][et_pb_blurb content_max_width=&#8221;100%&#8221; admin_label=&#8221;Links to other sites&#8230;&#8221; _builder_version=&#8221;4.27.4&#8243; _module_preset=&#8221;default&#8221; header_font=&#8221;TWKLausanne 600|100|||||||&#8221; header_text_color=&#8221;#000000&#8243; header_font_size=&#8221;24px&#8221; body_font=&#8221;TWKLausanne 300||||||||&#8221; body_text_color=&#8221;#2b2b2b&#8221; body_font_size=&#8221;16px&#8221; body_line_height=&#8221;1.6em&#8221; locked=&#8221;off&#8221; global_colors_info=&#8221;{}&#8221;]<\/p>\n<p><em><strong>Links zu anderen Websites<\/strong><\/em><br \/>Unser Service kann Links zu anderen Websites enthalten, die nicht von uns betrieben werden. Wenn Sie auf einen Link eines Drittanbieters klicken, werden Sie auf die Website dieses Drittanbieters weitergeleitet. Wir empfehlen Ihnen dringend, die Datenschutzrichtlinien aller von Ihnen besuchten Websites zu lesen.<\/p>\n<p>Wir haben keine Kontrolle \u00fcber die Inhalte, Datenschutzrichtlinien oder Praktiken von Websites oder Diensten Dritter und \u00fcbernehmen keine Verantwortung daf\u00fcr.<\/p>\n<p><em><strong>Datenschutz f\u00fcr Kinder<\/strong><\/em><br \/>Unser Service richtet sich nicht an Personen unter 18 Jahren (\u201eKinder\u201c).<\/p>\n<p>Wir erheben wissentlich keine personenbezogenen Daten von Personen unter 18 Jahren. Wenn Sie ein Elternteil oder Erziehungsberechtigter sind und wissen, dass Ihr Kind uns personenbezogene Daten \u00fcbermittelt hat, kontaktieren Sie uns bitte unter webmaster@brunstock.com. Sollten wir feststellen, dass wir personenbezogene Daten von Kindern ohne \u00dcberpr\u00fcfung der elterlichen Zustimmung erhoben haben, ergreifen wir Ma\u00dfnahmen, um diese Informationen von unseren Servern zu entfernen.<\/p>\n<p><em><strong>\u00c4nderungen dieser Datenschutzrichtlinie<br \/><\/strong><\/em>Wir behalten uns vor, unsere Datenschutzrichtlinie von Zeit zu Zeit zu aktualisieren. Wir informieren Sie \u00fcber \u00c4nderungen, indem wir die neue Datenschutzrichtlinie auf dieser Seite ver\u00f6ffentlichen.<\/p>\n<p>Wir informieren Sie vor Inkrafttreten der \u00c4nderung per E-Mail und\/oder durch einen deutlich sichtbaren Hinweis in unserem Service und aktualisieren das Datum des Inkrafttretens oben in dieser Datenschutzrichtlinie.<\/p>\n<p>Wir empfehlen Ihnen, diese Datenschutzrichtlinie regelm\u00e4\u00dfig auf \u00c4nderungen zu \u00fcberpr\u00fcfen. \u00c4nderungen dieser Datenschutzrichtlinie treten mit ihrer Ver\u00f6ffentlichung auf dieser Seite in Kraft.<\/p>\n<p><strong>Kontakt<\/strong><br \/>Bei Fragen zu dieser Datenschutzrichtlinie <a href=\"https:\/\/brunstock.com\/german\/contact-us\/\">kontaktieren Sie uns bitte<\/a>.<\/p>\n<p>[\/et_pb_blurb][\/et_pb_column][\/et_pb_row][\/et_pb_section]<\/p>\n","protected":false},"excerpt":{"rendered":"<p>Brunstock-Datenschutzrichtlinie Letzte Aktualisierung: 14. August 2025 (Datum des Inkrafttretens) Die Brunstock AG (im Folgenden \u201ewir\u201c, \u201euns\u201c oder \u201eunser\u201c) betreibt die Website http:\/\/brunstock.com (der \u201eDienst\u201c). Diese Datenschutzrichtlinie entspricht dem Schweizerischen Datenschutzgesetz (nDSG), der Datenschutz-Grundverordnung (DSGVO) und anderen geltenden Datenschutzgesetzen. Diese Seite informiert Sie \u00fcber unsere Richtlinien zur Erhebung, Verwendung und Weitergabe personenbezogener Daten bei der Nutzung [&hellip;]<\/p>\n","protected":false},"author":3,"featured_media":0,"parent":0,"menu_order":0,"comment_status":"closed","ping_status":"closed","template":"","meta":{"_et_pb_use_builder":"on","_et_pb_old_content":"","_et_gb_content_width":"","footnotes":""},"class_list":["post-422","page","type-page","status-publish","hentry"],"_links":{"self":[{"href":"https:\/\/brunstock.com\/german\/wp-json\/wp\/v2\/pages\/422","targetHints":{"allow":["GET"]}}],"collection":[{"href":"https:\/\/brunstock.com\/german\/wp-json\/wp\/v2\/pages"}],"about":[{"href":"https:\/\/brunstock.com\/german\/wp-json\/wp\/v2\/types\/page"}],"author":[{"embeddable":true,"href":"https:\/\/brunstock.com\/german\/wp-json\/wp\/v2\/users\/3"}],"replies":[{"embeddable":true,"href":"https:\/\/brunstock.com\/german\/wp-json\/wp\/v2\/comments?post=422"}],"version-history":[{"count":18,"href":"https:\/\/brunstock.com\/german\/wp-json\/wp\/v2\/pages\/422\/revisions"}],"predecessor-version":[{"id":3590,"href":"https:\/\/brunstock.com\/german\/wp-json\/wp\/v2\/pages\/422\/revisions\/3590"}],"wp:attachment":[{"href":"https:\/\/brunstock.com\/german\/wp-json\/wp\/v2\/media?parent=422"}],"curies":[{"name":"wp","href":"https:\/\/api.w.org\/{rel}","templated":true}]}}