{"id":581,"date":"2024-06-04T08:07:51","date_gmt":"2024-06-04T08:07:51","guid":{"rendered":"https:\/\/brunstock.com\/?page_id=581"},"modified":"2025-12-08T04:53:35","modified_gmt":"2025-12-08T04:53:35","slug":"sf6-free-primary-gis","status":"publish","type":"page","link":"https:\/\/brunstock.com\/german\/sf6-free-primary-gis\/","title":{"rendered":"SF6-freies prim\u00e4res GIS"},"content":{"rendered":"<p>[et_pb_section fb_built=&#8221;1&#8243; admin_label=&#8221;section&#8221; _builder_version=&#8221;4.16&#8243; global_colors_info=&#8221;{}&#8221;][et_pb_row column_structure=&#8221;2_3,1_3&#8243; use_custom_gutter=&#8221;on&#8221; gutter_width=&#8221;4&#8243; _builder_version=&#8221;4.25.0&#8243; _module_preset=&#8221;default&#8221; width=&#8221;90%&#8221; max_width=&#8221;1200px&#8221; custom_padding=&#8221;||0px||false|false&#8221; global_colors_info=&#8221;{}&#8221;][et_pb_column type=&#8221;2_3&#8243; _builder_version=&#8221;4.25.0&#8243; _module_preset=&#8221;default&#8221; global_colors_info=&#8221;{}&#8221;][et_pb_text ul_item_indent=&#8221;35px&#8221; _builder_version=&#8221;4.27.4&#8243; _module_preset=&#8221;default&#8221; text_font=&#8221;TWKLausanne 300||||||||&#8221; text_text_color=&#8221;#000000&#8243; ul_line_height=&#8221;1.8em&#8221; custom_margin=&#8221;||12px|||&#8221; global_colors_info=&#8221;{}&#8221;]<\/p>\n<h1>Gasisolierte Mittelspannungsschaltanlage<\/h1>\n<h2><strong>BGP-40.5<\/strong><\/h2>\n<p>Brunstock bietet ein umfangreiches Produktportfolio in allen Spannungsbereichen. Unsere gasisolierte Prim\u00e4rschaltanlage BGP-40.5 von Brunstock f\u00fcr bis zu 40,5 kV ist patentiert und bietet Vorteile in den Bereichen Temperaturmanagement, Betriebssicherheit und Zuverl\u00e4ssigkeit. Sie zeichnet sich durch Kompaktheit, hohe Leistung und Kostenoptimierung aus.<\/p>\n<p>Dieses Mittelspannungs-GIS-Produkt nutzt Vakuumschalt- und SF6-freie Dichtungstechnologie, wobei sich die Hauptstromkreis-\/Hochspannungskomponenten in den Gastanks befinden. Es ist f\u00fcr den Betrieb unter rauen Umgebungsbedingungen wie Staub, Feuchtigkeit, salzhaltiger Luft und sogar in gro\u00dfen H\u00f6hen geeignet. Es findet breite Anwendung in Wind- und Solarparks f\u00fcr erneuerbare Energien, Energieversorgern, der \u00d6l- und Gasindustrie, dem Bergbau, Gewerbe und Industrie sowie Flugh\u00e4fen und Eisenbahnen.<\/p>\n<p><strong>Spezifikationen<\/strong><\/p>\n<p>BGP-40.5 wurde auf Basis des IPD-Konzepts (Integrated Protection and Distribution) entwickelt. Es erreicht eine Nennspannung von bis zu 40,5 kV und verf\u00fcgt \u00fcber einen 2500-A-Leistungsschalter, der Kurzschlussstr\u00f6me von 31,5 kA f\u00fcr 4 Sekunden bew\u00e4ltigen kann. Wir bieten auch eine Hybridanordnung aus SF6- und SF6-freien Schaltfeldern f\u00fcr 3150 A an.<\/p>\n<p><strong>Gr\u00f6\u00dfe<\/strong><\/p>\n<p>Das Produkt hat eine Standardfeldbreite von 600 mm, die auf Anfrage erweitert werden kann. Die kompakte Stellfl\u00e4che \u2013 nur ein Drittel der Stellfl\u00e4che einer luftisolierten Schaltanlage \u2013 ben\u00f6tigt deutlich weniger Platz. Dies ist eines der Geheimnisse von Brunstock, die Geh\u00e4use anbieten, die insgesamt kleiner sind als viele alternative Umspannwerksgeb\u00e4ude, wie z. B. E-Houses.[\/et_pb_text][et_pb_image src=&#8221;https:\/\/brunstock.com\/wp-content\/uploads\/2025\/01\/green-gis-revolution.webp&#8221; alt=&#8221;Are you ready for the green GIS revolution? Brunstock is using dry air instead of SF6 gas as the insulating medium in its primary and secondary switchgear. Our SF6-free power equipment is kind to your budget and to the environment. This medium-voltage GIS product adopts vacuum switching and SF6-free sealing technology, with its main circuit\/high-voltage components in the gas tanks. It can operate under harsh environmental conditions, such as dust, humidity, saline air and even at high altitude. It has broad applications in renewable wind farms and solar farms, utilities, oil and gas, mining, commercial and industry, as well as airports and railways.&#8221; title_text=&#8221;green gis revolution&#8221; _builder_version=&#8221;4.27.4&#8243; _module_preset=&#8221;default&#8221; global_colors_info=&#8221;{}&#8221;][\/et_pb_image][et_pb_text admin_label=&#8221;Applications text&#8221; _builder_version=&#8221;4.27.4&#8243; _module_preset=&#8221;default&#8221; text_text_color=&#8221;#000000&#8243; global_colors_info=&#8221;{}&#8221;]<\/p>\n<h2><strong>Anwendung<\/strong><\/h2>\n<p>Erneuerbare Energien spielen eine zentrale Rolle bei der Rettung unseres Planeten. Technologische Innovationen bei umweltfreundlichen Schaltanlagen und Leistungstransformatoren sind entscheidend und bilden den Kern des Brunstock-Angebots. BGP-40.5 ist eine unserer SF6-freien gasisolierten Schaltanlagenserien, die Ihnen den Weg zu einem saubereren und umweltfreundlicheren Fu\u00dfabdruck bei Ihren Projekten in den Bereichen Strom, Verteilung, Speicherung und Nutzung ebnet.<\/p>\n<p>Unsere Vertreter betreuen die Branchen Erneuerbare Energien, Versorgungsunternehmen, Infrastruktur, \u00d6l und Gas sowie Bergbau mit Brunstocks Komplettl\u00f6sungen, die individuell auf ihre Projektzeitr\u00e4ume und Budgets abgestimmt sind. Wir nutzen unser umfassendes Wissen in Energietechnik und -fertigung, um erstklassige Produkte f\u00fcr erneuerbare Energien anzubieten.[\/et_pb_text][et_pb_text admin_label=&#8221;Technical data heading&#8221; _builder_version=&#8221;4.27.4&#8243; _module_preset=&#8221;default&#8221; text_text_color=&#8221;#000000&#8243; global_colors_info=&#8221;{}&#8221;]<\/p>\n<h2><strong>Technische Daten der prim\u00e4r gasisolierten Schaltanlage<\/strong><\/h2>\n<p>[\/et_pb_text][difl_datatable row_first_column_background_bgcolor=&#8221;#d3eeff&#8221; admin_label=&#8221;Table: BGP-40.5 technical data&#8221; _builder_version=&#8221;4.27.4&#8243; _module_preset=&#8221;default&#8221; head_text_font=&#8221;Poppins||||||||&#8221; row_text_font=&#8221;Poppins||||||||&#8221; row_first_column_text_font=&#8221;Poppins||||||||&#8221; footer_text_font=&#8221;Poppins||||||||&#8221; border_width_all=&#8221;1px&#8221; border_color_all=&#8221;#0080c6&#8243; border_color_all_table_border=&#8221;#0080C6&#8243; border_width_right_row_first_column_border=&#8221;1px&#8221; border_color_right_row_first_column_border=&#8221;#0080C6&#8243; global_colors_info=&#8221;{}&#8221;][difl_datatableitem row=&#8221;Typ<br \/>\nMa\u00dfnahme<br \/>\nBeschreibung&#8221; row_type=&#8221;head&#8221; _builder_version=&#8221;4.27.4&#8243; _module_preset=&#8221;default&#8221; global_colors_info=&#8221;{}&#8221;][\/difl_datatableitem][difl_datatableitem row=&#8221;Nennspannung<br \/>\nkV<br \/>\n40,5&#8243; _builder_version=&#8221;4.27.4&#8243; _module_preset=&#8221;default&#8221; global_colors_info=&#8221;{}&#8221;][\/difl_datatableitem][difl_datatableitem row=&#8221;Nennstrom<br \/>\nA<br \/>\n1250, 2500, 3150*&#8221; _builder_version=&#8221;4.27.4&#8243; _module_preset=&#8221;default&#8221; global_colors_info=&#8221;{}&#8221;][\/difl_datatableitem][difl_datatableitem row=&#8221;Nennstrom des Leistungsschalters<br \/>\nA<br \/>\n1250, 2500&#8243; _builder_version=&#8221;4.27.4&#8243; _module_preset=&#8221;default&#8221; global_colors_info=&#8221;{}&#8221;][\/difl_datatableitem][difl_datatableitem row=&#8221;Spannungsfestigkeit<br \/>\nkV (1 min)<br \/>\n95\/118&#8243; _builder_version=&#8221;4.27.4&#8243; _module_preset=&#8221;default&#8221; global_colors_info=&#8221;{}&#8221;][\/difl_datatableitem][difl_datatableitem row=&#8221;Blitzsto\u00dfspannung<br \/>\nkV Scheitelwert<br \/>\n185\/215&#8243; _builder_version=&#8221;4.27.4&#8243; _module_preset=&#8221;default&#8221; global_colors_info=&#8221;{}&#8221;][\/difl_datatableitem][difl_datatableitem row=&#8221;Kurzzeitstromfestigkeit<br \/>\nkA\/s<br \/>\n31,5\/4&#8243; _builder_version=&#8221;4.27.4&#8243; _module_preset=&#8221;default&#8221; global_colors_info=&#8221;{}&#8221;][\/difl_datatableitem][difl_datatableitem row=&#8221;Sto\u00dfstromfestigkeit (50 Hz)<br \/>\nkA<br \/>\n65\/80&#8243; _builder_version=&#8221;4.27.4&#8243; _module_preset=&#8221;default&#8221; global_colors_info=&#8221;{}&#8221;][\/difl_datatableitem][difl_datatableitem row=&#8221;Nennf\u00fclldruck bei 20 \u00b0C<br \/>\nMPa<br \/>\n0,32&#8243; _builder_version=&#8221;4.27.4&#8243; _module_preset=&#8221;default&#8221; global_colors_info=&#8221;{}&#8221;][\/difl_datatableitem][difl_datatableitem row=&#8221;Gasleckage<br \/>\n%\/Jahr<br \/>\n\u22640,01&#8243; _builder_version=&#8221;4.27.4&#8243; _module_preset=&#8221;default&#8221; global_colors_info=&#8221;{}&#8221;][\/difl_datatableitem][difl_datatableitem row=&#8221;Nennbetriebssequenz<br \/>\n<icon> <\/icon><br \/>\nO-0,3 s-CO-180 s-CO&#8221; _builder_version=&#8221;4.27.4&#8243; _module_preset=&#8221;default&#8221; global_colors_info=&#8221;{}&#8221;][\/difl_datatableitem][difl_datatableitem row=&#8221;St\u00f6rlichtbogenklasse<br \/>\nkA\/s<br \/>\nAFLR 31,5\/1&#8243; _builder_version=&#8221;4.27.4&#8243; _module_preset=&#8221;default&#8221; global_colors_info=&#8221;{}&#8221;][\/difl_datatableitem][difl_datatableitem row=&#8221;Teilentladung (Intervall)<br \/>\npC<br \/>\n\u226420&#8243; _builder_version=&#8221;4.27.4&#8243; _module_preset=&#8221;default&#8221; global_colors_info=&#8221;{}&#8221;][\/difl_datatableitem][\/difl_datatable][et_pb_text admin_label=&#8221;Table notes&#8221; _builder_version=&#8221;4.27.4&#8243; _module_preset=&#8221;default&#8221; global_colors_info=&#8221;{}&#8221;]* Hinweise:<\/p>\n<p>1. Mit unserer Hybridl\u00f6sung k\u00f6nnen Sammelschienenschaltanlagen mit 3150 A realisiert werden.<\/p>\n<p>2. F\u00fcr weitere Umgebungstemperaturbereiche oder gr\u00f6\u00dfere H\u00f6hen wenden Sie sich bitte an Ihren Brunstock-Vertreter.[\/et_pb_text][et_pb_text admin_label=&#8221;Dimensions heading&#8221; _builder_version=&#8221;4.27.4&#8243; _module_preset=&#8221;default&#8221; text_text_color=&#8221;#000000&#8243; global_colors_info=&#8221;{}&#8221;]<\/p>\n<h2><strong>Abmessungen der prim\u00e4r gasisolierten Schaltanlage<\/strong><\/h2>\n<p>[\/et_pb_text][difl_datatable row_first_column_background_bgcolor=&#8221;#d3eeff&#8221; admin_label=&#8221;Table: BGP-40.5 dimensions&#8221; _builder_version=&#8221;4.27.4&#8243; _module_preset=&#8221;default&#8221; head_text_font=&#8221;Poppins||||||||&#8221; row_text_font=&#8221;Poppins||||||||&#8221; row_first_column_text_font=&#8221;Poppins||||||||&#8221; footer_text_font=&#8221;Poppins||||||||&#8221; border_width_all=&#8221;1px&#8221; border_color_all=&#8221;#0080c6&#8243; border_color_all_table_border=&#8221;#0080C6&#8243; border_width_right_row_first_column_border=&#8221;1px&#8221; border_color_right_row_first_column_border=&#8221;#0080C6&#8243; global_colors_info=&#8221;{}&#8221;][difl_datatableitem row=&#8221;Typ<br \/>\nMa\u00dfnahme&#8221; row_type=&#8221;head&#8221; _builder_version=&#8221;4.27.4&#8243; _module_preset=&#8221;default&#8221; global_colors_info=&#8221;{}&#8221;][\/difl_datatableitem][difl_datatableitem row=&#8221;Breite<br \/>\n1250A: 600 mm | 2500A: 800 mm&#8221; _builder_version=&#8221;4.27.4&#8243; _module_preset=&#8221;default&#8221; global_colors_info=&#8221;{}&#8221;][\/difl_datatableitem][difl_datatableitem row=&#8221;Tiefe<br \/>\nGesamt: 1800 mm | Hinterer Bogenkanal: 210 mm&#8221; _builder_version=&#8221;4.27.4&#8243; _module_preset=&#8221;default&#8221; global_colors_info=&#8221;{}&#8221;][\/difl_datatableitem][difl_datatableitem row=&#8221;H\u00f6he<br \/>\nGesamt: 2350 mm | Niederspannungsfach: TBA | Kabelfach: TBA&#8221; _builder_version=&#8221;4.27.4&#8243; _module_preset=&#8221;default&#8221; global_colors_info=&#8221;{}&#8221;][\/difl_datatableitem][\/difl_datatable][\/et_pb_column][et_pb_column type=&#8221;1_3&#8243; _builder_version=&#8221;4.25.0&#8243; _module_preset=&#8221;default&#8221; global_colors_info=&#8221;{}&#8221;][et_pb_image src=&#8221;https:\/\/brunstock.com\/wp-content\/uploads\/2024\/12\/BGP-40-5primary.webp&#8221; alt=&#8221;SF6-free switchgear for modular substations, BGS40.5&#8243; title_text=&#8221;BGP-40-5primary&#8221; _builder_version=&#8221;4.27.4&#8243; _module_preset=&#8221;default&#8221; width=&#8221;80%&#8221; global_colors_info=&#8221;{}&#8221;][\/et_pb_image][et_pb_image src=&#8221;https:\/\/brunstock.com\/wp-content\/uploads\/2024\/12\/wind-and-robot.webp&#8221; alt=&#8221;Wind farm and robotic arm in factory making switchgear&#8221; title_text=&#8221;wind-and-robot&#8221; admin_label=&#8221;Image&#8221; _builder_version=&#8221;4.27.4&#8243; _module_preset=&#8221;default&#8221; global_colors_info=&#8221;{}&#8221;][\/et_pb_image][et_pb_text admin_label=&#8221;Benefits text&#8221; _builder_version=&#8221;4.27.4&#8243; _module_preset=&#8221;default&#8221; global_colors_info=&#8221;{}&#8221;]<\/p>\n<h2><strong>Vorteile von BGP-40.5<\/strong><\/h2>\n<ul>\n<li>Umweltfreundlich<\/li>\n<li>Kosteneffizient<\/li>\n<li>Wartungsfrei<\/li>\n<li>Sicher und zuverl\u00e4ssig<\/li>\n<li>Kompakt<\/li>\n<li>Betriebskontinuit\u00e4t<\/li>\n<li>Schnelle Lieferung<\/li>\n<\/ul>\n<p>[\/et_pb_text][et_pb_text admin_label=&#8221;Feature text&#8221; _builder_version=&#8221;4.27.4&#8243; _module_preset=&#8221;default&#8221; global_colors_info=&#8221;{}&#8221;]<\/p>\n<h2><strong>Merkmale<\/strong><\/h2>\n<ul>\n<li>Typgepr\u00fcft nach IEC62271-100, IEC62271-200<\/li>\n<li>Metallgekapselt, Trennschichtklasse PM<\/li>\n<li>Kategorie der Betriebskontinuit\u00e4t: LSC2B<\/li>\n<li>Schutzart: Gastank IP67, Geh\u00e4use IP4X<\/li>\n<li>Mechanische Lebensdauer: Leistungsschalter 10.000 (M2), Dreistellungs-Trennschalter\/Erdungsschalter 5000 (M2)<\/li>\n<li>Anwendung von Bemessungseingangsstr\u00f6men bis zu 3150 A (eine 3150-A-Sammelschienenschaltanlage kann mit unserer Hybridl\u00f6sung realisiert werden).<\/li>\n<\/ul>\n<p>[\/et_pb_text][\/et_pb_column][\/et_pb_row][et_pb_row column_structure=&#8221;1_3,1_3,1_3&#8243; use_custom_gutter=&#8221;on&#8221; _builder_version=&#8221;4.25.0&#8243; _module_preset=&#8221;default&#8221; width=&#8221;90%&#8221; max_width=&#8221;1200px&#8221; custom_padding=&#8221;||71px|||&#8221; global_colors_info=&#8221;{}&#8221;][et_pb_column type=&#8221;1_3&#8243; _builder_version=&#8221;4.25.0&#8243; _module_preset=&#8221;default&#8221; global_colors_info=&#8221;{}&#8221;][et_pb_blurb title=&#8221;40,5 kV prim\u00e4re SF6-freie GIS&#8221; alt=&#8221;BGS-12 KV SF6-FREE ring main unit, nitrogen-insulated switchgear&#8221; _builder_version=&#8221;4.27.4&#8243; _module_preset=&#8221;default&#8221; header_font=&#8221;TWKLausanne 600||||||||&#8221; header_text_align=&#8221;center&#8221; header_text_color=&#8221;#000000&#8243; header_font_size=&#8221;20px&#8221; body_font=&#8221;TWKLausanne 300||||||||&#8221; body_text_align=&#8221;center&#8221; body_text_color=&#8221;#000000&#8243; body_font_size=&#8221;16px&#8221; custom_margin=&#8221;||-3px|||&#8221; global_colors_info=&#8221;{}&#8221;][\/et_pb_blurb][et_pb_image src=&#8221;https:\/\/brunstock.com\/wp-content\/uploads\/2024\/12\/44-2-1.webp&#8221; alt=&#8221;BGP-40.5 KV SF6-FREE primary GIS nitrogen-insulated switchgear&#8221; title_text=&#8221;44-2&#8243; _builder_version=&#8221;4.27.4&#8243; _module_preset=&#8221;default&#8221; global_colors_info=&#8221;{}&#8221;][\/et_pb_image][dipl_button buttons_alignment=&#8221;center&#8221; _builder_version=&#8221;4.27.4&#8243; _module_preset=&#8221;default&#8221; global_colors_info=&#8221;{}&#8221;][dipl_button_item button_text=&#8221;BGP-40.5 im Detail&#8221; button_url=&#8221;https:\/\/brunstock.com\/german\/bgp-40-5-gas-insulated-dry-air-primary-switchgear-rated-up-to-40-5kv\/&#8221; button_bg_use_color_gradient=&#8221;on&#8221; _builder_version=&#8221;4.27.4&#8243; _module_preset=&#8221;default&#8221; button_text_color=&#8221;#FFFFFF&#8221; global_colors_info=&#8221;{}&#8221;][\/dipl_button_item][\/dipl_button][dipl_button buttons_alignment=&#8221;center&#8221; disabled_on=&#8221;on|on|on&#8221; _builder_version=&#8221;4.27.4&#8243; _module_preset=&#8221;default&#8221; custom_margin=&#8221;||||false|false&#8221; custom_padding=&#8221;0px||||false|false&#8221; disabled=&#8221;on&#8221; global_colors_info=&#8221;{}&#8221;][dipl_button_item button_text=&#8221;Brosch\u00fcre herunterladen&#8221; button_url=&#8221;#&#8221; url_new_window=&#8221;on&#8221; background_fill_style=&#8221;slide_down_fill&#8221; button_custom_margin=&#8221;|10px|10px||false|false&#8221; button_custom_padding=&#8221;|20px||20px|false|true&#8221; button_bg_use_color_gradient=&#8221;on&#8221; button_bg_color_gradient_stops=&#8221;#2f91c6 0%|#0c71c3 100%&#8221; _builder_version=&#8221;4.27.4&#8243; _module_preset=&#8221;default&#8221; button_font=&#8221;Poppins||||||||&#8221; button_text_color=&#8221;#FFFFFF&#8221; button_font_size=&#8221;16px&#8221; button_letter_spacing=&#8221;0.5px&#8221; global_colors_info=&#8221;{}&#8221;][\/dipl_button_item][dipl_button_item button_text=&#8221;Katalog herunterladen&#8221; button_url=&#8221;#&#8221; url_new_window=&#8221;on&#8221; background_fill_style=&#8221;slide_down_fill&#8221; button_custom_margin=&#8221;|10px|10px||false|false&#8221; button_custom_padding=&#8221;|20px||20px|false|true&#8221; button_bg_use_color_gradient=&#8221;on&#8221; button_bg_color_gradient_stops=&#8221;#4bc621 0%|#00ae4d 100%&#8221; _builder_version=&#8221;4.27.4&#8243; _module_preset=&#8221;default&#8221; button_font=&#8221;Poppins||||||||&#8221; button_text_color=&#8221;#FFFFFF&#8221; button_font_size=&#8221;16px&#8221; button_letter_spacing=&#8221;0.5px&#8221; global_colors_info=&#8221;{}&#8221;][\/dipl_button_item][\/dipl_button][\/et_pb_column][et_pb_column type=&#8221;1_3&#8243; _builder_version=&#8221;4.25.0&#8243; _module_preset=&#8221;default&#8221; global_colors_info=&#8221;{}&#8221;][\/et_pb_column][et_pb_column type=&#8221;1_3&#8243; _builder_version=&#8221;4.25.0&#8243; _module_preset=&#8221;default&#8221; global_colors_info=&#8221;{}&#8221;][\/et_pb_column][\/et_pb_row][et_pb_row _builder_version=&#8221;4.27.0&#8243; _module_preset=&#8221;default&#8221; global_colors_info=&#8221;{}&#8221;][et_pb_column type=&#8221;4_4&#8243; _builder_version=&#8221;4.27.0&#8243; _module_preset=&#8221;default&#8221; global_colors_info=&#8221;{}&#8221;][et_pb_heading title=&#8221;Das k\u00f6nnte Sie auch interessieren&#8221; admin_label=&#8221;You might also be interested in&#8221; _builder_version=&#8221;4.27.4&#8243; _module_preset=&#8221;default&#8221; title_level=&#8221;h2&#8243; text_shadow_style=&#8221;preset1&#8243; global_colors_info=&#8221;{}&#8221;][\/et_pb_heading][et_pb_text _builder_version=&#8221;4.27.4&#8243; _module_preset=&#8221;default&#8221; global_colors_info=&#8221;{}&#8221;]<\/p>\n<p>Aufspannstationen<\/p>\n<ul>\n<li><a href=\"https:\/\/brunstock.com\/german\/step-up-transformer-substations\/\">Aufspannstationen f\u00fcr Solarparks<\/a><\/li>\n<li><a href=\"https:\/\/brunstock.com\/german\/step-up-transformer-skid-stations\/\">Aufspannstationen f\u00fcr BESS<\/a><\/li>\n<\/ul>\n<p>Gr\u00fcne GIS<\/p>\n<ul>\n<li><a href=\"https:\/\/brunstock.com\/german\/sf6-free-switchgear\/\">Sekund\u00e4rschaltanlagen<\/a><\/li>\n<li><a href=\"https:\/\/brunstock.com\/german\/substation-transformers\/\">Transformatoren<\/a><\/li>\n<li><a href=\"https:\/\/brunstock.com\/german\/collector-substations\/\">Sammelstationen<\/a><\/li>\n<\/ul>\n<p>[\/et_pb_text][\/et_pb_column][\/et_pb_row][et_pb_row admin_label=&#8221;Call To Actin&#8221; _builder_version=&#8221;4.25.0&#8243; _module_preset=&#8221;default&#8221; global_colors_info=&#8221;{}&#8221;][et_pb_column type=&#8221;4_4&#8243; _builder_version=&#8221;4.25.0&#8243; _module_preset=&#8221;default&#8221; global_colors_info=&#8221;{}&#8221;][et_pb_text admin_label=&#8221;2026 CTA German&#8221; _builder_version=&#8221;4.27.4&#8243; _module_preset=&#8221;default&#8221; global_colors_info=&#8221;{}&#8221; theme_builder_area=&#8221;post_content&#8221;]<\/p>\n<p style=\"text-align: center;\"><img loading=\"lazy\" decoding=\"async\" class=\"wp-image-3705 aligncenter size-full\" src=\"https:\/\/brunstock.com\/german\/wp-content\/uploads\/2025\/12\/Brunstock200.png\" alt=\"Brunstock logo\" width=\"200\" height=\"33\" \/><\/p>\n<p style=\"text-align: center;\"><img loading=\"lazy\" decoding=\"async\" class=\"aligncenter wp-image-3706\" src=\"https:\/\/brunstock.com\/german\/wp-content\/uploads\/2025\/12\/contact-us-Brunstock-blue-246x300.png\" alt=\"Kontakt\u2011Icon \u2013 Mobiltelefon und Sprechblase\" width=\"70\" height=\"85\" srcset=\"https:\/\/brunstock.com\/german\/wp-content\/uploads\/2025\/12\/contact-us-Brunstock-blue-246x300.png 246w, https:\/\/brunstock.com\/german\/wp-content\/uploads\/2025\/12\/contact-us-Brunstock-blue.png 278w\" sizes=\"(max-width: 70px) 100vw, 70px\" \/><\/p>\n<p style=\"text-align: center;\"><a href=\"https:\/\/brunstock.com\/german\/contact-us\/\">Kontaktieren Sie noch heute Ihren lokalen Brunstock\u2011Vertreter!<\/a><\/p>\n<p>[\/et_pb_text][\/et_pb_column][\/et_pb_row][\/et_pb_section]<\/p>\n","protected":false},"excerpt":{"rendered":"<p>Gasisolierte Mittelspannungsschaltanlage BGP-40.5 Brunstock bietet ein umfangreiches Produktportfolio in allen Spannungsbereichen. Unsere gasisolierte Prim\u00e4rschaltanlage BGP-40.5 von Brunstock f\u00fcr bis zu 40,5 kV ist patentiert und bietet Vorteile in den Bereichen Temperaturmanagement, Betriebssicherheit und Zuverl\u00e4ssigkeit. Sie zeichnet sich durch Kompaktheit, hohe Leistung und Kostenoptimierung aus. Dieses Mittelspannungs-GIS-Produkt nutzt Vakuumschalt- und SF6-freie Dichtungstechnologie, wobei sich die Hauptstromkreis-\/Hochspannungskomponenten [&hellip;]<\/p>\n","protected":false},"author":3,"featured_media":0,"parent":0,"menu_order":0,"comment_status":"closed","ping_status":"closed","template":"","meta":{"_et_pb_use_builder":"on","_et_pb_old_content":"","_et_gb_content_width":"","footnotes":""},"class_list":["post-581","page","type-page","status-publish","hentry"],"_links":{"self":[{"href":"https:\/\/brunstock.com\/german\/wp-json\/wp\/v2\/pages\/581","targetHints":{"allow":["GET"]}}],"collection":[{"href":"https:\/\/brunstock.com\/german\/wp-json\/wp\/v2\/pages"}],"about":[{"href":"https:\/\/brunstock.com\/german\/wp-json\/wp\/v2\/types\/page"}],"author":[{"embeddable":true,"href":"https:\/\/brunstock.com\/german\/wp-json\/wp\/v2\/users\/3"}],"replies":[{"embeddable":true,"href":"https:\/\/brunstock.com\/german\/wp-json\/wp\/v2\/comments?post=581"}],"version-history":[{"count":56,"href":"https:\/\/brunstock.com\/german\/wp-json\/wp\/v2\/pages\/581\/revisions"}],"predecessor-version":[{"id":3723,"href":"https:\/\/brunstock.com\/german\/wp-json\/wp\/v2\/pages\/581\/revisions\/3723"}],"wp:attachment":[{"href":"https:\/\/brunstock.com\/german\/wp-json\/wp\/v2\/media?parent=581"}],"curies":[{"name":"wp","href":"https:\/\/api.w.org\/{rel}","templated":true}]}}