{"id":585,"date":"2024-06-04T08:09:38","date_gmt":"2024-06-04T08:09:38","guid":{"rendered":"https:\/\/brunstock.com\/?page_id=585"},"modified":"2025-12-08T05:01:14","modified_gmt":"2025-12-08T05:01:14","slug":"substation-transformers","status":"publish","type":"page","link":"https:\/\/brunstock.com\/german\/substation-transformers\/","title":{"rendered":"Umspannwerktransformatoren"},"content":{"rendered":"<p>[et_pb_section fb_built=&#8221;1&#8243; admin_label=&#8221;section&#8221; _builder_version=&#8221;4.16&#8243; global_colors_info=&#8221;{}&#8221;][et_pb_row _builder_version=&#8221;4.27.4&#8243; _module_preset=&#8221;default&#8221; global_colors_info=&#8221;{}&#8221;][et_pb_column type=&#8221;4_4&#8243; _builder_version=&#8221;4.27.4&#8243; _module_preset=&#8221;default&#8221; global_colors_info=&#8221;{}&#8221;][et_pb_text _builder_version=&#8221;4.27.4&#8243; _module_preset=&#8221;default&#8221; global_colors_info=&#8221;{}&#8221;]<\/p>\n<h1>Elektrische Transformatoren f\u00fcr Kraftwerke<\/h1>\n<p>[\/et_pb_text][\/et_pb_column][\/et_pb_row][et_pb_row column_structure=&#8221;2_3,1_3&#8243; use_custom_gutter=&#8221;on&#8221; gutter_width=&#8221;2&#8243; admin_label=&#8221;Dramatically reduce&#8230;&#8221; _builder_version=&#8221;4.25.0&#8243; _module_preset=&#8221;default&#8221; width=&#8221;90%&#8221; max_width=&#8221;1200px&#8221; custom_padding=&#8221;3px||0px|||&#8221; global_colors_info=&#8221;{}&#8221;][et_pb_column type=&#8221;2_3&#8243; _builder_version=&#8221;4.25.0&#8243; _module_preset=&#8221;default&#8221; global_colors_info=&#8221;{}&#8221;][et_pb_text ul_item_indent=&#8221;35px&#8221; _builder_version=&#8221;4.27.4&#8243; _module_preset=&#8221;default&#8221; text_font=&#8221;Poppins||||||||&#8221; text_text_color=&#8221;#000000&#8243; text_font_size=&#8221;19px&#8221; ul_font=&#8221;Poppins||||||||&#8221; ul_line_height=&#8221;1.8em&#8221; header_font=&#8221;Poppins||||||||&#8221; custom_margin=&#8221;||12px|||&#8221; global_colors_info=&#8221;{}&#8221;]<\/p>\n<h2><strong>Draftyly Reduzieren Sie die Lieferzeit<\/strong><\/h2>\n<h3><em>mit einem Brunstock-Leistungstransformator\u00a0<\/em><\/h3>\n<p>Anstatt auf die Herstellung elektrischer Transformatoren zu warten und unter Lieferverz\u00f6gerungen zu leiden, k\u00f6nnen Sie Ihr Umspannwerk mit einem Brunstock-Transformator m\u00f6glicherweise in der H\u00e4lfte der \u00fcblichen Zeit mit Strom versorgen.<\/p>\n<p><strong><em><a href=\"https:\/\/brunstock.com\/german\/contact-us\/\">Kontaktieren Sie noch heute Ihren Brunstock-Vertreter vor Ort!<\/a><\/em><\/strong><\/p>\n<p>Unsere \u00f6lgef\u00fcllten Leistungstransformatoren sind f\u00fcr Spannungen bis 220 kV ausgelegt und nach IEC-Normen in KEMA (DNV) und ASTA typgepr\u00fcft. Um fossile Brennstoffe im Boden zu halten, bieten wir nicht-mineralische \u00d6le wie Ester\u00f6l an.<\/p>\n<p>[\/et_pb_text][\/et_pb_column][et_pb_column type=&#8221;1_3&#8243; _builder_version=&#8221;4.25.0&#8243; _module_preset=&#8221;default&#8221; global_colors_info=&#8221;{}&#8221;][et_pb_image src=&#8221;https:\/\/brunstock.com\/wp-content\/uploads\/2024\/12\/66-1.webp&#8221; title_text=&#8221;66&#8243; _builder_version=&#8221;4.27.4&#8243; _module_preset=&#8221;default&#8221; global_colors_info=&#8221;{}&#8221;][\/et_pb_image][\/et_pb_column][\/et_pb_row][et_pb_row column_structure=&#8221;2_3,1_3&#8243; use_custom_gutter=&#8221;on&#8221; gutter_width=&#8221;2&#8243; admin_label=&#8221;Brunstock transformers&#8230;&#8221; _builder_version=&#8221;4.25.0&#8243; _module_preset=&#8221;default&#8221; width=&#8221;90%&#8221; max_width=&#8221;1200px&#8221; custom_padding=&#8221;3px||0px|||&#8221; global_colors_info=&#8221;{}&#8221;][et_pb_column type=&#8221;2_3&#8243; _builder_version=&#8221;4.25.0&#8243; _module_preset=&#8221;default&#8221; global_colors_info=&#8221;{}&#8221;][et_pb_text ul_item_indent=&#8221;35px&#8221; _builder_version=&#8221;4.27.4&#8243; _module_preset=&#8221;default&#8221; text_font=&#8221;Poppins||||||||&#8221; text_text_color=&#8221;#000000&#8243; ul_font=&#8221;Poppins||||||||&#8221; ul_line_height=&#8221;1.8em&#8221; header_font=&#8221;Poppins||||||||&#8221; custom_margin=&#8221;||12px|||&#8221; global_colors_info=&#8221;{}&#8221;]Brunstock-Transformatoren umfassen verschiedene Typen, darunter hermetisch abgedichtete, Trockentransformatoren, Transformatoren aus amorpher Legierung, bodenmontierte Transformatoren und andere Spezialtransformatoren f\u00fcr den Einsatz in Elektro\u00f6fen, Gleichrichtern, Bergwerken, Blitzschutzanlagen, Lichtb\u00f6gen sowie f\u00fcr Strom- und Spannungswandler. Brunstock bietet eine breite Palette an Serien, Typen und spezifizierten Transformatoren und verf\u00fcgt \u00fcber einen Fertigungspartner mit hoher j\u00e4hrlicher Produktionskapazit\u00e4t.<\/p>\n<p>Diese Transformatormodelle wurden theoretischen Analysen und Simulationsexperimenten hinsichtlich Hauptisolierung, L\u00e4ngsisolierung und Wicklungssto\u00dfspannungsfestigkeit unterzogen.[\/et_pb_text][\/et_pb_column][et_pb_column type=&#8221;1_3&#8243; _builder_version=&#8221;4.25.0&#8243; _module_preset=&#8221;default&#8221; global_colors_info=&#8221;{}&#8221;][et_pb_image src=&#8221;https:\/\/brunstock.com\/wp-content\/uploads\/2024\/12\/5_110kVtrans-1536&#215;1066-1.webp&#8221; title_text=&#8221;5_110kVtrans-1536&#215;1066&#8243; _builder_version=&#8221;4.27.4&#8243; _module_preset=&#8221;default&#8221; global_colors_info=&#8221;{}&#8221;][\/et_pb_image][\/et_pb_column][\/et_pb_row][et_pb_row column_structure=&#8221;2_3,1_3&#8243; use_custom_gutter=&#8221;on&#8221; gutter_width=&#8221;2&#8243; admin_label=&#8221;First class processing&#8230;&#8221; _builder_version=&#8221;4.25.0&#8243; _module_preset=&#8221;default&#8221; width=&#8221;90%&#8221; max_width=&#8221;1200px&#8221; custom_padding=&#8221;3px||0px|||&#8221; global_colors_info=&#8221;{}&#8221;][et_pb_column type=&#8221;2_3&#8243; _builder_version=&#8221;4.25.0&#8243; _module_preset=&#8221;default&#8221; global_colors_info=&#8221;{}&#8221;][et_pb_text ul_item_indent=&#8221;35px&#8221; admin_label=&#8221;Text &#8211; First class&#8230;&#8221; _builder_version=&#8221;4.27.4&#8243; _module_preset=&#8221;default&#8221; text_font=&#8221;Poppins||||||||&#8221; text_text_color=&#8221;#000000&#8243; ul_font=&#8221;Poppins||||||||&#8221; ul_line_height=&#8221;1.8em&#8221; header_font=&#8221;Poppins||||||||&#8221; custom_margin=&#8221;||12px|||&#8221; global_colors_info=&#8221;{}&#8221;]<\/p>\n<h2><strong>Erstklassige Leistungstransformatoren<\/strong><\/h2>\n<h3><em>Qualit\u00e4tskontrolle und -management<\/em><\/h3>\n<p>Unsere Fertigungspartner nutzen modernste Anlagen f\u00fcr Produktion, Verarbeitung und Pr\u00fcfung, um hochwertige Leistungstransformatoren mit der erwarteten Leistung zu fertigen. Sie verf\u00fcgen \u00fcber Zertifikate nach ISO 9001, ISO 14001, ISO 50001 und ISO 45001 sowie \u00fcber CE-Zertifikate f\u00fcr ihre Produkte. Diese Qualit\u00e4tskontroll- und -managementsysteme gew\u00e4hrleisten die Zuverl\u00e4ssigkeit und Leistung der Brunstock-Produkte.<\/p>\n<h4><strong>Unsere Transformatoren sind erh\u00e4ltlich in:<\/strong><\/h4>\n<ul>\n<li>220 kV<\/li>\n<li><a href=\"https:\/\/brunstock.com\/german\/electrical-transformers-110kv\/\">110kV<\/a><\/li>\n<li><a href=\"https:\/\/brunstock.com\/german\/66kv-electrical-transformers-high-voltage-power-solutions-brunstock\/\">66kV<\/a><\/li>\n<li><a href=\"https:\/\/brunstock.com\/german\/35kv-electrical-transformers-for-industrial-applications-brunstock\/\">35kV<\/a><\/li>\n<li><a href=\"https:\/\/brunstock.com\/german\/step-up-transformer-substations\/\">Aufw\u00e4rtstransformatorstationen f\u00fcr Solarparks<\/a><\/li>\n<li><a href=\"https:\/\/brunstock.com\/german\/step-up-transformer-skid-stations\/\">Aufw\u00e4rtstransformator-Skid-Stationen f\u00fcr Energiespeicher<\/a><\/li>\n<\/ul>\n<p>[\/et_pb_text][\/et_pb_column][et_pb_column type=&#8221;1_3&#8243; _builder_version=&#8221;4.25.0&#8243; _module_preset=&#8221;default&#8221; global_colors_info=&#8221;{}&#8221;][et_pb_image src=&#8221;https:\/\/brunstock.com\/wp-content\/uploads\/2024\/12\/5_220kVtrans.webp&#8221; title_text=&#8221;5_220kVtrans&#8221; _builder_version=&#8221;4.27.4&#8243; _module_preset=&#8221;default&#8221; global_colors_info=&#8221;{}&#8221;][\/et_pb_image][\/et_pb_column][\/et_pb_row][et_pb_row _builder_version=&#8221;4.25.0&#8243; _module_preset=&#8221;default&#8221; global_colors_info=&#8221;{}&#8221;][et_pb_column type=&#8221;4_4&#8243; _builder_version=&#8221;4.25.0&#8243; _module_preset=&#8221;default&#8221; global_colors_info=&#8221;{}&#8221;][dipl_button buttons_alignment=&#8221;center&#8221; disabled_on=&#8221;on|on|on&#8221; admin_label=&#8221;DL Transformer Cat&#8221; _builder_version=&#8221;4.27.4&#8243; _module_preset=&#8221;default&#8221; button_font=&#8221;Poppins||||||||&#8221; custom_margin=&#8221;||||false|false&#8221; custom_padding=&#8221;0px||||false|false&#8221; disabled=&#8221;on&#8221; global_colors_info=&#8221;{}&#8221;][dipl_button_item button_text=&#8221;Katalog herunterladen&#8221; button_url=&#8221;#&#8221; button_bg_use_color_gradient=&#8221;on&#8221; button_bg_color_gradient_stops=&#8221;#4bc621 0%|#00ae4d 100%&#8221; _builder_version=&#8221;4.27.4&#8243; _module_preset=&#8221;default&#8221; button_text_color=&#8221;#FFFFFF&#8221; global_colors_info=&#8221;{}&#8221;][\/dipl_button_item][\/dipl_button][\/et_pb_column][\/et_pb_row][et_pb_row column_structure=&#8221;1_3,2_3&#8243; _builder_version=&#8221;4.27.4&#8243; _module_preset=&#8221;default&#8221; global_colors_info=&#8221;{}&#8221;][et_pb_column type=&#8221;1_3&#8243; _builder_version=&#8221;4.27.4&#8243; _module_preset=&#8221;default&#8221; global_colors_info=&#8221;{}&#8221;][et_pb_image src=&#8221;https:\/\/brunstock.com\/wp-content\/uploads\/2024\/12\/5_220kVtrans.webp&#8221; alt=&#8221;Power transformer Brunstock 220kV&#8221; title_text=&#8221;5_220kVtrans&#8221; _builder_version=&#8221;4.27.4&#8243; _module_preset=&#8221;default&#8221; global_colors_info=&#8221;{}&#8221;][\/et_pb_image][\/et_pb_column][et_pb_column type=&#8221;2_3&#8243; _builder_version=&#8221;4.27.4&#8243; _module_preset=&#8221;default&#8221; global_colors_info=&#8221;{}&#8221;][et_pb_text admin_label=&#8221;Text &#8211; 220kV transformer intro&#8221; _builder_version=&#8221;4.27.4&#8243; _module_preset=&#8221;default&#8221; global_colors_info=&#8221;{}&#8221;]<\/p>\n<h2>220-kV-Transformator<\/h2>\n<p>Der 220-kV-Transformator von Brunstock verf\u00fcgt \u00fcber fortschrittliche elektrische, magnetische, thermische und mechanische Berechnungssoftware zur Berechnung der Verteilung elektromagnetischer Felder und magnetischer Streufl\u00fcsse, zur Analyse von Wellenprozessen und zur Auswahl eines zuverl\u00e4ssigen Isolationsspielraums, um die Produktzuverl\u00e4ssigkeit zu gew\u00e4hrleisten.<\/p>\n<p>Der Transformator verf\u00fcgt \u00fcber eine mehrstufige, gestufte Spiralstruktur zur Reduzierung von Leerlaufverlusten und Ger\u00e4uschen. Sein Kern wird durch Innenst\u00e4be gest\u00fctzt, und die Wicklung besteht aus Pappr\u00f6hren zur Verbesserung der Kurzschlussfestigkeit. Zus\u00e4tzlich werden Leitbleche verwendet, um den \u00d6lfluss zu lenken und so den Wicklungstemperaturanstieg zu reduzieren. Heterotypische Radiatoren verbessern die K\u00fchlzentren und reduzieren den \u00d6ltemperaturanstieg. Alle inneren Isolierteile und Metallstrukturteile sind zur Reduzierung von Teilentladungen abgerundet.<\/p>\n<p>Der Kern des 220-kV-Leistungstransformators von Brunstock wird automatisch mit hoher Pr\u00e4zision und wenigen Graten geschnitten. Er arbeitet ohne Falten des oberen Jochs und ist mit oberfl\u00e4chenbeschichtetem, doppelschichtigem H-aush\u00e4rtendem Klebstoff und Befestigung versehen. Unser Werk verf\u00fcgt \u00fcber vertikale Wickelmaschinen mit digital gesteuerten Spannvorrichtungen. Der aktive Teil des Transformators wird mittels Phasenmontagetechnologie gefertigt, und die Leitung ist vollst\u00e4ndig vorgefertigt. Die Kerosindampfphasentrocknung wird automatisch gesteuert.<\/p>\n<p>Die Fertigungspartner von Brunstock kontrollieren die Qualit\u00e4t unserer Produkte streng nach ISO 9001. Unser 220-kV-Transformator hat s\u00e4mtliche Typpr\u00fcfungen durch Dritte bestanden, darunter auch eine Kurzschlussfestigkeitspr\u00fcfung. Um den Anforderungen der Endverbraucher gerecht zu werden, kann Brunstock Produkte mit anderen Spannungsverh\u00e4ltnissen, Schaltgruppen und Nennleistungen liefern, wie in den folgenden Tabellen aufgef\u00fchrt.<\/p>\n<h3>Merkmale des 220-kV-Transformators<\/h3>\n<ul>\n<li>Innovatives Strukturlayout<\/li>\n<li>Fortschrittliche technologische Ma\u00dfnahmen<\/li>\n<li>Hervorragendes Qualit\u00e4tssicherungssystem<\/li>\n<\/ul>\n<p>[\/et_pb_text][\/et_pb_column][\/et_pb_row][et_pb_row _builder_version=&#8221;4.27.4&#8243; _module_preset=&#8221;default&#8221; global_colors_info=&#8221;{}&#8221;][et_pb_column type=&#8221;4_4&#8243; _builder_version=&#8221;4.27.4&#8243; _module_preset=&#8221;default&#8221; global_colors_info=&#8221;{}&#8221;][et_pb_text _builder_version=&#8221;4.27.4&#8243; _module_preset=&#8221;default&#8221; global_colors_info=&#8221;{}&#8221;]<\/p>\n<h3>Spezifikationen f\u00fcr einen 220-kV-Doppelwicklungstransformator mit Umschalter<\/h3>\n<p>[\/et_pb_text][et_pb_image src=&#8221;https:\/\/brunstock.com\/wp-content\/uploads\/2025\/02\/table-220a.webp&#8221; alt=&#8221;Brunstock 220kV power transformer specifications&#8221; title_text=&#8221;table-220a&#8221; _builder_version=&#8221;4.27.4&#8243; _module_preset=&#8221;default&#8221; global_colors_info=&#8221;{}&#8221;][\/et_pb_image][et_pb_text _builder_version=&#8221;4.27.4&#8243; _module_preset=&#8221;default&#8221; global_colors_info=&#8221;{}&#8221;]<\/p>\n<h3>220-kV-Doppelwicklungs-Leistungstransformator mit Umschalter und 66 kV Niederspannungsspezifikation<\/h3>\n<p>[\/et_pb_text][et_pb_image src=&#8221;https:\/\/brunstock.com\/wp-content\/uploads\/2025\/02\/table-220b_66kV.webp&#8221; alt=&#8221;Brunstock 220kV power transformer with 66kV of low voltage specifications&#8221; title_text=&#8221;table-220b_66kV&#8221; _builder_version=&#8221;4.27.4&#8243; _module_preset=&#8221;default&#8221; global_colors_info=&#8221;{}&#8221;][\/et_pb_image][et_pb_text admin_label=&#8221;220kV power transformer technical data&#8221; _builder_version=&#8221;4.27.4&#8243; _module_preset=&#8221;default&#8221; global_colors_info=&#8221;{}&#8221;]<\/p>\n<h2>Technische Daten des 220-kV-Leistungstransformators<\/h2>\n<h3>220-kV-Doppelwicklungstransformator mit Stufenschalter<\/h3>\n<p>[\/et_pb_text][et_pb_image src=&#8221;https:\/\/brunstock.com\/wp-content\/uploads\/2025\/02\/table-technical-220kV-on-load.webp&#8221; alt=&#8221;Technical data for 220kV electrical transformer with on-load tap changer made by Brunstock Electric&#8221; title_text=&#8221;table-technical-220kV-on-load&#8221; _builder_version=&#8221;4.27.4&#8243; _module_preset=&#8221;default&#8221; global_colors_info=&#8221;{}&#8221;][\/et_pb_image][et_pb_text admin_label=&#8221;220kV three-winding auto-transformer with off-circuit tap changer&#8221; _builder_version=&#8221;4.27.4&#8243; _module_preset=&#8221;default&#8221; global_colors_info=&#8221;{}&#8221;]<\/p>\n<h3>220-kV-Dreiwicklungs-Spartransformator mit Umschalter<\/h3>\n<p>[\/et_pb_text][et_pb_image src=&#8221;https:\/\/brunstock.com\/wp-content\/uploads\/2025\/02\/table-220-3winding.webp&#8221; alt=&#8221;220kV Three-winding auto-transformer with<br \/>\noff-circuit tap changer technical specs&#8221; title_text=&#8221;table-220-3winding&#8221; _builder_version=&#8221;4.27.4&#8243; _module_preset=&#8221;default&#8221; global_colors_info=&#8221;{}&#8221;][\/et_pb_image][et_pb_text admin_label=&#8221;220kV three-winding power transformer with off-circuit tap changer&#8221; _builder_version=&#8221;4.27.4&#8243; _module_preset=&#8221;default&#8221; global_colors_info=&#8221;{}&#8221;]<\/p>\n<h3>220-kV-Dreiwicklungs-Leistungstransformator mit Umschalter<\/h3>\n<p>[\/et_pb_text][et_pb_image src=&#8221;https:\/\/brunstock.com\/wp-content\/uploads\/2025\/02\/table-220c_technical.webp&#8221; alt=&#8221;220kV Three-winding power transformer with<br \/>\noff-circuit tap changer&#8221; title_text=&#8221;table-220c_technical&#8221; _builder_version=&#8221;4.27.4&#8243; _module_preset=&#8221;default&#8221; global_colors_info=&#8221;{}&#8221;][\/et_pb_image][et_pb_text admin_label=&#8221;Heading &#8211; 220kV three-winding power transformer with on-circuit tap changer&#8221; _builder_version=&#8221;4.27.4&#8243; _module_preset=&#8221;default&#8221; global_colors_info=&#8221;{}&#8221;]<\/p>\n<h3>220-kV-Dreiwicklungs-Leistungstransformator mit Laststufenschalter<\/h3>\n<p>[\/et_pb_text][et_pb_image src=&#8221;https:\/\/brunstock.com\/wp-content\/uploads\/2025\/02\/table-220d_technical.webp&#8221; alt=&#8221;220kV Three-winding power transformer with<br \/>\non-load tap changer&#8221; title_text=&#8221;table-220d_technical&#8221; admin_label=&#8221;Image  of Table for 220kV Three-winding power transformer with on-load tap changer&#8221; _builder_version=&#8221;4.27.4&#8243; _module_preset=&#8221;default&#8221; global_colors_info=&#8221;{}&#8221;][\/et_pb_image][et_pb_text admin_label=&#8221;Heading &#8211; 220kV three-winding auto-transformer with on-loadtap changer&#8221; _builder_version=&#8221;4.27.4&#8243; _module_preset=&#8221;default&#8221; global_colors_info=&#8221;{}&#8221;]<\/p>\n<h3>220-kV-Dreiwicklungs-Spartransformator mit Laststufenschalter<\/h3>\n<p>[\/et_pb_text][et_pb_image src=&#8221;https:\/\/brunstock.com\/wp-content\/uploads\/2025\/02\/table-220e_technical.webp&#8221; alt=&#8221;220kV Three-winding auto-transformer with<br \/>\non-load tap changer&#8221; title_text=&#8221;table-220e_technical&#8221; admin_label=&#8221;Image of Table&#8221; _builder_version=&#8221;4.27.4&#8243; _module_preset=&#8221;default&#8221; global_colors_info=&#8221;{}&#8221;][\/et_pb_image][et_pb_text admin_label=&#8221;Links to all four kV options for transformers&#8221; _builder_version=&#8221;4.27.4&#8243; _module_preset=&#8221;default&#8221; global_colors_info=&#8221;{}&#8221;]220kV\u00a0|\u00a0<\/span><a href=\"https:\/\/brunstock.com\/german\/electrical-transformers-110kv\/\">110kV<span>\u00a0<\/span><\/a><span>|\u00a0<\/span><a href=\"https:\/\/brunstock.com\/german\/66kv-electrical-transformers-high-voltage-power-solutions-brunstock\/\">66kV<span>\u00a0<\/span><\/a><span>|\u00a0<\/span><a href=\"https:\/\/brunstock.com\/german\/35kv-electrical-transformers-for-industrial-applications-brunstock\/\">35kV<\/a>[\/et_pb_text][et_pb_text admin_label=&#8221;2026 CTA German&#8221; _builder_version=&#8221;4.27.4&#8243; _module_preset=&#8221;default&#8221; global_colors_info=&#8221;{}&#8221; theme_builder_area=&#8221;post_content&#8221;]<\/p>\n<p style=\"text-align: center;\"><img loading=\"lazy\" decoding=\"async\" class=\"wp-image-3705 aligncenter size-full\" src=\"https:\/\/brunstock.com\/german\/wp-content\/uploads\/2025\/12\/Brunstock200.png\" alt=\"Brunstock logo\" width=\"200\" height=\"33\" \/><\/p>\n<p style=\"text-align: center;\"><img loading=\"lazy\" decoding=\"async\" class=\"aligncenter wp-image-3706\" src=\"https:\/\/brunstock.com\/german\/wp-content\/uploads\/2025\/12\/contact-us-Brunstock-blue-246x300.png\" alt=\"Kontakt\u2011Icon \u2013 Mobiltelefon und Sprechblase\" width=\"70\" height=\"85\" srcset=\"https:\/\/brunstock.com\/german\/wp-content\/uploads\/2025\/12\/contact-us-Brunstock-blue-246x300.png 246w, https:\/\/brunstock.com\/german\/wp-content\/uploads\/2025\/12\/contact-us-Brunstock-blue.png 278w\" sizes=\"(max-width: 70px) 100vw, 70px\" \/><\/p>\n<p style=\"text-align: center;\"><a href=\"https:\/\/brunstock.com\/german\/contact-us\/\">Kontaktieren Sie noch heute Ihren lokalen Brunstock\u2011Vertreter!<\/a><\/p>\n<p>[\/et_pb_text][\/et_pb_column][\/et_pb_row][et_pb_row _builder_version=&#8221;4.25.0&#8243; _module_preset=&#8221;default&#8221; width=&#8221;90%&#8221; max_width=&#8221;1200px&#8221; global_colors_info=&#8221;{}&#8221;][et_pb_column type=&#8221;4_4&#8243; _builder_version=&#8221;4.25.0&#8243; _module_preset=&#8221;default&#8221; global_colors_info=&#8221;{}&#8221;][dipl_button inline_buttons=&#8221;on&#8221; disabled_on=&#8221;on|on|on&#8221; _builder_version=&#8221;4.27.4&#8243; _module_preset=&#8221;default&#8221; button_font=&#8221;Poppins||||||||&#8221; custom_margin=&#8221;||||false|false&#8221; disabled=&#8221;on&#8221; ab_subject=&#8221;on&#8221; ab_subject_id=&#8221;1&#8243; ab_goal=&#8221;on&#8221; global_colors_info=&#8221;{}&#8221;][dipl_button_item button_text=&#8221;Katalog herunterladen&#8221; button_url=&#8221;https:\/\/brunstock.com\/wp-content\/uploads\/2024\/07\/TransformersCat_20240701.pdf&#8221; background_fill_style=&#8221;slide_down_fill&#8221; button_custom_margin=&#8221;|10px|||false|false&#8221; button_custom_padding=&#8221;|20px||20px|false|true&#8221; button_bg_use_color_gradient=&#8221;on&#8221; button_bg_color_gradient_stops=&#8221;#4bc621 0%|#00ae4d 100%&#8221; _builder_version=&#8221;4.27.4&#8243; _module_preset=&#8221;default&#8221; button_font=&#8221;Poppins||||||||&#8221; button_text_color=&#8221;#FFFFFF&#8221; button_font_size=&#8221;16px&#8221; button_letter_spacing=&#8221;0.5px&#8221; global_colors_info=&#8221;{}&#8221;][\/dipl_button_item][\/dipl_button][dipl_button inline_buttons=&#8221;on&#8221; disabled_on=&#8221;on|on|on&#8221; _builder_version=&#8221;4.27.0&#8243; _module_preset=&#8221;default&#8221; button_font=&#8221;Poppins||||||||&#8221; custom_margin=&#8221;||||false|false&#8221; disabled=&#8221;on&#8221; ab_subject=&#8221;on&#8221; ab_subject_id=&#8221;2&#8243; ab_goal=&#8221;on&#8221; global_colors_info=&#8221;{}&#8221;][dipl_button_item button_text=&#8221;Download Catalogue&#8221; button_url=&#8221;https:\/\/brunstock.com\/wp-content\/uploads\/2024\/07\/TransformersCat_20240701.pdf&#8221; background_fill_style=&#8221;slide_down_fill&#8221; button_custom_margin=&#8221;|10px|||false|false&#8221; button_custom_padding=&#8221;|20px||20px|false|true&#8221; button_bg_use_color_gradient=&#8221;on&#8221; button_bg_color_gradient_stops=&#8221;#4bc621 0%|#00ae4d 100%&#8221; _builder_version=&#8221;4.25.0&#8243; _module_preset=&#8221;default&#8221; button_font=&#8221;Poppins||||||||&#8221; button_text_color=&#8221;#FFFFFF&#8221; button_font_size=&#8221;16px&#8221; button_letter_spacing=&#8221;0.5px&#8221; global_colors_info=&#8221;{}&#8221;][\/dipl_button_item][\/dipl_button][\/et_pb_column][\/et_pb_row][\/et_pb_section]<\/p>\n","protected":false},"excerpt":{"rendered":"<p>Elektrische Transformatoren f\u00fcr KraftwerkeDraftyly Reduzieren Sie die Lieferzeit mit einem Brunstock-Leistungstransformator\u00a0 Anstatt auf die Herstellung elektrischer Transformatoren zu warten und unter Lieferverz\u00f6gerungen zu leiden, k\u00f6nnen Sie Ihr Umspannwerk mit einem Brunstock-Transformator m\u00f6glicherweise in der H\u00e4lfte der \u00fcblichen Zeit mit Strom versorgen. Kontaktieren Sie noch heute Ihren Brunstock-Vertreter vor Ort! Unsere \u00f6lgef\u00fcllten Leistungstransformatoren sind f\u00fcr Spannungen [&hellip;]<\/p>\n","protected":false},"author":3,"featured_media":0,"parent":0,"menu_order":0,"comment_status":"closed","ping_status":"closed","template":"","meta":{"_et_pb_use_builder":"on","_et_pb_old_content":"","_et_gb_content_width":"","footnotes":""},"class_list":["post-585","page","type-page","status-publish","hentry"],"_links":{"self":[{"href":"https:\/\/brunstock.com\/german\/wp-json\/wp\/v2\/pages\/585","targetHints":{"allow":["GET"]}}],"collection":[{"href":"https:\/\/brunstock.com\/german\/wp-json\/wp\/v2\/pages"}],"about":[{"href":"https:\/\/brunstock.com\/german\/wp-json\/wp\/v2\/types\/page"}],"author":[{"embeddable":true,"href":"https:\/\/brunstock.com\/german\/wp-json\/wp\/v2\/users\/3"}],"replies":[{"embeddable":true,"href":"https:\/\/brunstock.com\/german\/wp-json\/wp\/v2\/comments?post=585"}],"version-history":[{"count":59,"href":"https:\/\/brunstock.com\/german\/wp-json\/wp\/v2\/pages\/585\/revisions"}],"predecessor-version":[{"id":3738,"href":"https:\/\/brunstock.com\/german\/wp-json\/wp\/v2\/pages\/585\/revisions\/3738"}],"wp:attachment":[{"href":"https:\/\/brunstock.com\/german\/wp-json\/wp\/v2\/media?parent=585"}],"curies":[{"name":"wp","href":"https:\/\/api.w.org\/{rel}","templated":true}]}}