{"id":706,"date":"2024-06-05T11:21:03","date_gmt":"2024-06-05T11:21:03","guid":{"rendered":"https:\/\/brunstock.com\/?page_id=706"},"modified":"2025-11-10T08:31:09","modified_gmt":"2025-11-10T08:31:09","slug":"oil-and-gas","status":"publish","type":"page","link":"https:\/\/brunstock.com\/german\/oil-and-gas\/","title":{"rendered":"\u00d6l und Gas"},"content":{"rendered":"<p>[et_pb_section fb_built=&#8221;1&#8243; admin_label=&#8221;section&#8221; _builder_version=&#8221;4.16&#8243; global_colors_info=&#8221;{}&#8221;][et_pb_row use_custom_gutter=&#8221;on&#8221; make_equal=&#8221;on&#8221; admin_label=&#8221;row&#8221; _builder_version=&#8221;4.25.0&#8243; background_size=&#8221;initial&#8221; background_position=&#8221;top_left&#8221; background_repeat=&#8221;repeat&#8221; width=&#8221;90%&#8221; max_width=&#8221;1200px&#8221; global_colors_info=&#8221;{}&#8221;][et_pb_column type=&#8221;4_4&#8243; _builder_version=&#8221;4.16&#8243; custom_padding=&#8221;|||&#8221; global_colors_info=&#8221;{}&#8221; custom_padding__hover=&#8221;|||&#8221;][et_pb_text _builder_version=&#8221;4.27.4&#8243; _module_preset=&#8221;default&#8221; text_font=&#8221;TWKLausanne 300||||||||&#8221; text_text_color=&#8221;#000000&#8243; custom_margin=&#8221;||12px|||&#8221; global_colors_info=&#8221;{}&#8221;]Die Schaltanlagen von Brunstock eignen sich hervorragend f\u00fcr die \u00d6l- und Gasindustrie. Dank unserer Expertise und der richtigen Technologie gew\u00e4hrleisten unsere Verteiler eine zuverl\u00e4ssige Stromverteilung von der Bohrplattform bis zur Raffinerie \u2013 unabh\u00e4ngig vom Standort.<\/p>\n<p>Die Kioske, Aufw\u00e4rtsstationen und Skid-Stationen von Brunstock sind f\u00fcr raue Umgebungsbedingungen ausgelegt und halten extremen Temperaturen sowie den Belastungen von Transport und Logistik stand, ohne die empfindlichen Stromanlagen im Inneren zu besch\u00e4digen. Ein gro\u00dfer Vorteil ist die Verwendung eines Produkts mit SF6-freier Schaltanlage in einem Raum, der vollst\u00e4ndig von derselben Marke hergestellt wird. Anstatt von Endverbrauchern zu erwarten, dass sie ein Haus oder eine Station f\u00fcr ihre brandneue Schaltanlage organisieren, bieten die Verteiler von Brunstock eine Komplettl\u00f6sung an.<\/p>\n<p>Das Ergebnis ist ein robusteres Haus und ein zuverl\u00e4ssigeres Umspannwerk mit dem zus\u00e4tzlichen Vorteil geringerer potenzieller Treibhausgasemissionen.[\/et_pb_text][\/et_pb_column][\/et_pb_row][et_pb_row column_structure=&#8221;1_6,1_6,1_6,1_6,1_6,1_6&#8243; use_custom_gutter=&#8221;on&#8221; gutter_width=&#8221;2&#8243; make_equal=&#8221;on&#8221; _builder_version=&#8221;4.25.0&#8243; _module_preset=&#8221;default&#8221; global_colors_info=&#8221;{}&#8221;][et_pb_column type=&#8221;1_6&#8243; _builder_version=&#8221;4.25.0&#8243; _dynamic_attributes=&#8221;link_option_url&#8221; _module_preset=&#8221;default&#8221; background_color=&#8221;RGBA(255,255,255,0)&#8221; link_option_url=&#8221;@ET-DC@eyJkeW5hbWljIjp0cnVlLCJjb250ZW50IjoicG9zdF9saW5rX3VybF9wYWdlIiwic2V0dGluZ3MiOnsicG9zdF9pZCI6IjI2MiJ9fQ==@&#8221; border_width_all=&#8221;1px&#8221; border_color_all=&#8221;#e2e2e2&#8243; box_shadow_style=&#8221;preset3&#8243; box_shadow_color=&#8221;rgba(0,0,0,0.1)&#8221; global_colors_info=&#8221;{}&#8221;][et_pb_image src=&#8221;https:\/\/brunstock.com\/wp-content\/uploads\/2024\/05\/11-2.jpg&#8221; alt=&#8221;Step-up transformer &#8221; title_text=&#8221;11&#8243; url=&#8221;https:\/\/brunstock.com\/german\/step-up-transformer-substations\/&#8221; align=&#8221;center&#8221; _builder_version=&#8221;4.27.4&#8243; _module_preset=&#8221;default&#8221; border_width_bottom=&#8221;1px&#8221; border_color_bottom=&#8221;#e8e8e8&#8243; global_colors_info=&#8221;{}&#8221;][\/et_pb_image][dipl_fancy_text fancy_text=&#8221;Aufw\u00e4rtstransformator-Unterstationen&#8221; grandient_color_1=&#8221;#0d4689&#8243; grandient_color_2=&#8221;#017cc1&#8243; linear_direction=&#8221;90deg&#8221; _builder_version=&#8221;4.27.4&#8243; _module_preset=&#8221;default&#8221; body_font=&#8221;TWKLausanne 700||||||||&#8221; body_text_align=&#8221;center&#8221; body_font_size=&#8221;19px&#8221; body_line_height=&#8221;1.3em&#8221; custom_padding=&#8221;|10px||10px|false|true&#8221; link_option_url=&#8221;https:\/\/brunstock.com\/german\/step-up-transformer-substations\/&#8221; global_colors_info=&#8221;{}&#8221;][\/dipl_fancy_text][et_pb_divider color=&#8221;#00AE4D&#8221; divider_weight=&#8221;1px&#8221; _builder_version=&#8221;4.25.0&#8243; _module_preset=&#8221;default&#8221; width=&#8221;22%&#8221; module_alignment=&#8221;center&#8221; custom_margin=&#8221;-10px||||false|false&#8221; locked=&#8221;off&#8221; global_colors_info=&#8221;{}&#8221;][\/et_pb_divider][\/et_pb_column][et_pb_column type=&#8221;1_6&#8243; _builder_version=&#8221;4.25.0&#8243; _module_preset=&#8221;default&#8221; background_color=&#8221;RGBA(255,255,255,0)&#8221; border_width_all=&#8221;1px&#8221; border_color_all=&#8221;#e2e2e2&#8243; box_shadow_style=&#8221;preset3&#8243; box_shadow_color=&#8221;rgba(0,0,0,0.1)&#8221; global_colors_info=&#8221;{}&#8221;][et_pb_image src=&#8221;https:\/\/brunstock.com\/wp-content\/uploads\/2024\/06\/Step-up-transformer-skid-stations.jpg&#8221; alt=&#8221;Prefabricated substations&#8221; title_text=&#8221;Step-up transformer skid stations&#8221; url=&#8221;https:\/\/brunstock.com\/german\/step-up-transformer-skid-stations\/&#8221; align=&#8221;center&#8221; _builder_version=&#8221;4.27.4&#8243; _module_preset=&#8221;default&#8221; border_width_bottom=&#8221;1px&#8221; border_color_bottom=&#8221;#e8e8e8&#8243; global_colors_info=&#8221;{}&#8221;][\/et_pb_image][dipl_fancy_text fancy_text=&#8221;Aufw\u00e4rtstransformator-Skidstationen&#8221; grandient_color_1=&#8221;#0d4689&#8243; grandient_color_2=&#8221;#017cc1&#8243; linear_direction=&#8221;90deg&#8221; _builder_version=&#8221;4.27.4&#8243; _module_preset=&#8221;default&#8221; body_font=&#8221;TWKLausanne 700||||||||&#8221; body_text_align=&#8221;center&#8221; body_font_size=&#8221;19px&#8221; body_line_height=&#8221;1.3em&#8221; custom_padding=&#8221;|10px||10px|false|true&#8221; link_option_url=&#8221;https:\/\/brunstock.com\/german\/step-up-transformer-skid-stations\/&#8221; global_colors_info=&#8221;{}&#8221;][\/dipl_fancy_text][et_pb_divider color=&#8221;#00AE4D&#8221; divider_weight=&#8221;1px&#8221; _builder_version=&#8221;4.25.0&#8243; _module_preset=&#8221;default&#8221; width=&#8221;22%&#8221; module_alignment=&#8221;center&#8221; custom_margin=&#8221;-10px||||false|false&#8221; locked=&#8221;off&#8221; global_colors_info=&#8221;{}&#8221;][\/et_pb_divider][\/et_pb_column][et_pb_column type=&#8221;1_6&#8243; _builder_version=&#8221;4.25.0&#8243; _dynamic_attributes=&#8221;link_option_url&#8221; _module_preset=&#8221;default&#8221; background_color=&#8221;RGBA(255,255,255,0)&#8221; link_option_url=&#8221;@ET-DC@eyJkeW5hbWljIjp0cnVlLCJjb250ZW50IjoicG9zdF9saW5rX3VybF9wYWdlIiwic2V0dGluZ3MiOnsicG9zdF9pZCI6IjI2NiJ9fQ==@&#8221; border_width_all=&#8221;1px&#8221; border_color_all=&#8221;#e2e2e2&#8243; box_shadow_style=&#8221;preset3&#8243; box_shadow_color=&#8221;rgba(0,0,0,0.1)&#8221; global_colors_info=&#8221;{}&#8221;][et_pb_image src=&#8221;https:\/\/brunstock.com\/wp-content\/uploads\/2024\/05\/33-2.jpg&#8221; alt=&#8221;SF6-free switchgear&#8221; title_text=&#8221;33&#8243; url=&#8221;https:\/\/brunstock.com\/german\/sf6-free-switchgear\/&#8221; align=&#8221;center&#8221; _builder_version=&#8221;4.27.4&#8243; _module_preset=&#8221;default&#8221; border_width_bottom=&#8221;1px&#8221; border_color_bottom=&#8221;#e8e8e8&#8243; global_colors_info=&#8221;{}&#8221;][\/et_pb_image][dipl_fancy_text fancy_text=&#8221;SF6-freie RMUs<br \/>\n&#8221; grandient_color_1=&#8221;#0d4689&#8243; grandient_color_2=&#8221;#017cc1&#8243; linear_direction=&#8221;90deg&#8221; _builder_version=&#8221;4.27.4&#8243; _module_preset=&#8221;default&#8221; body_font=&#8221;TWKLausanne 700||||||||&#8221; body_text_align=&#8221;center&#8221; body_font_size=&#8221;19px&#8221; body_line_height=&#8221;1.3em&#8221; custom_padding=&#8221;|10px||10px|false|true&#8221; link_option_url=&#8221;https:\/\/brunstock.com\/german\/sf6-free-switchgear\/&#8221; global_colors_info=&#8221;{}&#8221;][\/dipl_fancy_text][et_pb_divider color=&#8221;#00AE4D&#8221; divider_weight=&#8221;1px&#8221; _builder_version=&#8221;4.25.0&#8243; _module_preset=&#8221;default&#8221; width=&#8221;22%&#8221; module_alignment=&#8221;center&#8221; custom_margin=&#8221;-10px||||false|false&#8221; locked=&#8221;off&#8221; global_colors_info=&#8221;{}&#8221;][\/et_pb_divider][\/et_pb_column][et_pb_column type=&#8221;1_6&#8243; _builder_version=&#8221;4.25.0&#8243; _dynamic_attributes=&#8221;link_option_url&#8221; _module_preset=&#8221;default&#8221; background_color=&#8221;RGBA(255,255,255,0)&#8221; link_option_url=&#8221;@ET-DC@eyJkeW5hbWljIjp0cnVlLCJjb250ZW50IjoicG9zdF9saW5rX3VybF9wYWdlIiwic2V0dGluZ3MiOnsicG9zdF9pZCI6IjI2MiJ9fQ==@&#8221; border_width_all=&#8221;1px&#8221; border_color_all=&#8221;#e2e2e2&#8243; box_shadow_style=&#8221;preset3&#8243; box_shadow_color=&#8221;rgba(0,0,0,0.1)&#8221; global_colors_info=&#8221;{}&#8221;][et_pb_image src=&#8221;https:\/\/brunstock.com\/wp-content\/uploads\/2024\/05\/44-2.jpg&#8221; alt=&#8221;SF6-free switchgear&#8221; title_text=&#8221;44&#8243; url=&#8221;https:\/\/brunstock.com\/german\/sf6-free-primary-gis\/&#8221; align=&#8221;center&#8221; _builder_version=&#8221;4.27.4&#8243; _module_preset=&#8221;default&#8221; border_width_bottom=&#8221;1px&#8221; border_color_bottom=&#8221;#e8e8e8&#8243; global_colors_info=&#8221;{}&#8221;][\/et_pb_image][dipl_fancy_text fancy_text=&#8221;SF6-freies prim\u00e4res GIS&#8221; grandient_color_1=&#8221;#0d4689&#8243; grandient_color_2=&#8221;#017cc1&#8243; linear_direction=&#8221;90deg&#8221; _builder_version=&#8221;4.27.4&#8243; _module_preset=&#8221;default&#8221; body_font=&#8221;TWKLausanne 700||||||||&#8221; body_text_align=&#8221;center&#8221; body_font_size=&#8221;19px&#8221; body_line_height=&#8221;1.3em&#8221; custom_padding=&#8221;|10px||10px|false|true&#8221; link_option_url=&#8221;https:\/\/brunstock.com\/german\/sf6-free-primary-gis\/&#8221; global_colors_info=&#8221;{}&#8221;][\/dipl_fancy_text][et_pb_divider color=&#8221;#00AE4D&#8221; divider_weight=&#8221;1px&#8221; _builder_version=&#8221;4.25.0&#8243; _module_preset=&#8221;default&#8221; width=&#8221;22%&#8221; module_alignment=&#8221;center&#8221; custom_margin=&#8221;-10px||||false|false&#8221; locked=&#8221;off&#8221; global_colors_info=&#8221;{}&#8221;][\/et_pb_divider][\/et_pb_column][et_pb_column type=&#8221;1_6&#8243; _builder_version=&#8221;4.25.0&#8243; _dynamic_attributes=&#8221;link_option_url&#8221; _module_preset=&#8221;default&#8221; background_color=&#8221;RGBA(255,255,255,0)&#8221; link_option_url=&#8221;@ET-DC@eyJkeW5hbWljIjp0cnVlLCJjb250ZW50IjoicG9zdF9saW5rX3VybF9wYWdlIiwic2V0dGluZ3MiOnsicG9zdF9pZCI6IjI2MiJ9fQ==@&#8221; border_width_all=&#8221;1px&#8221; border_color_all=&#8221;#e2e2e2&#8243; box_shadow_style=&#8221;preset3&#8243; box_shadow_color=&#8221;rgba(0,0,0,0.1)&#8221; global_colors_info=&#8221;{}&#8221;][et_pb_image src=&#8221;https:\/\/brunstock.com\/wp-content\/uploads\/2024\/05\/66.jpg&#8221; alt=&#8221;Transformers&#8221; title_text=&#8221;66&#8243; url=&#8221;https:\/\/brunstock.com\/german\/substation-transformers\/&#8221; align=&#8221;center&#8221; _builder_version=&#8221;4.27.4&#8243; _module_preset=&#8221;default&#8221; border_width_bottom=&#8221;1px&#8221; border_color_bottom=&#8221;#e8e8e8&#8243; global_colors_info=&#8221;{}&#8221;][\/et_pb_image][dipl_fancy_text fancy_text=&#8221;Transformatoren&#8221; grandient_color_1=&#8221;#0d4689&#8243; grandient_color_2=&#8221;#017cc1&#8243; linear_direction=&#8221;90deg&#8221; _builder_version=&#8221;4.27.4&#8243; _module_preset=&#8221;default&#8221; body_font=&#8221;TWKLausanne 700||||||||&#8221; body_text_align=&#8221;center&#8221; body_font_size=&#8221;19px&#8221; body_line_height=&#8221;1.3em&#8221; custom_padding=&#8221;|10px||10px|false|true&#8221; link_option_url=&#8221;https:\/\/brunstock.com\/german\/substation-transformers\/&#8221; global_colors_info=&#8221;{}&#8221;][\/dipl_fancy_text][et_pb_divider color=&#8221;#00AE4D&#8221; divider_weight=&#8221;1px&#8221; _builder_version=&#8221;4.25.0&#8243; _module_preset=&#8221;default&#8221; width=&#8221;22%&#8221; module_alignment=&#8221;center&#8221; custom_margin=&#8221;-10px||||false|false&#8221; locked=&#8221;off&#8221; global_colors_info=&#8221;{}&#8221;][\/et_pb_divider][\/et_pb_column][et_pb_column type=&#8221;1_6&#8243; _builder_version=&#8221;4.25.0&#8243; _dynamic_attributes=&#8221;link_option_url&#8221; _module_preset=&#8221;default&#8221; background_color=&#8221;RGBA(255,255,255,0)&#8221; link_option_url=&#8221;@ET-DC@eyJkeW5hbWljIjp0cnVlLCJjb250ZW50IjoicG9zdF9saW5rX3VybF9wYWdlIiwic2V0dGluZ3MiOnsicG9zdF9pZCI6IjI2MiJ9fQ==@&#8221; border_width_all=&#8221;1px&#8221; border_color_all=&#8221;#e2e2e2&#8243; box_shadow_style=&#8221;preset3&#8243; box_shadow_color=&#8221;rgba(0,0,0,0.1)&#8221; global_colors_info=&#8221;{}&#8221;][et_pb_image src=&#8221;https:\/\/brunstock.com\/wp-content\/uploads\/2024\/06\/MV-switchgear-stations.jpg&#8221; alt=&#8221;Gas-insulated switchgear&#8221; title_text=&#8221;MV switchgear stations&#8221; url=&#8221;https:\/\/brunstock.com\/german\/medium-voltage-switchgear-kiosks\/&#8221; align=&#8221;center&#8221; _builder_version=&#8221;4.27.4&#8243; _module_preset=&#8221;default&#8221; border_width_bottom=&#8221;1px&#8221; border_color_bottom=&#8221;#e8e8e8&#8243; global_colors_info=&#8221;{}&#8221;][\/et_pb_image][dipl_fancy_text fancy_text=&#8221;Mittelspannungsschaltanlagen&#8221; grandient_color_1=&#8221;#0d4689&#8243; grandient_color_2=&#8221;#017cc1&#8243; linear_direction=&#8221;90deg&#8221; _builder_version=&#8221;4.27.4&#8243; _module_preset=&#8221;default&#8221; body_font=&#8221;TWKLausanne 700||||||||&#8221; body_text_align=&#8221;center&#8221; body_font_size=&#8221;19px&#8221; body_line_height=&#8221;1.3em&#8221; custom_padding=&#8221;|10px||10px|false|true&#8221; link_option_url=&#8221;https:\/\/brunstock.com\/german\/medium-voltage-switchgear-kiosks\/&#8221; global_colors_info=&#8221;{}&#8221;][\/dipl_fancy_text][et_pb_divider color=&#8221;#00AE4D&#8221; divider_weight=&#8221;1px&#8221; _builder_version=&#8221;4.25.0&#8243; _module_preset=&#8221;default&#8221; width=&#8221;22%&#8221; module_alignment=&#8221;center&#8221; custom_margin=&#8221;-10px||||false|false&#8221; locked=&#8221;off&#8221; global_colors_info=&#8221;{}&#8221;][\/et_pb_divider][\/et_pb_column][\/et_pb_row][\/et_pb_section]<\/p>\n","protected":false},"excerpt":{"rendered":"<p>Die Schaltanlagen von Brunstock eignen sich hervorragend f\u00fcr die \u00d6l- und Gasindustrie. Dank unserer Expertise und der richtigen Technologie gew\u00e4hrleisten unsere Verteiler eine zuverl\u00e4ssige Stromverteilung von der Bohrplattform bis zur Raffinerie \u2013 unabh\u00e4ngig vom Standort. Die Kioske, Aufw\u00e4rtsstationen und Skid-Stationen von Brunstock sind f\u00fcr raue Umgebungsbedingungen ausgelegt und halten extremen Temperaturen sowie den Belastungen von [&hellip;]<\/p>\n","protected":false},"author":3,"featured_media":0,"parent":0,"menu_order":0,"comment_status":"closed","ping_status":"closed","template":"","meta":{"_et_pb_use_builder":"on","_et_pb_old_content":"","_et_gb_content_width":"","footnotes":""},"class_list":["post-706","page","type-page","status-publish","hentry"],"_links":{"self":[{"href":"https:\/\/brunstock.com\/german\/wp-json\/wp\/v2\/pages\/706","targetHints":{"allow":["GET"]}}],"collection":[{"href":"https:\/\/brunstock.com\/german\/wp-json\/wp\/v2\/pages"}],"about":[{"href":"https:\/\/brunstock.com\/german\/wp-json\/wp\/v2\/types\/page"}],"author":[{"embeddable":true,"href":"https:\/\/brunstock.com\/german\/wp-json\/wp\/v2\/users\/3"}],"replies":[{"embeddable":true,"href":"https:\/\/brunstock.com\/german\/wp-json\/wp\/v2\/comments?post=706"}],"version-history":[{"count":12,"href":"https:\/\/brunstock.com\/german\/wp-json\/wp\/v2\/pages\/706\/revisions"}],"predecessor-version":[{"id":3607,"href":"https:\/\/brunstock.com\/german\/wp-json\/wp\/v2\/pages\/706\/revisions\/3607"}],"wp:attachment":[{"href":"https:\/\/brunstock.com\/german\/wp-json\/wp\/v2\/media?parent=706"}],"curies":[{"name":"wp","href":"https:\/\/api.w.org\/{rel}","templated":true}]}}